{"id":9937,"date":"2025-05-08T12:59:42","date_gmt":"2025-05-08T10:59:42","guid":{"rendered":"https:\/\/keluvo.com\/se\/?post_type=product&#038;p=9937"},"modified":"2025-05-08T15:13:54","modified_gmt":"2025-05-08T13:13:54","slug":"ortopediska-skor","status":"publish","type":"product","link":"https:\/\/keluvo.com\/se\/product\/ortopediska-skor\/","title":{"rendered":"Ortopediska skor med luftkuddar och halkskydd"},"content":{"rendered":"<h2 style=\"text-align: center;\">Letar du efter det b\u00e4sta st\u00f6det f\u00f6r l\u00e5nga promenader?<\/h2>\n<p style=\"text-align: center;\">V\u00e5ra ortopediska skor \u00e4r perfekta f\u00f6r att st\u00f6dja dig p\u00e5 dina dagliga promenader. Dessa tunna ortopediska skor \u00e4r speciellt utformade f\u00f6r personer som vill leva ett sm\u00e4rtfritt liv och kunna g\u00e5 igen. Ingen vill att h\u00e4lsporre, fotsm\u00e4rta eller kn\u00e4sm\u00e4rta ska f\u00f6rst\u00f6ra deras liv.<\/p>\n<p><img fetchpriority=\"high\" decoding=\"async\" width=\"300\" height=\"300\" class=\"size-full wp-image-9942 aligncenter\" src=\"https:\/\/keluvo.com\/se\/wp-content\/uploads\/sites\/12\/2025\/05\/7da5669dcbc8d86f432c4e8dfc74a8b9-ezgif.com-gif-to-webp-converter.webp\" alt=\"\" \/><\/p>\n<h2><\/h2>\n<h2 style=\"text-align: center;\">Trycket \u00e4r j\u00e4mnt f\u00f6rdelat.<\/h2>\n<p style=\"text-align: center;\">Det trippelformade h\u00e5lfotsst\u00f6det s\u00e4kerst\u00e4ller att din vikt f\u00f6rdelas j\u00e4mnt mellan t\u00e5rna, h\u00e5lfoten och trampdynan.<\/p>\n<p><img decoding=\"async\" class=\"size-full wp-image-9944 aligncenter\" src=\"https:\/\/keluvo.com\/se\/wp-content\/uploads\/sites\/12\/2025\/05\/04f59b77af5a97fb77c010196ae50ad4-ezgif.com-gif-to-webp-converter.webp\" alt=\"\" width=\"300\" height=\"300\" \/><\/p>\n<h2><\/h2>\n<h2 style=\"text-align: center;\">VARF\u00d6R \u00c4R DESSA SKOR S\u00c5 BRA?<\/h2>\n<p style=\"text-align: center;\">D\u00e4mpning \u2013 Ortopediska skor har d\u00e4mpning \u00f6ver hela foten f\u00f6r optimal komfort. Sulan inneh\u00e5ller en speciell gel som absorberar st\u00f6tar b\u00e4ttre \u00e4n n\u00e5gon annan sula.<\/p>\n<p style=\"text-align: center;\">Mer stabilitet \u2013 Den \u00f6verdimensionerade 4 cm tjocka sulan under h\u00e4len ger stabilitet, och den noggrant placerade fotb\u00e4dden s\u00e4kerst\u00e4ller perfekt passform, komfort och b\u00e4ttre prestanda.<\/p>\n<p style=\"text-align: center;\">F\u00f6r breda och smala f\u00f6tter \u2013 Denna sandal passar personer med breda och smala f\u00f6tter.<\/p>\n<p style=\"text-align: center;\">Den \u00e4r l\u00e4tt, men har en kilformad design som g\u00f6r att du kan g\u00e5 stadigare och st\u00e5 i timmar utan anstr\u00e4ngning eller obalans.<\/p>\n<p><img decoding=\"async\" width=\"500\" height=\"500\" class=\"size-full wp-image-10036 aligncenter\" src=\"https:\/\/keluvo.com\/se\/wp-content\/uploads\/sites\/12\/2025\/05\/11_6a58d8ba-3320-4622-9639-b147f39542f6_500x.webp\" alt=\"\" srcset=\"https:\/\/keluvo.com\/se\/wp-content\/uploads\/sites\/12\/2025\/05\/11_6a58d8ba-3320-4622-9639-b147f39542f6_500x.webp 500w, https:\/\/keluvo.com\/se\/wp-content\/uploads\/sites\/12\/2025\/05\/11_6a58d8ba-3320-4622-9639-b147f39542f6_500x-300x300.webp 300w\" sizes=\"(max-width: 500px) 100vw, 500px\" \/><\/p>\n","protected":false},"excerpt":{"rendered":"<p>Letar du efter det b\u00e4sta st\u00f6det f\u00f6r l\u00e5nga promenader? V\u00e5ra ortopediska skor \u00e4r perfekta f\u00f6r att st\u00f6dja dig p\u00e5 dina [&hellip;]<\/p>\n","protected":false},"featured_media":9938,"comment_status":"open","ping_status":"closed","template":"","meta":{"site-sidebar-layout":"default","site-content-layout":"","ast-site-content-layout":"default","site-content-style":"default","site-sidebar-style":"default","ast-global-header-display":"","ast-banner-title-visibility":"","ast-main-header-display":"","ast-hfb-above-header-display":"","ast-hfb-below-header-display":"","ast-hfb-mobile-header-display":"","site-post-title":"","ast-breadcrumbs-content":"","ast-featured-img":"","footer-sml-layout":"","theme-transparent-header-meta":"default","adv-header-id-meta":"","stick-header-meta":"","header-above-stick-meta":"","header-main-stick-meta":"","header-below-stick-meta":"","astra-migrate-meta-layouts":"set","ast-page-background-enabled":"default","ast-page-background-meta":{"desktop":{"background-color":"var(--ast-global-color-4)","background-image":"","background-repeat":"repeat","background-position":"center center","background-size":"auto","background-attachment":"scroll","background-type":"","background-media":"","overlay-type":"","overlay-color":"","overlay-opacity":"","overlay-gradient":""},"tablet":{"background-color":"","background-image":"","background-repeat":"repeat","background-position":"center center","background-size":"auto","background-attachment":"scroll","background-type":"","background-media":"","overlay-type":"","overlay-color":"","overlay-opacity":"","overlay-gradient":""},"mobile":{"background-color":"","background-image":"","background-repeat":"repeat","background-position":"center center","background-size":"auto","background-attachment":"scroll","background-type":"","background-media":"","overlay-type":"","overlay-color":"","overlay-opacity":"","overlay-gradient":""}},"ast-content-background-meta":{"desktop":{"background-color":"var(--ast-global-color-5)","background-image":"","background-repeat":"repeat","background-position":"center center","background-size":"auto","background-attachment":"scroll","background-type":"","background-media":"","overlay-type":"","overlay-color":"","overlay-opacity":"","overlay-gradient":""},"tablet":{"background-color":"var(--ast-global-color-5)","background-image":"","background-repeat":"repeat","background-position":"center center","background-size":"auto","background-attachment":"scroll","background-type":"","background-media":"","overlay-type":"","overlay-color":"","overlay-opacity":"","overlay-gradient":""},"mobile":{"background-color":"var(--ast-global-color-5)","background-image":"","background-repeat":"repeat","background-position":"center center","background-size":"auto","background-attachment":"scroll","background-type":"","background-media":"","overlay-type":"","overlay-color":"","overlay-opacity":"","overlay-gradient":""}}},"product_brand":[],"product_cat":[994],"product_tag":[],"class_list":{"0":"post-9937","1":"product","2":"type-product","3":"status-publish","4":"has-post-thumbnail","6":"product_cat-clothing-for-women","7":"desktop-align-left","8":"tablet-align-left","9":"mobile-align-left","11":"first","12":"instock","13":"shipping-taxable","14":"purchasable","15":"product-type-variable","16":"has-default-attributes"},"_links":{"self":[{"href":"https:\/\/keluvo.com\/se\/wp-json\/wp\/v2\/product\/9937","targetHints":{"allow":["GET"]}}],"collection":[{"href":"https:\/\/keluvo.com\/se\/wp-json\/wp\/v2\/product"}],"about":[{"href":"https:\/\/keluvo.com\/se\/wp-json\/wp\/v2\/types\/product"}],"replies":[{"embeddable":true,"href":"https:\/\/keluvo.com\/se\/wp-json\/wp\/v2\/comments?post=9937"}],"wp:featuredmedia":[{"embeddable":true,"href":"https:\/\/keluvo.com\/se\/wp-json\/wp\/v2\/media\/9938"}],"wp:attachment":[{"href":"https:\/\/keluvo.com\/se\/wp-json\/wp\/v2\/media?parent=9937"}],"wp:term":[{"taxonomy":"product_brand","embeddable":true,"href":"https:\/\/keluvo.com\/se\/wp-json\/wp\/v2\/product_brand?post=9937"},{"taxonomy":"product_cat","embeddable":true,"href":"https:\/\/keluvo.com\/se\/wp-json\/wp\/v2\/product_cat?post=9937"},{"taxonomy":"product_tag","embeddable":true,"href":"https:\/\/keluvo.com\/se\/wp-json\/wp\/v2\/product_tag?post=9937"}],"curies":[{"name":"wp","href":"https:\/\/api.w.org\/{rel}","templated":true}]}}