{"id":9882,"date":"2025-05-06T13:32:18","date_gmt":"2025-05-06T11:32:18","guid":{"rendered":"https:\/\/keluvo.com\/se\/?post_type=product&#038;p=9882"},"modified":"2025-05-06T13:37:50","modified_gmt":"2025-05-06T11:37:50","slug":"nodradio-pro-10000mah-inbyggd-powerbank-kompass-ficklampa-och-solceller","status":"publish","type":"product","link":"https:\/\/keluvo.com\/se\/product\/nodradio-pro-10000mah-inbyggd-powerbank-kompass-ficklampa-och-solceller\/","title":{"rendered":"N\u00f6dradio Pro &#8211; 10,000mAh inbyggd Powerbank, Kompass, Ficklampa och Solceller"},"content":{"rendered":"<h1 style=\"text-align: center;\"><strong>\u00c4ntligen \u00e4r den h\u00e4r!<\/strong><\/h1>\n<h2 style=\"text-align: center;\">Nu med hela 10 000 mAh &amp; ger upp till 5 g\u00e5nger l\u00e4ngre batteritid!<\/h2>\n<p style=\"text-align: center;\">N\u00e4r\u00a0det uppst\u00e5r en n\u00f6dsituation \u00e4r det av yttersta vikt att\u00a0<strong>h\u00e5lla sig informerad om h\u00e4ndelseutvecklingen.<\/strong><\/p>\n<p style=\"text-align: center;\">Risken finns att\u00a0<strong>telekommunikationsn\u00e4t och internet\u00a0 kan blir otillg\u00e4ngliga<\/strong>, vilket g\u00f6r att man m\u00e5ste f\u00f6rlita sig p\u00e5 alternativa medel som radiokommunikation.<\/p>\n<p style=\"text-align: center;\">En praktisk och p\u00e5litlig l\u00f6sning f\u00f6r att s\u00e4kerst\u00e4lla att du f\u00e5r all n\u00f6dv\u00e4ndig\u00a0<strong>information fr\u00e5n myndigheterna<\/strong>\u00a0\u00e4r att anv\u00e4nda v\u00e5r vevradio.<\/p>\n<p><img fetchpriority=\"high\" decoding=\"async\" width=\"480\" height=\"480\" class=\"size-full wp-image-9890 aligncenter\" src=\"https:\/\/keluvo.com\/se\/wp-content\/uploads\/sites\/12\/2025\/05\/Kopiaavforenbattrevardag_utansveda_vark_13_480x480.webp\" alt=\"\" srcset=\"https:\/\/keluvo.com\/se\/wp-content\/uploads\/sites\/12\/2025\/05\/Kopiaavforenbattrevardag_utansveda_vark_13_480x480.webp 480w, https:\/\/keluvo.com\/se\/wp-content\/uploads\/sites\/12\/2025\/05\/Kopiaavforenbattrevardag_utansveda_vark_13_480x480-300x300.webp 300w\" sizes=\"(max-width: 480px) 100vw, 480px\" \/><\/p>\n<p style=\"text-align: center;\">Denna h\u00e5llbara n\u00f6dradio \u00e4r utrustad med en inbyggd powerbank och kan laddas genom\u00a0<strong>vevhandtaget, solpanelen<\/strong>\u00a0eller via\u00a0<strong>USB-uttag.<\/strong><\/p>\n<p style=\"text-align: center;\">F\u00f6rutom att h\u00e5lla dig informerad kan du \u00e4ven anv\u00e4nda vevradion f\u00f6r att\u00a0<strong>ladda din mobiltelefon<\/strong>, vilket \u00e4r en ov\u00e4rderlig funktion n\u00e4r str\u00f6mmen \u00e4r nere.<\/p>\n<p><img decoding=\"async\" width=\"800\" height=\"800\" class=\"size-full wp-image-9889 aligncenter\" src=\"https:\/\/keluvo.com\/se\/wp-content\/uploads\/sites\/12\/2025\/05\/Kopiaavforenbattrevardag_utansveda_vark_4.webp\" alt=\"\" srcset=\"https:\/\/keluvo.com\/se\/wp-content\/uploads\/sites\/12\/2025\/05\/Kopiaavforenbattrevardag_utansveda_vark_4.webp 800w, https:\/\/keluvo.com\/se\/wp-content\/uploads\/sites\/12\/2025\/05\/Kopiaavforenbattrevardag_utansveda_vark_4-300x300.webp 300w\" sizes=\"(max-width: 800px) 100vw, 800px\" \/><\/p>\n<p style=\"text-align: center;\">Denna vevradio \u00e4r m\u00e5ngsidig och kan ta emot b\u00e5de FM- och AM-radios\u00e4ndningar. Den har dessutom en\u00a0<strong>2st<\/strong>\u00a0<strong>inbyggda ficklampor<\/strong>\u00a0som kan vara till stor hj\u00e4lp under n\u00f6dsituationer n\u00e4r ljus \u00e4r bristf\u00e4lligt.<\/p>\n<p style=\"text-align: center;\">Med denna n\u00f6dradio i din beredskap kan du\u00a0<strong>\u00f6ka dina chanser att h\u00e5lla dig s\u00e4ker och informerad n\u00e4r det verkligen beh\u00f6vs.<\/strong><\/p>\n<p>\u2714\ufe0f\u00a0Laddning med vev<\/p>\n<p>\u2714\ufe0f\u00a0Solcellsladdning<\/p>\n<p>\u2714\ufe0f\u00a0Laddning via USB<\/p>\n<p>\u2714\ufe0f\u00a0LED-lampa<\/p>\n<p>\u2714\ufe0f Inbyggd kompass<\/p>\n<p>\u2714\ufe0f\u00a0Powerbank 10000mAh<\/p>\n<p>\u2714\ufe0f\u00a02,7-4,2<\/p>\n<p>\u2714\ufe0f\u00a0USB-C uttag med medf\u00f6ljande laddkabel<\/p>\n<p>\u2714\ufe0f\u00a0M\u00e5tt 16 x 8 x 6 cm<\/p>\n<p>\u2714\ufe0f\u00a0Handrem<\/p>\n<p>\u2714\ufe0f\u00a0CE och RoHS-certifierad<\/p>\n<p><img decoding=\"async\" width=\"800\" height=\"800\" class=\"size-full wp-image-9888 aligncenter\" src=\"https:\/\/keluvo.com\/se\/wp-content\/uploads\/sites\/12\/2025\/05\/Kopiaavforenbattrevardag_utansveda_vark_8.webp\" alt=\"\" srcset=\"https:\/\/keluvo.com\/se\/wp-content\/uploads\/sites\/12\/2025\/05\/Kopiaavforenbattrevardag_utansveda_vark_8.webp 800w, https:\/\/keluvo.com\/se\/wp-content\/uploads\/sites\/12\/2025\/05\/Kopiaavforenbattrevardag_utansveda_vark_8-300x300.webp 300w\" sizes=\"(max-width: 800px) 100vw, 800px\" \/><\/p>\n","protected":false},"excerpt":{"rendered":"<p>\u00c4ntligen \u00e4r den h\u00e4r! Nu med hela 10 000 mAh &amp; ger upp till 5 g\u00e5nger l\u00e4ngre batteritid! N\u00e4r\u00a0det uppst\u00e5r [&hellip;]<\/p>\n","protected":false},"featured_media":9886,"comment_status":"open","ping_status":"closed","template":"","meta":{"site-sidebar-layout":"default","site-content-layout":"","ast-site-content-layout":"default","site-content-style":"default","site-sidebar-style":"default","ast-global-header-display":"","ast-banner-title-visibility":"","ast-main-header-display":"","ast-hfb-above-header-display":"","ast-hfb-below-header-display":"","ast-hfb-mobile-header-display":"","site-post-title":"","ast-breadcrumbs-content":"","ast-featured-img":"","footer-sml-layout":"","theme-transparent-header-meta":"default","adv-header-id-meta":"","stick-header-meta":"","header-above-stick-meta":"","header-main-stick-meta":"","header-below-stick-meta":"","astra-migrate-meta-layouts":"set","ast-page-background-enabled":"default","ast-page-background-meta":{"desktop":{"background-color":"var(--ast-global-color-4)","background-image":"","background-repeat":"repeat","background-position":"center center","background-size":"auto","background-attachment":"scroll","background-type":"","background-media":"","overlay-type":"","overlay-color":"","overlay-opacity":"","overlay-gradient":""},"tablet":{"background-color":"","background-image":"","background-repeat":"repeat","background-position":"center center","background-size":"auto","background-attachment":"scroll","background-type":"","background-media":"","overlay-type":"","overlay-color":"","overlay-opacity":"","overlay-gradient":""},"mobile":{"background-color":"","background-image":"","background-repeat":"repeat","background-position":"center center","background-size":"auto","background-attachment":"scroll","background-type":"","background-media":"","overlay-type":"","overlay-color":"","overlay-opacity":"","overlay-gradient":""}},"ast-content-background-meta":{"desktop":{"background-color":"var(--ast-global-color-5)","background-image":"","background-repeat":"repeat","background-position":"center center","background-size":"auto","background-attachment":"scroll","background-type":"","background-media":"","overlay-type":"","overlay-color":"","overlay-opacity":"","overlay-gradient":""},"tablet":{"background-color":"var(--ast-global-color-5)","background-image":"","background-repeat":"repeat","background-position":"center center","background-size":"auto","background-attachment":"scroll","background-type":"","background-media":"","overlay-type":"","overlay-color":"","overlay-opacity":"","overlay-gradient":""},"mobile":{"background-color":"var(--ast-global-color-5)","background-image":"","background-repeat":"repeat","background-position":"center center","background-size":"auto","background-attachment":"scroll","background-type":"","background-media":"","overlay-type":"","overlay-color":"","overlay-opacity":"","overlay-gradient":""}}},"product_brand":[],"product_cat":[1143],"product_tag":[],"class_list":{"0":"post-9882","1":"product","2":"type-product","3":"status-publish","4":"has-post-thumbnail","6":"product_cat-elektronik","7":"desktop-align-left","8":"tablet-align-left","9":"mobile-align-left","11":"first","12":"instock","13":"shipping-taxable","14":"purchasable","15":"product-type-simple"},"_links":{"self":[{"href":"https:\/\/keluvo.com\/se\/wp-json\/wp\/v2\/product\/9882","targetHints":{"allow":["GET"]}}],"collection":[{"href":"https:\/\/keluvo.com\/se\/wp-json\/wp\/v2\/product"}],"about":[{"href":"https:\/\/keluvo.com\/se\/wp-json\/wp\/v2\/types\/product"}],"replies":[{"embeddable":true,"href":"https:\/\/keluvo.com\/se\/wp-json\/wp\/v2\/comments?post=9882"}],"wp:featuredmedia":[{"embeddable":true,"href":"https:\/\/keluvo.com\/se\/wp-json\/wp\/v2\/media\/9886"}],"wp:attachment":[{"href":"https:\/\/keluvo.com\/se\/wp-json\/wp\/v2\/media?parent=9882"}],"wp:term":[{"taxonomy":"product_brand","embeddable":true,"href":"https:\/\/keluvo.com\/se\/wp-json\/wp\/v2\/product_brand?post=9882"},{"taxonomy":"product_cat","embeddable":true,"href":"https:\/\/keluvo.com\/se\/wp-json\/wp\/v2\/product_cat?post=9882"},{"taxonomy":"product_tag","embeddable":true,"href":"https:\/\/keluvo.com\/se\/wp-json\/wp\/v2\/product_tag?post=9882"}],"curies":[{"name":"wp","href":"https:\/\/api.w.org\/{rel}","templated":true}]}}