{"id":9847,"date":"2025-05-05T15:30:18","date_gmt":"2025-05-05T13:30:18","guid":{"rendered":"https:\/\/keluvo.com\/se\/product\/vikbar-kundvagn\/"},"modified":"2025-05-06T16:59:29","modified_gmt":"2025-05-06T14:59:29","slug":"vikbar-kundvagn","status":"publish","type":"product","link":"https:\/\/keluvo.com\/se\/product\/vikbar-kundvagn\/","title":{"rendered":"Vikbar kundvagn"},"content":{"rendered":"<p style=\"text-align: center;\"><strong>\ud83d\uded2 Din vikbara v\u00e4n f\u00f6r enkel shopping \u00f6verallt \ud83d\udc5c<\/strong><\/p>\n<p style=\"text-align: center;\">B\u00e4r mer, stressa mindre!<br \/>\nDenna l\u00e4tta och hopf\u00e4llbara vagn hj\u00e4lper dig att b\u00e4ra matvaror, kl\u00e4der eller dagliga f\u00f6rem\u00e5l utan att skada dina h\u00e4nder.<\/p>\n<p><img decoding=\"async\" class=\"size-full wp-image-15388 aligncenter\" src=\"https:\/\/keluvo.com\/template\/wp-content\/uploads\/sites\/5\/2025\/04\/foldableshoppingcart-ezgif.com-video-to-webp-converter.webp\" alt=\"\" \/><\/p>\n<h2 style=\"text-align: center;\">L\u00e4tt att b\u00e4ra och vika ihop.<\/h2>\n<p>\u2714 Kan anv\u00e4ndas som en kundvagn, h\u00e4ngande v\u00e4ska eller handv\u00e4ska<\/p>\n<p>\u2714 Tillverkad av starkt Oxford material<\/p>\n<p>\u2714 B\u00e4r tunga f\u00f6rem\u00e5l med l\u00e4tthet<\/p>\n<p>\u2714 Perfekt f\u00f6r resor, shopping eller dagliga \u00e4renden<\/p>\n<p>\u2714 Viks snabbt ihop f\u00f6r f\u00f6rvaring<\/p>\n<p><img decoding=\"async\" class=\"size-full wp-image-15394 aligncenter\" src=\"https:\/\/keluvo.com\/template\/wp-content\/uploads\/sites\/5\/2025\/04\/54bc6ee3-c15b-4aea-8da6-9f1e8c95288e.webp\" alt=\"\" \/><\/p>\n<h2 style=\"text-align: center;\">Handla smart och spara energi!<\/h2>\n<p style=\"text-align: center;\">Denna kundvagn g\u00f6r livet enklare. Den \u00e4r l\u00e4tt, stark och f\u00f6rvandlas till en v\u00e4ska som du kan b\u00e4ra eller h\u00e4nga upp. N\u00e4r du \u00e4r klar viker du ihop den och f\u00f6rvarar den. Den \u00e4r perfekt f\u00f6r shopping, aff\u00e4rsbes\u00f6k eller att b\u00e4ra saker med. Perfekt f\u00f6r alla som vill handla smart och spara energi.<\/p>\n<h2 style=\"text-align: center;\">Hur anv\u00e4nder man den?<\/h2>\n<p style=\"text-align: center;\"><b><\/b>\u00d6ppna vagnen och packa ner dina varor i den. Skuffa den med hj\u00e4lp av handtagen eller dra den efter dig som en vagn. Efter anv\u00e4ndning, vik ihop den platt och f\u00f6rvara den i bilen, garderoben eller v\u00e4skan.<\/p>\n<h2 style=\"text-align: center;\">Paketet Inneh\u00e5ller:<\/h2>\n<ul>\n<li><b><\/b>1 vikbar kundvagn (27x12x46cm, 0,4kg).<\/li>\n<\/ul>\n","protected":false},"excerpt":{"rendered":"<p>\ud83d\uded2 Din vikbara v\u00e4n f\u00f6r enkel shopping \u00f6verallt \ud83d\udc5c B\u00e4r mer, stressa mindre! Denna l\u00e4tta och hopf\u00e4llbara vagn hj\u00e4lper dig [&hellip;]<\/p>\n","protected":false},"featured_media":9844,"comment_status":"open","ping_status":"closed","template":"","meta":{"site-sidebar-layout":"default","site-content-layout":"","ast-site-content-layout":"default","site-content-style":"default","site-sidebar-style":"default","ast-global-header-display":"","ast-banner-title-visibility":"","ast-main-header-display":"","ast-hfb-above-header-display":"","ast-hfb-below-header-display":"","ast-hfb-mobile-header-display":"","site-post-title":"","ast-breadcrumbs-content":"","ast-featured-img":"","footer-sml-layout":"","theme-transparent-header-meta":"default","adv-header-id-meta":"","stick-header-meta":"","header-above-stick-meta":"","header-main-stick-meta":"","header-below-stick-meta":"","astra-migrate-meta-layouts":"set","ast-page-background-enabled":"default","ast-page-background-meta":{"desktop":{"background-color":"var(--ast-global-color-4)","background-image":"","background-repeat":"repeat","background-position":"center center","background-size":"auto","background-attachment":"scroll","background-type":"","background-media":"","overlay-type":"","overlay-color":"","overlay-opacity":"","overlay-gradient":""},"tablet":{"background-color":"","background-image":"","background-repeat":"repeat","background-position":"center center","background-size":"auto","background-attachment":"scroll","background-type":"","background-media":"","overlay-type":"","overlay-color":"","overlay-opacity":"","overlay-gradient":""},"mobile":{"background-color":"","background-image":"","background-repeat":"repeat","background-position":"center center","background-size":"auto","background-attachment":"scroll","background-type":"","background-media":"","overlay-type":"","overlay-color":"","overlay-opacity":"","overlay-gradient":""}},"ast-content-background-meta":{"desktop":{"background-color":"var(--ast-global-color-5)","background-image":"","background-repeat":"repeat","background-position":"center center","background-size":"auto","background-attachment":"scroll","background-type":"","background-media":"","overlay-type":"","overlay-color":"","overlay-opacity":"","overlay-gradient":""},"tablet":{"background-color":"var(--ast-global-color-5)","background-image":"","background-repeat":"repeat","background-position":"center center","background-size":"auto","background-attachment":"scroll","background-type":"","background-media":"","overlay-type":"","overlay-color":"","overlay-opacity":"","overlay-gradient":""},"mobile":{"background-color":"var(--ast-global-color-5)","background-image":"","background-repeat":"repeat","background-position":"center center","background-size":"auto","background-attachment":"scroll","background-type":"","background-media":"","overlay-type":"","overlay-color":"","overlay-opacity":"","overlay-gradient":""}}},"product_brand":[],"product_cat":[1001],"product_tag":[],"class_list":{"0":"post-9847","1":"product","2":"type-product","3":"status-publish","4":"has-post-thumbnail","6":"product_cat-household-goods","7":"pa_22275_a8x25i5l-bla","8":"pa_22275_a8x25i5l-gron","9":"pa_22275_a8x25i5l-rod","10":"pa_22275_a8x25i5l-svart","11":"desktop-align-left","12":"tablet-align-left","13":"mobile-align-left","15":"first","16":"instock","17":"shipping-taxable","18":"purchasable","19":"product-type-variable"},"_links":{"self":[{"href":"https:\/\/keluvo.com\/se\/wp-json\/wp\/v2\/product\/9847","targetHints":{"allow":["GET"]}}],"collection":[{"href":"https:\/\/keluvo.com\/se\/wp-json\/wp\/v2\/product"}],"about":[{"href":"https:\/\/keluvo.com\/se\/wp-json\/wp\/v2\/types\/product"}],"replies":[{"embeddable":true,"href":"https:\/\/keluvo.com\/se\/wp-json\/wp\/v2\/comments?post=9847"}],"wp:featuredmedia":[{"embeddable":true,"href":"https:\/\/keluvo.com\/se\/wp-json\/wp\/v2\/media\/9844"}],"wp:attachment":[{"href":"https:\/\/keluvo.com\/se\/wp-json\/wp\/v2\/media?parent=9847"}],"wp:term":[{"taxonomy":"product_brand","embeddable":true,"href":"https:\/\/keluvo.com\/se\/wp-json\/wp\/v2\/product_brand?post=9847"},{"taxonomy":"product_cat","embeddable":true,"href":"https:\/\/keluvo.com\/se\/wp-json\/wp\/v2\/product_cat?post=9847"},{"taxonomy":"product_tag","embeddable":true,"href":"https:\/\/keluvo.com\/se\/wp-json\/wp\/v2\/product_tag?post=9847"}],"curies":[{"name":"wp","href":"https:\/\/api.w.org\/{rel}","templated":true}]}}