{"id":9843,"date":"2025-05-05T15:29:30","date_gmt":"2025-05-05T13:29:30","guid":{"rendered":"https:\/\/keluvo.com\/se\/product\/elektrisk-kvarn\/"},"modified":"2025-09-11T16:27:25","modified_gmt":"2025-09-11T13:27:25","slug":"elektrisk-kvarn","status":"publish","type":"product","link":"https:\/\/keluvo.com\/se\/product\/elektrisk-kvarn\/","title":{"rendered":"Elektrisk hackare"},"content":{"rendered":"<p style=\"text-align: center\" data-start=\"40\" data-end=\"96\"><strong>\ud83d\udd2a Ditt k\u00f6ks nya b\u00e4sta v\u00e4n<\/strong><\/p>\n<p class=\"\" style=\"text-align: center\" data-start=\"98\" data-end=\"217\">G\u00f6r m\u00e5ltidsf\u00f6rberedelserna till en barnlek med v\u00e5r elektriska hackare! Detta kraftfulla och m\u00e5ngsidiga k\u00f6ksverktyg \u00e4r perfekt f\u00f6r att hacka, mala och mixa en m\u00e4ngd olika ingredienser, vilket sparar tid och anstr\u00e4ngning i k\u00f6ket.<\/p>\n<p data-start=\"98\" data-end=\"217\"><img decoding=\"async\" class=\"size-full wp-image-14365 aligncenter\" src=\"https:\/\/keluvo.com\/template\/wp-content\/uploads\/sites\/5\/2025\/04\/cutter-3.jpg\" alt=\"\" \/><\/p>\n<h2 style=\"text-align: center\">\ud83c\udf1f Viktiga f\u00f6rdelar<\/h2>\n<ul>\n<li class=\"\" data-start=\"249\" data-end=\"358\">\n<p class=\"\" data-start=\"251\" data-end=\"358\"><strong>Kraftfull prestanda<\/strong>: Utrustad med en 500 W-motor och 4 blad i rostfritt st\u00e5l bearbetar hackaren effektivt k\u00f6tt, gr\u00f6nsaker, frukt och mycket mer.\u200b<\/p>\n<\/li>\n<li class=\"\" data-start=\"249\" data-end=\"358\">\n<p class=\"\" data-start=\"251\" data-end=\"358\"><strong>Stor kapacitet<\/strong>: Sk\u00e5len p\u00e5 2 liter i rostfritt st\u00e5l \u00e4r h\u00e5llbar, l\u00e4tt att reng\u00f6ra och perfekt f\u00f6r att laga mat till hela familjen.\u200b<\/p>\n<\/li>\n<li class=\"\" data-start=\"249\" data-end=\"358\">\n<p class=\"\" data-start=\"251\" data-end=\"358\"><strong>Anv\u00e4ndarv\u00e4nlig design<\/strong>: Med tv\u00e5 hastighetsinst\u00e4llningar f\u00f6r exakt kontroll och en halkfri matta som h\u00e5ller hackaren stabil under anv\u00e4ndning.\u200b<\/p>\n<\/li>\n<li class=\"\" data-start=\"249\" data-end=\"358\">\n<p class=\"\" data-start=\"251\" data-end=\"358\"><strong>Enkel att reng\u00f6ra<\/strong>: De l\u00f6stagbara delarna g\u00f6r reng\u00f6ringen till en barnlek och ser till att hackaren \u00e4r redo f\u00f6r n\u00e4sta anv\u00e4ndning.<\/p>\n<\/li>\n<\/ul>\n<p><img decoding=\"async\" class=\"size-full wp-image-14369 aligncenter\" src=\"https:\/\/keluvo.com\/template\/wp-content\/uploads\/sites\/5\/2025\/04\/main-image-3-2.jpeg\" alt=\"\" \/><\/p>\n<h2 style=\"text-align: center\" data-start=\"824\" data-end=\"857\">\ud83d\udce6 Produktspecifikationer<\/h2>\n<ul data-start=\"859\" data-end=\"1322\">\n<li class=\"\" data-start=\"859\" data-end=\"957\">\n<p class=\"\" data-start=\"861\" data-end=\"957\">Effekt: 500W\u200b<\/p>\n<\/li>\n<li class=\"\" data-start=\"859\" data-end=\"957\">\n<p class=\"\" data-start=\"861\" data-end=\"957\">Kapacitet: 2L\u200b<\/p>\n<\/li>\n<li class=\"\" data-start=\"859\" data-end=\"957\">\n<p class=\"\" data-start=\"861\" data-end=\"957\">Material: Sk\u00e5l och blad i rostfritt st\u00e5l<\/p>\n<\/li>\n<li class=\"\" data-start=\"859\" data-end=\"957\">\n<p class=\"\" data-start=\"861\" data-end=\"957\">Hastigheter: 2<\/p>\n<\/li>\n<\/ul>\n","protected":false},"excerpt":{"rendered":"<p>\ud83d\udd2a Ditt k\u00f6ks nya b\u00e4sta v\u00e4n G\u00f6r m\u00e5ltidsf\u00f6rberedelserna till en barnlek med v\u00e5r elektriska hackare! Detta kraftfulla och m\u00e5ngsidiga k\u00f6ksverktyg [&hellip;]<\/p>\n","protected":false},"featured_media":9838,"comment_status":"open","ping_status":"closed","template":"","meta":{"site-sidebar-layout":"default","site-content-layout":"","ast-site-content-layout":"default","site-content-style":"default","site-sidebar-style":"default","ast-global-header-display":"","ast-banner-title-visibility":"","ast-main-header-display":"","ast-hfb-above-header-display":"","ast-hfb-below-header-display":"","ast-hfb-mobile-header-display":"","site-post-title":"","ast-breadcrumbs-content":"","ast-featured-img":"","footer-sml-layout":"","theme-transparent-header-meta":"default","adv-header-id-meta":"","stick-header-meta":"","header-above-stick-meta":"","header-main-stick-meta":"","header-below-stick-meta":"","astra-migrate-meta-layouts":"set","ast-page-background-enabled":"default","ast-page-background-meta":{"desktop":{"background-color":"var(--ast-global-color-4)","background-image":"","background-repeat":"repeat","background-position":"center center","background-size":"auto","background-attachment":"scroll","background-type":"","background-media":"","overlay-type":"","overlay-color":"","overlay-opacity":"","overlay-gradient":""},"tablet":{"background-color":"","background-image":"","background-repeat":"repeat","background-position":"center center","background-size":"auto","background-attachment":"scroll","background-type":"","background-media":"","overlay-type":"","overlay-color":"","overlay-opacity":"","overlay-gradient":""},"mobile":{"background-color":"","background-image":"","background-repeat":"repeat","background-position":"center center","background-size":"auto","background-attachment":"scroll","background-type":"","background-media":"","overlay-type":"","overlay-color":"","overlay-opacity":"","overlay-gradient":""}},"ast-content-background-meta":{"desktop":{"background-color":"var(--ast-global-color-5)","background-image":"","background-repeat":"repeat","background-position":"center center","background-size":"auto","background-attachment":"scroll","background-type":"","background-media":"","overlay-type":"","overlay-color":"","overlay-opacity":"","overlay-gradient":""},"tablet":{"background-color":"var(--ast-global-color-5)","background-image":"","background-repeat":"repeat","background-position":"center center","background-size":"auto","background-attachment":"scroll","background-type":"","background-media":"","overlay-type":"","overlay-color":"","overlay-opacity":"","overlay-gradient":""},"mobile":{"background-color":"var(--ast-global-color-5)","background-image":"","background-repeat":"repeat","background-position":"center center","background-size":"auto","background-attachment":"scroll","background-type":"","background-media":"","overlay-type":"","overlay-color":"","overlay-opacity":"","overlay-gradient":""}}},"product_brand":[],"product_cat":[15],"product_tag":[],"class_list":{"0":"post-9843","1":"product","2":"type-product","3":"status-publish","4":"has-post-thumbnail","6":"product_cat-uncategorized","7":"desktop-align-left","8":"tablet-align-left","9":"mobile-align-left","11":"first","12":"instock","13":"shipping-taxable","14":"purchasable","15":"product-type-simple"},"_links":{"self":[{"href":"https:\/\/keluvo.com\/se\/wp-json\/wp\/v2\/product\/9843","targetHints":{"allow":["GET"]}}],"collection":[{"href":"https:\/\/keluvo.com\/se\/wp-json\/wp\/v2\/product"}],"about":[{"href":"https:\/\/keluvo.com\/se\/wp-json\/wp\/v2\/types\/product"}],"replies":[{"embeddable":true,"href":"https:\/\/keluvo.com\/se\/wp-json\/wp\/v2\/comments?post=9843"}],"wp:featuredmedia":[{"embeddable":true,"href":"https:\/\/keluvo.com\/se\/wp-json\/wp\/v2\/media\/9838"}],"wp:attachment":[{"href":"https:\/\/keluvo.com\/se\/wp-json\/wp\/v2\/media?parent=9843"}],"wp:term":[{"taxonomy":"product_brand","embeddable":true,"href":"https:\/\/keluvo.com\/se\/wp-json\/wp\/v2\/product_brand?post=9843"},{"taxonomy":"product_cat","embeddable":true,"href":"https:\/\/keluvo.com\/se\/wp-json\/wp\/v2\/product_cat?post=9843"},{"taxonomy":"product_tag","embeddable":true,"href":"https:\/\/keluvo.com\/se\/wp-json\/wp\/v2\/product_tag?post=9843"}],"curies":[{"name":"wp","href":"https:\/\/api.w.org\/{rel}","templated":true}]}}