{"id":9837,"date":"2025-05-05T15:28:13","date_gmt":"2025-05-05T13:28:13","guid":{"rendered":"https:\/\/keluvo.com\/se\/product\/fallbar-sits-kapp\/"},"modified":"2025-11-24T16:27:30","modified_gmt":"2025-11-24T14:27:30","slug":"fallbar-sits-kapp","status":"publish","type":"product","link":"https:\/\/keluvo.com\/se\/product\/fallbar-sits-kapp\/","title":{"rendered":"Ihopvikbar k\u00e4pp med s\u00e4te"},"content":{"rendered":"<p style=\"text-align: center;\"><strong>\ud83d\udeb6\u200d\u2642\ufe0f En l\u00e4tt och robust k\u00e4pp som snabbt f\u00f6rvandlas till en bekv\u00e4m sittplats. \ud83e\ude91<\/strong><\/p>\n<h2 style=\"text-align: center;\">G\u00e5 med l\u00e4tthet, vila med komfort<\/h2>\n<p style=\"text-align: center;\">Den h\u00e4r 2-i-1-k\u00e4ppen \u00e4r perfekt f\u00f6r seniorer eller andra som beh\u00f6ver extra st\u00f6d. N\u00e4r du \u00e4r tr\u00f6tt f\u00e4ller du helt enkelt ut den till en stabil sittplats. Den \u00e4r perfekt f\u00f6r promenader, shopping eller k\u00f6er.<\/p>\n<p><img decoding=\"async\" class=\"size-full wp-image-14981 aligncenter\" src=\"https:\/\/keluvo.com\/template\/wp-content\/uploads\/sites\/5\/2025\/04\/ezgif.com-gif-to-webp-converter.webp\" alt=\"\" \/><\/p>\n<h2 style=\"text-align: center;\">Stark och h\u00e5llbar, klarar upp till 120 Kg!<\/h2>\n<p>\u2714 L\u00e4ttviktsdesign, enkel att b\u00e4ra<br \/>\n\u2714 \u00a0Snabbt byte fr\u00e5n k\u00e4pp till s\u00e4te<br \/>\n\u2714 Bekv\u00e4mt grepp och s\u00e4te f\u00f6r l\u00e5ng anv\u00e4ndning<br \/>\n\u2714 Halkfria f\u00f6tter f\u00f6r s\u00e4kerhet<\/p>\n<p><img decoding=\"async\" class=\"size-full wp-image-14982 aligncenter\" src=\"https:\/\/keluvo.com\/template\/wp-content\/uploads\/sites\/5\/2025\/04\/a4efc535-ffd9-4037-a818-180aea411b8a.webp\" alt=\"\" \/><\/p>\n<h2 style=\"text-align: center;\">Hur anv\u00e4nder man den ihopvikbara k\u00e4ppen med s\u00e4te?<\/h2>\n<p style=\"text-align: center;\">Tryck p\u00e5 knappen f\u00f6r att f\u00e4lla ut s\u00e4tet. S\u00e4tt dig ner n\u00e4r du beh\u00f6ver vila. F\u00e4ll tillbaka den till en k\u00e4pp n\u00e4r du \u00e4r redo att g\u00e5.<\/p>\n<h2 style=\"text-align: center;\">Vad du f\u00e5r:<\/h2>\n<p style=\"text-align: center;\">N\u00e4r du k\u00f6per den h\u00e4r produkten f\u00e5r du:<\/p>\n<ul>\n<li style=\"font-weight: 400;\"><span style=\"font-weight: 400;\">1 vikbar k\u00e4pp med s\u00e4te.<\/span><\/li>\n<\/ul>\n<p style=\"text-align: center;\">Den h\u00e4r k\u00e4ppen \u00e4r tillverkad av h\u00f6gklassad aluminium och plast. Den v\u00e4ger cirka 1,02 kg.<\/p>\n","protected":false},"excerpt":{"rendered":"<p>\ud83d\udeb6\u200d\u2642\ufe0f En l\u00e4tt och robust k\u00e4pp som snabbt f\u00f6rvandlas till en bekv\u00e4m sittplats. \ud83e\ude91 G\u00e5 med l\u00e4tthet, vila med komfort [&hellip;]<\/p>\n","protected":false},"featured_media":9834,"comment_status":"open","ping_status":"closed","template":"","meta":{"site-sidebar-layout":"default","site-content-layout":"","ast-site-content-layout":"default","site-content-style":"default","site-sidebar-style":"default","ast-global-header-display":"","ast-banner-title-visibility":"","ast-main-header-display":"","ast-hfb-above-header-display":"","ast-hfb-below-header-display":"","ast-hfb-mobile-header-display":"","site-post-title":"","ast-breadcrumbs-content":"","ast-featured-img":"","footer-sml-layout":"","theme-transparent-header-meta":"default","adv-header-id-meta":"","stick-header-meta":"","header-above-stick-meta":"","header-main-stick-meta":"","header-below-stick-meta":"","astra-migrate-meta-layouts":"set","ast-page-background-enabled":"default","ast-page-background-meta":{"desktop":{"background-color":"var(--ast-global-color-4)","background-image":"","background-repeat":"repeat","background-position":"center center","background-size":"auto","background-attachment":"scroll","background-type":"","background-media":"","overlay-type":"","overlay-color":"","overlay-opacity":"","overlay-gradient":""},"tablet":{"background-color":"","background-image":"","background-repeat":"repeat","background-position":"center center","background-size":"auto","background-attachment":"scroll","background-type":"","background-media":"","overlay-type":"","overlay-color":"","overlay-opacity":"","overlay-gradient":""},"mobile":{"background-color":"","background-image":"","background-repeat":"repeat","background-position":"center center","background-size":"auto","background-attachment":"scroll","background-type":"","background-media":"","overlay-type":"","overlay-color":"","overlay-opacity":"","overlay-gradient":""}},"ast-content-background-meta":{"desktop":{"background-color":"var(--ast-global-color-5)","background-image":"","background-repeat":"repeat","background-position":"center center","background-size":"auto","background-attachment":"scroll","background-type":"","background-media":"","overlay-type":"","overlay-color":"","overlay-opacity":"","overlay-gradient":""},"tablet":{"background-color":"var(--ast-global-color-5)","background-image":"","background-repeat":"repeat","background-position":"center center","background-size":"auto","background-attachment":"scroll","background-type":"","background-media":"","overlay-type":"","overlay-color":"","overlay-opacity":"","overlay-gradient":""},"mobile":{"background-color":"var(--ast-global-color-5)","background-image":"","background-repeat":"repeat","background-position":"center center","background-size":"auto","background-attachment":"scroll","background-type":"","background-media":"","overlay-type":"","overlay-color":"","overlay-opacity":"","overlay-gradient":""}}},"product_brand":[],"product_cat":[991],"product_tag":[],"class_list":{"0":"post-9837","1":"product","2":"type-product","3":"status-publish","4":"has-post-thumbnail","6":"product_cat-health-care-supplies","7":"desktop-align-left","8":"tablet-align-left","9":"mobile-align-left","11":"first","12":"instock","13":"shipping-taxable","14":"purchasable","15":"product-type-simple"},"_links":{"self":[{"href":"https:\/\/keluvo.com\/se\/wp-json\/wp\/v2\/product\/9837","targetHints":{"allow":["GET"]}}],"collection":[{"href":"https:\/\/keluvo.com\/se\/wp-json\/wp\/v2\/product"}],"about":[{"href":"https:\/\/keluvo.com\/se\/wp-json\/wp\/v2\/types\/product"}],"replies":[{"embeddable":true,"href":"https:\/\/keluvo.com\/se\/wp-json\/wp\/v2\/comments?post=9837"}],"wp:featuredmedia":[{"embeddable":true,"href":"https:\/\/keluvo.com\/se\/wp-json\/wp\/v2\/media\/9834"}],"wp:attachment":[{"href":"https:\/\/keluvo.com\/se\/wp-json\/wp\/v2\/media?parent=9837"}],"wp:term":[{"taxonomy":"product_brand","embeddable":true,"href":"https:\/\/keluvo.com\/se\/wp-json\/wp\/v2\/product_brand?post=9837"},{"taxonomy":"product_cat","embeddable":true,"href":"https:\/\/keluvo.com\/se\/wp-json\/wp\/v2\/product_cat?post=9837"},{"taxonomy":"product_tag","embeddable":true,"href":"https:\/\/keluvo.com\/se\/wp-json\/wp\/v2\/product_tag?post=9837"}],"curies":[{"name":"wp","href":"https:\/\/api.w.org\/{rel}","templated":true}]}}