{"id":9636,"date":"2025-04-28T17:33:51","date_gmt":"2025-04-28T15:33:51","guid":{"rendered":"https:\/\/keluvo.com\/se\/product\/mjuk-katt-sele-koppel-set\/"},"modified":"2025-04-28T17:34:04","modified_gmt":"2025-04-28T15:34:04","slug":"mjuk-katt-sele-koppel-set","status":"publish","type":"product","link":"https:\/\/keluvo.com\/se\/product\/mjuk-katt-sele-koppel-set\/","title":{"rendered":"Mjuk katt sele koppel set"},"content":{"rendered":"<p style=\"text-align: center\"><strong>\ud83d\udc31 H\u00e5ll din katt varm och s\u00e4ker \u2013 med det mjuka kattkoppel-setet! \ud83d\ude3b<\/strong><\/p>\n<p style=\"text-align: center\"><span style=\"font-weight: 400\">Den h\u00e4r varma fleeceselen och koppelsetet g\u00f6r att din kattunge eller lilla katt kan g\u00e5 s\u00e4kert och h\u00e5lla sig i skinnet under kalla dagar.<\/span><\/p>\n<p><img decoding=\"async\" class=\"size-full wp-image-15982 aligncenter\" src=\"https:\/\/keluvo.com\/template\/wp-content\/uploads\/sites\/5\/2025\/04\/1-14.jpg\" alt=\"\" \/><\/p>\n<h2 style=\"text-align: center\">Huvudf\u00f6rdelar<\/h2>\n<p><b><\/b><span style=\"font-weight: 400\"> \u2705 <\/span><b>Supervarm och bekv\u00e4m<\/b><span style=\"font-weight: 400\"> \u2013 Tillverkad av tjock bomullsfleece och mjuk kaninsammet<\/span><\/p>\n<p><span style=\"font-weight: 400\"> \u2705 <\/span><b>Flykts\u00e4ker design<\/b><span style=\"font-weight: 400\"> \u2013 Justerbara remmar och starka sp\u00e4nnen f\u00f6r perfekt passform<\/span><\/p>\n<p><span style=\"font-weight: 400\"> \u2705 <\/span><b>Andas och flexibel<\/b><span style=\"font-weight: 400\"> \u2013 Design i tre lager h\u00e5ller husdjur mysiga men bekv\u00e4ma<\/span><\/p>\n<p><span style=\"font-weight: 400\"> \u2705 <\/span><b>Bekv\u00e4mt koppel ing\u00e5r<\/b><span style=\"font-weight: 400\"> \u2013 Redo f\u00f6r resor, promenader eller utomhuskul<\/span><\/p>\n<p><span style=\"font-weight: 400\"> \u2705 <\/span><b>Byggd f\u00f6r att h\u00e5lla<\/b><span style=\"font-weight: 400\"> \u2013 H\u00e5llbara ABS-sp\u00e4nnen och slitstarkt material<\/span><\/p>\n<p><img decoding=\"async\" class=\"size-full wp-image-15984 aligncenter\" src=\"https:\/\/keluvo.com\/template\/wp-content\/uploads\/sites\/5\/2025\/04\/4-9.jpg\" alt=\"\" \/><\/p>\n<h2 style=\"text-align: center\">Varm, S\u00e4ker, Och Snygg!<\/h2>\n<p style=\"text-align: center\">Detta mjuka set med kattsele och koppel \u00e4r ditt husdjurs nya b\u00e4sta v\u00e4n under kyliga dagar! Det \u00e4r noggrant utformat f\u00f6r att h\u00e5lla din kattunge eller lilla katt varm, s\u00e4ker och snygg. Oavsett om du tar en promenad, reser eller bara l\u00e5ter din katt utforska s\u00e4kert, ger denna sele komfort och skydd under alla \u00e5rstider &#8211; s\u00e4rskilt under h\u00f6sten och vintern.<\/p>\n<h2 style=\"text-align: center\">Hur Man Anv\u00e4nder<\/h2>\n<ol>\n<li style=\"font-weight: 400\"><span style=\"font-weight: 400\">Justera selen s\u00e5 att den passar din katt t\u00e4tt (inte f\u00f6r h\u00e5rt)<\/span><\/li>\n<li style=\"font-weight: 400\"><span style=\"font-weight: 400\">Kn\u00e4pp det h\u00e5llbara sp\u00e4nnet st\u00e4ngt<\/span><\/li>\n<li style=\"font-weight: 400\"><span style=\"font-weight: 400\">F\u00e4st kopplet p\u00e5 selen<\/span><\/li>\n<li style=\"font-weight: 400\"><span style=\"font-weight: 400\">Njut av s\u00e4kra, varma promenader med ditt husdjur!<\/span><\/li>\n<\/ol>\n<h2 style=\"text-align: center\">Paketet Inneh\u00e5ller<\/h2>\n<ul>\n<li style=\"font-weight: 400\"><span style=\"font-weight: 400\">1 mjuk kattsele<\/span><\/li>\n<li style=\"font-weight: 400\"><span style=\"font-weight: 400\">1 matchande koppel<\/span><\/li>\n<li style=\"font-weight: 400\"><span style=\"font-weight: 400\">Material: varm bomullsfleece + kaninsammet + andningsbart n\u00e4t<\/span><\/li>\n<\/ul>\n","protected":false},"excerpt":{"rendered":"<p>\ud83d\udc31 H\u00e5ll din katt varm och s\u00e4ker \u2013 med det mjuka kattkoppel-setet! \ud83d\ude3b Den h\u00e4r varma fleeceselen och koppelsetet g\u00f6r [&hellip;]<\/p>\n","protected":false},"featured_media":9632,"comment_status":"open","ping_status":"closed","template":"","meta":{"site-sidebar-layout":"default","site-content-layout":"","ast-site-content-layout":"default","site-content-style":"default","site-sidebar-style":"default","ast-global-header-display":"","ast-banner-title-visibility":"","ast-main-header-display":"","ast-hfb-above-header-display":"","ast-hfb-below-header-display":"","ast-hfb-mobile-header-display":"","site-post-title":"","ast-breadcrumbs-content":"","ast-featured-img":"","footer-sml-layout":"","theme-transparent-header-meta":"default","adv-header-id-meta":"","stick-header-meta":"","header-above-stick-meta":"","header-main-stick-meta":"","header-below-stick-meta":"","astra-migrate-meta-layouts":"set","ast-page-background-enabled":"default","ast-page-background-meta":{"desktop":{"background-color":"var(--ast-global-color-4)","background-image":"","background-repeat":"repeat","background-position":"center center","background-size":"auto","background-attachment":"scroll","background-type":"","background-media":"","overlay-type":"","overlay-color":"","overlay-opacity":"","overlay-gradient":""},"tablet":{"background-color":"","background-image":"","background-repeat":"repeat","background-position":"center center","background-size":"auto","background-attachment":"scroll","background-type":"","background-media":"","overlay-type":"","overlay-color":"","overlay-opacity":"","overlay-gradient":""},"mobile":{"background-color":"","background-image":"","background-repeat":"repeat","background-position":"center center","background-size":"auto","background-attachment":"scroll","background-type":"","background-media":"","overlay-type":"","overlay-color":"","overlay-opacity":"","overlay-gradient":""}},"ast-content-background-meta":{"desktop":{"background-color":"var(--ast-global-color-5)","background-image":"","background-repeat":"repeat","background-position":"center center","background-size":"auto","background-attachment":"scroll","background-type":"","background-media":"","overlay-type":"","overlay-color":"","overlay-opacity":"","overlay-gradient":""},"tablet":{"background-color":"var(--ast-global-color-5)","background-image":"","background-repeat":"repeat","background-position":"center center","background-size":"auto","background-attachment":"scroll","background-type":"","background-media":"","overlay-type":"","overlay-color":"","overlay-opacity":"","overlay-gradient":""},"mobile":{"background-color":"var(--ast-global-color-5)","background-image":"","background-repeat":"repeat","background-position":"center center","background-size":"auto","background-attachment":"scroll","background-type":"","background-media":"","overlay-type":"","overlay-color":"","overlay-opacity":"","overlay-gradient":""}}},"product_brand":[],"product_cat":[997],"product_tag":[],"class_list":{"0":"post-9636","1":"product","2":"type-product","3":"status-publish","4":"has-post-thumbnail","6":"product_cat-pets-products","7":"pa_48100_au4ppvn9-s","8":"pa_48100_au4ppvn9-xs","9":"pa_48100_au4ppvn9-xxs","10":"pa_48100_vn91wboj-gron","11":"pa_48100_vn91wboj-gul","12":"pa_48100_vn91wboj-rosa","13":"desktop-align-left","14":"tablet-align-left","15":"mobile-align-left","17":"first","18":"instock","19":"shipping-taxable","20":"purchasable","21":"product-type-variable","22":"has-default-attributes"},"_links":{"self":[{"href":"https:\/\/keluvo.com\/se\/wp-json\/wp\/v2\/product\/9636","targetHints":{"allow":["GET"]}}],"collection":[{"href":"https:\/\/keluvo.com\/se\/wp-json\/wp\/v2\/product"}],"about":[{"href":"https:\/\/keluvo.com\/se\/wp-json\/wp\/v2\/types\/product"}],"replies":[{"embeddable":true,"href":"https:\/\/keluvo.com\/se\/wp-json\/wp\/v2\/comments?post=9636"}],"wp:featuredmedia":[{"embeddable":true,"href":"https:\/\/keluvo.com\/se\/wp-json\/wp\/v2\/media\/9632"}],"wp:attachment":[{"href":"https:\/\/keluvo.com\/se\/wp-json\/wp\/v2\/media?parent=9636"}],"wp:term":[{"taxonomy":"product_brand","embeddable":true,"href":"https:\/\/keluvo.com\/se\/wp-json\/wp\/v2\/product_brand?post=9636"},{"taxonomy":"product_cat","embeddable":true,"href":"https:\/\/keluvo.com\/se\/wp-json\/wp\/v2\/product_cat?post=9636"},{"taxonomy":"product_tag","embeddable":true,"href":"https:\/\/keluvo.com\/se\/wp-json\/wp\/v2\/product_tag?post=9636"}],"curies":[{"name":"wp","href":"https:\/\/api.w.org\/{rel}","templated":true}]}}