{"id":9515,"date":"2025-04-24T13:42:48","date_gmt":"2025-04-24T11:42:48","guid":{"rendered":"https:\/\/keluvo.com\/se\/product\/automatisk-korthanteringsmaskin\/"},"modified":"2025-04-24T13:42:48","modified_gmt":"2025-04-24T11:42:48","slug":"automatisk-korthanteringsmaskin","status":"publish","type":"product","link":"https:\/\/keluvo.com\/se\/product\/automatisk-korthanteringsmaskin\/","title":{"rendered":"Automatisk korthanteringsmaskin"},"content":{"rendered":"<h2 style=\"text-align: center\"><strong>Intelligent AI-System Och L\u00e5ngvarig Batteritid<\/strong><\/h2>\n<p style=\"text-align: center\">utrustad med ett kraftfullt IC-smartchip och AI-algoritm, har maskinen automatisk avk\u00e4nning och hantering efter blandning. Den inneh\u00e5ller ocks\u00e5 en automatisk reng\u00f6ringssensor, s\u00e5 du beh\u00f6ver aldrig oroa dig f\u00f6r att smutsiga kort st\u00f6r ditt spel. owered av ett inbyggt 5200mAh litiumbatteri med h\u00f6g densitet, erbjuder denna korthandlare exceptionell energieffektivitet och f\u00f6rl\u00e4ngd speltid<\/p>\n<h2 style=\"text-align: center\"><img fetchpriority=\"high\" decoding=\"async\" class=\"size-full wp-image-15242 aligncenter\" src=\"https:\/\/keluvo.com\/template\/wp-content\/uploads\/sites\/5\/2025\/04\/desc2shuffle.webp\" alt=\"\" width=\"564\" height=\"724\" \/><\/h2>\n<h2 style=\"text-align: center\"><strong>OLED LCD-Sk\u00e4rm Och Anpassningsbara Funktioner<\/strong><\/h2>\n<p style=\"text-align: center\">Den eleganta OLED-sk\u00e4rmen ger ett minimalistiskt gr\u00e4nssnitt med tydliga funktioner med en \u00f6verblick. Anpassa spelet efter dina behov &#8211; st\u00e4ll in antalet spelare (upp till 12), v\u00e4lj kortlekens storlek, bottenkort, utdelningsavst\u00e5nd och hastighet.<\/p>\n<p><img decoding=\"async\" class=\"size-full wp-image-15240 aligncenter\" src=\"https:\/\/keluvo.com\/template\/wp-content\/uploads\/sites\/5\/2025\/04\/main-image-2-17.jpeg\" alt=\"\" \/><\/p>\n<h2 style=\"text-align: center\"><strong>Vad Finns I L\u00e5dan?<\/strong><\/h2>\n<ul>\n<li class=\"\" data-start=\"1929\" data-end=\"1999\">\n<p class=\"\" data-start=\"1931\" data-end=\"1999\">1 \u00d7 Helautomatisk kortutdelningsmaskin (med 4 st tr\u00e5dl\u00f6sa knappar)<\/p>\n<\/li>\n<li class=\"\" data-start=\"2002\" data-end=\"2022\">\n<p class=\"\" data-start=\"2004\" data-end=\"2022\">1 \u00d7 Laddningskabel<\/p>\n<\/li>\n<\/ul>\n<p><img decoding=\"async\" class=\"size-full wp-image-15243 aligncenter\" src=\"https:\/\/keluvo.com\/template\/wp-content\/uploads\/sites\/5\/2025\/04\/main-image-7-11.jpeg\" alt=\"\" width=\"800\" height=\"730\" \/><\/p>\n<p style=\"text-align: center\">Oavsett om du \u00e4r v\u00e4rd f\u00f6r en fest eller \u00e5ker iv\u00e4g p\u00e5 en helgretreat garanterar den automatiska kortutdelningsmaskinen problemfritt spel, varje g\u00e5ng. G\u00f6r kortspel smartare, snabbare och roligare!<\/p>\n","protected":false},"excerpt":{"rendered":"<p>Intelligent AI-System Och L\u00e5ngvarig Batteritid utrustad med ett kraftfullt IC-smartchip och AI-algoritm, har maskinen automatisk avk\u00e4nning och hantering efter blandning. [&hellip;]<\/p>\n","protected":false},"featured_media":9511,"comment_status":"open","ping_status":"closed","template":"","meta":{"site-sidebar-layout":"default","site-content-layout":"","ast-site-content-layout":"default","site-content-style":"default","site-sidebar-style":"default","ast-global-header-display":"","ast-banner-title-visibility":"","ast-main-header-display":"","ast-hfb-above-header-display":"","ast-hfb-below-header-display":"","ast-hfb-mobile-header-display":"","site-post-title":"","ast-breadcrumbs-content":"","ast-featured-img":"","footer-sml-layout":"","theme-transparent-header-meta":"default","adv-header-id-meta":"","stick-header-meta":"","header-above-stick-meta":"","header-main-stick-meta":"","header-below-stick-meta":"","astra-migrate-meta-layouts":"set","ast-page-background-enabled":"default","ast-page-background-meta":{"desktop":{"background-color":"var(--ast-global-color-4)","background-image":"","background-repeat":"repeat","background-position":"center center","background-size":"auto","background-attachment":"scroll","background-type":"","background-media":"","overlay-type":"","overlay-color":"","overlay-opacity":"","overlay-gradient":""},"tablet":{"background-color":"","background-image":"","background-repeat":"repeat","background-position":"center center","background-size":"auto","background-attachment":"scroll","background-type":"","background-media":"","overlay-type":"","overlay-color":"","overlay-opacity":"","overlay-gradient":""},"mobile":{"background-color":"","background-image":"","background-repeat":"repeat","background-position":"center center","background-size":"auto","background-attachment":"scroll","background-type":"","background-media":"","overlay-type":"","overlay-color":"","overlay-opacity":"","overlay-gradient":""}},"ast-content-background-meta":{"desktop":{"background-color":"var(--ast-global-color-5)","background-image":"","background-repeat":"repeat","background-position":"center center","background-size":"auto","background-attachment":"scroll","background-type":"","background-media":"","overlay-type":"","overlay-color":"","overlay-opacity":"","overlay-gradient":""},"tablet":{"background-color":"var(--ast-global-color-5)","background-image":"","background-repeat":"repeat","background-position":"center center","background-size":"auto","background-attachment":"scroll","background-type":"","background-media":"","overlay-type":"","overlay-color":"","overlay-opacity":"","overlay-gradient":""},"mobile":{"background-color":"var(--ast-global-color-5)","background-image":"","background-repeat":"repeat","background-position":"center center","background-size":"auto","background-attachment":"scroll","background-type":"","background-media":"","overlay-type":"","overlay-color":"","overlay-opacity":"","overlay-gradient":""}}},"product_brand":[],"product_cat":[1001],"product_tag":[],"class_list":{"0":"post-9515","1":"product","2":"type-product","3":"status-publish","4":"has-post-thumbnail","6":"product_cat-household-goods","7":"desktop-align-left","8":"tablet-align-left","9":"mobile-align-left","11":"first","12":"instock","13":"shipping-taxable","14":"purchasable","15":"product-type-simple"},"_links":{"self":[{"href":"https:\/\/keluvo.com\/se\/wp-json\/wp\/v2\/product\/9515","targetHints":{"allow":["GET"]}}],"collection":[{"href":"https:\/\/keluvo.com\/se\/wp-json\/wp\/v2\/product"}],"about":[{"href":"https:\/\/keluvo.com\/se\/wp-json\/wp\/v2\/types\/product"}],"replies":[{"embeddable":true,"href":"https:\/\/keluvo.com\/se\/wp-json\/wp\/v2\/comments?post=9515"}],"wp:featuredmedia":[{"embeddable":true,"href":"https:\/\/keluvo.com\/se\/wp-json\/wp\/v2\/media\/9511"}],"wp:attachment":[{"href":"https:\/\/keluvo.com\/se\/wp-json\/wp\/v2\/media?parent=9515"}],"wp:term":[{"taxonomy":"product_brand","embeddable":true,"href":"https:\/\/keluvo.com\/se\/wp-json\/wp\/v2\/product_brand?post=9515"},{"taxonomy":"product_cat","embeddable":true,"href":"https:\/\/keluvo.com\/se\/wp-json\/wp\/v2\/product_cat?post=9515"},{"taxonomy":"product_tag","embeddable":true,"href":"https:\/\/keluvo.com\/se\/wp-json\/wp\/v2\/product_tag?post=9515"}],"curies":[{"name":"wp","href":"https:\/\/api.w.org\/{rel}","templated":true}]}}