{"id":9510,"date":"2025-04-24T13:42:29","date_gmt":"2025-04-24T11:42:29","guid":{"rendered":"https:\/\/keluvo.com\/se\/product\/barbar-kaffekopp-med-inbyggd-droppare\/"},"modified":"2025-04-24T13:42:29","modified_gmt":"2025-04-24T11:42:29","slug":"barbar-kaffekopp-med-inbyggd-droppare","status":"publish","type":"product","link":"https:\/\/keluvo.com\/se\/product\/barbar-kaffekopp-med-inbyggd-droppare\/","title":{"rendered":"B\u00e4rbar kaffekopp med inbyggd droppare"},"content":{"rendered":"<h2 style=\"text-align: center\"><strong>Brygg Var Som Helst, N\u00e4r Som Helst<\/strong><\/h2>\n<p style=\"text-align: center\">Njut av kaffe av baristakvalitet varhelst livet tar dig med denna b\u00e4rbara kaffekopp med integrerad pour-over-dryppare. Den \u00e4r designad f\u00f6r bekv\u00e4mlighet och tillverkad med omsorg, s\u00e5 att du kan brygga f\u00e4rskt, smakrikt kaffe n\u00e4r du \u00e4r p\u00e5 spr\u00e5ng utan att offra kvaliteten. Oavsett om du campar, pendlar eller bara beh\u00f6ver en kvalitetsbrygd vid skrivbordet, ser denna b\u00e4rbara pour-over-kaffekopp till att din perfekta kopp alltid finns inom r\u00e4ckh\u00e5ll.<\/p>\n<h2 style=\"text-align: center\"><img decoding=\"async\" class=\"size-full wp-image-15249 aligncenter\" src=\"https:\/\/keluvo.com\/template\/wp-content\/uploads\/sites\/5\/2025\/04\/main-image-4-15.jpeg\" alt=\"\" \/><br \/>\n<strong>Viktiga Funktioner<\/strong><\/h2>\n<ul>\n<li class=\"\" data-start=\"499\" data-end=\"693\">\n<p class=\"\" data-start=\"501\" data-end=\"693\"><strong data-start=\"501\" data-end=\"523\">All-in-one-design:<\/strong> Kombinerar en h\u00e5llbar tumbler, ett s\u00e4kert vridlocksystem och en inv\u00e4ndig pour-over-dryppare. Ingen extra utrustning beh\u00f6vs &#8211; tills\u00e4tt bara ditt favoritmalda kaffe och varmt vatten.<\/p>\n<\/li>\n<li class=\"\" data-start=\"695\" data-end=\"858\">\n<p class=\"\" data-start=\"697\" data-end=\"858\"><strong data-start=\"697\" data-end=\"719\">Premiummaterial:<\/strong> Tillverkad av BPA-fri tritan, med en keramisk bel\u00e4ggning f\u00f6r v\u00e4rmebest\u00e4ndighet och silikondetaljer f\u00f6r ett halkfritt grepp och l\u00e4ckages\u00e4ker prestanda.<\/p>\n<\/li>\n<li class=\"\" data-start=\"860\" data-end=\"996\">\n<p class=\"\" data-start=\"862\" data-end=\"996\"><strong data-start=\"862\" data-end=\"884\">Enkel Bryggprocess:<\/strong> Njut av en traditionell pour-over kaffeupplevelse med en modern twist &#8211; inga skrymmande maskiner eller pappersmuggar kr\u00e4vs.<\/p>\n<\/li>\n<li class=\"\" data-start=\"1121\" data-end=\"1275\">\n<p class=\"\" data-start=\"1123\" data-end=\"1275\"><strong data-start=\"1123\" data-end=\"1153\">Kompakt &amp; Resev\u00e4nlig:<\/strong> L\u00e4tt, b\u00e4rbar och utformad f\u00f6r att passa i de flesta kopph\u00e5llare &#8211; perfekt f\u00f6r pendlare, resen\u00e4rer och utomhusentusiaster.<\/p>\n<\/li>\n<\/ul>\n<h2 style=\"text-align: center\"><img decoding=\"async\" class=\"size-full wp-image-15250 aligncenter\" src=\"https:\/\/keluvo.com\/template\/wp-content\/uploads\/sites\/5\/2025\/04\/Sd723b5533ff34ea0a8d979f8737bf36cB.jpg\" alt=\"\" \/><br \/>\n<strong>Hur Man Anv\u00e4nder<\/strong><\/h2>\n<ol>\n<li class=\"\" data-start=\"1302\" data-end=\"1342\">\n<p class=\"\" data-start=\"1305\" data-end=\"1342\">Twist \u00f6ppna de \u00f6vre och mellersta locken.<\/p>\n<\/li>\n<li class=\"\" data-start=\"1343\" data-end=\"1417\">\n<p class=\"\" data-start=\"1346\" data-end=\"1417\">Invertera det r\u00f6dmarkerade mellersta locket (droppstativ) p\u00e5 tumblerkroppen.<\/p>\n<\/li>\n<li class=\"\" data-start=\"1418\" data-end=\"1491\">\n<p class=\"\" data-start=\"1421\" data-end=\"1491\">Placera ett pappersfilter i korgstil i dropparen och fukta det f\u00f6r att f\u00e4sta.<\/p>\n<\/li>\n<li class=\"\" data-start=\"1492\" data-end=\"1541\">\n<p class=\"\" data-start=\"1495\" data-end=\"1541\">Kassera vattnet som anv\u00e4nds f\u00f6r att fukta filtret.<\/p>\n<\/li>\n<li class=\"\" data-start=\"1542\" data-end=\"1610\">\n<p class=\"\" data-start=\"1545\" data-end=\"1610\">Tills\u00e4tt malet kaffe och h\u00e4ll varmt vatten l\u00e5ngsamt i en cirkelr\u00f6relse.<\/p>\n<\/li>\n<li class=\"\" data-start=\"1611\" data-end=\"1657\">\n<p class=\"\" data-start=\"1614\" data-end=\"1657\">Njut av ditt nybryggda pour-over kaffe!<\/p>\n<\/li>\n<\/ol>\n<h2 style=\"text-align: center\"><img decoding=\"async\" class=\"size-full wp-image-15247 aligncenter\" src=\"https:\/\/keluvo.com\/template\/wp-content\/uploads\/sites\/5\/2025\/04\/main-image-2-18.jpeg\" alt=\"\" \/><br \/>\n<strong>Paketet Inneh\u00e5ller<\/strong><\/h2>\n<p>1 \u00d7 B\u00e4rbar kaffekopp med inbyggd droppare<\/p>\n","protected":false},"excerpt":{"rendered":"<p>Brygg Var Som Helst, N\u00e4r Som Helst Njut av kaffe av baristakvalitet varhelst livet tar dig med denna b\u00e4rbara kaffekopp [&hellip;]<\/p>\n","protected":false},"featured_media":9506,"comment_status":"open","ping_status":"closed","template":"","meta":{"site-sidebar-layout":"default","site-content-layout":"","ast-site-content-layout":"default","site-content-style":"default","site-sidebar-style":"default","ast-global-header-display":"","ast-banner-title-visibility":"","ast-main-header-display":"","ast-hfb-above-header-display":"","ast-hfb-below-header-display":"","ast-hfb-mobile-header-display":"","site-post-title":"","ast-breadcrumbs-content":"","ast-featured-img":"","footer-sml-layout":"","theme-transparent-header-meta":"default","adv-header-id-meta":"","stick-header-meta":"","header-above-stick-meta":"","header-main-stick-meta":"","header-below-stick-meta":"","astra-migrate-meta-layouts":"set","ast-page-background-enabled":"default","ast-page-background-meta":{"desktop":{"background-color":"var(--ast-global-color-4)","background-image":"","background-repeat":"repeat","background-position":"center center","background-size":"auto","background-attachment":"scroll","background-type":"","background-media":"","overlay-type":"","overlay-color":"","overlay-opacity":"","overlay-gradient":""},"tablet":{"background-color":"","background-image":"","background-repeat":"repeat","background-position":"center center","background-size":"auto","background-attachment":"scroll","background-type":"","background-media":"","overlay-type":"","overlay-color":"","overlay-opacity":"","overlay-gradient":""},"mobile":{"background-color":"","background-image":"","background-repeat":"repeat","background-position":"center center","background-size":"auto","background-attachment":"scroll","background-type":"","background-media":"","overlay-type":"","overlay-color":"","overlay-opacity":"","overlay-gradient":""}},"ast-content-background-meta":{"desktop":{"background-color":"var(--ast-global-color-5)","background-image":"","background-repeat":"repeat","background-position":"center center","background-size":"auto","background-attachment":"scroll","background-type":"","background-media":"","overlay-type":"","overlay-color":"","overlay-opacity":"","overlay-gradient":""},"tablet":{"background-color":"var(--ast-global-color-5)","background-image":"","background-repeat":"repeat","background-position":"center center","background-size":"auto","background-attachment":"scroll","background-type":"","background-media":"","overlay-type":"","overlay-color":"","overlay-opacity":"","overlay-gradient":""},"mobile":{"background-color":"var(--ast-global-color-5)","background-image":"","background-repeat":"repeat","background-position":"center center","background-size":"auto","background-attachment":"scroll","background-type":"","background-media":"","overlay-type":"","overlay-color":"","overlay-opacity":"","overlay-gradient":""}}},"product_brand":[],"product_cat":[1001],"product_tag":[],"class_list":{"0":"post-9510","1":"product","2":"type-product","3":"status-publish","4":"has-post-thumbnail","6":"product_cat-household-goods","7":"desktop-align-left","8":"tablet-align-left","9":"mobile-align-left","11":"first","12":"instock","13":"shipping-taxable","14":"purchasable","15":"product-type-simple"},"_links":{"self":[{"href":"https:\/\/keluvo.com\/se\/wp-json\/wp\/v2\/product\/9510","targetHints":{"allow":["GET"]}}],"collection":[{"href":"https:\/\/keluvo.com\/se\/wp-json\/wp\/v2\/product"}],"about":[{"href":"https:\/\/keluvo.com\/se\/wp-json\/wp\/v2\/types\/product"}],"replies":[{"embeddable":true,"href":"https:\/\/keluvo.com\/se\/wp-json\/wp\/v2\/comments?post=9510"}],"wp:featuredmedia":[{"embeddable":true,"href":"https:\/\/keluvo.com\/se\/wp-json\/wp\/v2\/media\/9506"}],"wp:attachment":[{"href":"https:\/\/keluvo.com\/se\/wp-json\/wp\/v2\/media?parent=9510"}],"wp:term":[{"taxonomy":"product_brand","embeddable":true,"href":"https:\/\/keluvo.com\/se\/wp-json\/wp\/v2\/product_brand?post=9510"},{"taxonomy":"product_cat","embeddable":true,"href":"https:\/\/keluvo.com\/se\/wp-json\/wp\/v2\/product_cat?post=9510"},{"taxonomy":"product_tag","embeddable":true,"href":"https:\/\/keluvo.com\/se\/wp-json\/wp\/v2\/product_tag?post=9510"}],"curies":[{"name":"wp","href":"https:\/\/api.w.org\/{rel}","templated":true}]}}