{"id":9459,"date":"2025-04-21T17:43:56","date_gmt":"2025-04-21T15:43:56","guid":{"rendered":"https:\/\/keluvo.com\/se\/product\/medicinlada-3\/"},"modified":"2025-04-21T19:36:48","modified_gmt":"2025-04-21T17:36:48","slug":"medicinlada-3","status":"publish","type":"product","link":"https:\/\/keluvo.com\/se\/product\/medicinlada-3\/","title":{"rendered":"Medicinl\u00e5da"},"content":{"rendered":"<h2 style=\"text-align: center;\" data-start=\"114\" data-end=\"132\"><strong data-start=\"5\" data-end=\"73\">F\u00f6rvaringsl\u00e5da F\u00f6r Medicin I Flera Lager &#8211; Smart, Rymlig Och Portabel<\/strong><\/h2>\n<p class=\"\" style=\"text-align: center;\" data-start=\"134\" data-end=\"498\">Tr\u00f6tt p\u00e5 att leta efter dina viktigaste saker i r\u00f6riga l\u00e5dor? V\u00e5r medicinf\u00f6rvaringsl\u00e5da i flera lager erbjuder en elegant och effektiv l\u00f6sning f\u00f6r att h\u00e5lla ordning p\u00e5 dina mediciner, kosmetika och sm\u00e5saker. Med sin dubbelskiktsdesign och stora kapacitet \u00e4r den den perfekta f\u00f6ljeslagaren f\u00f6r hemmabruk eller p\u00e5 spr\u00e5ng.\u200b<\/p>\n<p data-start=\"134\" data-end=\"498\"><img fetchpriority=\"high\" decoding=\"async\" class=\"size-full wp-image-15165 aligncenter\" src=\"https:\/\/keluvo.com\/template\/wp-content\/uploads\/sites\/5\/2025\/04\/S72271c135060411581fac609da85a36aR.jpg\" alt=\"\" width=\"800\" height=\"800\" \/><\/p>\n<h2 style=\"text-align: center;\" data-start=\"505\" data-end=\"524\">\ud83e\uddf0 Viktiga Funktioner<\/h2>\n<ul style=\"text-align: center;\" data-start=\"526\" data-end=\"1480\">\n<li class=\"\" data-start=\"526\" data-end=\"717\">\n<p class=\"\" data-start=\"528\" data-end=\"717\"><strong data-start=\"528\" data-end=\"567\">Stor Kapacitet &amp; Flerskiktsdesign<\/strong>: Fack i dubbla lager ger gott om utrymme f\u00f6r att lagra olika f\u00f6rem\u00e5l, s\u00e5 att allt har sin plats.\u200b<\/p>\n<\/li>\n<li class=\"\" data-start=\"719\" data-end=\"831\">\n<p class=\"\" data-start=\"721\" data-end=\"831\"><strong data-start=\"721\" data-end=\"748\">Slitstarkt Och S\u00e4kert Material<\/strong>: <span class=\"relative -mx-px my-[-0.2rem] rounded px-px py-[0.2rem] transition-colors duration-100 ease-in-out\">Tillverkad av h\u00f6gkvalitativ, giftfri PP-plast, vilket garanterar l\u00e5ng livsl\u00e4ngd och s\u00e4kerhet f\u00f6r dina lagrade f\u00f6rem\u00e5l.<\/span>\u200b<\/p>\n<\/li>\n<li class=\"\" data-start=\"833\" data-end=\"948\">\n<p class=\"\" data-start=\"835\" data-end=\"948\"><strong data-start=\"835\" data-end=\"865\">Avtagbar &amp; L\u00e4tt Att Reng\u00f6ra<\/strong>: <span class=\"relative -mx-px my-[-0.2rem] rounded px-px py-[0.2rem] transition-colors duration-100 ease-in-out\">Helt avtagbar design m\u00f6jligg\u00f6r enkel reng\u00f6ring och anpassning baserat p\u00e5 dina f\u00f6rvaringsbehov.<\/span>\u200b<\/p>\n<\/li>\n<li class=\"\" data-start=\"950\" data-end=\"1121\">\n<p class=\"\" data-start=\"952\" data-end=\"1121\"><strong data-start=\"952\" data-end=\"983\">S\u00e4ker Tryckl\u00e5smekanism<\/strong>: Features a reliable press-lock system that keeps contents secure while allowing easy access.\u200b<\/p>\n<\/li>\n<li class=\"\" data-start=\"1123\" data-end=\"1301\">\n<p class=\"\" data-start=\"1125\" data-end=\"1301\"><strong data-start=\"1125\" data-end=\"1161\">Dolt Handtag F\u00f6r B\u00e4rbarhet<\/strong>: Integrerat handtag g\u00f6r den l\u00e4tt att b\u00e4ra under resan och kan g\u00f6mmas undan n\u00e4r den inte anv\u00e4nds.\u200b<\/p>\n<\/li>\n<li class=\"\" data-start=\"1303\" data-end=\"1480\">\n<p class=\"\" data-start=\"1305\" data-end=\"1480\"><strong data-start=\"1305\" data-end=\"1329\">Skyddande Fotkuddar<\/strong>: Utrustad med fotkuddar i botten f\u00f6r att minimera slitage och se till att l\u00e5dan f\u00f6rblir i perfekt skick.\u200b<\/p>\n<\/li>\n<\/ul>\n<p><img decoding=\"async\" class=\"size-full wp-image-15164 aligncenter\" src=\"https:\/\/keluvo.com\/template\/wp-content\/uploads\/sites\/5\/2025\/04\/Se1c8458f864b411d9b64bbf3c0934ed1u.jpg\" alt=\"\" width=\"800\" height=\"800\" \/><\/p>\n<h2 style=\"text-align: center;\" data-start=\"1487\" data-end=\"1508\">\ud83d\udccf Specifikationer<\/h2>\n<ul style=\"text-align: center;\" data-start=\"1510\" data-end=\"1865\">\n<li class=\"\" data-start=\"1510\" data-end=\"1580\">\n<p class=\"\" data-start=\"1512\" data-end=\"1580\"><strong data-start=\"1512\" data-end=\"1524\">Material<\/strong>: PP-plast\u200b<\/p>\n<\/li>\n<li class=\"\" data-start=\"1582\" data-end=\"1646\">\n<p class=\"\" data-start=\"1584\" data-end=\"1646\"><strong data-start=\"1584\" data-end=\"1593\">F\u00e4rg<\/strong>: Vit\u200b<\/p>\n<\/li>\n<li class=\"\" data-start=\"1648\" data-end=\"1778\">\n<p class=\"\" data-start=\"1650\" data-end=\"1660\"><strong data-start=\"1650\" data-end=\"1659\">Storlekar<\/strong>:<\/p>\n<ul data-start=\"1663\" data-end=\"1778\">\n<li class=\"\" data-start=\"1663\" data-end=\"1697\">\n<p class=\"\" data-start=\"1665\" data-end=\"1697\"><strong data-start=\"1665\" data-end=\"1674\">Liten<\/strong>: 19,5 x 12,5 x 12,5 cm<\/p>\n<\/li>\n<li class=\"\" data-start=\"1700\" data-end=\"1778\">\n<p class=\"\" data-start=\"1702\" data-end=\"1778\"><strong data-start=\"1702\" data-end=\"1711\">Stor<\/strong>: 21,5 x 15 x 13,5 cm\u200b<\/p>\n<\/li>\n<\/ul>\n<\/li>\n<li class=\"\" data-start=\"1780\" data-end=\"1865\">\n<p class=\"\" data-start=\"1782\" data-end=\"1865\"><strong data-start=\"1782\" data-end=\"1802\">Paketet Inneh\u00e5ller<\/strong>: 1 x f\u00f6rvaringsl\u00e5da\u200b<\/p>\n<\/li>\n<\/ul>\n<p>&nbsp;<\/p>\n<h2 style=\"text-align: center;\" data-start=\"1872\" data-end=\"1888\">\ud83c\udfe0 Idealisk F\u00f6r<\/h2>\n<ul style=\"text-align: center;\" data-start=\"1890\" data-end=\"2069\">\n<li class=\"\" data-start=\"1890\" data-end=\"1913\">\n<p class=\"\" data-start=\"1892\" data-end=\"1913\">Medicinf\u00f6rvaring i hemmet<\/p>\n<\/li>\n<li class=\"\" data-start=\"1914\" data-end=\"1950\">\n<p class=\"\" data-start=\"1916\" data-end=\"1950\">Organisation av kosmetika och hudv\u00e5rd<\/p>\n<\/li>\n<li class=\"\" data-start=\"1951\" data-end=\"1971\">\n<p class=\"\" data-start=\"1953\" data-end=\"1971\">Nagelv\u00e5rdsprodukter<\/p>\n<\/li>\n<li class=\"\" data-start=\"1972\" data-end=\"2003\">\n<p class=\"\" data-start=\"1974\" data-end=\"2003\">Smycken och sm\u00e5 accessoarer<\/p>\n<\/li>\n<li class=\"\" data-start=\"2004\" data-end=\"2069\">\n<p class=\"\" data-start=\"2006\" data-end=\"2069\">Resesaker\u200b<\/p>\n<\/li>\n<\/ul>\n<h2 style=\"text-align: center;\" data-start=\"2076\" data-end=\"2086\">\u2753 Vanliga Fr\u00e5gor<\/h2>\n<p class=\"\" style=\"text-align: center;\" data-start=\"2088\" data-end=\"2244\"><strong data-start=\"2088\" data-end=\"2123\">\u00c4r L\u00e5dan L\u00e4mplig F\u00f6r Resor?<\/strong><br data-start=\"2123\" data-end=\"2126\" \/>Ja, dess kompakta design och dolda handtag g\u00f6r den perfekt f\u00f6r resor.\u200b<\/p>\n<p class=\"\" style=\"text-align: center;\" data-start=\"2246\" data-end=\"2417\"><strong data-start=\"2246\" data-end=\"2288\">Kan Jag F\u00f6rvara Andra F\u00f6rem\u00e5l \u00c4n Medicin?<\/strong><br data-start=\"2288\" data-end=\"2291\" \/>Absolut! Den \u00e4r tillr\u00e4ckligt m\u00e5ngsidig f\u00f6r kosmetika, smycken och andra sm\u00e5 f\u00f6rem\u00e5l.\u200b<\/p>\n<p class=\"\" style=\"text-align: center;\" data-start=\"2419\" data-end=\"2560\"><strong data-start=\"2419\" data-end=\"2446\">Hur Reng\u00f6r Jag L\u00e5dan?<\/strong><br data-start=\"2446\" data-end=\"2449\" \/>Ta bara bort facken och tv\u00e4tta med mild tv\u00e5l och vatten.<\/p>\n","protected":false},"excerpt":{"rendered":"<p>F\u00f6rvaringsl\u00e5da F\u00f6r Medicin I Flera Lager &#8211; Smart, Rymlig Och Portabel Tr\u00f6tt p\u00e5 att leta efter dina viktigaste saker i [&hellip;]<\/p>\n","protected":false},"featured_media":9455,"comment_status":"open","ping_status":"closed","template":"","meta":{"site-sidebar-layout":"default","site-content-layout":"","ast-site-content-layout":"default","site-content-style":"default","site-sidebar-style":"default","ast-global-header-display":"","ast-banner-title-visibility":"","ast-main-header-display":"","ast-hfb-above-header-display":"","ast-hfb-below-header-display":"","ast-hfb-mobile-header-display":"","site-post-title":"","ast-breadcrumbs-content":"","ast-featured-img":"","footer-sml-layout":"","theme-transparent-header-meta":"default","adv-header-id-meta":"","stick-header-meta":"","header-above-stick-meta":"","header-main-stick-meta":"","header-below-stick-meta":"","astra-migrate-meta-layouts":"set","ast-page-background-enabled":"default","ast-page-background-meta":{"desktop":{"background-color":"var(--ast-global-color-4)","background-image":"","background-repeat":"repeat","background-position":"center center","background-size":"auto","background-attachment":"scroll","background-type":"","background-media":"","overlay-type":"","overlay-color":"","overlay-opacity":"","overlay-gradient":""},"tablet":{"background-color":"","background-image":"","background-repeat":"repeat","background-position":"center center","background-size":"auto","background-attachment":"scroll","background-type":"","background-media":"","overlay-type":"","overlay-color":"","overlay-opacity":"","overlay-gradient":""},"mobile":{"background-color":"","background-image":"","background-repeat":"repeat","background-position":"center center","background-size":"auto","background-attachment":"scroll","background-type":"","background-media":"","overlay-type":"","overlay-color":"","overlay-opacity":"","overlay-gradient":""}},"ast-content-background-meta":{"desktop":{"background-color":"var(--ast-global-color-5)","background-image":"","background-repeat":"repeat","background-position":"center center","background-size":"auto","background-attachment":"scroll","background-type":"","background-media":"","overlay-type":"","overlay-color":"","overlay-opacity":"","overlay-gradient":""},"tablet":{"background-color":"var(--ast-global-color-5)","background-image":"","background-repeat":"repeat","background-position":"center center","background-size":"auto","background-attachment":"scroll","background-type":"","background-media":"","overlay-type":"","overlay-color":"","overlay-opacity":"","overlay-gradient":""},"mobile":{"background-color":"var(--ast-global-color-5)","background-image":"","background-repeat":"repeat","background-position":"center center","background-size":"auto","background-attachment":"scroll","background-type":"","background-media":"","overlay-type":"","overlay-color":"","overlay-opacity":"","overlay-gradient":""}}},"product_brand":[],"product_cat":[15],"product_tag":[],"class_list":{"0":"post-9459","1":"product","2":"type-product","3":"status-publish","4":"has-post-thumbnail","6":"product_cat-uncategorized","7":"pa_48076_p7jcmxpe-liten","8":"pa_48076_p7jcmxpe-stor","9":"desktop-align-left","10":"tablet-align-left","11":"mobile-align-left","13":"first","14":"instock","15":"shipping-taxable","16":"purchasable","17":"product-type-variable"},"_links":{"self":[{"href":"https:\/\/keluvo.com\/se\/wp-json\/wp\/v2\/product\/9459","targetHints":{"allow":["GET"]}}],"collection":[{"href":"https:\/\/keluvo.com\/se\/wp-json\/wp\/v2\/product"}],"about":[{"href":"https:\/\/keluvo.com\/se\/wp-json\/wp\/v2\/types\/product"}],"replies":[{"embeddable":true,"href":"https:\/\/keluvo.com\/se\/wp-json\/wp\/v2\/comments?post=9459"}],"wp:featuredmedia":[{"embeddable":true,"href":"https:\/\/keluvo.com\/se\/wp-json\/wp\/v2\/media\/9455"}],"wp:attachment":[{"href":"https:\/\/keluvo.com\/se\/wp-json\/wp\/v2\/media?parent=9459"}],"wp:term":[{"taxonomy":"product_brand","embeddable":true,"href":"https:\/\/keluvo.com\/se\/wp-json\/wp\/v2\/product_brand?post=9459"},{"taxonomy":"product_cat","embeddable":true,"href":"https:\/\/keluvo.com\/se\/wp-json\/wp\/v2\/product_cat?post=9459"},{"taxonomy":"product_tag","embeddable":true,"href":"https:\/\/keluvo.com\/se\/wp-json\/wp\/v2\/product_tag?post=9459"}],"curies":[{"name":"wp","href":"https:\/\/api.w.org\/{rel}","templated":true}]}}