{"id":9448,"date":"2025-04-21T17:29:24","date_gmt":"2025-04-21T15:29:24","guid":{"rendered":"https:\/\/keluvo.com\/se\/product\/ljus-for-tradgardsdekoration\/"},"modified":"2025-09-13T13:34:05","modified_gmt":"2025-09-13T10:34:05","slug":"ljus-for-tradgardsdekoration","status":"publish","type":"product","link":"https:\/\/keluvo.com\/se\/product\/ljus-for-tradgardsdekoration\/","title":{"rendered":"Ljus f\u00f6r tr\u00e4dg\u00e5rdsdekoration"},"content":{"rendered":"<h2 style=\"text-align: center\" data-start=\"69\" data-end=\"112\"><strong data-start=\"69\" data-end=\"112\">F\u00f6rvandla Din Tr\u00e4dg\u00e5rd Till En Saga<\/strong><\/h2>\n<p class=\"\" style=\"text-align: center\" data-start=\"139\" data-end=\"296\"><span class=\"relative -mx-px my-[-0.2rem] rounded px-px py-[0.2rem] transition-colors duration-100 ease-in-out\">Introducera en touch av magi till dina utomhusutrymmen med v\u00e5r solcellslampa f\u00f6r masonburk.<\/span> <span class=\"relative -mx-px my-[-0.2rem] rounded px-px py-[0.2rem] transition-colors duration-100 ease-in-out\">Denna charmiga lykta utnyttjar solenergi f\u00f6r att driva sina varma LED-lampor, vilket skapar en mysig och inbjudande atmosf\u00e4r.<\/span> <span class=\"relative -mx-px my-[-0.2rem] rounded px-px py-[0.2rem] transition-colors duration-100 ease-in-out\">Den \u00e4r utformad f\u00f6r att likna en burk fylld med eldflugor och ger en nyckfull k\u00e4nsla till b\u00e5de tr\u00e4dg\u00e5rdar, uteplatser och campingplatser.<\/span><\/p>\n<p class=\"\" style=\"text-align: center\" data-start=\"139\" data-end=\"296\"><img decoding=\"async\" class=\"alignnone size-full wp-image-15220\" src=\"https:\/\/keluvo.com\/template\/wp-content\/uploads\/sites\/5\/2025\/04\/Sf37cf31ccdc64ca8a4d8d6bf2946fa4bJ.png\" alt=\"\" \/>\u200b<\/p>\n<h2 style=\"text-align: center\" data-start=\"303\" data-end=\"321\">\u2728 Viktiga Egenskaper<\/h2>\n<ul style=\"text-align: center\" data-start=\"323\" data-end=\"1206\">\n<li class=\"\" data-start=\"323\" data-end=\"436\">\n<p class=\"\" data-start=\"325\" data-end=\"436\"><strong data-start=\"325\" data-end=\"353\">Solcellsdriven Effektivitet<\/strong>: <span class=\"relative -mx-px my-[-0.2rem] rounded px-px py-[0.2rem] transition-colors duration-100 ease-in-out\">Utrustad med en 2V 100mA solpanel och ett 1,2V 600mAh AA NiMH uppladdningsbart batteri, laddas den under dagen och t\u00e4nds automatiskt p\u00e5 natten, vilket ger 8-10 timmars ljus efter 6-8 timmars laddning.<\/span>\u200b<\/p>\n<\/li>\n<li class=\"\" data-start=\"438\" data-end=\"643\">\n<p class=\"\" data-start=\"440\" data-end=\"643\"><strong data-start=\"440\" data-end=\"468\">V\u00e4derbest\u00e4ndig Design<\/strong>: Med en IP65 vattent\u00e4t klassificering \u00e4r denna lykta byggd f\u00f6r att motst\u00e5 olika v\u00e4derf\u00f6rh\u00e5llanden, vilket garanterar h\u00e5llbarhet och livsl\u00e4ngd.\u200b<\/p>\n<\/li>\n<li class=\"\" data-start=\"645\" data-end=\"860\">\n<p class=\"\" data-start=\"647\" data-end=\"860\"><strong data-start=\"647\" data-end=\"671\">Nyckfull Estetik<\/strong>: De eldflugformade LED-lamporna och den sagoinspirerade designen skapar en f\u00e4ngslande visuell effekt som f\u00f6rh\u00f6jer st\u00e4mningen i alla utomhusmilj\u00f6er.\u200b<\/p>\n<\/li>\n<li class=\"\" data-start=\"862\" data-end=\"1034\">\n<p class=\"\" data-start=\"864\" data-end=\"1034\"><strong data-start=\"864\" data-end=\"885\">Enkel Installation<\/strong>: Ingen kabeldragning kr\u00e4vs. Placera den bara p\u00e5 en solig plats f\u00f6r att ladda och njuta av den automatiska belysningen i skymningen.\u200b<\/p>\n<\/li>\n<li class=\"\" data-start=\"1036\" data-end=\"1206\">\n<p class=\"\" data-start=\"1038\" data-end=\"1206\"><strong data-start=\"1038\" data-end=\"1055\">M\u00e5ngsidig Anv\u00e4ndning<\/strong>: Perfekt f\u00f6r att dekorera tr\u00e4dg\u00e5rdar, uteplatser, stigar eller f\u00f6r anv\u00e4ndning under campingresor och utomhussamlingar.\u200b<\/p>\n<\/li>\n<\/ul>\n<p><img decoding=\"async\" class=\"size-full wp-image-15222 aligncenter\" src=\"https:\/\/keluvo.com\/template\/wp-content\/uploads\/sites\/5\/2025\/04\/S375575572f114a2197ff746dbe1a8962A-1.jpg\" alt=\"\" \/><\/p>\n<h2 style=\"text-align: center\" data-start=\"1213\" data-end=\"1235\">\ud83d\udce6 Vad Ing\u00e5r<\/h2>\n<ul style=\"text-align: center\" data-start=\"1237\" data-end=\"1310\">\n<li class=\"\" data-start=\"1237\" data-end=\"1310\">\n<p class=\"\" data-start=\"1239\" data-end=\"1310\">1 x Solcellslampa f\u00f6r masonburk\u200b<\/p>\n<\/li>\n<\/ul>\n<h2 style=\"text-align: center\" data-start=\"1317\" data-end=\"1327\">\u2753 Vanliga Fr\u00e5gor<\/h2>\n<p class=\"\" style=\"text-align: center\" data-start=\"1329\" data-end=\"1564\"><strong data-start=\"1329\" data-end=\"1366\">Hur Fungerar Solcellslampan?<\/strong><br data-start=\"1366\" data-end=\"1369\" \/>Den inbyggda ljussensorn s\u00e4kerst\u00e4ller att LED-lamporna automatiskt t\u00e4nds i skymningen och sl\u00e4cks i gryningen, f\u00f6rutsatt att str\u00f6mbrytaren \u00e4r p\u00e5slagen under installationen.\u200b<\/p>\n<p class=\"\" style=\"text-align: center\" data-start=\"1566\" data-end=\"1796\"><strong data-start=\"1566\" data-end=\"1619\">\u00c4r Lampan L\u00e4mplig F\u00f6r Alla V\u00e4derf\u00f6rh\u00e5llanden?<\/strong><br data-start=\"1619\" data-end=\"1622\" \/>Ja, med sin vattent\u00e4ta IP65-klassning \u00e4r den utformad f\u00f6r att fungera tillf\u00f6rlitligt under olika v\u00e4derf\u00f6rh\u00e5llanden, inklusive regn och sn\u00f6.\u200b<\/p>\n<p class=\"\" style=\"text-align: center\" data-start=\"1798\" data-end=\"2050\"><strong data-start=\"1798\" data-end=\"1847\">Kan Jag Anv\u00e4nda Den F\u00f6r Evenemang Eller Speciella Tillf\u00e4llen?<\/strong><br data-start=\"1847\" data-end=\"1850\" \/>Absolut! Dess unika design och varma belysning g\u00f6r det till ett utm\u00e4rkt val f\u00f6r att l\u00e4gga till en magisk touch till br\u00f6llop, fester och andra utomhussamlingar.\u200b<\/p>\n<p class=\"\" style=\"text-align: center\" data-start=\"2052\" data-end=\"2299\"><strong data-start=\"2052\" data-end=\"2085\">Vilket Underh\u00e5ll Kr\u00e4vs?<\/strong><br data-start=\"2085\" data-end=\"2088\" \/>Minimalt underh\u00e5ll beh\u00f6vs. Se till att solpanelen placeras i direkt solljus f\u00f6r optimal laddning, och torka av den ibland f\u00f6r att ta bort skr\u00e4p eller smuts.\u200b<\/p>\n","protected":false},"excerpt":{"rendered":"<p>F\u00f6rvandla Din Tr\u00e4dg\u00e5rd Till En Saga Introducera en touch av magi till dina utomhusutrymmen med v\u00e5r solcellslampa f\u00f6r masonburk. Denna [&hellip;]<\/p>\n","protected":false},"featured_media":9444,"comment_status":"open","ping_status":"closed","template":"","meta":{"site-sidebar-layout":"default","site-content-layout":"","ast-site-content-layout":"default","site-content-style":"default","site-sidebar-style":"default","ast-global-header-display":"","ast-banner-title-visibility":"","ast-main-header-display":"","ast-hfb-above-header-display":"","ast-hfb-below-header-display":"","ast-hfb-mobile-header-display":"","site-post-title":"","ast-breadcrumbs-content":"","ast-featured-img":"","footer-sml-layout":"","theme-transparent-header-meta":"default","adv-header-id-meta":"","stick-header-meta":"","header-above-stick-meta":"","header-main-stick-meta":"","header-below-stick-meta":"","astra-migrate-meta-layouts":"set","ast-page-background-enabled":"default","ast-page-background-meta":{"desktop":{"background-color":"var(--ast-global-color-4)","background-image":"","background-repeat":"repeat","background-position":"center center","background-size":"auto","background-attachment":"scroll","background-type":"","background-media":"","overlay-type":"","overlay-color":"","overlay-opacity":"","overlay-gradient":""},"tablet":{"background-color":"","background-image":"","background-repeat":"repeat","background-position":"center center","background-size":"auto","background-attachment":"scroll","background-type":"","background-media":"","overlay-type":"","overlay-color":"","overlay-opacity":"","overlay-gradient":""},"mobile":{"background-color":"","background-image":"","background-repeat":"repeat","background-position":"center center","background-size":"auto","background-attachment":"scroll","background-type":"","background-media":"","overlay-type":"","overlay-color":"","overlay-opacity":"","overlay-gradient":""}},"ast-content-background-meta":{"desktop":{"background-color":"var(--ast-global-color-5)","background-image":"","background-repeat":"repeat","background-position":"center center","background-size":"auto","background-attachment":"scroll","background-type":"","background-media":"","overlay-type":"","overlay-color":"","overlay-opacity":"","overlay-gradient":""},"tablet":{"background-color":"var(--ast-global-color-5)","background-image":"","background-repeat":"repeat","background-position":"center center","background-size":"auto","background-attachment":"scroll","background-type":"","background-media":"","overlay-type":"","overlay-color":"","overlay-opacity":"","overlay-gradient":""},"mobile":{"background-color":"var(--ast-global-color-5)","background-image":"","background-repeat":"repeat","background-position":"center center","background-size":"auto","background-attachment":"scroll","background-type":"","background-media":"","overlay-type":"","overlay-color":"","overlay-opacity":"","overlay-gradient":""}}},"product_brand":[],"product_cat":[15],"product_tag":[],"class_list":{"0":"post-9448","1":"product","2":"type-product","3":"status-publish","4":"has-post-thumbnail","6":"product_cat-uncategorized","7":"pa_48080_ef9t8bw2-1-st","8":"pa_48080_ef9t8bw2-2-st","9":"pa_48080_ef9t8bw2-4-st","10":"desktop-align-left","11":"tablet-align-left","12":"mobile-align-left","14":"first","15":"instock","16":"shipping-taxable","17":"purchasable","18":"product-type-variable"},"_links":{"self":[{"href":"https:\/\/keluvo.com\/se\/wp-json\/wp\/v2\/product\/9448","targetHints":{"allow":["GET"]}}],"collection":[{"href":"https:\/\/keluvo.com\/se\/wp-json\/wp\/v2\/product"}],"about":[{"href":"https:\/\/keluvo.com\/se\/wp-json\/wp\/v2\/types\/product"}],"replies":[{"embeddable":true,"href":"https:\/\/keluvo.com\/se\/wp-json\/wp\/v2\/comments?post=9448"}],"wp:featuredmedia":[{"embeddable":true,"href":"https:\/\/keluvo.com\/se\/wp-json\/wp\/v2\/media\/9444"}],"wp:attachment":[{"href":"https:\/\/keluvo.com\/se\/wp-json\/wp\/v2\/media?parent=9448"}],"wp:term":[{"taxonomy":"product_brand","embeddable":true,"href":"https:\/\/keluvo.com\/se\/wp-json\/wp\/v2\/product_brand?post=9448"},{"taxonomy":"product_cat","embeddable":true,"href":"https:\/\/keluvo.com\/se\/wp-json\/wp\/v2\/product_cat?post=9448"},{"taxonomy":"product_tag","embeddable":true,"href":"https:\/\/keluvo.com\/se\/wp-json\/wp\/v2\/product_tag?post=9448"}],"curies":[{"name":"wp","href":"https:\/\/api.w.org\/{rel}","templated":true}]}}