{"id":9430,"date":"2025-04-21T11:44:38","date_gmt":"2025-04-21T09:44:38","guid":{"rendered":"https:\/\/keluvo.com\/se\/product\/glasmugg\/"},"modified":"2025-09-22T20:04:54","modified_gmt":"2025-09-22T17:04:54","slug":"glasmugg","status":"publish","type":"product","link":"https:\/\/keluvo.com\/se\/product\/glasmugg\/","title":{"rendered":"Dricksglas"},"content":{"rendered":"<h2 style=\"text-align: center;\">\ud83c\udf77 Smutta med stil! \ud83c\udf77<\/h2>\n<p style=\"text-align: center;\">L\u00e4gg till en touch av elegans och humor till dina drinkar med v\u00e5r kreativa dricksglas formad som en kula! Dess unika form och tr\u00e4ram g\u00f6r varje klunk speciell.<\/p>\n<p><img decoding=\"async\" class=\"size-full wp-image-14426 aligncenter\" src=\"https:\/\/keluvo.com\/template\/wp-content\/uploads\/sites\/5\/2025\/04\/95013b9e-8fba-48da-81cd-c3961edaaf39.webp\" alt=\"\" \/><\/p>\n<h2 style=\"text-align: center;\">\ud83c\udf1f Varf\u00f6r du kommer att \u00e4lska den<\/h2>\n<ul>\n<li style=\"font-weight: 400;\"><strong>Unik design<\/strong>: Den runda kulformen med tr\u00e4ram sticker ut och ger charm till alla milj\u00f6er.<\/li>\n<li style=\"font-weight: 400;\"><strong>Klart glas<\/strong>: Tillverkat av borosilikatglas, \u00e4r GLASET starkt och l\u00e5ter dig se de vackra f\u00e4rgerna p\u00e5 dina drycker.<\/li>\n<li style=\"font-weight: 400;\"><strong>Perfekt f\u00f6r speciella stunder<\/strong>: Perfekt f\u00f6r romantiska middagar, fester eller bara f\u00f6r att koppla av hemma.<\/li>\n<li style=\"font-weight: 400;\"><strong>Perfekt present<\/strong>: En omt\u00e4nksam present till v\u00e4nner, familj eller n\u00e4ra och k\u00e4ra vid alla tillf\u00e4llen.<\/li>\n<\/ul>\n<p><span style=\"font-weight: 400;\"><img decoding=\"async\" class=\"alignnone size-medium wp-image-13864 aligncenter\" src=\"https:\/\/keluvo.com\/template\/wp-content\/uploads\/sites\/5\/2025\/04\/Sacc29872ceed476883400c0b4ec8f26bh.jpg_960x960q75.jpg_.jpeg\" alt=\"\" \/><\/span><\/p>\n<h2 style=\"text-align: center;\">\ud83d\udee0\ufe0f Produktdetaljer<\/h2>\n<ul>\n<li style=\"font-weight: 400;\"><span style=\"font-weight: 400;\"><strong>Material<\/strong>: H\u00f6gkvalitativt borosilikatglas med en robust tr\u00e4ram.<\/span><\/li>\n<li style=\"font-weight: 400;\"><strong>Design<\/strong>: Modern och romantisk, perfekt f\u00f6r att f\u00f6rh\u00f6ja din drinkupplevelse.<\/li>\n<li style=\"font-weight: 400;\"><strong>Anv\u00e4ndning<\/strong>: Perfekt f\u00f6r avslappnade sammankomster eller formella middagar.<\/li>\n<\/ul>\n<p data-start=\"242\" data-end=\"438\"><img decoding=\"async\" class=\"alignnone size-medium wp-image-13860 aligncenter\" src=\"https:\/\/keluvo.com\/template\/wp-content\/uploads\/sites\/5\/2025\/04\/S87a6272a24e34dc9a906d020eda2946dA.jpg_960x960q75.jpg_.jpeg\" alt=\"\" \/><\/p>\n<p style=\"text-align: center;\">H\u00f6j niv\u00e5n p\u00e5 dina drinkar med detta snygga och funktionella dricksglas.<\/p>\n","protected":false},"excerpt":{"rendered":"<p>\ud83c\udf77 Smutta med stil! \ud83c\udf77 L\u00e4gg till en touch av elegans och humor till dina drinkar med v\u00e5r kreativa dricksglas [&hellip;]<\/p>\n","protected":false},"featured_media":9426,"comment_status":"open","ping_status":"closed","template":"","meta":{"site-sidebar-layout":"default","site-content-layout":"","ast-site-content-layout":"default","site-content-style":"default","site-sidebar-style":"default","ast-global-header-display":"","ast-banner-title-visibility":"","ast-main-header-display":"","ast-hfb-above-header-display":"","ast-hfb-below-header-display":"","ast-hfb-mobile-header-display":"","site-post-title":"","ast-breadcrumbs-content":"","ast-featured-img":"","footer-sml-layout":"","theme-transparent-header-meta":"default","adv-header-id-meta":"","stick-header-meta":"","header-above-stick-meta":"","header-main-stick-meta":"","header-below-stick-meta":"","astra-migrate-meta-layouts":"set","ast-page-background-enabled":"default","ast-page-background-meta":{"desktop":{"background-color":"var(--ast-global-color-4)","background-image":"","background-repeat":"repeat","background-position":"center center","background-size":"auto","background-attachment":"scroll","background-type":"","background-media":"","overlay-type":"","overlay-color":"","overlay-opacity":"","overlay-gradient":""},"tablet":{"background-color":"","background-image":"","background-repeat":"repeat","background-position":"center center","background-size":"auto","background-attachment":"scroll","background-type":"","background-media":"","overlay-type":"","overlay-color":"","overlay-opacity":"","overlay-gradient":""},"mobile":{"background-color":"","background-image":"","background-repeat":"repeat","background-position":"center center","background-size":"auto","background-attachment":"scroll","background-type":"","background-media":"","overlay-type":"","overlay-color":"","overlay-opacity":"","overlay-gradient":""}},"ast-content-background-meta":{"desktop":{"background-color":"var(--ast-global-color-5)","background-image":"","background-repeat":"repeat","background-position":"center center","background-size":"auto","background-attachment":"scroll","background-type":"","background-media":"","overlay-type":"","overlay-color":"","overlay-opacity":"","overlay-gradient":""},"tablet":{"background-color":"var(--ast-global-color-5)","background-image":"","background-repeat":"repeat","background-position":"center center","background-size":"auto","background-attachment":"scroll","background-type":"","background-media":"","overlay-type":"","overlay-color":"","overlay-opacity":"","overlay-gradient":""},"mobile":{"background-color":"var(--ast-global-color-5)","background-image":"","background-repeat":"repeat","background-position":"center center","background-size":"auto","background-attachment":"scroll","background-type":"","background-media":"","overlay-type":"","overlay-color":"","overlay-opacity":"","overlay-gradient":""}}},"product_brand":[],"product_cat":[1001],"product_tag":[],"class_list":{"0":"post-9430","1":"product","2":"type-product","3":"status-publish","4":"has-post-thumbnail","6":"product_cat-household-goods","7":"pa_41673_ymggh796-1933","8":"pa_41673_ymggh796-1934","9":"pa_41673_ymggh796-1935","10":"pa_41673_ymggh796-1936","11":"pa_41673_ymggh796-1937","12":"desktop-align-left","13":"tablet-align-left","14":"mobile-align-left","16":"first","17":"instock","18":"shipping-taxable","19":"purchasable","20":"product-type-variable"},"_links":{"self":[{"href":"https:\/\/keluvo.com\/se\/wp-json\/wp\/v2\/product\/9430","targetHints":{"allow":["GET"]}}],"collection":[{"href":"https:\/\/keluvo.com\/se\/wp-json\/wp\/v2\/product"}],"about":[{"href":"https:\/\/keluvo.com\/se\/wp-json\/wp\/v2\/types\/product"}],"replies":[{"embeddable":true,"href":"https:\/\/keluvo.com\/se\/wp-json\/wp\/v2\/comments?post=9430"}],"wp:featuredmedia":[{"embeddable":true,"href":"https:\/\/keluvo.com\/se\/wp-json\/wp\/v2\/media\/9426"}],"wp:attachment":[{"href":"https:\/\/keluvo.com\/se\/wp-json\/wp\/v2\/media?parent=9430"}],"wp:term":[{"taxonomy":"product_brand","embeddable":true,"href":"https:\/\/keluvo.com\/se\/wp-json\/wp\/v2\/product_brand?post=9430"},{"taxonomy":"product_cat","embeddable":true,"href":"https:\/\/keluvo.com\/se\/wp-json\/wp\/v2\/product_cat?post=9430"},{"taxonomy":"product_tag","embeddable":true,"href":"https:\/\/keluvo.com\/se\/wp-json\/wp\/v2\/product_tag?post=9430"}],"curies":[{"name":"wp","href":"https:\/\/api.w.org\/{rel}","templated":true}]}}