{"id":9419,"date":"2025-04-21T11:18:13","date_gmt":"2025-04-21T09:18:13","guid":{"rendered":"https:\/\/keluvo.com\/se\/product\/granulat-for-reparation-av-tander\/"},"modified":"2025-09-16T01:22:55","modified_gmt":"2025-09-15T22:22:55","slug":"granulat-for-reparation-av-tander","status":"publish","type":"product","link":"https:\/\/keluvo.com\/se\/product\/granulat-for-reparation-av-tander\/","title":{"rendered":"Granulat f\u00f6r reparation av t\u00e4nder"},"content":{"rendered":"<h2 style=\"text-align: center;\" data-start=\"40\" data-end=\"112\">\ud83e\uddb7 Snabb &amp; enkel tillf\u00e4llig l\u00f6sning f\u00f6r ditt leende<\/h2>\n<p class=\"\" style=\"text-align: center;\" data-start=\"114\" data-end=\"195\">Har du av misstag flisat en tand eller har ett gap som du vill d\u00f6lja? V\u00e5rt tandreparationsgranulat erbjuder en snabb, enkel och s\u00e4ker l\u00f6sning f\u00f6r att \u00e5terst\u00e4lla ditt sj\u00e4lvs\u00e4kra leende &#8211; allt fr\u00e5n bekv\u00e4mligheten i ditt hem.<\/p>\n<p data-start=\"114\" data-end=\"195\"><img decoding=\"async\" class=\"size-full wp-image-14268 aligncenter\" src=\"https:\/\/keluvo.com\/template\/wp-content\/uploads\/sites\/5\/2025\/04\/main-image-4.jpg\" alt=\"\" \/><\/p>\n<h2 style=\"text-align: center;\" data-start=\"202\" data-end=\"249\">\u2705 Varf\u00f6r v\u00e4lja v\u00e5ra tandreparationsgranulat?<\/h2>\n<ul data-start=\"251\" data-end=\"801\">\n<li class=\"\" data-start=\"251\" data-end=\"365\">\n<p class=\"\" data-start=\"253\" data-end=\"365\"><strong>Omedelbar f\u00f6rb\u00e4ttring av ditt leende<\/strong>:\u00a0 Formbara granulat fyller gap beroende p\u00e5 saknade eller trasiga t\u00e4nder, vilket ger en tillf\u00e4llig l\u00f6sning f\u00f6r att naturligt f\u00f6rb\u00e4ttra ditt utseende.\u200b<\/p>\n<\/li>\n<li class=\"\" data-start=\"367\" data-end=\"481\">\n<p class=\"\" data-start=\"369\" data-end=\"481\"><strong>Anv\u00e4ndarv\u00e4nlig applikation<\/strong>: Inga specialverktyg kr\u00e4vs. V\u00e4rm bara granulerna i varmt vatten, forma dem och applicera p\u00e5 det drabbade omr\u00e5det.\u200b<\/p>\n<\/li>\n<li class=\"\" data-start=\"483\" data-end=\"588\">\n<p class=\"\" data-start=\"485\" data-end=\"588\"><strong>S\u00e4ker &amp; giftfri<\/strong>: Tillverkad av livsmedelsgodk\u00e4nt plastmaterial, vilket garanterar s\u00e4kerhet \u00e4ven om det sv\u00e4ljs av misstag.\u200b<\/p>\n<\/li>\n<li class=\"\" data-start=\"590\" data-end=\"693\">\n<p class=\"\" data-start=\"592\" data-end=\"693\"><strong>H\u00e5llbart grepp<\/strong>: N\u00e4r reparationen \u00e4r klar kan den h\u00e5lla under en l\u00e4ngre period och samtidigt h\u00e5lla ditt leende intakt.<\/p>\n<\/li>\n<li class=\"\" data-start=\"695\" data-end=\"801\">\n<p class=\"\" data-start=\"697\" data-end=\"801\"><strong>M\u00e5ngsidig anv\u00e4ndning<\/strong>: Idealisk f\u00f6r tillf\u00e4lliga l\u00f6sningar under fotograferingar, intervjuer eller sociala evenemang.<\/p>\n<\/li>\n<\/ul>\n<p><img decoding=\"async\" class=\"size-full wp-image-14271 aligncenter\" src=\"https:\/\/keluvo.com\/template\/wp-content\/uploads\/sites\/5\/2025\/04\/4131850a-bd4a-475f-8a08-ed024a239cc9.webp\" alt=\"\" \/><\/p>\n<h2 style=\"text-align: center;\" data-start=\"808\" data-end=\"834\">\ud83d\udce6 Produktdetaljer<\/h2>\n<ul data-start=\"836\" data-end=\"1463\">\n<li class=\"\" data-start=\"943\" data-end=\"1044\">\n<p class=\"\" data-start=\"945\" data-end=\"1044\"><strong>Kapacitet<\/strong>: <span class=\"relative -mx-px my-[-0.2rem] rounded px-px py-[0.2rem] transition-colors duration-100 ease-in-out\">30ml<\/span>\u200b<\/p>\n<\/li>\n<li class=\"\" data-start=\"1046\" data-end=\"1147\">\n<p class=\"\" data-start=\"1048\" data-end=\"1147\"><strong>Material<\/strong>: Livsmedelsgodk\u00e4nd plast<\/p>\n<\/li>\n<li class=\"\" data-start=\"1149\" data-end=\"1252\">\n<p class=\"\" data-start=\"1151\" data-end=\"1252\"><strong>H\u00e5llbarhet<\/strong>: <span class=\"relative -mx-px my-[-0.2rem] rounded px-px py-[0.2rem] transition-colors duration-100 ease-in-out\">3 \u00e5r<\/span><\/p>\n<\/li>\n<li class=\"\" data-start=\"1254\" data-end=\"1352\">\n<p class=\"\" data-start=\"1256\" data-end=\"1352\"><strong>F\u00e4rg<\/strong>: Vit (kan justeras f\u00f6r att matcha din tandf\u00e4rg genom att bl\u00f6tl\u00e4ggas i te)<\/p>\n<\/li>\n<\/ul>\n","protected":false},"excerpt":{"rendered":"<p>\ud83e\uddb7 Snabb &amp; enkel tillf\u00e4llig l\u00f6sning f\u00f6r ditt leende Har du av misstag flisat en tand eller har ett gap [&hellip;]<\/p>\n","protected":false},"featured_media":9415,"comment_status":"open","ping_status":"closed","template":"","meta":{"site-sidebar-layout":"default","site-content-layout":"","ast-site-content-layout":"default","site-content-style":"default","site-sidebar-style":"default","ast-global-header-display":"","ast-banner-title-visibility":"","ast-main-header-display":"","ast-hfb-above-header-display":"","ast-hfb-below-header-display":"","ast-hfb-mobile-header-display":"","site-post-title":"","ast-breadcrumbs-content":"","ast-featured-img":"","footer-sml-layout":"","theme-transparent-header-meta":"default","adv-header-id-meta":"","stick-header-meta":"","header-above-stick-meta":"","header-main-stick-meta":"","header-below-stick-meta":"","astra-migrate-meta-layouts":"set","ast-page-background-enabled":"default","ast-page-background-meta":{"desktop":{"background-color":"var(--ast-global-color-4)","background-image":"","background-repeat":"repeat","background-position":"center center","background-size":"auto","background-attachment":"scroll","background-type":"","background-media":"","overlay-type":"","overlay-color":"","overlay-opacity":"","overlay-gradient":""},"tablet":{"background-color":"","background-image":"","background-repeat":"repeat","background-position":"center center","background-size":"auto","background-attachment":"scroll","background-type":"","background-media":"","overlay-type":"","overlay-color":"","overlay-opacity":"","overlay-gradient":""},"mobile":{"background-color":"","background-image":"","background-repeat":"repeat","background-position":"center center","background-size":"auto","background-attachment":"scroll","background-type":"","background-media":"","overlay-type":"","overlay-color":"","overlay-opacity":"","overlay-gradient":""}},"ast-content-background-meta":{"desktop":{"background-color":"var(--ast-global-color-5)","background-image":"","background-repeat":"repeat","background-position":"center center","background-size":"auto","background-attachment":"scroll","background-type":"","background-media":"","overlay-type":"","overlay-color":"","overlay-opacity":"","overlay-gradient":""},"tablet":{"background-color":"var(--ast-global-color-5)","background-image":"","background-repeat":"repeat","background-position":"center center","background-size":"auto","background-attachment":"scroll","background-type":"","background-media":"","overlay-type":"","overlay-color":"","overlay-opacity":"","overlay-gradient":""},"mobile":{"background-color":"var(--ast-global-color-5)","background-image":"","background-repeat":"repeat","background-position":"center center","background-size":"auto","background-attachment":"scroll","background-type":"","background-media":"","overlay-type":"","overlay-color":"","overlay-opacity":"","overlay-gradient":""}}},"product_brand":[],"product_cat":[992],"product_tag":[],"class_list":{"0":"post-9419","1":"product","2":"type-product","3":"status-publish","4":"has-post-thumbnail","6":"product_cat-beauty-and-hygiene-products","7":"pa_46510_bleyhzmo-1-st","8":"pa_46510_bleyhzmo-2-st","9":"pa_46510_bleyhzmo-4-st","10":"desktop-align-left","11":"tablet-align-left","12":"mobile-align-left","14":"first","15":"instock","16":"shipping-taxable","17":"purchasable","18":"product-type-variable"},"_links":{"self":[{"href":"https:\/\/keluvo.com\/se\/wp-json\/wp\/v2\/product\/9419","targetHints":{"allow":["GET"]}}],"collection":[{"href":"https:\/\/keluvo.com\/se\/wp-json\/wp\/v2\/product"}],"about":[{"href":"https:\/\/keluvo.com\/se\/wp-json\/wp\/v2\/types\/product"}],"replies":[{"embeddable":true,"href":"https:\/\/keluvo.com\/se\/wp-json\/wp\/v2\/comments?post=9419"}],"wp:featuredmedia":[{"embeddable":true,"href":"https:\/\/keluvo.com\/se\/wp-json\/wp\/v2\/media\/9415"}],"wp:attachment":[{"href":"https:\/\/keluvo.com\/se\/wp-json\/wp\/v2\/media?parent=9419"}],"wp:term":[{"taxonomy":"product_brand","embeddable":true,"href":"https:\/\/keluvo.com\/se\/wp-json\/wp\/v2\/product_brand?post=9419"},{"taxonomy":"product_cat","embeddable":true,"href":"https:\/\/keluvo.com\/se\/wp-json\/wp\/v2\/product_cat?post=9419"},{"taxonomy":"product_tag","embeddable":true,"href":"https:\/\/keluvo.com\/se\/wp-json\/wp\/v2\/product_tag?post=9419"}],"curies":[{"name":"wp","href":"https:\/\/api.w.org\/{rel}","templated":true}]}}