{"id":9341,"date":"2025-04-16T15:50:34","date_gmt":"2025-04-16T13:50:34","guid":{"rendered":"https:\/\/keluvo.com\/se\/product\/justerbart-balte-for-hallningskorrigering-2\/"},"modified":"2025-10-17T12:44:00","modified_gmt":"2025-10-17T09:44:00","slug":"justerbart-balte-for-hallningskorrigering","status":"publish","type":"product","link":"https:\/\/keluvo.com\/se\/product\/justerbart-balte-for-hallningskorrigering\/","title":{"rendered":"Justerbart b\u00e4lte f\u00f6r h\u00e5llningskorrigering"},"content":{"rendered":"<h2 style=\"text-align: center;\">\ud83c\udfaf Sitt rakare, st\u00e5 l\u00e4ngre, m\u00e5 b\u00e4ttre!<\/h2>\n<p style=\"text-align: center;\"><span style=\"font-weight: 400;\">Tr\u00f6tt p\u00e5 ryggsm\u00e4rta eller sl\u00f6het?<\/span><\/p>\n<p style=\"text-align: center;\"><span style=\"font-weight: 400;\">Det <\/span><b>justerbara h\u00e5llningskorrigeringsb\u00e4ltet<\/b><span style=\"font-weight: 400;\"> hj\u00e4lper dig att h\u00e5lla dig uppr\u00e4tt, bekv\u00e4m och sj\u00e4lvs\u00e4ker. Det \u00e4r mjukt, andas och l\u00e4tt att b\u00e4ra hela dagen &#8211; ingen kommer ens att m\u00e4rka att du b\u00e4r det.<\/span><\/p>\n<p><img decoding=\"async\" class=\"size-full wp-image-14703 aligncenter\" src=\"https:\/\/keluvo.com\/template\/wp-content\/uploads\/sites\/5\/2024\/12\/fb03e20f-7d09-4e60-a430-9b71174ee40e-ezgif.com-optiwebp.webp\" alt=\"\" \/><\/p>\n<h2 style=\"text-align: center;\">\ud83d\udcaa K\u00e4nn skillnaden<\/h2>\n<p style=\"text-align: center;\"><span style=\"font-weight: 400;\">Att b\u00e4ra detta b\u00e4lte hj\u00e4lper dig att bygga b\u00e4ttre h\u00e5llningsvanor. Med tiden kommer dina muskler att komma ih\u00e5g r\u00e4tt position, \u00e4ven utan b\u00e4ltet.<\/span><\/p>\n<p><img decoding=\"async\" class=\"alignnone size-medium wp-image-5061 aligncenter\" src=\"https:\/\/keluvo.com\/template\/wp-content\/uploads\/sites\/5\/2024\/12\/Afb0d9e63af814f5f817dca7eafaae795f.jpg_960x960q75.jpg_.jpeg\" alt=\"\" \/><\/p>\n<h2 style=\"text-align: center;\">\u2705 Varf\u00f6r du kommer att \u00e4lska det:<\/h2>\n<ul>\n<li style=\"font-weight: 400;\"><span style=\"font-weight: 400;\">St\u00f6djer ryggen och midjan f\u00f6r att f\u00f6rb\u00e4ttra h\u00e5llningen<\/span><\/li>\n<li style=\"font-weight: 400;\"><span style=\"font-weight: 400;\">Mjukt, andningsbart tyg h\u00e5ller dig sval och bekv\u00e4m<\/span><\/li>\n<li style=\"font-weight: 400;\"><span style=\"font-weight: 400;\">Design med ih\u00e5ligt skum som f\u00f6rblir osynligt under kl\u00e4derna<\/span><\/li>\n<li style=\"font-weight: 400;\"><span style=\"font-weight: 400;\">Justerbara kardborreband f\u00f6r perfekt passform<\/span><\/li>\n<li style=\"font-weight: 400;\"><span style=\"font-weight: 400;\">Passar alla kroppstyper, fr\u00e5n sm\u00e5 till stora (storlekar S till XXL)<\/span><\/li>\n<li style=\"font-weight: 400;\"><span style=\"font-weight: 400;\">Minskar ryggsm\u00e4rta, axelbelastning och slapphet<\/span><\/li>\n<li><span style=\"font-weight: 400;\">Gott f\u00f6r arbete, skola eller daglig anv\u00e4ndning<\/span><span style=\"font-weight: 400;\"><br \/>\n<\/span><\/li>\n<\/ul>\n<h2 style=\"text-align: center;\">\ud83d\udce6 Vad inneh\u00e5ller f\u00f6rpackningen:<\/h2>\n<ul>\n<li style=\"font-weight: 400;\"><span style=\"font-weight: 400;\">1 x justerbart h\u00e5llningskorrigerande b\u00e4lte (material: andningsbart, l\u00e4tt tyg med skumvaddering)<\/span><span style=\"font-weight: 400;\"><br \/>\n<\/span><\/li>\n<\/ul>\n","protected":false},"excerpt":{"rendered":"<p>\ud83c\udfaf Sitt rakare, st\u00e5 l\u00e4ngre, m\u00e5 b\u00e4ttre! Tr\u00f6tt p\u00e5 ryggsm\u00e4rta eller sl\u00f6het? Det justerbara h\u00e5llningskorrigeringsb\u00e4ltet hj\u00e4lper dig att h\u00e5lla dig [&hellip;]<\/p>\n","protected":false},"featured_media":9337,"comment_status":"open","ping_status":"closed","template":"","meta":{"site-sidebar-layout":"default","site-content-layout":"","ast-site-content-layout":"default","site-content-style":"default","site-sidebar-style":"default","ast-global-header-display":"","ast-banner-title-visibility":"","ast-main-header-display":"","ast-hfb-above-header-display":"","ast-hfb-below-header-display":"","ast-hfb-mobile-header-display":"","site-post-title":"","ast-breadcrumbs-content":"","ast-featured-img":"","footer-sml-layout":"","theme-transparent-header-meta":"default","adv-header-id-meta":"","stick-header-meta":"","header-above-stick-meta":"","header-main-stick-meta":"","header-below-stick-meta":"","astra-migrate-meta-layouts":"set","ast-page-background-enabled":"default","ast-page-background-meta":{"desktop":{"background-color":"var(--ast-global-color-4)","background-image":"","background-repeat":"repeat","background-position":"center center","background-size":"auto","background-attachment":"scroll","background-type":"","background-media":"","overlay-type":"","overlay-color":"","overlay-opacity":"","overlay-gradient":""},"tablet":{"background-color":"","background-image":"","background-repeat":"repeat","background-position":"center center","background-size":"auto","background-attachment":"scroll","background-type":"","background-media":"","overlay-type":"","overlay-color":"","overlay-opacity":"","overlay-gradient":""},"mobile":{"background-color":"","background-image":"","background-repeat":"repeat","background-position":"center center","background-size":"auto","background-attachment":"scroll","background-type":"","background-media":"","overlay-type":"","overlay-color":"","overlay-opacity":"","overlay-gradient":""}},"ast-content-background-meta":{"desktop":{"background-color":"var(--ast-global-color-5)","background-image":"","background-repeat":"repeat","background-position":"center center","background-size":"auto","background-attachment":"scroll","background-type":"","background-media":"","overlay-type":"","overlay-color":"","overlay-opacity":"","overlay-gradient":""},"tablet":{"background-color":"var(--ast-global-color-5)","background-image":"","background-repeat":"repeat","background-position":"center center","background-size":"auto","background-attachment":"scroll","background-type":"","background-media":"","overlay-type":"","overlay-color":"","overlay-opacity":"","overlay-gradient":""},"mobile":{"background-color":"var(--ast-global-color-5)","background-image":"","background-repeat":"repeat","background-position":"center center","background-size":"auto","background-attachment":"scroll","background-type":"","background-media":"","overlay-type":"","overlay-color":"","overlay-opacity":"","overlay-gradient":""}}},"product_brand":[],"product_cat":[991],"product_tag":[],"class_list":{"0":"post-9341","1":"product","2":"type-product","3":"status-publish","4":"has-post-thumbnail","6":"product_cat-health-care-supplies","7":"pa_46730_iwqyclqo-s","8":"pa_46730_iwqyclqo-m","9":"pa_46730_iwqyclqo-l","10":"pa_46730_iwqyclqo-xl","11":"pa_46730_iwqyclqo-xxl","12":"desktop-align-left","13":"tablet-align-left","14":"mobile-align-left","16":"first","17":"instock","18":"shipping-taxable","19":"purchasable","20":"product-type-variable"},"_links":{"self":[{"href":"https:\/\/keluvo.com\/se\/wp-json\/wp\/v2\/product\/9341","targetHints":{"allow":["GET"]}}],"collection":[{"href":"https:\/\/keluvo.com\/se\/wp-json\/wp\/v2\/product"}],"about":[{"href":"https:\/\/keluvo.com\/se\/wp-json\/wp\/v2\/types\/product"}],"replies":[{"embeddable":true,"href":"https:\/\/keluvo.com\/se\/wp-json\/wp\/v2\/comments?post=9341"}],"wp:featuredmedia":[{"embeddable":true,"href":"https:\/\/keluvo.com\/se\/wp-json\/wp\/v2\/media\/9337"}],"wp:attachment":[{"href":"https:\/\/keluvo.com\/se\/wp-json\/wp\/v2\/media?parent=9341"}],"wp:term":[{"taxonomy":"product_brand","embeddable":true,"href":"https:\/\/keluvo.com\/se\/wp-json\/wp\/v2\/product_brand?post=9341"},{"taxonomy":"product_cat","embeddable":true,"href":"https:\/\/keluvo.com\/se\/wp-json\/wp\/v2\/product_cat?post=9341"},{"taxonomy":"product_tag","embeddable":true,"href":"https:\/\/keluvo.com\/se\/wp-json\/wp\/v2\/product_tag?post=9341"}],"curies":[{"name":"wp","href":"https:\/\/api.w.org\/{rel}","templated":true}]}}