{"id":9317,"date":"2025-04-16T13:55:42","date_gmt":"2025-04-16T11:55:42","guid":{"rendered":"https:\/\/keluvo.com\/se\/product\/glodande-studsande-boll-2\/"},"modified":"2025-06-05T11:09:55","modified_gmt":"2025-06-05T09:09:55","slug":"glodande-studsande-boll","status":"publish","type":"product","link":"https:\/\/keluvo.com\/se\/product\/glodande-studsande-boll\/","title":{"rendered":"Gl\u00f6dande studsande boll"},"content":{"rendered":"<h2 style=\"text-align: center;\" data-start=\"0\" data-end=\"55\">\ud83c\udf1f Hoppa, lys och ha kul<\/h2>\n<p class=\"\" style=\"text-align: center;\" data-start=\"57\" data-end=\"270\">Letar du efter en rolig leksak som h\u00e5ller ditt barn aktivt och leende?<\/p>\n<p class=\"\" style=\"text-align: center;\" data-start=\"57\" data-end=\"270\">Den <strong data-start=\"127\" data-end=\"152\">Lysande Studsbollen<\/strong> \u00e4r den perfekta blandningen av lek och tr\u00e4ning. Den lyser upp vid varje hopp, vilket g\u00f6r den extra rolig b\u00e5de dagtid och kv\u00e4llstid<\/p>\n<p data-start=\"57\" data-end=\"270\"><img decoding=\"async\" class=\"size-full wp-image-14686 aligncenter\" src=\"https:\/\/keluvo.com\/template\/wp-content\/uploads\/sites\/5\/2025\/02\/glowingbouncingballvideo-ezgif.com-gif-to-webp-converter.webp\" alt=\"\" \/><\/p>\n<h2 style=\"text-align: center;\" data-start=\"642\" data-end=\"671\">\ud83c\udfc3\u200d\u2640\ufe0f G\u00f6r Motion Roligt:<\/h2>\n<p class=\"\" style=\"text-align: center;\" data-start=\"673\" data-end=\"829\">Bara 10 minuters hoppande om dagen hj\u00e4lper till att \u00f6ka ditt barns fysiska kondition och energiniv\u00e5. Det \u00e4r det perfekta s\u00e4ttet att h\u00e5lla dem aktiva samtidigt som de har roligt.<\/p>\n<p data-start=\"673\" data-end=\"829\"><img decoding=\"async\" class=\"size-full wp-image-14687 aligncenter\" src=\"https:\/\/keluvo.com\/template\/wp-content\/uploads\/sites\/5\/2025\/02\/description-image-1.jpeg\" alt=\"\" \/><\/p>\n<h2 style=\"text-align: center;\" data-start=\"277\" data-end=\"302\">\u2705 Varf\u00f6r Du Kommer Att \u00c4lska Den:<\/h2>\n<ul data-start=\"304\" data-end=\"635\">\n<li class=\"\" data-start=\"304\" data-end=\"349\">\n<p class=\"\" data-start=\"306\" data-end=\"349\">Lyser n\u00e4r du spelar \u2013 inga batterier beh\u00f6vs<\/p>\n<\/li>\n<li class=\"\" data-start=\"350\" data-end=\"422\">\n<p class=\"\" data-start=\"352\" data-end=\"422\">Superl\u00e4tt att anv\u00e4nda: placera bara en fot i ringen och b\u00f6rja hoppa<\/p>\n<\/li>\n<li class=\"\" data-start=\"423\" data-end=\"473\">\n<p class=\"\" data-start=\"425\" data-end=\"473\">Hj\u00e4lper till att f\u00f6rb\u00e4ttra balans, fokus och koordination<\/p>\n<\/li>\n<li class=\"\" data-start=\"474\" data-end=\"516\">\n<p class=\"\" data-start=\"476\" data-end=\"516\">Mjuk fotledsring f\u00f6r komfort och s\u00e4kerhet<\/p>\n<\/li>\n<li class=\"\" data-start=\"517\" data-end=\"559\">\n<p class=\"\" data-start=\"519\" data-end=\"559\">Gott f\u00f6r barn, ton\u00e5ringar och \u00e4ven vuxna<\/p>\n<\/li>\n<li class=\"\" data-start=\"560\" data-end=\"635\">\n<p class=\"\" data-start=\"562\" data-end=\"635\">Tillverkad av h\u00f6gkvalitativ ABS-plast &#8211; stark, flexibel och gjord f\u00f6r att h\u00e5lla<\/p>\n<\/li>\n<\/ul>\n<h2 style=\"text-align: center;\"><img decoding=\"async\" class=\"alignnone size-medium wp-image-11021 aligncenter\" style=\"font-size: 16px; font-style: inherit; font-weight: inherit;\" src=\"https:\/\/keluvo.com\/template\/wp-content\/uploads\/sites\/5\/2025\/02\/Sd9c95b1ba86a491db2e923da70f4b37eP.jpeg\" alt=\"\" \/><\/h2>\n<h2 style=\"text-align: center;\" data-start=\"836\" data-end=\"869\">\ud83d\udce6 Vad Finns I F\u00f6rpackningen:<\/h2>\n<ul data-start=\"871\" data-end=\"1027\">\n<li class=\"\" data-start=\"871\" data-end=\"900\">\n<p class=\"\" data-start=\"873\" data-end=\"900\">1 x lysande studsboll<\/p>\n<\/li>\n<\/ul>\n<p>&nbsp;<\/p>\n","protected":false},"excerpt":{"rendered":"<p>\ud83c\udf1f Hoppa, lys och ha kul Letar du efter en rolig leksak som h\u00e5ller ditt barn aktivt och leende? Den [&hellip;]<\/p>\n","protected":false},"featured_media":9313,"comment_status":"open","ping_status":"closed","template":"","meta":{"site-sidebar-layout":"default","site-content-layout":"","ast-site-content-layout":"default","site-content-style":"default","site-sidebar-style":"default","ast-global-header-display":"","ast-banner-title-visibility":"","ast-main-header-display":"","ast-hfb-above-header-display":"","ast-hfb-below-header-display":"","ast-hfb-mobile-header-display":"","site-post-title":"","ast-breadcrumbs-content":"","ast-featured-img":"","footer-sml-layout":"","theme-transparent-header-meta":"default","adv-header-id-meta":"","stick-header-meta":"","header-above-stick-meta":"","header-main-stick-meta":"","header-below-stick-meta":"","astra-migrate-meta-layouts":"set","ast-page-background-enabled":"default","ast-page-background-meta":{"desktop":{"background-color":"var(--ast-global-color-4)","background-image":"","background-repeat":"repeat","background-position":"center center","background-size":"auto","background-attachment":"scroll","background-type":"","background-media":"","overlay-type":"","overlay-color":"","overlay-opacity":"","overlay-gradient":""},"tablet":{"background-color":"","background-image":"","background-repeat":"repeat","background-position":"center center","background-size":"auto","background-attachment":"scroll","background-type":"","background-media":"","overlay-type":"","overlay-color":"","overlay-opacity":"","overlay-gradient":""},"mobile":{"background-color":"","background-image":"","background-repeat":"repeat","background-position":"center center","background-size":"auto","background-attachment":"scroll","background-type":"","background-media":"","overlay-type":"","overlay-color":"","overlay-opacity":"","overlay-gradient":""}},"ast-content-background-meta":{"desktop":{"background-color":"var(--ast-global-color-5)","background-image":"","background-repeat":"repeat","background-position":"center center","background-size":"auto","background-attachment":"scroll","background-type":"","background-media":"","overlay-type":"","overlay-color":"","overlay-opacity":"","overlay-gradient":""},"tablet":{"background-color":"var(--ast-global-color-5)","background-image":"","background-repeat":"repeat","background-position":"center center","background-size":"auto","background-attachment":"scroll","background-type":"","background-media":"","overlay-type":"","overlay-color":"","overlay-opacity":"","overlay-gradient":""},"mobile":{"background-color":"var(--ast-global-color-5)","background-image":"","background-repeat":"repeat","background-position":"center center","background-size":"auto","background-attachment":"scroll","background-type":"","background-media":"","overlay-type":"","overlay-color":"","overlay-opacity":"","overlay-gradient":""}}},"product_brand":[],"product_cat":[990],"product_tag":[],"class_list":{"0":"post-9317","1":"product","2":"type-product","3":"status-publish","4":"has-post-thumbnail","6":"product_cat-toys-childrens-and-baby-products","7":"pa_39054_7nktt624-bla","8":"pa_39054_7nktt624-gul","9":"pa_39054_7nktt624-rosa","10":"desktop-align-left","11":"tablet-align-left","12":"mobile-align-left","14":"first","15":"instock","16":"shipping-taxable","17":"purchasable","18":"product-type-variable"},"_links":{"self":[{"href":"https:\/\/keluvo.com\/se\/wp-json\/wp\/v2\/product\/9317","targetHints":{"allow":["GET"]}}],"collection":[{"href":"https:\/\/keluvo.com\/se\/wp-json\/wp\/v2\/product"}],"about":[{"href":"https:\/\/keluvo.com\/se\/wp-json\/wp\/v2\/types\/product"}],"replies":[{"embeddable":true,"href":"https:\/\/keluvo.com\/se\/wp-json\/wp\/v2\/comments?post=9317"}],"wp:featuredmedia":[{"embeddable":true,"href":"https:\/\/keluvo.com\/se\/wp-json\/wp\/v2\/media\/9313"}],"wp:attachment":[{"href":"https:\/\/keluvo.com\/se\/wp-json\/wp\/v2\/media?parent=9317"}],"wp:term":[{"taxonomy":"product_brand","embeddable":true,"href":"https:\/\/keluvo.com\/se\/wp-json\/wp\/v2\/product_brand?post=9317"},{"taxonomy":"product_cat","embeddable":true,"href":"https:\/\/keluvo.com\/se\/wp-json\/wp\/v2\/product_cat?post=9317"},{"taxonomy":"product_tag","embeddable":true,"href":"https:\/\/keluvo.com\/se\/wp-json\/wp\/v2\/product_tag?post=9317"}],"curies":[{"name":"wp","href":"https:\/\/api.w.org\/{rel}","templated":true}]}}