{"id":9307,"date":"2025-04-16T11:44:11","date_gmt":"2025-04-16T09:44:11","guid":{"rendered":"https:\/\/keluvo.com\/se\/product\/regina-diskborste-2\/"},"modified":"2025-04-16T11:46:50","modified_gmt":"2025-04-16T09:46:50","slug":"regina-diskborste","status":"publish","type":"product","link":"https:\/\/keluvo.com\/se\/product\/regina-diskborste\/","title":{"rendered":"Regina diskborste"},"content":{"rendered":"<h2 style=\"text-align: center;\" data-start=\"0\" data-end=\"66\">\ud83e\uddfd G\u00f6r diskningen snabb, ren och enkel!<\/h2>\n<p class=\"\" style=\"text-align: center;\" data-start=\"68\" data-end=\"319\">Tr\u00f6tt p\u00e5 kladdiga svampar och sl\u00f6seri med tv\u00e5l?<\/p>\n<p class=\"\" style=\"text-align: center;\" data-start=\"68\" data-end=\"319\">Regina diskborste \u00e4r h\u00e4r f\u00f6r att spara tid och h\u00e5lla ditt k\u00f6k renare. Med en inbyggd tv\u00e5ldispenser, f\u00f6rvaringsst\u00e4ll och mjuka men tuffa borst g\u00f6r den disken snabbare och roligare.<\/p>\n<p data-start=\"68\" data-end=\"319\"><img decoding=\"async\" class=\"size-full wp-image-14681 aligncenter\" src=\"https:\/\/keluvo.com\/template\/wp-content\/uploads\/sites\/5\/2025\/01\/reginadishwashvideo-ezgif.com-gif-to-webp-converter.webp\" alt=\"\" \/><\/p>\n<h2 style=\"text-align: center;\">Hur man anv\u00e4nder den:<\/h2>\n<p style=\"text-align: center;\">Regina diskborste g\u00f6r reng\u00f6ringen enkel med sin inbyggda tv\u00e5ldispenser. Tryck bara p\u00e5 knappen f\u00f6r att sl\u00e4ppa ut r\u00e4tt m\u00e4ngd tv\u00e5l medan du skrubbar. Detta sparar tid och minskar behovet av extra tv\u00e5lflaskor i k\u00f6ket.<\/p>\n<p><img decoding=\"async\" class=\"alignnone size-medium wp-image-10169 aligncenter\" src=\"https:\/\/keluvo.com\/template\/wp-content\/uploads\/sites\/5\/2025\/01\/S5912607a1bf343ab8fd80875042f03f8U.jpg_960x960q75.jpg_.jpeg\" alt=\"\" \/><\/p>\n<h2 style=\"text-align: center;\" data-start=\"326\" data-end=\"351\">\u2705 Varf\u00f6r du kommer att \u00e4lska det:<\/h2>\n<ul data-start=\"353\" data-end=\"1147\">\n<li class=\"\" data-start=\"353\" data-end=\"525\">\n<p class=\"\" data-start=\"355\" data-end=\"525\"><strong data-start=\"355\" data-end=\"380\">Allt-I-Ett Tv\u00e5lborste: <\/strong>Fyll den bara med diskmedel en g\u00e5ng och tryck p\u00e5 den mjuka knappen p\u00e5 toppen f\u00f6r att sl\u00e4ppa ut tv\u00e5len medan du skrubbar. Inget mer stopp f\u00f6r att ta tag i flaskan!<\/p>\n<\/li>\n<li class=\"\" data-start=\"527\" data-end=\"701\">\n<p class=\"\" data-start=\"529\" data-end=\"701\"><strong data-start=\"529\" data-end=\"555\">Inkluderar F\u00f6rvaringsst\u00e4ll: <\/strong>Levereras med en egen h\u00e5llare f\u00f6r att h\u00e5lla din borste uppr\u00e4tt och torr. Sm\u00e5 h\u00e5l i brickan samlar upp vatten och den kan tas bort f\u00f6r enkel reng\u00f6ring.<\/p>\n<\/li>\n<li class=\"\" data-start=\"703\" data-end=\"871\">\n<p class=\"\" data-start=\"705\" data-end=\"871\"><strong data-start=\"705\" data-end=\"740\">Tuff Mot Fett, Skonsam Mot Stekpannor: <\/strong>Nylonborsten tar bort smuts och fett utan att repa non-stick-ytor. S\u00e4ker f\u00f6r kastruller, stekpannor, tallrikar, spish\u00e4llar och mycket mer.<\/p>\n<\/li>\n<li class=\"\" data-start=\"873\" data-end=\"1025\">\n<p class=\"\" data-start=\"875\" data-end=\"1025\"><strong data-start=\"875\" data-end=\"898\">Bekv\u00e4m Att H\u00e5lla: <\/strong>Ergonomiskt silikongrepp som k\u00e4nns bra i handen, \u00e4ven n\u00e4r det \u00e4r v\u00e5tt. Den lilla storleken passar perfekt i handflatan f\u00f6r enkel skrubbning.<\/p>\n<\/li>\n<li class=\"\" data-start=\"1027\" data-end=\"1147\">\n<p class=\"\" data-start=\"1029\" data-end=\"1147\"><strong data-start=\"1029\" data-end=\"1055\">Utbytbart Borsthuvud: <\/strong>N\u00e4r borsten \u00e4r utsliten \u00e4r det bara att vrida och byta ut den. Enkelt, rent och budgetv\u00e4nligt.<\/p>\n<\/li>\n<\/ul>\n<h2 style=\"text-align: center;\" data-start=\"1154\" data-end=\"1187\">\ud83d\udce6 Inneh\u00e5ll i f\u00f6rpackningen:<\/h2>\n<p><img decoding=\"async\" class=\"size-full wp-image-14682 aligncenter\" src=\"https:\/\/keluvo.com\/template\/wp-content\/uploads\/sites\/5\/2025\/01\/ff4b3198-99a9-4185-a10f-b1b2f7b6feeb.webp\" alt=\"\" \/><\/p>\n<ul data-start=\"1189\" data-end=\"1311\">\n<li class=\"\" data-start=\"1189\" data-end=\"1230\">\n<p class=\"\" data-start=\"1191\" data-end=\"1230\">1 x regina tv\u00e5lpumpande diskborste<\/p>\n<\/li>\n<li class=\"\" data-start=\"1231\" data-end=\"1267\">\n<p class=\"\" data-start=\"1233\" data-end=\"1267\">1 x f\u00f6rvaringsst\u00e4ll med droppbricka<\/p>\n<\/li>\n<\/ul>\n<h2 style=\"text-align: center;\"><\/h2>\n","protected":false},"excerpt":{"rendered":"<p>\ud83e\uddfd G\u00f6r diskningen snabb, ren och enkel! Tr\u00f6tt p\u00e5 kladdiga svampar och sl\u00f6seri med tv\u00e5l? Regina diskborste \u00e4r h\u00e4r f\u00f6r [&hellip;]<\/p>\n","protected":false},"featured_media":9303,"comment_status":"open","ping_status":"closed","template":"","meta":{"site-sidebar-layout":"default","site-content-layout":"","ast-site-content-layout":"default","site-content-style":"default","site-sidebar-style":"default","ast-global-header-display":"","ast-banner-title-visibility":"","ast-main-header-display":"","ast-hfb-above-header-display":"","ast-hfb-below-header-display":"","ast-hfb-mobile-header-display":"","site-post-title":"","ast-breadcrumbs-content":"","ast-featured-img":"","footer-sml-layout":"","theme-transparent-header-meta":"default","adv-header-id-meta":"","stick-header-meta":"","header-above-stick-meta":"","header-main-stick-meta":"","header-below-stick-meta":"","astra-migrate-meta-layouts":"set","ast-page-background-enabled":"default","ast-page-background-meta":{"desktop":{"background-color":"var(--ast-global-color-4)","background-image":"","background-repeat":"repeat","background-position":"center center","background-size":"auto","background-attachment":"scroll","background-type":"","background-media":"","overlay-type":"","overlay-color":"","overlay-opacity":"","overlay-gradient":""},"tablet":{"background-color":"","background-image":"","background-repeat":"repeat","background-position":"center center","background-size":"auto","background-attachment":"scroll","background-type":"","background-media":"","overlay-type":"","overlay-color":"","overlay-opacity":"","overlay-gradient":""},"mobile":{"background-color":"","background-image":"","background-repeat":"repeat","background-position":"center center","background-size":"auto","background-attachment":"scroll","background-type":"","background-media":"","overlay-type":"","overlay-color":"","overlay-opacity":"","overlay-gradient":""}},"ast-content-background-meta":{"desktop":{"background-color":"var(--ast-global-color-5)","background-image":"","background-repeat":"repeat","background-position":"center center","background-size":"auto","background-attachment":"scroll","background-type":"","background-media":"","overlay-type":"","overlay-color":"","overlay-opacity":"","overlay-gradient":""},"tablet":{"background-color":"var(--ast-global-color-5)","background-image":"","background-repeat":"repeat","background-position":"center center","background-size":"auto","background-attachment":"scroll","background-type":"","background-media":"","overlay-type":"","overlay-color":"","overlay-opacity":"","overlay-gradient":""},"mobile":{"background-color":"var(--ast-global-color-5)","background-image":"","background-repeat":"repeat","background-position":"center center","background-size":"auto","background-attachment":"scroll","background-type":"","background-media":"","overlay-type":"","overlay-color":"","overlay-opacity":"","overlay-gradient":""}}},"product_brand":[],"product_cat":[1001],"product_tag":[],"class_list":{"0":"post-9307","1":"product","2":"type-product","3":"status-publish","4":"has-post-thumbnail","6":"product_cat-household-goods","7":"pa_41800_kzynlck2-gra","8":"pa_41800_kzynlck2-gron","9":"desktop-align-left","10":"tablet-align-left","11":"mobile-align-left","13":"first","14":"instock","15":"shipping-taxable","16":"purchasable","17":"product-type-variable"},"_links":{"self":[{"href":"https:\/\/keluvo.com\/se\/wp-json\/wp\/v2\/product\/9307","targetHints":{"allow":["GET"]}}],"collection":[{"href":"https:\/\/keluvo.com\/se\/wp-json\/wp\/v2\/product"}],"about":[{"href":"https:\/\/keluvo.com\/se\/wp-json\/wp\/v2\/types\/product"}],"replies":[{"embeddable":true,"href":"https:\/\/keluvo.com\/se\/wp-json\/wp\/v2\/comments?post=9307"}],"wp:featuredmedia":[{"embeddable":true,"href":"https:\/\/keluvo.com\/se\/wp-json\/wp\/v2\/media\/9303"}],"wp:attachment":[{"href":"https:\/\/keluvo.com\/se\/wp-json\/wp\/v2\/media?parent=9307"}],"wp:term":[{"taxonomy":"product_brand","embeddable":true,"href":"https:\/\/keluvo.com\/se\/wp-json\/wp\/v2\/product_brand?post=9307"},{"taxonomy":"product_cat","embeddable":true,"href":"https:\/\/keluvo.com\/se\/wp-json\/wp\/v2\/product_cat?post=9307"},{"taxonomy":"product_tag","embeddable":true,"href":"https:\/\/keluvo.com\/se\/wp-json\/wp\/v2\/product_tag?post=9307"}],"curies":[{"name":"wp","href":"https:\/\/api.w.org\/{rel}","templated":true}]}}