{"id":9301,"date":"2025-04-16T10:56:54","date_gmt":"2025-04-16T08:56:54","guid":{"rendered":"https:\/\/keluvo.com\/se\/product\/polermedel-for-plastaterstallning-2\/"},"modified":"2025-07-03T17:12:55","modified_gmt":"2025-07-03T15:12:55","slug":"polermedel-for-plastaterstallning","status":"publish","type":"product","link":"https:\/\/keluvo.com\/se\/product\/polermedel-for-plastaterstallning\/","title":{"rendered":"Polermedel f\u00f6r plast\u00e5terst\u00e4llning"},"content":{"rendered":"<h2 style=\"text-align: center;\">\u2728 F\u00e5r plasten att se ut som ny!<\/h2>\n<p style=\"text-align: center;\">Plast \u00e5terst\u00e4llande polish \u00e4r utformad f\u00f6r att ge blekt bilplast nytt liv. Det \u00e5terst\u00e4ller den ursprungliga djupa svarta glansen och g\u00f6r att ytorna ser fr\u00e4scha och rena ut igen. Perfekt f\u00f6r st\u00f6tf\u00e5ngare, lister och andra yttre delar.<\/p>\n<p><img decoding=\"async\" class=\"size-full wp-image-14596 aligncenter\" src=\"https:\/\/keluvo.com\/template\/wp-content\/uploads\/sites\/5\/2024\/12\/plasticrestorervideo-ezgif.com-video-to-webp-converter.webp\" alt=\"\" \/><\/p>\n<h2 style=\"text-align: center;\">\ud83d\udee1 L\u00e5ngvarigt skydd<\/h2>\n<p style=\"text-align: center;\">Den h\u00e4r produkten polerar inte bara utan skyddar ocks\u00e5. Den skapar en h\u00e5llbar bel\u00e4ggning som skyddar plastytor fr\u00e5n blekning, sprickbildning och UV-skador. L\u00e5t din bil se bra ut l\u00e4ngre.<\/p>\n<p><img decoding=\"async\" class=\"size-medium wp-image-5131 aligncenter\" src=\"https:\/\/keluvo.com\/template\/wp-content\/uploads\/sites\/5\/2024\/12\/Sb437c8c7408441d78340be2f3b3a8084U.jpeg\" alt=\"\" \/><\/p>\n<h2 style=\"text-align: center;\" data-start=\"764\" data-end=\"782\">\ud83d\udee0 Hur man anv\u00e4nder:<\/h2>\n<ol data-start=\"784\" data-end=\"957\">\n<li class=\"\" data-start=\"784\" data-end=\"826\">\n<p class=\"\" data-start=\"787\" data-end=\"826\">Reng\u00f6r ytan du vill \u00e5terst\u00e4lla<\/p>\n<\/li>\n<li class=\"\" data-start=\"827\" data-end=\"871\">\n<p class=\"\" data-start=\"830\" data-end=\"871\">H\u00e4ll n\u00e5gra droppar polermedel p\u00e5 svampen<\/p>\n<\/li>\n<li class=\"\" data-start=\"872\" data-end=\"908\">\n<p class=\"\" data-start=\"875\" data-end=\"908\">F\u00f6rdela det j\u00e4mnt p\u00e5 ytan<\/p>\n<\/li>\n<li class=\"\" data-start=\"909\" data-end=\"957\">\n<p class=\"\" data-start=\"912\" data-end=\"957\">L\u00e5t det torka och njut av det fr\u00e4scha, glansiga utseendet<\/p>\n<\/li>\n<\/ol>\n<p><img decoding=\"async\" class=\"size-full wp-image-14608 aligncenter\" src=\"https:\/\/keluvo.com\/template\/wp-content\/uploads\/sites\/5\/2024\/12\/Sc3e98ad4ad8041e794adc01be6a78a451.png\" alt=\"\" \/><\/p>\n<h2 style=\"text-align: center;\" data-start=\"318\" data-end=\"343\">\u2705 Varf\u00f6r du kommer att \u00e4lska det:<\/h2>\n<ul data-start=\"345\" data-end=\"643\">\n<li class=\"\" data-start=\"345\" data-end=\"381\">\n<p class=\"\" data-start=\"347\" data-end=\"381\">F\u00e5r gammal plast att se helt ny ut<\/p>\n<\/li>\n<li class=\"\" data-start=\"382\" data-end=\"410\">\n<p class=\"\" data-start=\"384\" data-end=\"410\">Fungerar med bara en avtorkning<\/p>\n<\/li>\n<li class=\"\" data-start=\"411\" data-end=\"457\">\n<p class=\"\" data-start=\"413\" data-end=\"457\">L\u00e5ngvarigt skydd i upp till 6 m\u00e5nader<\/p>\n<\/li>\n<li class=\"\" data-start=\"458\" data-end=\"507\">\n<p class=\"\" data-start=\"460\" data-end=\"507\">Hj\u00e4lper till att f\u00f6rhindra blekning, gulning och sprickbildning<\/p>\n<\/li>\n<li class=\"\" data-start=\"508\" data-end=\"547\">\n<p class=\"\" data-start=\"510\" data-end=\"547\">Ger en djupsvart textur och glans<\/p>\n<\/li>\n<li class=\"\" data-start=\"548\" data-end=\"595\">\n<p class=\"\" data-start=\"550\" data-end=\"595\">S\u00e4ker f\u00f6r plast, gummi, l\u00e4der och mycket mer<\/p>\n<\/li>\n<li class=\"\" data-start=\"596\" data-end=\"643\">\n<p class=\"\" data-start=\"598\" data-end=\"643\">Gott f\u00f6r bilinteri\u00f6rer, lister och st\u00f6tf\u00e5ngare<\/p>\n<\/li>\n<\/ul>\n<h2 style=\"text-align: center;\" data-start=\"650\" data-end=\"683\">\ud83d\udce6 Vad finns i f\u00f6rpackningen:<\/h2>\n<ul data-start=\"685\" data-end=\"757\">\n<li class=\"\" data-start=\"685\" data-end=\"731\">\n<p class=\"\" data-start=\"687\" data-end=\"731\">1, 2, 4 x 30 ml flaska plastreng\u00f6ringspoleringsmedel<\/p>\n<\/li>\n<li class=\"\" data-start=\"732\" data-end=\"757\">\n<p class=\"\" data-start=\"734\" data-end=\"757\">1 x svamp<\/p>\n<\/li>\n<\/ul>\n","protected":false},"excerpt":{"rendered":"<p>\u2728 F\u00e5r plasten att se ut som ny! Plast \u00e5terst\u00e4llande polish \u00e4r utformad f\u00f6r att ge blekt bilplast nytt liv. [&hellip;]<\/p>\n","protected":false},"featured_media":9297,"comment_status":"open","ping_status":"closed","template":"","meta":{"site-sidebar-layout":"default","site-content-layout":"","ast-site-content-layout":"default","site-content-style":"default","site-sidebar-style":"default","ast-global-header-display":"","ast-banner-title-visibility":"","ast-main-header-display":"","ast-hfb-above-header-display":"","ast-hfb-below-header-display":"","ast-hfb-mobile-header-display":"","site-post-title":"","ast-breadcrumbs-content":"","ast-featured-img":"","footer-sml-layout":"","theme-transparent-header-meta":"default","adv-header-id-meta":"","stick-header-meta":"","header-above-stick-meta":"","header-main-stick-meta":"","header-below-stick-meta":"","astra-migrate-meta-layouts":"set","ast-page-background-enabled":"default","ast-page-background-meta":{"desktop":{"background-color":"var(--ast-global-color-4)","background-image":"","background-repeat":"repeat","background-position":"center center","background-size":"auto","background-attachment":"scroll","background-type":"","background-media":"","overlay-type":"","overlay-color":"","overlay-opacity":"","overlay-gradient":""},"tablet":{"background-color":"","background-image":"","background-repeat":"repeat","background-position":"center center","background-size":"auto","background-attachment":"scroll","background-type":"","background-media":"","overlay-type":"","overlay-color":"","overlay-opacity":"","overlay-gradient":""},"mobile":{"background-color":"","background-image":"","background-repeat":"repeat","background-position":"center center","background-size":"auto","background-attachment":"scroll","background-type":"","background-media":"","overlay-type":"","overlay-color":"","overlay-opacity":"","overlay-gradient":""}},"ast-content-background-meta":{"desktop":{"background-color":"var(--ast-global-color-5)","background-image":"","background-repeat":"repeat","background-position":"center center","background-size":"auto","background-attachment":"scroll","background-type":"","background-media":"","overlay-type":"","overlay-color":"","overlay-opacity":"","overlay-gradient":""},"tablet":{"background-color":"var(--ast-global-color-5)","background-image":"","background-repeat":"repeat","background-position":"center center","background-size":"auto","background-attachment":"scroll","background-type":"","background-media":"","overlay-type":"","overlay-color":"","overlay-opacity":"","overlay-gradient":""},"mobile":{"background-color":"var(--ast-global-color-5)","background-image":"","background-repeat":"repeat","background-position":"center center","background-size":"auto","background-attachment":"scroll","background-type":"","background-media":"","overlay-type":"","overlay-color":"","overlay-opacity":"","overlay-gradient":""}}},"product_brand":[],"product_cat":[998],"product_tag":[],"class_list":{"0":"post-9301","1":"product","2":"type-product","3":"status-publish","4":"has-post-thumbnail","6":"product_cat-automotive-products","7":"desktop-align-left","8":"tablet-align-left","9":"mobile-align-left","11":"first","12":"instock","13":"shipping-taxable","14":"purchasable","15":"product-type-variable"},"_links":{"self":[{"href":"https:\/\/keluvo.com\/se\/wp-json\/wp\/v2\/product\/9301","targetHints":{"allow":["GET"]}}],"collection":[{"href":"https:\/\/keluvo.com\/se\/wp-json\/wp\/v2\/product"}],"about":[{"href":"https:\/\/keluvo.com\/se\/wp-json\/wp\/v2\/types\/product"}],"replies":[{"embeddable":true,"href":"https:\/\/keluvo.com\/se\/wp-json\/wp\/v2\/comments?post=9301"}],"wp:featuredmedia":[{"embeddable":true,"href":"https:\/\/keluvo.com\/se\/wp-json\/wp\/v2\/media\/9297"}],"wp:attachment":[{"href":"https:\/\/keluvo.com\/se\/wp-json\/wp\/v2\/media?parent=9301"}],"wp:term":[{"taxonomy":"product_brand","embeddable":true,"href":"https:\/\/keluvo.com\/se\/wp-json\/wp\/v2\/product_brand?post=9301"},{"taxonomy":"product_cat","embeddable":true,"href":"https:\/\/keluvo.com\/se\/wp-json\/wp\/v2\/product_cat?post=9301"},{"taxonomy":"product_tag","embeddable":true,"href":"https:\/\/keluvo.com\/se\/wp-json\/wp\/v2\/product_tag?post=9301"}],"curies":[{"name":"wp","href":"https:\/\/api.w.org\/{rel}","templated":true}]}}