{"id":9289,"date":"2025-04-16T10:46:04","date_gmt":"2025-04-16T08:46:04","guid":{"rendered":"https:\/\/keluvo.com\/se\/product\/kattkoppel-set-2\/"},"modified":"2025-07-04T17:23:07","modified_gmt":"2025-07-04T15:23:07","slug":"kattkoppel-set","status":"publish","type":"product","link":"https:\/\/keluvo.com\/se\/product\/kattkoppel-set\/","title":{"rendered":"Kattkoppel set"},"content":{"rendered":"<h2 style=\"text-align: center;\">\ud83d\udc31 S\u00e4kert, snyggt och bekv\u00e4mt! \ud83e\uddba<\/h2>\n<p class=\"\" style=\"text-align: center;\" data-start=\"69\" data-end=\"334\">Kattkoppel-setet \u00e4r mjukt, andas och utformat f\u00f6r att h\u00e5lla din katt bekv\u00e4m och s\u00e4ker. Oavsett om det \u00e4r en promenad i tr\u00e4dg\u00e5rden eller ett litet utomhus\u00e4ventyr, g\u00f6r denna sele varje resa stressfri och rolig.<\/p>\n<p><img decoding=\"async\" class=\"alignnone size-medium wp-image-10632 aligncenter\" src=\"https:\/\/keluvo.com\/template\/wp-content\/uploads\/sites\/5\/2025\/02\/S95435d26204f4842b639ac4487cc4a0aT.jpg_960x960q75.jpg_.jpeg\" alt=\"\" \/><\/p>\n<h2 style=\"text-align: center;\">L\u00e4tt att s\u00e4tta p\u00e5<\/h2>\n<p style=\"text-align: center;\">Vikla bara den runt ditt husdjur, l\u00e5s fast den och f\u00e4st kopplet. Extremt enkelt och l\u00e4tt!<\/p>\n<p><img decoding=\"async\" class=\"size-full wp-image-14593 aligncenter\" src=\"https:\/\/keluvo.com\/template\/wp-content\/uploads\/sites\/5\/2025\/02\/catharnessvideo-ezgif.com-gif-to-webp-converter.webp\" alt=\"\" \/><\/p>\n<h2 style=\"text-align: center;\" data-start=\"341\" data-end=\"370\">\u2705 Varf\u00f6r du kommer att \u00e4lska det:<\/h2>\n<ul data-start=\"372\" data-end=\"1083\">\n<li class=\"\" data-start=\"372\" data-end=\"482\">\n<p class=\"\" data-start=\"374\" data-end=\"482\"><strong data-start=\"374\" data-end=\"395\">Mjuk &amp; Andas: <\/strong>Tillverkad av polyester och n\u00e4tduk \u2013 bekv\u00e4m, l\u00e4tt och perfekt f\u00f6r din katts p\u00e4ls.<\/p>\n<\/li>\n<li class=\"\" data-start=\"484\" data-end=\"613\">\n<p class=\"\" data-start=\"486\" data-end=\"613\"><strong data-start=\"486\" data-end=\"510\">Ingen Mer Dragsm\u00e4rta: <\/strong>Den speciella 4-punktsdesignen sprider trycket, s\u00e5 att din katt inte k\u00e4nner n\u00e5got obehag n\u00e4r du drar f\u00f6rsiktigt.<\/p>\n<\/li>\n<li class=\"\" data-start=\"615\" data-end=\"736\">\n<p class=\"\" data-start=\"617\" data-end=\"736\"><strong data-start=\"617\" data-end=\"640\">Justerbar Och S\u00e4ker: <\/strong>Levereras med ett 38 mm nylonsp\u00e4nne och ett s\u00e4kerhetsb\u00e4ltesliknande sp\u00e4nne f\u00f6r att sitta t\u00e4tt och f\u00f6rhindra flykt.<\/p>\n<\/li>\n<li class=\"\" data-start=\"738\" data-end=\"829\">\n<p class=\"\" data-start=\"740\" data-end=\"829\"><strong data-start=\"740\" data-end=\"756\">L\u00e4tt Att B\u00e4ra: <\/strong>S\u00e4tt bara p\u00e5 dig den, justera storleken och du \u00e4r redo p\u00e5 n\u00e5gra sekunder!<\/p>\n<\/li>\n<li class=\"\" data-start=\"831\" data-end=\"971\">\n<p class=\"\" data-start=\"833\" data-end=\"971\"><strong data-start=\"833\" data-end=\"853\">Stark Och Elegant: <\/strong>Har ett starkt D-sp\u00e4nne i metall som inte rostar och en s\u00f6t design i japansk stil som din katt kommer att se bed\u00e5rande ut i.<\/p>\n<\/li>\n<li class=\"\" data-start=\"973\" data-end=\"1083\">\n<p class=\"\" data-start=\"975\" data-end=\"1083\"><strong data-start=\"975\" data-end=\"1002\">Bekv\u00e4mt F\u00f6r Dig Ocks\u00e5: <\/strong>Handtaget \u00e4r mjukt och ergonomiskt, s\u00e5 att din hand k\u00e4nns bra under varje promenad.<\/p>\n<\/li>\n<\/ul>\n<p><img decoding=\"async\" class=\"alignnone size-medium wp-image-10631 aligncenter\" src=\"https:\/\/keluvo.com\/template\/wp-content\/uploads\/sites\/5\/2025\/02\/Sce89ebea72c4448bb63c0583d45b5acft.jpg_960x960q75.jpg_.jpeg\" alt=\"\" \/><\/p>\n<h2 style=\"text-align: center;\" data-start=\"1090\" data-end=\"1127\">\ud83d\udce6 Vad inneh\u00e5ller f\u00f6rpackningen:<\/h2>\n<ul data-start=\"1129\" data-end=\"1262\">\n<li class=\"\" data-start=\"1129\" data-end=\"1161\">\n<p class=\"\" data-start=\"1131\" data-end=\"1161\">1x katt sele och koppel set<\/p>\n<\/li>\n<\/ul>\n","protected":false},"excerpt":{"rendered":"<p>\ud83d\udc31 S\u00e4kert, snyggt och bekv\u00e4mt! \ud83e\uddba Kattkoppel-setet \u00e4r mjukt, andas och utformat f\u00f6r att h\u00e5lla din katt bekv\u00e4m och s\u00e4ker. [&hellip;]<\/p>\n","protected":false},"featured_media":9285,"comment_status":"open","ping_status":"closed","template":"","meta":{"site-sidebar-layout":"default","site-content-layout":"","ast-site-content-layout":"default","site-content-style":"default","site-sidebar-style":"default","ast-global-header-display":"","ast-banner-title-visibility":"","ast-main-header-display":"","ast-hfb-above-header-display":"","ast-hfb-below-header-display":"","ast-hfb-mobile-header-display":"","site-post-title":"","ast-breadcrumbs-content":"","ast-featured-img":"","footer-sml-layout":"","theme-transparent-header-meta":"default","adv-header-id-meta":"","stick-header-meta":"","header-above-stick-meta":"","header-main-stick-meta":"","header-below-stick-meta":"","astra-migrate-meta-layouts":"set","ast-page-background-enabled":"default","ast-page-background-meta":{"desktop":{"background-color":"var(--ast-global-color-4)","background-image":"","background-repeat":"repeat","background-position":"center center","background-size":"auto","background-attachment":"scroll","background-type":"","background-media":"","overlay-type":"","overlay-color":"","overlay-opacity":"","overlay-gradient":""},"tablet":{"background-color":"","background-image":"","background-repeat":"repeat","background-position":"center center","background-size":"auto","background-attachment":"scroll","background-type":"","background-media":"","overlay-type":"","overlay-color":"","overlay-opacity":"","overlay-gradient":""},"mobile":{"background-color":"","background-image":"","background-repeat":"repeat","background-position":"center center","background-size":"auto","background-attachment":"scroll","background-type":"","background-media":"","overlay-type":"","overlay-color":"","overlay-opacity":"","overlay-gradient":""}},"ast-content-background-meta":{"desktop":{"background-color":"var(--ast-global-color-5)","background-image":"","background-repeat":"repeat","background-position":"center center","background-size":"auto","background-attachment":"scroll","background-type":"","background-media":"","overlay-type":"","overlay-color":"","overlay-opacity":"","overlay-gradient":""},"tablet":{"background-color":"var(--ast-global-color-5)","background-image":"","background-repeat":"repeat","background-position":"center center","background-size":"auto","background-attachment":"scroll","background-type":"","background-media":"","overlay-type":"","overlay-color":"","overlay-opacity":"","overlay-gradient":""},"mobile":{"background-color":"var(--ast-global-color-5)","background-image":"","background-repeat":"repeat","background-position":"center center","background-size":"auto","background-attachment":"scroll","background-type":"","background-media":"","overlay-type":"","overlay-color":"","overlay-opacity":"","overlay-gradient":""}}},"product_brand":[],"product_cat":[997],"product_tag":[],"class_list":{"0":"post-9289","1":"product","2":"type-product","3":"status-publish","4":"has-post-thumbnail","6":"product_cat-pets-products","7":"pa_41647_ckqb4l1c-bla","8":"pa_41647_ckqb4l1c-gron","9":"pa_41647_ckqb4l1c-rod","10":"desktop-align-left","11":"tablet-align-left","12":"mobile-align-left","14":"first","15":"instock","16":"shipping-taxable","17":"purchasable","18":"product-type-variable"},"_links":{"self":[{"href":"https:\/\/keluvo.com\/se\/wp-json\/wp\/v2\/product\/9289","targetHints":{"allow":["GET"]}}],"collection":[{"href":"https:\/\/keluvo.com\/se\/wp-json\/wp\/v2\/product"}],"about":[{"href":"https:\/\/keluvo.com\/se\/wp-json\/wp\/v2\/types\/product"}],"replies":[{"embeddable":true,"href":"https:\/\/keluvo.com\/se\/wp-json\/wp\/v2\/comments?post=9289"}],"wp:featuredmedia":[{"embeddable":true,"href":"https:\/\/keluvo.com\/se\/wp-json\/wp\/v2\/media\/9285"}],"wp:attachment":[{"href":"https:\/\/keluvo.com\/se\/wp-json\/wp\/v2\/media?parent=9289"}],"wp:term":[{"taxonomy":"product_brand","embeddable":true,"href":"https:\/\/keluvo.com\/se\/wp-json\/wp\/v2\/product_brand?post=9289"},{"taxonomy":"product_cat","embeddable":true,"href":"https:\/\/keluvo.com\/se\/wp-json\/wp\/v2\/product_cat?post=9289"},{"taxonomy":"product_tag","embeddable":true,"href":"https:\/\/keluvo.com\/se\/wp-json\/wp\/v2\/product_tag?post=9289"}],"curies":[{"name":"wp","href":"https:\/\/api.w.org\/{rel}","templated":true}]}}