{"id":9189,"date":"2025-04-12T16:43:20","date_gmt":"2025-04-12T14:43:20","guid":{"rendered":"https:\/\/keluvo.com\/se\/?post_type=product&#038;p=9189"},"modified":"2025-04-12T16:45:06","modified_gmt":"2025-04-12T14:45:06","slug":"hjartformad-krage","status":"publish","type":"product","link":"https:\/\/keluvo.com\/se\/product\/hjartformad-krage\/","title":{"rendered":"Hj\u00e4rtformad krage"},"content":{"rendered":"<h2 style=\"text-align: center;\">Elegant hj\u00e4rtdesign<\/h2>\n<p style=\"text-align: center;\">Hearts Halsbandet har en fin design med sammanfl\u00e4tade hj\u00e4rtan, som symboliserar k\u00e4rlek och samh\u00f6righet. Denna tidl\u00f6sa accessoar ger en touch av elegans till alla outfits och \u00e4r perfekt b\u00e5de till vardags och vid speciella tillf\u00e4llen.<\/p>\n<p><img fetchpriority=\"high\" decoding=\"async\" class=\"size-full wp-image-13046 aligncenter\" src=\"https:\/\/keluvo.com\/lt\/wp-content\/uploads\/sites\/29\/2025\/04\/main-image-4-3.jpeg\" alt=\"\" width=\"1000\" height=\"1000\" \/><\/p>\n<p>&nbsp;<\/p>\n<h2 style=\"text-align: center;\">Bekv\u00e4m och justerbar passform<\/h2>\n<p style=\"text-align: center;\">Det bekv\u00e4mt sydda hj\u00e4rtformade armbandet \u00e4r utformat f\u00f6r att sitta t\u00e4tt utan att kompromissa med stilen. Det justerbara sp\u00e4nnet garanterar perfekt passform, s\u00e5 att du enkelt kan b\u00e4ra armbandet hela dagen.<\/p>\n<p>&nbsp;<\/p>\n<p>&nbsp;<\/p>\n","protected":false},"excerpt":{"rendered":"<p>Elegant hj\u00e4rtdesign Hearts Halsbandet har en fin design med sammanfl\u00e4tade hj\u00e4rtan, som symboliserar k\u00e4rlek och samh\u00f6righet. Denna tidl\u00f6sa accessoar ger [&hellip;]<\/p>\n","protected":false},"featured_media":9191,"comment_status":"open","ping_status":"closed","template":"","meta":{"site-sidebar-layout":"default","site-content-layout":"","ast-site-content-layout":"default","site-content-style":"default","site-sidebar-style":"default","ast-global-header-display":"","ast-banner-title-visibility":"","ast-main-header-display":"","ast-hfb-above-header-display":"","ast-hfb-below-header-display":"","ast-hfb-mobile-header-display":"","site-post-title":"","ast-breadcrumbs-content":"","ast-featured-img":"","footer-sml-layout":"","theme-transparent-header-meta":"default","adv-header-id-meta":"","stick-header-meta":"","header-above-stick-meta":"","header-main-stick-meta":"","header-below-stick-meta":"","astra-migrate-meta-layouts":"set","ast-page-background-enabled":"default","ast-page-background-meta":{"desktop":{"background-color":"var(--ast-global-color-4)","background-image":"","background-repeat":"repeat","background-position":"center center","background-size":"auto","background-attachment":"scroll","background-type":"","background-media":"","overlay-type":"","overlay-color":"","overlay-opacity":"","overlay-gradient":""},"tablet":{"background-color":"","background-image":"","background-repeat":"repeat","background-position":"center center","background-size":"auto","background-attachment":"scroll","background-type":"","background-media":"","overlay-type":"","overlay-color":"","overlay-opacity":"","overlay-gradient":""},"mobile":{"background-color":"","background-image":"","background-repeat":"repeat","background-position":"center center","background-size":"auto","background-attachment":"scroll","background-type":"","background-media":"","overlay-type":"","overlay-color":"","overlay-opacity":"","overlay-gradient":""}},"ast-content-background-meta":{"desktop":{"background-color":"var(--ast-global-color-5)","background-image":"","background-repeat":"repeat","background-position":"center center","background-size":"auto","background-attachment":"scroll","background-type":"","background-media":"","overlay-type":"","overlay-color":"","overlay-opacity":"","overlay-gradient":""},"tablet":{"background-color":"var(--ast-global-color-5)","background-image":"","background-repeat":"repeat","background-position":"center center","background-size":"auto","background-attachment":"scroll","background-type":"","background-media":"","overlay-type":"","overlay-color":"","overlay-opacity":"","overlay-gradient":""},"mobile":{"background-color":"var(--ast-global-color-5)","background-image":"","background-repeat":"repeat","background-position":"center center","background-size":"auto","background-attachment":"scroll","background-type":"","background-media":"","overlay-type":"","overlay-color":"","overlay-opacity":"","overlay-gradient":""}}},"product_brand":[],"product_cat":[993],"product_tag":[],"class_list":{"0":"post-9189","1":"product","2":"type-product","3":"status-publish","4":"has-post-thumbnail","6":"product_cat-footwear-accessories","7":"desktop-align-left","8":"tablet-align-left","9":"mobile-align-left","11":"first","12":"instock","13":"shipping-taxable","14":"purchasable","15":"product-type-simple"},"_links":{"self":[{"href":"https:\/\/keluvo.com\/se\/wp-json\/wp\/v2\/product\/9189","targetHints":{"allow":["GET"]}}],"collection":[{"href":"https:\/\/keluvo.com\/se\/wp-json\/wp\/v2\/product"}],"about":[{"href":"https:\/\/keluvo.com\/se\/wp-json\/wp\/v2\/types\/product"}],"replies":[{"embeddable":true,"href":"https:\/\/keluvo.com\/se\/wp-json\/wp\/v2\/comments?post=9189"}],"wp:featuredmedia":[{"embeddable":true,"href":"https:\/\/keluvo.com\/se\/wp-json\/wp\/v2\/media\/9191"}],"wp:attachment":[{"href":"https:\/\/keluvo.com\/se\/wp-json\/wp\/v2\/media?parent=9189"}],"wp:term":[{"taxonomy":"product_brand","embeddable":true,"href":"https:\/\/keluvo.com\/se\/wp-json\/wp\/v2\/product_brand?post=9189"},{"taxonomy":"product_cat","embeddable":true,"href":"https:\/\/keluvo.com\/se\/wp-json\/wp\/v2\/product_cat?post=9189"},{"taxonomy":"product_tag","embeddable":true,"href":"https:\/\/keluvo.com\/se\/wp-json\/wp\/v2\/product_tag?post=9189"}],"curies":[{"name":"wp","href":"https:\/\/api.w.org\/{rel}","templated":true}]}}