{"id":9179,"date":"2025-04-12T11:40:56","date_gmt":"2025-04-12T09:40:56","guid":{"rendered":"https:\/\/keluvo.com\/se\/?post_type=product&#038;p=9179"},"modified":"2025-04-15T10:45:15","modified_gmt":"2025-04-15T08:45:15","slug":"solros-armatur","status":"publish","type":"product","link":"https:\/\/keluvo.com\/se\/product\/solros-armatur\/","title":{"rendered":"Solros &#8211; armatur"},"content":{"rendered":"<h2 style=\"text-align: center;\"><strong>Slitstark och v\u00e4derbest\u00e4ndig<\/strong><\/h2>\n<p style=\"text-align: center;\">Den t\u00e5liga konstruktionen i glas och ABS-plast g\u00f6r Sunflower Light bulb motst\u00e5ndskraftig mot m\u00e5nga olika v\u00e4derf\u00f6rh\u00e5llanden. Den \u00e4r v\u00e4derbest\u00e4ndig och IP65-skyddad, vilket g\u00f6r den idealisk f\u00f6r utomhusbruk \u00e5ret runt. Ljuset forts\u00e4tter att lysa starkt och skapar en underbar atmosf\u00e4r i din tr\u00e4dg\u00e5rd.<\/p>\n<p><img fetchpriority=\"high\" decoding=\"async\" class=\"size-full wp-image-13102 aligncenter\" src=\"https:\/\/keluvo.com\/lt\/wp-content\/uploads\/sites\/29\/2025\/04\/main-image-2-7.jpeg\" alt=\"\" width=\"900\" height=\"900\" \/><\/p>\n<h2><\/h2>\n<h2 style=\"text-align: center;\"><strong>Automatisk p\u00e5\/av-funktion<\/strong><\/h2>\n<p style=\"text-align: center;\">Solrosgl\u00f6dlampan t\u00e4nds automatiskt p\u00e5 natten och sl\u00e4cks under dagen. Efter att ha exponerats f\u00f6r solljus i 6-8 timmar \u00e4r den helt uppladdningsbar och kan fungera i 8-10 timmar. Denna praktiska funktion g\u00f6r att du inte beh\u00f6ver oroa dig f\u00f6r att manuellt s\u00e4tta p\u00e5 eller st\u00e4nga av den.<\/p>\n<p><img decoding=\"async\" class=\"size-full wp-image-13104 aligncenter\" src=\"https:\/\/keluvo.com\/lt\/wp-content\/uploads\/sites\/29\/2025\/04\/main-image-6-8.jpeg\" alt=\"\" width=\"900\" height=\"900\" \/><\/p>\n","protected":false},"excerpt":{"rendered":"<p>Slitstark och v\u00e4derbest\u00e4ndig Den t\u00e5liga konstruktionen i glas och ABS-plast g\u00f6r Sunflower Light bulb motst\u00e5ndskraftig mot m\u00e5nga olika v\u00e4derf\u00f6rh\u00e5llanden. Den [&hellip;]<\/p>\n","protected":false},"featured_media":9180,"comment_status":"open","ping_status":"closed","template":"","meta":{"site-sidebar-layout":"default","site-content-layout":"","ast-site-content-layout":"default","site-content-style":"default","site-sidebar-style":"default","ast-global-header-display":"","ast-banner-title-visibility":"","ast-main-header-display":"","ast-hfb-above-header-display":"","ast-hfb-below-header-display":"","ast-hfb-mobile-header-display":"","site-post-title":"","ast-breadcrumbs-content":"","ast-featured-img":"","footer-sml-layout":"","theme-transparent-header-meta":"default","adv-header-id-meta":"","stick-header-meta":"","header-above-stick-meta":"","header-main-stick-meta":"","header-below-stick-meta":"","astra-migrate-meta-layouts":"set","ast-page-background-enabled":"default","ast-page-background-meta":{"desktop":{"background-color":"var(--ast-global-color-4)","background-image":"","background-repeat":"repeat","background-position":"center center","background-size":"auto","background-attachment":"scroll","background-type":"","background-media":"","overlay-type":"","overlay-color":"","overlay-opacity":"","overlay-gradient":""},"tablet":{"background-color":"","background-image":"","background-repeat":"repeat","background-position":"center center","background-size":"auto","background-attachment":"scroll","background-type":"","background-media":"","overlay-type":"","overlay-color":"","overlay-opacity":"","overlay-gradient":""},"mobile":{"background-color":"","background-image":"","background-repeat":"repeat","background-position":"center center","background-size":"auto","background-attachment":"scroll","background-type":"","background-media":"","overlay-type":"","overlay-color":"","overlay-opacity":"","overlay-gradient":""}},"ast-content-background-meta":{"desktop":{"background-color":"var(--ast-global-color-5)","background-image":"","background-repeat":"repeat","background-position":"center center","background-size":"auto","background-attachment":"scroll","background-type":"","background-media":"","overlay-type":"","overlay-color":"","overlay-opacity":"","overlay-gradient":""},"tablet":{"background-color":"var(--ast-global-color-5)","background-image":"","background-repeat":"repeat","background-position":"center center","background-size":"auto","background-attachment":"scroll","background-type":"","background-media":"","overlay-type":"","overlay-color":"","overlay-opacity":"","overlay-gradient":""},"mobile":{"background-color":"var(--ast-global-color-5)","background-image":"","background-repeat":"repeat","background-position":"center center","background-size":"auto","background-attachment":"scroll","background-type":"","background-media":"","overlay-type":"","overlay-color":"","overlay-opacity":"","overlay-gradient":""}}},"product_brand":[],"product_cat":[1001],"product_tag":[],"class_list":{"0":"post-9179","1":"product","2":"type-product","3":"status-publish","4":"has-post-thumbnail","6":"product_cat-household-goods","7":"desktop-align-left","8":"tablet-align-left","9":"mobile-align-left","11":"first","12":"instock","13":"shipping-taxable","14":"purchasable","15":"product-type-simple"},"_links":{"self":[{"href":"https:\/\/keluvo.com\/se\/wp-json\/wp\/v2\/product\/9179","targetHints":{"allow":["GET"]}}],"collection":[{"href":"https:\/\/keluvo.com\/se\/wp-json\/wp\/v2\/product"}],"about":[{"href":"https:\/\/keluvo.com\/se\/wp-json\/wp\/v2\/types\/product"}],"replies":[{"embeddable":true,"href":"https:\/\/keluvo.com\/se\/wp-json\/wp\/v2\/comments?post=9179"}],"wp:featuredmedia":[{"embeddable":true,"href":"https:\/\/keluvo.com\/se\/wp-json\/wp\/v2\/media\/9180"}],"wp:attachment":[{"href":"https:\/\/keluvo.com\/se\/wp-json\/wp\/v2\/media?parent=9179"}],"wp:term":[{"taxonomy":"product_brand","embeddable":true,"href":"https:\/\/keluvo.com\/se\/wp-json\/wp\/v2\/product_brand?post=9179"},{"taxonomy":"product_cat","embeddable":true,"href":"https:\/\/keluvo.com\/se\/wp-json\/wp\/v2\/product_cat?post=9179"},{"taxonomy":"product_tag","embeddable":true,"href":"https:\/\/keluvo.com\/se\/wp-json\/wp\/v2\/product_tag?post=9179"}],"curies":[{"name":"wp","href":"https:\/\/api.w.org\/{rel}","templated":true}]}}