{"id":9149,"date":"2025-04-10T10:51:37","date_gmt":"2025-04-10T08:51:37","guid":{"rendered":"https:\/\/keluvo.com\/se\/product\/fotogentandare-i-koppar-2\/"},"modified":"2025-04-10T10:55:30","modified_gmt":"2025-04-10T08:55:30","slug":"fotogentandare-i-koppar","status":"publish","type":"product","link":"https:\/\/keluvo.com\/se\/product\/fotogentandare-i-koppar\/","title":{"rendered":"Fotogent\u00e4ndare i koppar"},"content":{"rendered":"<h2 style=\"text-align: center;\" data-start=\"81\" data-end=\"116\">\ud83d\udd70\ufe0f Vintage-inspirerad design<\/h2>\n<p class=\"\" style=\"text-align: center;\" data-start=\"117\" data-end=\"312\"><span class=\"relative -mx-px my-[-0.2rem] rounded px-px py-[0.2rem] transition-colors duration-100 ease-in-out\">V\u00e4lj en blandning av historia och stil med denna trench-t\u00e4ndare i antik stil.<\/span> <span class=\"relative -mx-px my-[-0.2rem] rounded px-px py-[0.2rem] transition-colors duration-100 ease-in-out\">Den genomskinliga br\u00e4nslekammaren ger inte bara en retroestetik utan g\u00f6r det ocks\u00e5 m\u00f6jligt att \u00f6vervaka br\u00e4nsleniv\u00e5erna, s\u00e5 att du aldrig blir \u00f6verraskad.<\/span> <span class=\"relative -mx-px my-[-0.2rem] rounded px-px py-[0.2rem] transition-colors duration-100 ease-in-out\">Den unika designen visar upp ett avtagbart ytterh\u00f6lje och en nitslipskiva som producerar enhetliga gnistor f\u00f6r tillf\u00f6rlitlig t\u00e4ndning.<\/span><\/p>\n<p data-start=\"117\" data-end=\"312\"><img decoding=\"async\" class=\"size-medium wp-image-13780 aligncenter\" src=\"https:\/\/keluvo.com\/template\/wp-content\/uploads\/sites\/5\/2025\/02\/lightervideo-ezgif.com-video-to-webp-converter.webp\" alt=\"\" \/><\/p>\n<h2 style=\"text-align: center;\" data-start=\"319\" data-end=\"355\">\ud83d\udd04 P\u00e5fyllningsbar &amp; milj\u00f6v\u00e4nlig<\/h2>\n<p class=\"\" style=\"text-align: center;\" data-start=\"356\" data-end=\"551\"><span class=\"relative -mx-px my-[-0.2rem] rounded px-px py-[0.2rem] transition-colors duration-100 ease-in-out\">Den h\u00e4r t\u00e4ndaren \u00e4r designad med h\u00e5llbarhet i \u00e5tanke och har en p\u00e5fyllningsbar fotogenkammare.<\/span> <span class=\"relative -mx-px my-[-0.2rem] rounded px-px py-[0.2rem] transition-colors duration-100 ease-in-out\">Vrid bara p\u00e5 bottenlocket f\u00f6r att komma \u00e5t oljep\u00e5fyllningen f\u00f6r enkel p\u00e5fyllning.<\/span> <span class=\"relative -mx-px my-[-0.2rem] rounded px-px py-[0.2rem] transition-colors duration-100 ease-in-out\">En integrerad gummikudde f\u00f6rhindrar effektivt l\u00e4ckage, vilket garanterar s\u00e4kerhet och l\u00e5ng livsl\u00e4ngd.<\/span> \u200b<\/p>\n<h2 style=\"text-align: center;\" data-start=\"558\" data-end=\"591\">\ud83d\udee1\ufe0f H\u00e5llbart hantverk<\/h2>\n<p class=\"\" style=\"text-align: center;\" data-start=\"592\" data-end=\"757\"><span class=\"relative -mx-px my-[-0.2rem] rounded px-px py-[0.2rem] transition-colors duration-100 ease-in-out\">Den h\u00e4r t\u00e4ndaren \u00e4r tillverkad av h\u00f6gkvalitativa koppar- och m\u00e4ssingsmaterial och ger en h\u00e5llbar och gedigen k\u00e4nsla.<\/span> <span class=\"relative -mx-px my-[-0.2rem] rounded px-px py-[0.2rem] transition-colors duration-100 ease-in-out\">Kugghjulsdesignen g\u00f6r det enkelt att anv\u00e4nda slipskivan, vilket garanterar en s\u00f6ml\u00f6s t\u00e4ndningsupplevelse.<\/span><\/p>\n<p><img decoding=\"async\" class=\"size-medium wp-image-13778 aligncenter\" src=\"https:\/\/keluvo.com\/template\/wp-content\/uploads\/sites\/5\/2025\/02\/118ca348-ad04-4fcd-be64-f26f5df597d2.webp\" alt=\"\" \/><\/p>\n<h2 style=\"text-align: center;\" data-start=\"764\" data-end=\"795\">\ud83d\udeb6 B\u00e4rbar bekv\u00e4mlighet<\/h2>\n<p class=\"\" style=\"text-align: center;\" data-start=\"796\" data-end=\"961\"><span class=\"relative -mx-px my-[-0.2rem] rounded px-px py-[0.2rem] transition-colors duration-100 ease-in-out\">Den kompakta storleken g\u00f6r den till en idealisk f\u00f6ljeslagare f\u00f6r olika aktiviteter.<\/span> <span class=\"relative -mx-px my-[-0.2rem] rounded px-px py-[0.2rem] transition-colors duration-100 ease-in-out\">Oavsett om du t\u00e4nder en cigarett, njuter av en pipa eller beh\u00f6ver en p\u00e5litlig l\u00e5ga under campingresor, passar den h\u00e4r t\u00e4ndaren enkelt i fickan eller pl\u00e5nboken.<\/span> \u200b<\/p>\n<p><img decoding=\"async\" class=\"size-medium wp-image-13777 aligncenter\" src=\"https:\/\/keluvo.com\/template\/wp-content\/uploads\/sites\/5\/2025\/02\/b0fafeb0-4d6c-4c3d-8efc-381481cf8a23.webp\" alt=\"\" \/><\/p>\n<h2 style=\"text-align: center;\" data-start=\"968\" data-end=\"996\">\ud83c\udf81 Perfekt presentval<\/h2>\n<p class=\"\" style=\"text-align: center;\" data-start=\"997\" data-end=\"1122\"><span class=\"relative -mx-px my-[-0.2rem] rounded px-px py-[0.2rem] transition-colors duration-100 ease-in-out\">Presenterad i en uts\u00f6kt presentf\u00f6rpackning fungerar denna vintage oljet\u00e4ndare som en tankev\u00e4ckande present till n\u00e4ra och k\u00e4ra vid tillf\u00e4llen som Alla hj\u00e4rtans dag, f\u00f6delsedagar, br\u00f6llop, fars dag, \u00e5rsdagar, Thanksgiving och jul.<\/span><\/p>\n<h2 style=\"text-align: center;\" data-start=\"1129\" data-end=\"1143\">\u2753 Vanliga fr\u00e5gor:<\/h2>\n<p class=\"\" style=\"text-align: center;\" data-start=\"1145\" data-end=\"1280\"><strong data-start=\"1145\" data-end=\"1192\">Vilken Typ Av Br\u00e4nsle Anv\u00e4nder Den H\u00e4r T\u00e4ndaren?<\/strong><br data-start=\"1192\" data-end=\"1195\" \/><span class=\"relative -mx-px my-[-0.2rem] rounded px-px py-[0.2rem] transition-colors duration-100 ease-in-out\">Denna t\u00e4ndare \u00e4r utformad f\u00f6r anv\u00e4ndning med standard fotogen eller t\u00e4ndv\u00e4tska. Observera att br\u00e4nsle inte ing\u00e5r p\u00e5 grund av fraktbest\u00e4mmelser.<\/span>\u200b<\/p>\n<p class=\"\" style=\"text-align: center;\" data-start=\"1282\" data-end=\"1405\"><strong data-start=\"1282\" data-end=\"1317\">Hur Fyller Jag P\u00e5 T\u00e4ndaren?<\/strong><br data-start=\"1317\" data-end=\"1320\" \/><span class=\"relative -mx-px my-[-0.2rem] rounded px-px py-[0.2rem] transition-colors duration-100 ease-in-out\">Vrid p\u00e5 bottenlocket f\u00f6r att komma \u00e5t oljep\u00e5fyllningen och fyll sedan f\u00f6rsiktigt p\u00e5 l\u00e4mpligt br\u00e4nsle. Se till att locket \u00e4r ordentligt fastsatt efter p\u00e5fyllning.<\/span>\u200b<\/p>\n<p class=\"\" style=\"text-align: center;\" data-start=\"1407\" data-end=\"1527\"><strong data-start=\"1407\" data-end=\"1439\">\u00c4r T\u00e4ndaren Vindt\u00e4t?<\/strong><br data-start=\"1439\" data-end=\"1442\" \/><span class=\"relative -mx-px my-[-0.2rem] rounded px-px py-[0.2rem] transition-colors duration-100 ease-in-out\">Ja, designen \u00e4r vindt\u00e4t, vilket g\u00f6r den l\u00e4mplig f\u00f6r utomhusaktiviteter och ogynnsamma v\u00e4derf\u00f6rh\u00e5llanden.<\/span><\/p>\n","protected":false},"excerpt":{"rendered":"<p>\ud83d\udd70\ufe0f Vintage-inspirerad design V\u00e4lj en blandning av historia och stil med denna trench-t\u00e4ndare i antik stil. Den genomskinliga br\u00e4nslekammaren ger [&hellip;]<\/p>\n","protected":false},"featured_media":9145,"comment_status":"open","ping_status":"closed","template":"","meta":{"site-sidebar-layout":"default","site-content-layout":"","ast-site-content-layout":"default","site-content-style":"default","site-sidebar-style":"default","ast-global-header-display":"","ast-banner-title-visibility":"","ast-main-header-display":"","ast-hfb-above-header-display":"","ast-hfb-below-header-display":"","ast-hfb-mobile-header-display":"","site-post-title":"","ast-breadcrumbs-content":"","ast-featured-img":"","footer-sml-layout":"","theme-transparent-header-meta":"default","adv-header-id-meta":"","stick-header-meta":"","header-above-stick-meta":"","header-main-stick-meta":"","header-below-stick-meta":"","astra-migrate-meta-layouts":"set","ast-page-background-enabled":"default","ast-page-background-meta":{"desktop":{"background-color":"var(--ast-global-color-4)","background-image":"","background-repeat":"repeat","background-position":"center center","background-size":"auto","background-attachment":"scroll","background-type":"","background-media":"","overlay-type":"","overlay-color":"","overlay-opacity":"","overlay-gradient":""},"tablet":{"background-color":"","background-image":"","background-repeat":"repeat","background-position":"center center","background-size":"auto","background-attachment":"scroll","background-type":"","background-media":"","overlay-type":"","overlay-color":"","overlay-opacity":"","overlay-gradient":""},"mobile":{"background-color":"","background-image":"","background-repeat":"repeat","background-position":"center center","background-size":"auto","background-attachment":"scroll","background-type":"","background-media":"","overlay-type":"","overlay-color":"","overlay-opacity":"","overlay-gradient":""}},"ast-content-background-meta":{"desktop":{"background-color":"var(--ast-global-color-5)","background-image":"","background-repeat":"repeat","background-position":"center center","background-size":"auto","background-attachment":"scroll","background-type":"","background-media":"","overlay-type":"","overlay-color":"","overlay-opacity":"","overlay-gradient":""},"tablet":{"background-color":"var(--ast-global-color-5)","background-image":"","background-repeat":"repeat","background-position":"center center","background-size":"auto","background-attachment":"scroll","background-type":"","background-media":"","overlay-type":"","overlay-color":"","overlay-opacity":"","overlay-gradient":""},"mobile":{"background-color":"var(--ast-global-color-5)","background-image":"","background-repeat":"repeat","background-position":"center center","background-size":"auto","background-attachment":"scroll","background-type":"","background-media":"","overlay-type":"","overlay-color":"","overlay-opacity":"","overlay-gradient":""}}},"product_brand":[],"product_cat":[1000],"product_tag":[],"class_list":{"0":"post-9149","1":"product","2":"type-product","3":"status-publish","4":"has-post-thumbnail","6":"product_cat-hiking-camping-and-leisure-goods","7":"pa_40536_gyn32e5l-guld","8":"pa_40536_gyn32e5l-silver","9":"desktop-align-left","10":"tablet-align-left","11":"mobile-align-left","13":"first","14":"instock","15":"shipping-taxable","16":"purchasable","17":"product-type-variable"},"_links":{"self":[{"href":"https:\/\/keluvo.com\/se\/wp-json\/wp\/v2\/product\/9149","targetHints":{"allow":["GET"]}}],"collection":[{"href":"https:\/\/keluvo.com\/se\/wp-json\/wp\/v2\/product"}],"about":[{"href":"https:\/\/keluvo.com\/se\/wp-json\/wp\/v2\/types\/product"}],"replies":[{"embeddable":true,"href":"https:\/\/keluvo.com\/se\/wp-json\/wp\/v2\/comments?post=9149"}],"wp:featuredmedia":[{"embeddable":true,"href":"https:\/\/keluvo.com\/se\/wp-json\/wp\/v2\/media\/9145"}],"wp:attachment":[{"href":"https:\/\/keluvo.com\/se\/wp-json\/wp\/v2\/media?parent=9149"}],"wp:term":[{"taxonomy":"product_brand","embeddable":true,"href":"https:\/\/keluvo.com\/se\/wp-json\/wp\/v2\/product_brand?post=9149"},{"taxonomy":"product_cat","embeddable":true,"href":"https:\/\/keluvo.com\/se\/wp-json\/wp\/v2\/product_cat?post=9149"},{"taxonomy":"product_tag","embeddable":true,"href":"https:\/\/keluvo.com\/se\/wp-json\/wp\/v2\/product_tag?post=9149"}],"curies":[{"name":"wp","href":"https:\/\/api.w.org\/{rel}","templated":true}]}}