{"id":9122,"date":"2025-04-09T14:03:05","date_gmt":"2025-04-09T12:03:05","guid":{"rendered":"https:\/\/keluvo.com\/se\/product\/grytfat-i-emalj-2\/"},"modified":"2025-04-09T14:13:17","modified_gmt":"2025-04-09T12:13:17","slug":"grytfat-i-emalj","status":"publish","type":"product","link":"https:\/\/keluvo.com\/se\/product\/grytfat-i-emalj\/","title":{"rendered":"Grytfat i emalj"},"content":{"rendered":"<p class=\"\" style=\"text-align: center;\" data-start=\"188\" data-end=\"588\">F\u00e5 varje m\u00e5ltid att k\u00e4nnas speciell med detta charmiga k\u00f6ksredskapsset. Det kompakta men m\u00e5ngsidiga setet \u00e4r perfekt f\u00f6r vardagliga soppor, nudlar och snabba r\u00e4tter. Varje kastrull har en unik blommig design som ger en f\u00e4rgklick till ditt k\u00f6k, medan den h\u00e5llbara konstruktionen och den l\u00e4ttrengjorda ytan g\u00f6r matlagningen lika rolig som att \u00e4ta. Perfekt f\u00f6r sm\u00e5 utrymmen och stora smakstunder. \ud83c\udf38\u2728<\/p>\n<h2 style=\"text-align: center;\"><img decoding=\"async\" class=\"alignnone size-medium wp-image-11079 aligncenter\" style=\"font-size: 16px; font-style: inherit; font-weight: inherit;\" src=\"https:\/\/keluvo.com\/template\/wp-content\/uploads\/sites\/5\/2025\/02\/S551efe93f8294f63b101594f0b7254a4e.jpg_960x960q75.jpg_.jpeg\" alt=\"\" \/><\/h2>\n<h2 style=\"text-align: center;\">Nyckelfunktioner:<\/h2>\n<ul data-start=\"1023\" data-end=\"1578\">\n<li class=\"\" data-start=\"1023\" data-end=\"1137\">\n<p class=\"\" data-start=\"1025\" data-end=\"1137\"><strong data-start=\"1025\" data-end=\"1055\">Kompakt &amp; B\u00e4rbar Design:<\/strong> <span class=\"relative -mx-px my-[-0.2rem] rounded-sm px-px py-[0.2rem]\">Perfekt f\u00f6r enskilda portioner eller sm\u00e5 sammankomster, vilket g\u00f6r det enkelt att laga och njuta av dina favoritr\u00e4tter n\u00e4r som helst.<\/span><\/p>\n<\/li>\n<li class=\"\" data-start=\"1139\" data-end=\"1253\">\n<p class=\"\" data-start=\"1141\" data-end=\"1253\"><strong data-start=\"1141\" data-end=\"1171\">M\u00e5ngsidiga Matlagningsalternativ:<\/strong> <span class=\"relative -mx-px my-[-0.2rem] rounded-sm px-px py-[0.2rem]\">Perfekt f\u00f6r att koka nudlar, g\u00f6ra snabba soppor eller fungera som en liten hot pot, vilket m\u00f6jligg\u00f6r o\u00e4ndlig kulinarisk kreativitet.<\/span>\u200b<\/p>\n<\/li>\n<li class=\"\" data-start=\"1255\" data-end=\"1364\">\n<p class=\"\" data-start=\"1257\" data-end=\"1364\"><strong data-start=\"1257\" data-end=\"1282\">H\u00e5llbar Konstruktion:<\/strong> <span class=\"relative -mx-px my-[-0.2rem] rounded-sm px-px py-[0.2rem]\">Tillverkad av h\u00f6gkvalitativa material f\u00f6r att s\u00e4kerst\u00e4lla l\u00e5ngvarig anv\u00e4ndning och motst\u00e5ndskraft mot h\u00f6ga temperaturer utan att vrida sig.<\/span>\u200b<\/p>\n<\/li>\n<li class=\"\" data-start=\"1366\" data-end=\"1471\">\n<p class=\"\" data-start=\"1368\" data-end=\"1471\"><strong data-start=\"1368\" data-end=\"1389\">Unik Estetik:<\/strong> <span class=\"relative -mx-px my-[-0.2rem] rounded-sm px-px py-[0.2rem]\">Varje kastrull har en slumpm\u00e4ssig, unik design som ger ett roligt och \u00f6verraskande inslag i din k\u00f6kssamling.<\/span>\u200b<\/p>\n<\/li>\n<li class=\"\" data-start=\"1473\" data-end=\"1578\">\n<p class=\"\" data-start=\"1475\" data-end=\"1578\"><strong data-start=\"1475\" data-end=\"1496\">Enkelt Underh\u00e5ll:<\/strong> <span class=\"relative -mx-px my-[-0.2rem] rounded-sm px-px py-[0.2rem]\">Sl\u00e4ta ytor m\u00f6jligg\u00f6r snabb och enkel reng\u00f6ring, vilket sparar tid och anstr\u00e4ngning i k\u00f6ket.<\/span>\u200b<\/p>\n<\/li>\n<\/ul>\n<p><img decoding=\"async\" class=\"alignnone size-medium wp-image-11070 aligncenter\" src=\"https:\/\/keluvo.com\/template\/wp-content\/uploads\/sites\/5\/2025\/02\/S11bab6023a004530af72286e59c5ce4fk.jpg_960x960q75.jpg_.jpeg\" alt=\"\" \/><\/p>\n<h2 style=\"text-align: center;\" data-start=\"2064\" data-end=\"2073\">Vanliga fr\u00e5gor:<\/h2>\n<ul>\n<li data-start=\"2075\" data-end=\"2135\"><strong data-start=\"2075\" data-end=\"2135\">\u00c4r detta k\u00f6ksredskapsset l\u00e4mpligt f\u00f6r induktionsh\u00e4llar?<\/strong><\/li>\n<\/ul>\n<p class=\"\" data-start=\"2137\" data-end=\"2222\"><span class=\"relative -mx-px my-[-0.2rem] rounded-sm px-px py-[0.2rem]\">Kontrollera produktspecifikationerna f\u00f6r att bekr\u00e4fta kompatibilitet med induktionsh\u00e4llar.<\/span>\u200b<\/p>\n<ul>\n<li data-start=\"2224\" data-end=\"2260\"><strong data-start=\"2224\" data-end=\"2260\">\u00c4r krukorna diskmaskinss\u00e4kra?<\/strong><\/li>\n<\/ul>\n<p class=\"\" data-start=\"2262\" data-end=\"2347\"><span class=\"relative -mx-px my-[-0.2rem] rounded-sm px-px py-[0.2rem]\">Den sl\u00e4ta ytan m\u00f6jligg\u00f6r enkel reng\u00f6ring. \u00c4ven om de kan handdiskas utan problem, se tillverkarens riktlinjer f\u00f6r anv\u00e4ndning av diskmaskin.<\/span>\u200b<\/p>\n<ul>\n<li data-start=\"2349\" data-end=\"2412\"><strong data-start=\"2349\" data-end=\"2412\">Vilka material anv\u00e4nds i konstruktionen av grytorna?<\/strong><\/li>\n<\/ul>\n<p class=\"\" data-start=\"2414\" data-end=\"2499\"><span class=\"relative -mx-px my-[-0.2rem] rounded-sm px-px py-[0.2rem]\">Grytorna \u00e4r tillverkade av h\u00f6gkvalitativa material som \u00e4r utformade f\u00f6r att motst\u00e5 h\u00f6ga temperaturer och s\u00e4kerst\u00e4lla h\u00e5llbarhet.<\/span>\u200b<\/p>\n<ul>\n<li data-start=\"2501\" data-end=\"2535\"><strong data-start=\"2501\" data-end=\"2535\">Kommer alla grytor med lock?<\/strong><\/li>\n<\/ul>\n<p class=\"\" data-start=\"2537\" data-end=\"2622\"><span class=\"relative -mx-px my-[-0.2rem] rounded-sm px-px py-[0.2rem]\">Se produktinformationen f\u00f6r att se om lock ing\u00e5r i varje gryta.<\/span>\u200b<\/p>\n<ul>\n<li data-start=\"2624\" data-end=\"2662\"><strong data-start=\"2624\" data-end=\"2662\">\u00c4r handtagen v\u00e4rmebest\u00e4ndiga?<\/strong><\/li>\n<\/ul>\n<p class=\"\" data-start=\"2664\" data-end=\"2749\"><span class=\"relative -mx-px my-[-0.2rem] rounded-sm px-px py-[0.2rem]\">De dubbla handtagen \u00e4r utformade f\u00f6r bekv\u00e4m hantering; det \u00e4r dock l\u00e4mpligt att anv\u00e4nda grytlappar eller ugnshandskar n\u00e4r du hanterar heta k\u00f6ksredskap.<\/span>\u200b<\/p>\n","protected":false},"excerpt":{"rendered":"<p>F\u00e5 varje m\u00e5ltid att k\u00e4nnas speciell med detta charmiga k\u00f6ksredskapsset. Det kompakta men m\u00e5ngsidiga setet \u00e4r perfekt f\u00f6r vardagliga soppor, [&hellip;]<\/p>\n","protected":false},"featured_media":9118,"comment_status":"open","ping_status":"closed","template":"","meta":{"site-sidebar-layout":"default","site-content-layout":"","ast-site-content-layout":"default","site-content-style":"default","site-sidebar-style":"default","ast-global-header-display":"","ast-banner-title-visibility":"","ast-main-header-display":"","ast-hfb-above-header-display":"","ast-hfb-below-header-display":"","ast-hfb-mobile-header-display":"","site-post-title":"","ast-breadcrumbs-content":"","ast-featured-img":"","footer-sml-layout":"","theme-transparent-header-meta":"default","adv-header-id-meta":"","stick-header-meta":"","header-above-stick-meta":"","header-main-stick-meta":"","header-below-stick-meta":"","astra-migrate-meta-layouts":"set","ast-page-background-enabled":"default","ast-page-background-meta":{"desktop":{"background-color":"var(--ast-global-color-4)","background-image":"","background-repeat":"repeat","background-position":"center center","background-size":"auto","background-attachment":"scroll","background-type":"","background-media":"","overlay-type":"","overlay-color":"","overlay-opacity":"","overlay-gradient":""},"tablet":{"background-color":"","background-image":"","background-repeat":"repeat","background-position":"center center","background-size":"auto","background-attachment":"scroll","background-type":"","background-media":"","overlay-type":"","overlay-color":"","overlay-opacity":"","overlay-gradient":""},"mobile":{"background-color":"","background-image":"","background-repeat":"repeat","background-position":"center center","background-size":"auto","background-attachment":"scroll","background-type":"","background-media":"","overlay-type":"","overlay-color":"","overlay-opacity":"","overlay-gradient":""}},"ast-content-background-meta":{"desktop":{"background-color":"var(--ast-global-color-5)","background-image":"","background-repeat":"repeat","background-position":"center center","background-size":"auto","background-attachment":"scroll","background-type":"","background-media":"","overlay-type":"","overlay-color":"","overlay-opacity":"","overlay-gradient":""},"tablet":{"background-color":"var(--ast-global-color-5)","background-image":"","background-repeat":"repeat","background-position":"center center","background-size":"auto","background-attachment":"scroll","background-type":"","background-media":"","overlay-type":"","overlay-color":"","overlay-opacity":"","overlay-gradient":""},"mobile":{"background-color":"var(--ast-global-color-5)","background-image":"","background-repeat":"repeat","background-position":"center center","background-size":"auto","background-attachment":"scroll","background-type":"","background-media":"","overlay-type":"","overlay-color":"","overlay-opacity":"","overlay-gradient":""}}},"product_brand":[],"product_cat":[1001],"product_tag":[],"class_list":{"0":"post-9122","1":"product","2":"type-product","3":"status-publish","4":"has-post-thumbnail","6":"product_cat-household-goods","7":"desktop-align-left","8":"tablet-align-left","9":"mobile-align-left","11":"first","12":"instock","13":"shipping-taxable","14":"purchasable","15":"product-type-simple"},"_links":{"self":[{"href":"https:\/\/keluvo.com\/se\/wp-json\/wp\/v2\/product\/9122","targetHints":{"allow":["GET"]}}],"collection":[{"href":"https:\/\/keluvo.com\/se\/wp-json\/wp\/v2\/product"}],"about":[{"href":"https:\/\/keluvo.com\/se\/wp-json\/wp\/v2\/types\/product"}],"replies":[{"embeddable":true,"href":"https:\/\/keluvo.com\/se\/wp-json\/wp\/v2\/comments?post=9122"}],"wp:featuredmedia":[{"embeddable":true,"href":"https:\/\/keluvo.com\/se\/wp-json\/wp\/v2\/media\/9118"}],"wp:attachment":[{"href":"https:\/\/keluvo.com\/se\/wp-json\/wp\/v2\/media?parent=9122"}],"wp:term":[{"taxonomy":"product_brand","embeddable":true,"href":"https:\/\/keluvo.com\/se\/wp-json\/wp\/v2\/product_brand?post=9122"},{"taxonomy":"product_cat","embeddable":true,"href":"https:\/\/keluvo.com\/se\/wp-json\/wp\/v2\/product_cat?post=9122"},{"taxonomy":"product_tag","embeddable":true,"href":"https:\/\/keluvo.com\/se\/wp-json\/wp\/v2\/product_tag?post=9122"}],"curies":[{"name":"wp","href":"https:\/\/api.w.org\/{rel}","templated":true}]}}