{"id":9114,"date":"2025-04-09T10:43:42","date_gmt":"2025-04-09T08:43:42","guid":{"rendered":"https:\/\/keluvo.com\/se\/product\/forvaringsstall-for-kranar-2\/"},"modified":"2025-04-09T10:48:24","modified_gmt":"2025-04-09T08:48:24","slug":"forvaringsstall-for-kranar","status":"publish","type":"product","link":"https:\/\/keluvo.com\/se\/product\/forvaringsstall-for-kranar\/","title":{"rendered":"F\u00f6rvaringsst\u00e4ll f\u00f6r kranar"},"content":{"rendered":"<p style=\"text-align: center;\"><strong>F\u00f6rvaringsst\u00e4llet Faucet<\/strong> &#8211; en elegant och praktisk l\u00f6sning f\u00f6r att h\u00e5lla dina k\u00f6ks- eller badrumsartiklar organiserade och inom r\u00e4ckh\u00e5ll.<\/p>\n<p><img decoding=\"async\" class=\"size-medium wp-image-13667 aligncenter\" src=\"https:\/\/keluvo.com\/template\/wp-content\/uploads\/sites\/5\/2025\/02\/Faucetstoragerackvideo-ezgif.com-gif-to-webp-converter.webp\" alt=\"\" \/><\/p>\n<h2 style=\"text-align: center;\" data-start=\"128\" data-end=\"152\">\ud83c\udfc6 Viktiga egenskaper:<\/h2>\n<ul data-start=\"154\" data-end=\"610\">\n<li class=\"\" data-start=\"154\" data-end=\"279\">\n<p class=\"\" data-start=\"156\" data-end=\"279\"><strong data-start=\"156\" data-end=\"197\">Konstruktion I H\u00f6gkvalitativt Rostfritt St\u00e5l:<\/strong> <span class=\"relative -mx-px my-[-0.2rem] rounded-sm px-px py-[0.2rem]\">Detta st\u00e4ll \u00e4r tillverkat av h\u00f6gkvalitativt rostfritt st\u00e5l och \u00e4r rostfritt, h\u00e5llbart och motst\u00e5ndskraftigt mot deformation, vilket garanterar l\u00e5ngvarig anv\u00e4ndning.<\/span>\u200b<\/p>\n<\/li>\n<li class=\"\" data-start=\"281\" data-end=\"383\">\n<p class=\"\" data-start=\"283\" data-end=\"383\"><strong data-start=\"283\" data-end=\"301\">2-I-1 Design:<\/strong> <span class=\"relative -mx-px my-[-0.2rem] rounded-sm px-px py-[0.2rem]\">Utrustad med en l\u00f6stagbar h\u00e5llare och krok, h\u00e5ller den bekv\u00e4mt svampar, skrubbar, skurplattor och mer, och h\u00e5ller dem upph\u00f6jda och torra.<\/span>\u200b<\/p>\n<\/li>\n<li class=\"\" data-start=\"385\" data-end=\"495\">\n<p class=\"\" data-start=\"387\" data-end=\"495\"><strong data-start=\"387\" data-end=\"413\">Fastsp\u00e4nningsinstallation:<\/strong> <span class=\"relative -mx-px my-[-0.2rem] rounded-sm px-px py-[0.2rem]\">Den anv\u00e4ndarv\u00e4nliga clip-on-designen g\u00f6r att den enkelt kan f\u00e4stas p\u00e5 kranar med en diameter p\u00e5 mellan 18 mm och 25 mm, utan behov av verktyg eller borrning.<\/span>\u200b<\/p>\n<\/li>\n<li class=\"\" data-start=\"497\" data-end=\"610\">\n<p class=\"\" data-start=\"499\" data-end=\"610\"><strong data-start=\"499\" data-end=\"526\">Utrymmesbesparande Organisat\u00f6r:<\/strong> <span class=\"relative -mx-px my-[-0.2rem] rounded-sm px-px py-[0.2rem]\">Den \u00e4r idealisk f\u00f6r k\u00f6k och badrum och g\u00f6r diskb\u00e4nksomr\u00e5det mer \u00f6versk\u00e5dligt genom att tillhandah\u00e5lla en s\u00e4rskild plats f\u00f6r reng\u00f6ringsredskap, vilket f\u00f6rb\u00e4ttrar b\u00e5de organisation och estetik.<\/span><\/p>\n<\/li>\n<\/ul>\n<p class=\"\" data-start=\"499\" data-end=\"610\"><span class=\"relative -mx-px my-[-0.2rem] rounded-sm px-px py-[0.2rem]\"><img decoding=\"async\" class=\"size-medium wp-image-13669 aligncenter\" src=\"https:\/\/keluvo.com\/template\/wp-content\/uploads\/sites\/5\/2025\/02\/b9af2df1-f706-4b63-8a3a-4fb28f2072b3.webp\" alt=\"\" \/><\/span>\u200b<\/p>\n<h2 style=\"text-align: center;\" data-start=\"617\" data-end=\"663\">\ud83d\udca1 Varf\u00f6r v\u00e4lja kranf\u00f6rvaringsst\u00e4llet?<\/h2>\n<p class=\"\" style=\"text-align: center;\" data-start=\"665\" data-end=\"750\"><span class=\"relative -mx-px my-[-0.2rem] rounded-sm px-px py-[0.2rem]\">Detta innovativa st\u00e4ll organiserar inte bara ditt diskb\u00e4nksomr\u00e5de utan ger ocks\u00e5 en touch av modern elegans till ditt utrymme. Dess enkla installation och m\u00e5ngsidiga design g\u00f6r det till ett m\u00e5ste f\u00f6r att uppr\u00e4tth\u00e5lla en snygg och effektiv milj\u00f6.<\/span><\/p>\n<p style=\"text-align: center;\"><img decoding=\"async\" class=\"alignnone size-medium wp-image-11159 aligncenter\" style=\"font-size: 16px; font-style: inherit; font-weight: inherit;\" src=\"https:\/\/keluvo.com\/template\/wp-content\/uploads\/sites\/5\/2025\/02\/Sc5229d693e11482ca744dfa8c0f2b651m.jpg_960x960q75.jpg_.jpeg\" alt=\"\" \/><\/p>\n<h2 style=\"text-align: center;\" data-start=\"757\" data-end=\"772\">\u2753 <strong data-start=\"763\" data-end=\"772\">Vanliga Fr\u00e5gor:<\/strong><\/h2>\n<ul>\n<li style=\"list-style-type: none;\">\n<ul>\n<li data-start=\"774\" data-end=\"898\"><strong data-start=\"774\" data-end=\"810\">Kommer Det H\u00e4r St\u00e4llet Att Passa Min Kran?<\/strong><br data-start=\"810\" data-end=\"813\" \/><span class=\"relative -mx-px my-[-0.2rem] rounded-sm px-px py-[0.2rem]\">St\u00e4llet \u00e4r utformat f\u00f6r att passa runda kranar med diametrar fr\u00e5n 18 mm till 25 mm.<\/span>\u200b<\/li>\n<li data-start=\"900\" data-end=\"1035\"><strong data-start=\"900\" data-end=\"947\">\u00c4r Installationsprocessen Komplicerad?<\/strong><br data-start=\"947\" data-end=\"950\" \/><span class=\"relative -mx-px my-[-0.2rem] rounded-sm px-px py-[0.2rem]\">Inte alls! Den kl\u00e4mbara designen m\u00f6jligg\u00f6r snabb och verktygsfri installation.<\/span>\u200b<\/li>\n<li data-start=\"1037\" data-end=\"1158\"><strong data-start=\"1037\" data-end=\"1070\">Kan Det H\u00e5lla Tyngre F\u00f6rem\u00e5l?<\/strong><br data-start=\"1070\" data-end=\"1073\" \/><span class=\"relative -mx-px my-[-0.2rem] rounded-sm px-px py-[0.2rem]\">\u00c4ven om det \u00e4r perfekt f\u00f6r svampar och skrubber, \u00e4r det l\u00e4mpligt att undvika att placera alltf\u00f6r tunga f\u00f6rem\u00e5l f\u00f6r att bibeh\u00e5lla stabiliteten.<\/span><\/li>\n<\/ul>\n<\/li>\n<\/ul>\n","protected":false},"excerpt":{"rendered":"<p>F\u00f6rvaringsst\u00e4llet Faucet &#8211; en elegant och praktisk l\u00f6sning f\u00f6r att h\u00e5lla dina k\u00f6ks- eller badrumsartiklar organiserade och inom r\u00e4ckh\u00e5ll. \ud83c\udfc6 [&hellip;]<\/p>\n","protected":false},"featured_media":9109,"comment_status":"open","ping_status":"closed","template":"","meta":{"site-sidebar-layout":"default","site-content-layout":"","ast-site-content-layout":"default","site-content-style":"default","site-sidebar-style":"default","ast-global-header-display":"","ast-banner-title-visibility":"","ast-main-header-display":"","ast-hfb-above-header-display":"","ast-hfb-below-header-display":"","ast-hfb-mobile-header-display":"","site-post-title":"","ast-breadcrumbs-content":"","ast-featured-img":"","footer-sml-layout":"","theme-transparent-header-meta":"default","adv-header-id-meta":"","stick-header-meta":"","header-above-stick-meta":"","header-main-stick-meta":"","header-below-stick-meta":"","astra-migrate-meta-layouts":"set","ast-page-background-enabled":"default","ast-page-background-meta":{"desktop":{"background-color":"var(--ast-global-color-4)","background-image":"","background-repeat":"repeat","background-position":"center center","background-size":"auto","background-attachment":"scroll","background-type":"","background-media":"","overlay-type":"","overlay-color":"","overlay-opacity":"","overlay-gradient":""},"tablet":{"background-color":"","background-image":"","background-repeat":"repeat","background-position":"center center","background-size":"auto","background-attachment":"scroll","background-type":"","background-media":"","overlay-type":"","overlay-color":"","overlay-opacity":"","overlay-gradient":""},"mobile":{"background-color":"","background-image":"","background-repeat":"repeat","background-position":"center center","background-size":"auto","background-attachment":"scroll","background-type":"","background-media":"","overlay-type":"","overlay-color":"","overlay-opacity":"","overlay-gradient":""}},"ast-content-background-meta":{"desktop":{"background-color":"var(--ast-global-color-5)","background-image":"","background-repeat":"repeat","background-position":"center center","background-size":"auto","background-attachment":"scroll","background-type":"","background-media":"","overlay-type":"","overlay-color":"","overlay-opacity":"","overlay-gradient":""},"tablet":{"background-color":"var(--ast-global-color-5)","background-image":"","background-repeat":"repeat","background-position":"center center","background-size":"auto","background-attachment":"scroll","background-type":"","background-media":"","overlay-type":"","overlay-color":"","overlay-opacity":"","overlay-gradient":""},"mobile":{"background-color":"var(--ast-global-color-5)","background-image":"","background-repeat":"repeat","background-position":"center center","background-size":"auto","background-attachment":"scroll","background-type":"","background-media":"","overlay-type":"","overlay-color":"","overlay-opacity":"","overlay-gradient":""}}},"product_brand":[],"product_cat":[993],"product_tag":[],"class_list":{"0":"post-9114","1":"product","2":"type-product","3":"status-publish","4":"has-post-thumbnail","6":"product_cat-footwear-accessories","7":"desktop-align-left","8":"tablet-align-left","9":"mobile-align-left","11":"first","12":"instock","13":"shipping-taxable","14":"purchasable","15":"product-type-simple"},"_links":{"self":[{"href":"https:\/\/keluvo.com\/se\/wp-json\/wp\/v2\/product\/9114","targetHints":{"allow":["GET"]}}],"collection":[{"href":"https:\/\/keluvo.com\/se\/wp-json\/wp\/v2\/product"}],"about":[{"href":"https:\/\/keluvo.com\/se\/wp-json\/wp\/v2\/types\/product"}],"replies":[{"embeddable":true,"href":"https:\/\/keluvo.com\/se\/wp-json\/wp\/v2\/comments?post=9114"}],"wp:featuredmedia":[{"embeddable":true,"href":"https:\/\/keluvo.com\/se\/wp-json\/wp\/v2\/media\/9109"}],"wp:attachment":[{"href":"https:\/\/keluvo.com\/se\/wp-json\/wp\/v2\/media?parent=9114"}],"wp:term":[{"taxonomy":"product_brand","embeddable":true,"href":"https:\/\/keluvo.com\/se\/wp-json\/wp\/v2\/product_brand?post=9114"},{"taxonomy":"product_cat","embeddable":true,"href":"https:\/\/keluvo.com\/se\/wp-json\/wp\/v2\/product_cat?post=9114"},{"taxonomy":"product_tag","embeddable":true,"href":"https:\/\/keluvo.com\/se\/wp-json\/wp\/v2\/product_tag?post=9114"}],"curies":[{"name":"wp","href":"https:\/\/api.w.org\/{rel}","templated":true}]}}