{"id":9104,"date":"2025-04-09T10:31:46","date_gmt":"2025-04-09T08:31:46","guid":{"rendered":"https:\/\/keluvo.com\/se\/product\/runda-orhangen-2\/"},"modified":"2025-04-09T10:35:58","modified_gmt":"2025-04-09T08:35:58","slug":"runda-orhangen","status":"publish","type":"product","link":"https:\/\/keluvo.com\/se\/product\/runda-orhangen\/","title":{"rendered":"Runda \u00f6rh\u00e4ngen"},"content":{"rendered":"<p style=\"text-align: center;\"><span class=\"relative -mx-px my-[-0.2rem] rounded-sm px-px py-[0.2rem]\">F\u00f6rh\u00f6j din smyckeskollektion med v\u00e5ra <strong data-start=\"41\" data-end=\"64\">Round hoop-\u00f6rh\u00e4ngen<\/strong>, en harmonisk blandning av klassisk elegans och modern design.<\/span><\/p>\n<p style=\"text-align: center;\"><img decoding=\"async\" class=\"alignnone size-medium wp-image-13671\" src=\"https:\/\/keluvo.com\/template\/wp-content\/uploads\/sites\/5\/2025\/02\/roundhoopearrings-ezgif.com-gif-to-webp-converter.webp\" alt=\"\" \/>\u200b<\/p>\n<h2 style=\"text-align: center;\" data-start=\"95\" data-end=\"124\">\u2728 Produkth\u00f6jdpunkter:<\/h2>\n<ul data-start=\"126\" data-end=\"585\">\n<li class=\"\" data-start=\"126\" data-end=\"245\">\n<p class=\"\" data-start=\"128\" data-end=\"245\"><strong data-start=\"128\" data-end=\"163\">Innovativ Multi-Cirkel Design:<\/strong> <span class=\"relative -mx-px my-[-0.2rem] rounded-sm px-px py-[0.2rem]\">Med sammankopplade cirklar erbjuder dessa \u00f6rh\u00e4ngen en unik twist p\u00e5 den traditionella creolen, vilket g\u00f6r att du sticker ut varje g\u00e5ng du b\u00e4r dem.<\/span>\u200b<\/p>\n<\/li>\n<li class=\"\" data-start=\"247\" data-end=\"362\">\n<p class=\"\" data-start=\"249\" data-end=\"362\"><strong data-start=\"249\" data-end=\"280\">Premium Legeringskonstruktion:<\/strong> <span class=\"relative -mx-px my-[-0.2rem] rounded-sm px-px py-[0.2rem]\">Dessa \u00f6rh\u00e4ngen \u00e4r tillverkade av h\u00f6gkvalitativ legering och \u00e4r b\u00e5de h\u00e5llbara och l\u00e4tta, vilket ger komfort f\u00f6r hela dagen eller hela natten.<\/span>\u200b<\/p>\n<\/li>\n<li class=\"\" data-start=\"364\" data-end=\"472\">\n<p class=\"\" data-start=\"366\" data-end=\"472\"><strong data-start=\"366\" data-end=\"390\">M\u00e5ngsidig Accessoar:<\/strong> <span class=\"relative -mx-px my-[-0.2rem] rounded-sm px-px py-[0.2rem]\">Dessa creoler kompletterar b\u00e5de avslappnade ensembler och formell kl\u00e4dsel och \u00e4r perfekta f\u00f6r alla tillf\u00e4llen.<\/span>\u200b<\/p>\n<\/li>\n<li class=\"\" data-start=\"474\" data-end=\"585\">\n<p class=\"\" data-start=\"476\" data-end=\"585\"><strong data-start=\"476\" data-end=\"503\">Genomt\u00e4nkt Presentval:<\/strong> <span class=\"relative -mx-px my-[-0.2rem] rounded-sm px-px py-[0.2rem]\">En idealisk present f\u00f6r kvinnor i alla \u00e5ldrar, l\u00e4mplig f\u00f6r mors dag, jul, examen, br\u00f6llop, proms, fester och mer.<\/span><\/p>\n<\/li>\n<\/ul>\n<h2 style=\"text-align: center;\"><\/h2>\n<h2 style=\"text-align: center;\"><img decoding=\"async\" class=\"alignnone size-medium wp-image-11458 aligncenter\" style=\"font-size: 16px; font-style: inherit; font-weight: inherit;\" src=\"https:\/\/keluvo.com\/template\/wp-content\/uploads\/sites\/5\/2025\/02\/See6b4726797746259a987960ea47cd1bX.jpeg\" alt=\"\" \/><\/h2>\n<h2 style=\"text-align: center;\">\ud83d\udca1 Varf\u00f6r V\u00e4lja V\u00e5ra Runda \u00d6rh\u00e4ngen?<\/h2>\n<p class=\"\" style=\"text-align: center;\" data-start=\"640\" data-end=\"725\"><span class=\"relative -mx-px my-[-0.2rem] rounded-sm px-px py-[0.2rem]\">Dessa \u00f6rh\u00e4ngen f\u00f6rb\u00e4ttrar inte bara din outfit utan \u00e5terspeglar ocks\u00e5 en skarp k\u00e4nsla f\u00f6r stil och individualitet. Deras distinkta design och bekv\u00e4ma passform g\u00f6r dem till ett bastillbeh\u00f6r som du kommer att ta fram g\u00e5ng p\u00e5 g\u00e5ng.<\/span><\/p>\n<h2 style=\"text-align: center;\"><img decoding=\"async\" class=\"alignnone size-medium wp-image-11454 aligncenter\" style=\"font-size: 16px; font-style: inherit; font-weight: inherit;\" src=\"https:\/\/keluvo.com\/template\/wp-content\/uploads\/sites\/5\/2025\/02\/S8b40a378afb34a0bb847c60c7fdadc6ec.jpeg\" alt=\"\" \/><\/h2>\n<h2 style=\"text-align: center;\" data-start=\"732\" data-end=\"747\">\u2753 Vanliga Fr\u00e5gor:<\/h2>\n<ul>\n<li data-start=\"749\" data-end=\"891\"><strong data-start=\"749\" data-end=\"803\">\u00c4r Dessa \u00d6rh\u00e4ngen L\u00e4mpliga F\u00f6r K\u00e4nsliga \u00d6ron?<\/strong><br data-start=\"803\" data-end=\"806\" \/><span class=\"relative -mx-px my-[-0.2rem] rounded-sm px-px py-[0.2rem]\">Ja, de \u00e4r tillverkade av allergiv\u00e4nlig legering och \u00e4r skonsamma mot k\u00e4nslig hud.<\/span>\u200b<\/li>\n<li data-start=\"893\" data-end=\"1028\"><strong data-start=\"893\" data-end=\"940\">Vilka \u00c4r \u00d6rh\u00e4ngenas M\u00e5tt?<\/strong><br data-start=\"940\" data-end=\"943\" \/><span class=\"relative -mx-px my-[-0.2rem] rounded-sm px-px py-[0.2rem]\">\u00d6rh\u00e4ngena har en medelstor ring, utformad f\u00f6r att vara m\u00e4rkbar men \u00e4nd\u00e5 elegant.<\/span>\u200b<\/li>\n<li data-start=\"1030\" data-end=\"1162\"><strong data-start=\"1030\" data-end=\"1074\">Hur Ska Jag Ta Hand Om Dessa \u00d6rh\u00e4ngen?<\/strong><br data-start=\"1074\" data-end=\"1077\" \/><span class=\"relative -mx-px my-[-0.2rem] rounded-sm px-px py-[0.2rem]\">F\u00f6r att bibeh\u00e5lla glansen, f\u00f6rvara dem p\u00e5 en torr plats och undvik direktkontakt med vatten eller kemikalier.<\/span><\/li>\n<\/ul>\n<p class=\"\" data-start=\"640\" data-end=\"725\">\u200b<\/p>\n","protected":false},"excerpt":{"rendered":"<p>F\u00f6rh\u00f6j din smyckeskollektion med v\u00e5ra Round hoop-\u00f6rh\u00e4ngen, en harmonisk blandning av klassisk elegans och modern design. \u200b \u2728 Produkth\u00f6jdpunkter: Innovativ [&hellip;]<\/p>\n","protected":false},"featured_media":9100,"comment_status":"open","ping_status":"closed","template":"","meta":{"site-sidebar-layout":"default","site-content-layout":"","ast-site-content-layout":"default","site-content-style":"default","site-sidebar-style":"default","ast-global-header-display":"","ast-banner-title-visibility":"","ast-main-header-display":"","ast-hfb-above-header-display":"","ast-hfb-below-header-display":"","ast-hfb-mobile-header-display":"","site-post-title":"","ast-breadcrumbs-content":"","ast-featured-img":"","footer-sml-layout":"","theme-transparent-header-meta":"default","adv-header-id-meta":"","stick-header-meta":"","header-above-stick-meta":"","header-main-stick-meta":"","header-below-stick-meta":"","astra-migrate-meta-layouts":"set","ast-page-background-enabled":"default","ast-page-background-meta":{"desktop":{"background-color":"var(--ast-global-color-4)","background-image":"","background-repeat":"repeat","background-position":"center center","background-size":"auto","background-attachment":"scroll","background-type":"","background-media":"","overlay-type":"","overlay-color":"","overlay-opacity":"","overlay-gradient":""},"tablet":{"background-color":"","background-image":"","background-repeat":"repeat","background-position":"center center","background-size":"auto","background-attachment":"scroll","background-type":"","background-media":"","overlay-type":"","overlay-color":"","overlay-opacity":"","overlay-gradient":""},"mobile":{"background-color":"","background-image":"","background-repeat":"repeat","background-position":"center center","background-size":"auto","background-attachment":"scroll","background-type":"","background-media":"","overlay-type":"","overlay-color":"","overlay-opacity":"","overlay-gradient":""}},"ast-content-background-meta":{"desktop":{"background-color":"var(--ast-global-color-5)","background-image":"","background-repeat":"repeat","background-position":"center center","background-size":"auto","background-attachment":"scroll","background-type":"","background-media":"","overlay-type":"","overlay-color":"","overlay-opacity":"","overlay-gradient":""},"tablet":{"background-color":"var(--ast-global-color-5)","background-image":"","background-repeat":"repeat","background-position":"center center","background-size":"auto","background-attachment":"scroll","background-type":"","background-media":"","overlay-type":"","overlay-color":"","overlay-opacity":"","overlay-gradient":""},"mobile":{"background-color":"var(--ast-global-color-5)","background-image":"","background-repeat":"repeat","background-position":"center center","background-size":"auto","background-attachment":"scroll","background-type":"","background-media":"","overlay-type":"","overlay-color":"","overlay-opacity":"","overlay-gradient":""}}},"product_brand":[],"product_cat":[993],"product_tag":[],"class_list":{"0":"post-9104","1":"product","2":"type-product","3":"status-publish","4":"has-post-thumbnail","6":"product_cat-footwear-accessories","7":"pa_38803_q18hvepf-guld","8":"pa_38803_q18hvepf-silver","9":"desktop-align-left","10":"tablet-align-left","11":"mobile-align-left","13":"first","14":"instock","15":"shipping-taxable","16":"purchasable","17":"product-type-variable"},"_links":{"self":[{"href":"https:\/\/keluvo.com\/se\/wp-json\/wp\/v2\/product\/9104","targetHints":{"allow":["GET"]}}],"collection":[{"href":"https:\/\/keluvo.com\/se\/wp-json\/wp\/v2\/product"}],"about":[{"href":"https:\/\/keluvo.com\/se\/wp-json\/wp\/v2\/types\/product"}],"replies":[{"embeddable":true,"href":"https:\/\/keluvo.com\/se\/wp-json\/wp\/v2\/comments?post=9104"}],"wp:featuredmedia":[{"embeddable":true,"href":"https:\/\/keluvo.com\/se\/wp-json\/wp\/v2\/media\/9100"}],"wp:attachment":[{"href":"https:\/\/keluvo.com\/se\/wp-json\/wp\/v2\/media?parent=9104"}],"wp:term":[{"taxonomy":"product_brand","embeddable":true,"href":"https:\/\/keluvo.com\/se\/wp-json\/wp\/v2\/product_brand?post=9104"},{"taxonomy":"product_cat","embeddable":true,"href":"https:\/\/keluvo.com\/se\/wp-json\/wp\/v2\/product_cat?post=9104"},{"taxonomy":"product_tag","embeddable":true,"href":"https:\/\/keluvo.com\/se\/wp-json\/wp\/v2\/product_tag?post=9104"}],"curies":[{"name":"wp","href":"https:\/\/api.w.org\/{rel}","templated":true}]}}