{"id":9079,"date":"2025-04-08T18:52:46","date_gmt":"2025-04-08T16:52:46","guid":{"rendered":"https:\/\/keluvo.com\/se\/product\/gronsaksskarare-2\/"},"modified":"2025-09-22T20:02:14","modified_gmt":"2025-09-22T17:02:14","slug":"gronsaksskarare","status":"publish","type":"product","link":"https:\/\/keluvo.com\/se\/product\/gronsaksskarare\/","title":{"rendered":"Gr\u00f6nsakssk\u00e4rare"},"content":{"rendered":"<h2 style=\"text-align: center;\" data-start=\"94\" data-end=\"133\">\ud83c\udf7d\ufe0f <strong data-start=\"102\" data-end=\"133\">Multifunktionell Bekv\u00e4mlighet<\/strong><\/h2>\n<p class=\"\" style=\"text-align: center;\" data-start=\"134\" data-end=\"215\"><span class=\"relative -mx-px my-[-0.2rem] rounded-sm px-px py-[0.2rem]\">Detta m\u00e5ngsidiga k\u00f6ksverktyg kombinerar fyra viktiga funktioner som att sk\u00e4ra, hacka, skala och reng\u00f6ra i en kompakt enhet. F\u00f6rbered enkelt en m\u00e4ngd olika ingredienser och spara tid och anstr\u00e4ngning i k\u00f6ket.<\/span><\/p>\n<p class=\"\" style=\"text-align: center;\" data-start=\"134\" data-end=\"215\"><img decoding=\"async\" class=\"alignnone size-medium wp-image-13551\" src=\"https:\/\/keluvo.com\/template\/wp-content\/uploads\/sites\/5\/2025\/01\/Vegetablecuttervideo-ezgif.com-gif-to-webp-converter.webp\" alt=\"\" \/>\u200b<\/p>\n<h2 style=\"text-align: center;\" data-start=\"222\" data-end=\"264\">\ud83d\udd73\ufe0f <strong data-start=\"230\" data-end=\"264\">Innovativ Design Av P\u00e5fyllningsh\u00e5l<\/strong><\/h2>\n<p class=\"\" style=\"text-align: center;\" data-start=\"265\" data-end=\"346\"><span class=\"relative -mx-px my-[-0.2rem] rounded-sm px-px py-[0.2rem]\">Den unika \u00f6ppna matningsporten g\u00f6r att du kan l\u00e4gga i hela ingredienser direkt utan att beh\u00f6va sk\u00e4ra dem i f\u00f6rv\u00e4g. L\u00e5nga f\u00f6rem\u00e5l som paprika, cowpeas och yams kan s\u00e4ttas in s\u00f6ml\u00f6st, vilket effektiviserar din matlagningsprocess.<\/span><\/p>\n<h2 style=\"text-align: center;\"><img decoding=\"async\" class=\"alignnone size-medium wp-image-9248 aligncenter\" style=\"font-size: 16px; font-style: inherit; font-weight: inherit;\" src=\"https:\/\/keluvo.com\/template\/wp-content\/uploads\/sites\/5\/2025\/01\/Sd3a1c706dacd4f82aad9c1711d587859f.jpg_960x960q75.jpg_.jpeg\" alt=\"\" \/><\/h2>\n<h2 style=\"text-align: center;\" data-start=\"353\" data-end=\"391\">\ud83d\udd90\ufe0f <strong data-start=\"361\" data-end=\"391\">Ergonomiskt Bekv\u00e4mt Grepp<\/strong><\/h2>\n<p class=\"\" style=\"text-align: center;\" data-start=\"392\" data-end=\"473\"><span class=\"relative -mx-px my-[-0.2rem] rounded-sm px-px py-[0.2rem]\">Designat med anv\u00e4ndarkomfort i \u00e5tanke, det ergonomiska handtaget minskar handtr\u00f6tthet, vilket g\u00f6r l\u00e5ngvarig anv\u00e4ndning bekv\u00e4mare j\u00e4mf\u00f6rt med traditionella vitl\u00f6kspressar.<\/span><\/p>\n<h2 style=\"text-align: center;\"><img decoding=\"async\" class=\"alignnone size-medium wp-image-9249 aligncenter\" style=\"font-size: 16px; font-style: inherit; font-weight: inherit;\" src=\"https:\/\/keluvo.com\/template\/wp-content\/uploads\/sites\/5\/2025\/01\/S9ab03429b3844369a886182e207e6eddj.jpg_960x960q75.jpg_.jpeg\" alt=\"\" \/><\/h2>\n<h2 style=\"text-align: center;\" data-start=\"480\" data-end=\"512\">\ud83e\uddfc <strong data-start=\"487\" data-end=\"512\">Enkel Reng\u00f6ring Med En Knapptryckning<\/strong><\/h2>\n<p class=\"\" style=\"text-align: center;\" data-start=\"513\" data-end=\"594\"><span class=\"relative -mx-px my-[-0.2rem] rounded-sm px-px py-[0.2rem]\">Reng\u00f6ring \u00e4r en bris med reng\u00f6ringsfunktionen med en knapptryckning. Tills\u00e4tt bara reng\u00f6ringsmedel i matningsh\u00e5let, tryck p\u00e5 knappen och sk\u00f6lj med rinnande vatten f\u00f6r en fl\u00e4ckfri enhet p\u00e5 n\u00e5gra sekunder.<\/span><\/p>\n<h2 style=\"text-align: center;\" data-start=\"601\" data-end=\"638\">\ud83d\udd0b <strong data-start=\"608\" data-end=\"638\">B\u00e4rbar &amp; Tr\u00e5dl\u00f6s Design<\/strong><\/h2>\n<p class=\"\" style=\"text-align: center;\" data-start=\"639\" data-end=\"720\"><span class=\"relative -mx-px my-[-0.2rem] rounded-sm px-px py-[0.2rem]\">Utrustad med USB-laddningsfunktioner erbjuder denna tr\u00e5dl\u00f6sa mini-foodprocessor b\u00e4rbarhet och bekv\u00e4mlighet. Anv\u00e4nd den var som helst i k\u00f6ket eller till och med utomhus utan att vara bunden till ett eluttag.<\/span><\/p>\n<h2 style=\"text-align: center;\" data-start=\"727\" data-end=\"741\">\u2753 <strong data-start=\"733\" data-end=\"741\">Vanliga Fr\u00e5gor<\/strong><\/h2>\n<p>&nbsp;<\/p>\n<p class=\"\" style=\"text-align: center;\" data-start=\"743\" data-end=\"880\"><strong data-start=\"743\" data-end=\"792\">Vilka Typer Av Livsmedel Kan Den H\u00e4r Sk\u00e4raren Hantera?<\/strong><br data-start=\"792\" data-end=\"795\" \/><span class=\"relative -mx-px my-[-0.2rem] rounded-sm px-px py-[0.2rem]\">Den \u00e4r perfekt f\u00f6r att hacka vitl\u00f6k, chili, ingef\u00e4ra, jordn\u00f6tter och kan ocks\u00e5 skiva gr\u00f6nsaker. Dessutom \u00e4r den l\u00e4mplig f\u00f6r att tillaga barnmat som mosade pumpor och bananer.<\/span>\u200b<\/p>\n<p class=\"\" style=\"text-align: center;\" data-start=\"882\" data-end=\"1004\"><strong data-start=\"882\" data-end=\"916\">Hur Laddar Jag Enheten?<\/strong><br data-start=\"916\" data-end=\"919\" \/><span class=\"relative -mx-px my-[-0.2rem] rounded-sm px-px py-[0.2rem]\">Sk\u00e4raren levereras med en USB-laddningskabel. Anslut den till en vanlig USB-port f\u00f6r att ladda.<\/span>\u200b<\/p>\n<p class=\"\" style=\"text-align: center;\" data-start=\"1006\" data-end=\"1123\"><strong data-start=\"1006\" data-end=\"1035\">G\u00e5r Den Att Diska I Diskmaskin?<\/strong><br data-start=\"1035\" data-end=\"1038\" \/><span class=\"relative -mx-px my-[-0.2rem] rounded-sm px-px py-[0.2rem]\">\u00c4ven om enheten har en reng\u00f6ringsfunktion med en knapptryckning rekommenderas att huvudenheten handdiskas. L\u00f6stagbara delar kan placeras i diskmaskinen.<\/span><\/p>\n","protected":false},"excerpt":{"rendered":"<p>\ud83c\udf7d\ufe0f Multifunktionell Bekv\u00e4mlighet Detta m\u00e5ngsidiga k\u00f6ksverktyg kombinerar fyra viktiga funktioner som att sk\u00e4ra, hacka, skala och reng\u00f6ra i en kompakt [&hellip;]<\/p>\n","protected":false},"featured_media":9075,"comment_status":"open","ping_status":"closed","template":"","meta":{"site-sidebar-layout":"default","site-content-layout":"","ast-site-content-layout":"default","site-content-style":"default","site-sidebar-style":"default","ast-global-header-display":"","ast-banner-title-visibility":"","ast-main-header-display":"","ast-hfb-above-header-display":"","ast-hfb-below-header-display":"","ast-hfb-mobile-header-display":"","site-post-title":"","ast-breadcrumbs-content":"","ast-featured-img":"","footer-sml-layout":"","theme-transparent-header-meta":"default","adv-header-id-meta":"","stick-header-meta":"","header-above-stick-meta":"","header-main-stick-meta":"","header-below-stick-meta":"","astra-migrate-meta-layouts":"set","ast-page-background-enabled":"default","ast-page-background-meta":{"desktop":{"background-color":"var(--ast-global-color-4)","background-image":"","background-repeat":"repeat","background-position":"center center","background-size":"auto","background-attachment":"scroll","background-type":"","background-media":"","overlay-type":"","overlay-color":"","overlay-opacity":"","overlay-gradient":""},"tablet":{"background-color":"","background-image":"","background-repeat":"repeat","background-position":"center center","background-size":"auto","background-attachment":"scroll","background-type":"","background-media":"","overlay-type":"","overlay-color":"","overlay-opacity":"","overlay-gradient":""},"mobile":{"background-color":"","background-image":"","background-repeat":"repeat","background-position":"center center","background-size":"auto","background-attachment":"scroll","background-type":"","background-media":"","overlay-type":"","overlay-color":"","overlay-opacity":"","overlay-gradient":""}},"ast-content-background-meta":{"desktop":{"background-color":"var(--ast-global-color-5)","background-image":"","background-repeat":"repeat","background-position":"center center","background-size":"auto","background-attachment":"scroll","background-type":"","background-media":"","overlay-type":"","overlay-color":"","overlay-opacity":"","overlay-gradient":""},"tablet":{"background-color":"var(--ast-global-color-5)","background-image":"","background-repeat":"repeat","background-position":"center center","background-size":"auto","background-attachment":"scroll","background-type":"","background-media":"","overlay-type":"","overlay-color":"","overlay-opacity":"","overlay-gradient":""},"mobile":{"background-color":"var(--ast-global-color-5)","background-image":"","background-repeat":"repeat","background-position":"center center","background-size":"auto","background-attachment":"scroll","background-type":"","background-media":"","overlay-type":"","overlay-color":"","overlay-opacity":"","overlay-gradient":""}}},"product_brand":[],"product_cat":[1001],"product_tag":[],"class_list":{"0":"post-9079","1":"product","2":"type-product","3":"status-publish","4":"has-post-thumbnail","6":"product_cat-household-goods","7":"desktop-align-left","8":"tablet-align-left","9":"mobile-align-left","11":"first","12":"instock","13":"shipping-taxable","14":"purchasable","15":"product-type-simple"},"_links":{"self":[{"href":"https:\/\/keluvo.com\/se\/wp-json\/wp\/v2\/product\/9079","targetHints":{"allow":["GET"]}}],"collection":[{"href":"https:\/\/keluvo.com\/se\/wp-json\/wp\/v2\/product"}],"about":[{"href":"https:\/\/keluvo.com\/se\/wp-json\/wp\/v2\/types\/product"}],"replies":[{"embeddable":true,"href":"https:\/\/keluvo.com\/se\/wp-json\/wp\/v2\/comments?post=9079"}],"wp:featuredmedia":[{"embeddable":true,"href":"https:\/\/keluvo.com\/se\/wp-json\/wp\/v2\/media\/9075"}],"wp:attachment":[{"href":"https:\/\/keluvo.com\/se\/wp-json\/wp\/v2\/media?parent=9079"}],"wp:term":[{"taxonomy":"product_brand","embeddable":true,"href":"https:\/\/keluvo.com\/se\/wp-json\/wp\/v2\/product_brand?post=9079"},{"taxonomy":"product_cat","embeddable":true,"href":"https:\/\/keluvo.com\/se\/wp-json\/wp\/v2\/product_cat?post=9079"},{"taxonomy":"product_tag","embeddable":true,"href":"https:\/\/keluvo.com\/se\/wp-json\/wp\/v2\/product_tag?post=9079"}],"curies":[{"name":"wp","href":"https:\/\/api.w.org\/{rel}","templated":true}]}}