{"id":9027,"date":"2025-04-07T18:04:35","date_gmt":"2025-04-07T16:04:35","guid":{"rendered":"https:\/\/keluvo.com\/se\/product\/glodande-studsande-boll\/"},"modified":"2025-04-16T13:57:39","modified_gmt":"2025-04-16T11:57:39","slug":"glodande-studsande-boll-1","status":"publish","type":"product","link":"https:\/\/keluvo.com\/se\/product\/glodande-studsande-boll-1\/","title":{"rendered":"Gl\u00f6dande studsande boll"},"content":{"rendered":"<h2 style=\"text-align: center;\"><strong>Rolig Och Aktiv Lek<\/strong><\/h2>\n<p style=\"text-align: center;\">Den sj\u00e4lvlysande studsbollen uppmuntrar barn att h\u00e5lla sig aktiva samtidigt som de har roligt. Den hj\u00e4lper till att f\u00f6rb\u00e4ttra koordination, balans och koncentration. Den h\u00e4r underh\u00e5llande leksaken g\u00f6r tr\u00e4ning till ett n\u00f6je f\u00f6r b\u00e5de barn och vuxna.<\/p>\n<p><img decoding=\"async\" class=\"alignnone size-medium wp-image-11021 aligncenter\" src=\"https:\/\/keluvo.com\/template\/wp-content\/uploads\/sites\/5\/2025\/02\/Sd9c95b1ba86a491db2e923da70f4b37eP.jpeg\" alt=\"\" \/><\/p>\n<h2 style=\"text-align: center;\"><strong>Ljusgl\u00f6d F\u00f6r Extra Skoj<\/strong><\/h2>\n<p style=\"text-align: center;\">Bollen lyser upp med ljusa, f\u00e4rgglada blinkningar, vilket g\u00f6r den s\u00e4rskilt sp\u00e4nnande att anv\u00e4nda i m\u00f6rkret. Den sj\u00e4lvlysande funktionen ger ett engagerande inslag till fester, spel och aktiv lek, b\u00e5de inomhus och utomhus.<\/p>\n<p><img decoding=\"async\" class=\"alignnone size-medium wp-image-11024 aligncenter\" src=\"https:\/\/keluvo.com\/template\/wp-content\/uploads\/sites\/5\/2025\/02\/81c26150-8db0-468e-ad70-57f55eea0828.webp\" alt=\"\" \/><\/p>\n","protected":false},"excerpt":{"rendered":"<p>Rolig Och Aktiv Lek Den sj\u00e4lvlysande studsbollen uppmuntrar barn att h\u00e5lla sig aktiva samtidigt som de har roligt. Den hj\u00e4lper [&hellip;]<\/p>\n","protected":false},"featured_media":9023,"comment_status":"open","ping_status":"closed","template":"","meta":{"site-sidebar-layout":"default","site-content-layout":"","ast-site-content-layout":"default","site-content-style":"default","site-sidebar-style":"default","ast-global-header-display":"","ast-banner-title-visibility":"","ast-main-header-display":"","ast-hfb-above-header-display":"","ast-hfb-below-header-display":"","ast-hfb-mobile-header-display":"","site-post-title":"","ast-breadcrumbs-content":"","ast-featured-img":"","footer-sml-layout":"","theme-transparent-header-meta":"default","adv-header-id-meta":"","stick-header-meta":"","header-above-stick-meta":"","header-main-stick-meta":"","header-below-stick-meta":"","astra-migrate-meta-layouts":"set","ast-page-background-enabled":"default","ast-page-background-meta":{"desktop":{"background-color":"var(--ast-global-color-4)","background-image":"","background-repeat":"repeat","background-position":"center center","background-size":"auto","background-attachment":"scroll","background-type":"","background-media":"","overlay-type":"","overlay-color":"","overlay-opacity":"","overlay-gradient":""},"tablet":{"background-color":"","background-image":"","background-repeat":"repeat","background-position":"center center","background-size":"auto","background-attachment":"scroll","background-type":"","background-media":"","overlay-type":"","overlay-color":"","overlay-opacity":"","overlay-gradient":""},"mobile":{"background-color":"","background-image":"","background-repeat":"repeat","background-position":"center center","background-size":"auto","background-attachment":"scroll","background-type":"","background-media":"","overlay-type":"","overlay-color":"","overlay-opacity":"","overlay-gradient":""}},"ast-content-background-meta":{"desktop":{"background-color":"var(--ast-global-color-5)","background-image":"","background-repeat":"repeat","background-position":"center center","background-size":"auto","background-attachment":"scroll","background-type":"","background-media":"","overlay-type":"","overlay-color":"","overlay-opacity":"","overlay-gradient":""},"tablet":{"background-color":"var(--ast-global-color-5)","background-image":"","background-repeat":"repeat","background-position":"center center","background-size":"auto","background-attachment":"scroll","background-type":"","background-media":"","overlay-type":"","overlay-color":"","overlay-opacity":"","overlay-gradient":""},"mobile":{"background-color":"var(--ast-global-color-5)","background-image":"","background-repeat":"repeat","background-position":"center center","background-size":"auto","background-attachment":"scroll","background-type":"","background-media":"","overlay-type":"","overlay-color":"","overlay-opacity":"","overlay-gradient":""}}},"product_brand":[],"product_cat":[990],"product_tag":[],"class_list":{"0":"post-9027","1":"product","2":"type-product","3":"status-publish","4":"has-post-thumbnail","6":"product_cat-toys-childrens-and-baby-products","7":"pa_39054_6up1m2b3-bla","8":"pa_39054_6up1m2b3-gul","9":"pa_39054_6up1m2b3-rosa","10":"desktop-align-left","11":"tablet-align-left","12":"mobile-align-left","14":"first","15":"instock","16":"shipping-taxable","17":"purchasable","18":"product-type-variable"},"_links":{"self":[{"href":"https:\/\/keluvo.com\/se\/wp-json\/wp\/v2\/product\/9027","targetHints":{"allow":["GET"]}}],"collection":[{"href":"https:\/\/keluvo.com\/se\/wp-json\/wp\/v2\/product"}],"about":[{"href":"https:\/\/keluvo.com\/se\/wp-json\/wp\/v2\/types\/product"}],"replies":[{"embeddable":true,"href":"https:\/\/keluvo.com\/se\/wp-json\/wp\/v2\/comments?post=9027"}],"wp:featuredmedia":[{"embeddable":true,"href":"https:\/\/keluvo.com\/se\/wp-json\/wp\/v2\/media\/9023"}],"wp:attachment":[{"href":"https:\/\/keluvo.com\/se\/wp-json\/wp\/v2\/media?parent=9027"}],"wp:term":[{"taxonomy":"product_brand","embeddable":true,"href":"https:\/\/keluvo.com\/se\/wp-json\/wp\/v2\/product_brand?post=9027"},{"taxonomy":"product_cat","embeddable":true,"href":"https:\/\/keluvo.com\/se\/wp-json\/wp\/v2\/product_cat?post=9027"},{"taxonomy":"product_tag","embeddable":true,"href":"https:\/\/keluvo.com\/se\/wp-json\/wp\/v2\/product_tag?post=9027"}],"curies":[{"name":"wp","href":"https:\/\/api.w.org\/{rel}","templated":true}]}}