{"id":8998,"date":"2025-04-07T18:03:54","date_gmt":"2025-04-07T16:03:54","guid":{"rendered":"https:\/\/keluvo.com\/se\/product\/armband-med-bla-tigerogon\/"},"modified":"2025-04-07T19:55:37","modified_gmt":"2025-04-07T17:55:37","slug":"armband-med-bla-tigerogon","status":"publish","type":"product","link":"https:\/\/keluvo.com\/se\/product\/armband-med-bla-tigerogon\/","title":{"rendered":"Armband med bl\u00e5 tiger\u00f6gon"},"content":{"rendered":"<h2 style=\"text-align: center;\">Naturlig tiger\u00f6ga sten<\/h2>\n<p style=\"text-align: center;\">Armbandet med bl\u00e5 tiger\u00f6gon \u00e4r tillverkat av \u00e4kta tiger\u00f6gonstenar. Varje p\u00e4rla uppvisar en fantastisk bl\u00e5 nyans som tillf\u00f6r elegans och charm. Dessa naturstenar \u00e4r k\u00e4nda f\u00f6r sina unika m\u00f6nster och varaktiga h\u00e5llbarhet.<\/p>\n<p><img decoding=\"async\" class=\"alignnone size-medium wp-image-6000 aligncenter\" src=\"https:\/\/keluvo.com\/template\/wp-content\/uploads\/sites\/5\/2024\/12\/Hebbd496e25144a0588a8489e7727282aG.jpg_960x960q75.jpg_.webp\" \/><\/p>\n<h2 style=\"text-align: center;\">Justerbar f\u00f6r perfekt passform<\/h2>\n<p style=\"text-align: center;\">Designat f\u00f6r att passa bekv\u00e4mt, m\u00e4ter det bl\u00e5 tiger\u00f6gonarmbandet ca 165-215mm. Du kan enkelt justera det eller beg\u00e4ra en specifik storlek f\u00f6r en personlig passform. Njut av att b\u00e4ra ett armband som passar din handled perfekt.<\/p>\n<p><img decoding=\"async\" class=\"alignnone size-medium wp-image-6002 aligncenter\" src=\"https:\/\/keluvo.com\/template\/wp-content\/uploads\/sites\/5\/2024\/12\/Ha7c8c34b5b424f5fac78edeaa0451f6ag.jpg_960x960q75.jpg_.webp\" alt=\"\" \/><\/p>\n","protected":false},"excerpt":{"rendered":"<p>Naturlig tiger\u00f6ga sten Armbandet med bl\u00e5 tiger\u00f6gon \u00e4r tillverkat av \u00e4kta tiger\u00f6gonstenar. Varje p\u00e4rla uppvisar en fantastisk bl\u00e5 nyans som [&hellip;]<\/p>\n","protected":false},"featured_media":8994,"comment_status":"open","ping_status":"closed","template":"","meta":{"site-sidebar-layout":"default","site-content-layout":"","ast-site-content-layout":"default","site-content-style":"default","site-sidebar-style":"default","ast-global-header-display":"","ast-banner-title-visibility":"","ast-main-header-display":"","ast-hfb-above-header-display":"","ast-hfb-below-header-display":"","ast-hfb-mobile-header-display":"","site-post-title":"","ast-breadcrumbs-content":"","ast-featured-img":"","footer-sml-layout":"","theme-transparent-header-meta":"default","adv-header-id-meta":"","stick-header-meta":"","header-above-stick-meta":"","header-main-stick-meta":"","header-below-stick-meta":"","astra-migrate-meta-layouts":"set","ast-page-background-enabled":"default","ast-page-background-meta":{"desktop":{"background-color":"var(--ast-global-color-4)","background-image":"","background-repeat":"repeat","background-position":"center center","background-size":"auto","background-attachment":"scroll","background-type":"","background-media":"","overlay-type":"","overlay-color":"","overlay-opacity":"","overlay-gradient":""},"tablet":{"background-color":"","background-image":"","background-repeat":"repeat","background-position":"center center","background-size":"auto","background-attachment":"scroll","background-type":"","background-media":"","overlay-type":"","overlay-color":"","overlay-opacity":"","overlay-gradient":""},"mobile":{"background-color":"","background-image":"","background-repeat":"repeat","background-position":"center center","background-size":"auto","background-attachment":"scroll","background-type":"","background-media":"","overlay-type":"","overlay-color":"","overlay-opacity":"","overlay-gradient":""}},"ast-content-background-meta":{"desktop":{"background-color":"var(--ast-global-color-5)","background-image":"","background-repeat":"repeat","background-position":"center center","background-size":"auto","background-attachment":"scroll","background-type":"","background-media":"","overlay-type":"","overlay-color":"","overlay-opacity":"","overlay-gradient":""},"tablet":{"background-color":"var(--ast-global-color-5)","background-image":"","background-repeat":"repeat","background-position":"center center","background-size":"auto","background-attachment":"scroll","background-type":"","background-media":"","overlay-type":"","overlay-color":"","overlay-opacity":"","overlay-gradient":""},"mobile":{"background-color":"var(--ast-global-color-5)","background-image":"","background-repeat":"repeat","background-position":"center center","background-size":"auto","background-attachment":"scroll","background-type":"","background-media":"","overlay-type":"","overlay-color":"","overlay-opacity":"","overlay-gradient":""}}},"product_brand":[],"product_cat":[993],"product_tag":[],"class_list":{"0":"post-8998","1":"product","2":"type-product","3":"status-publish","4":"has-post-thumbnail","6":"product_cat-footwear-accessories","7":"pa_38576_hzfui72g-17-cm","8":"pa_38576_hzfui72g-19-cm","9":"pa_38576_hzfui72g-21-cm","10":"pa_38576_ytjxnxkn-10-mm","11":"pa_38576_ytjxnxkn-12-mm","12":"pa_38576_ytjxnxkn-6-mm","13":"pa_38576_ytjxnxkn-8-mm","14":"desktop-align-left","15":"tablet-align-left","16":"mobile-align-left","18":"first","19":"instock","20":"shipping-taxable","21":"purchasable","22":"product-type-variable","23":"has-default-attributes"},"_links":{"self":[{"href":"https:\/\/keluvo.com\/se\/wp-json\/wp\/v2\/product\/8998","targetHints":{"allow":["GET"]}}],"collection":[{"href":"https:\/\/keluvo.com\/se\/wp-json\/wp\/v2\/product"}],"about":[{"href":"https:\/\/keluvo.com\/se\/wp-json\/wp\/v2\/types\/product"}],"replies":[{"embeddable":true,"href":"https:\/\/keluvo.com\/se\/wp-json\/wp\/v2\/comments?post=8998"}],"wp:featuredmedia":[{"embeddable":true,"href":"https:\/\/keluvo.com\/se\/wp-json\/wp\/v2\/media\/8994"}],"wp:attachment":[{"href":"https:\/\/keluvo.com\/se\/wp-json\/wp\/v2\/media?parent=8998"}],"wp:term":[{"taxonomy":"product_brand","embeddable":true,"href":"https:\/\/keluvo.com\/se\/wp-json\/wp\/v2\/product_brand?post=8998"},{"taxonomy":"product_cat","embeddable":true,"href":"https:\/\/keluvo.com\/se\/wp-json\/wp\/v2\/product_cat?post=8998"},{"taxonomy":"product_tag","embeddable":true,"href":"https:\/\/keluvo.com\/se\/wp-json\/wp\/v2\/product_tag?post=8998"}],"curies":[{"name":"wp","href":"https:\/\/api.w.org\/{rel}","templated":true}]}}