{"id":8960,"date":"2025-04-07T15:50:43","date_gmt":"2025-04-07T13:50:43","guid":{"rendered":"https:\/\/keluvo.com\/se\/product\/klassisk-romersk-ring\/"},"modified":"2025-04-07T15:52:17","modified_gmt":"2025-04-07T13:52:17","slug":"klassisk-romersk-ring","status":"publish","type":"product","link":"https:\/\/keluvo.com\/se\/product\/klassisk-romersk-ring\/","title":{"rendered":"Klassisk romersk ring"},"content":{"rendered":"<h2 style=\"text-align: center\"><strong>Tidl\u00f6s Romerskinspirerad Design<\/strong><\/h2>\n<p style=\"text-align: center\">Den klassiska romerska ringen har eleganta romerska siffror etsade runt bandet. Denna tidl\u00f6sa design ger en touch av sofistikering till b\u00e5de avslappnade och formella looks.<\/p>\n<p><img decoding=\"async\" class=\"alignnone size-medium wp-image-11552 aligncenter\" src=\"https:\/\/keluvo.com\/template\/wp-content\/uploads\/sites\/5\/2025\/02\/S99efb8371ed1422fa9a33bf337c6241da.jpeg\" alt=\"\" \/><\/p>\n<h2 style=\"text-align: center\"><strong>H\u00e5llbart Och Vattent\u00e4tt Material<\/strong><\/h2>\n<p style=\"text-align: center\">Den h\u00e4r ringen \u00e4r tillverkad av h\u00f6gkvalitativt rostfritt st\u00e5l och \u00e4r byggd f\u00f6r att h\u00e5lla. Dess vattent\u00e4ta och rept\u00e5liga egenskaper s\u00e4kerst\u00e4ller att den beh\u00e5ller sitt polerade utseende \u00f6ver tid.<\/p>\n<p><img decoding=\"async\" class=\"alignnone size-medium wp-image-11556 aligncenter\" src=\"https:\/\/keluvo.com\/template\/wp-content\/uploads\/sites\/5\/2025\/02\/Sa8576ccb7d6a4c49a05289be4b2a9b0b0.jpeg\" alt=\"\" \/><\/p>\n","protected":false},"excerpt":{"rendered":"<p>Tidl\u00f6s Romerskinspirerad Design Den klassiska romerska ringen har eleganta romerska siffror etsade runt bandet. Denna tidl\u00f6sa design ger en touch [&hellip;]<\/p>\n","protected":false},"featured_media":8956,"comment_status":"open","ping_status":"closed","template":"","meta":{"site-sidebar-layout":"default","site-content-layout":"","ast-site-content-layout":"default","site-content-style":"default","site-sidebar-style":"default","ast-global-header-display":"","ast-banner-title-visibility":"","ast-main-header-display":"","ast-hfb-above-header-display":"","ast-hfb-below-header-display":"","ast-hfb-mobile-header-display":"","site-post-title":"","ast-breadcrumbs-content":"","ast-featured-img":"","footer-sml-layout":"","theme-transparent-header-meta":"default","adv-header-id-meta":"","stick-header-meta":"","header-above-stick-meta":"","header-main-stick-meta":"","header-below-stick-meta":"","astra-migrate-meta-layouts":"set","ast-page-background-enabled":"default","ast-page-background-meta":{"desktop":{"background-color":"var(--ast-global-color-4)","background-image":"","background-repeat":"repeat","background-position":"center center","background-size":"auto","background-attachment":"scroll","background-type":"","background-media":"","overlay-type":"","overlay-color":"","overlay-opacity":"","overlay-gradient":""},"tablet":{"background-color":"","background-image":"","background-repeat":"repeat","background-position":"center center","background-size":"auto","background-attachment":"scroll","background-type":"","background-media":"","overlay-type":"","overlay-color":"","overlay-opacity":"","overlay-gradient":""},"mobile":{"background-color":"","background-image":"","background-repeat":"repeat","background-position":"center center","background-size":"auto","background-attachment":"scroll","background-type":"","background-media":"","overlay-type":"","overlay-color":"","overlay-opacity":"","overlay-gradient":""}},"ast-content-background-meta":{"desktop":{"background-color":"var(--ast-global-color-5)","background-image":"","background-repeat":"repeat","background-position":"center center","background-size":"auto","background-attachment":"scroll","background-type":"","background-media":"","overlay-type":"","overlay-color":"","overlay-opacity":"","overlay-gradient":""},"tablet":{"background-color":"var(--ast-global-color-5)","background-image":"","background-repeat":"repeat","background-position":"center center","background-size":"auto","background-attachment":"scroll","background-type":"","background-media":"","overlay-type":"","overlay-color":"","overlay-opacity":"","overlay-gradient":""},"mobile":{"background-color":"var(--ast-global-color-5)","background-image":"","background-repeat":"repeat","background-position":"center center","background-size":"auto","background-attachment":"scroll","background-type":"","background-media":"","overlay-type":"","overlay-color":"","overlay-opacity":"","overlay-gradient":""}}},"product_brand":[],"product_cat":[993],"product_tag":[],"class_list":{"0":"post-8960","1":"product","2":"type-product","3":"status-publish","4":"has-post-thumbnail","6":"product_cat-footwear-accessories","7":"pa_38250_8aja2d87-guld","8":"pa_38250_8aja2d87-silver","9":"pa_38250_8aja2d87-svart","10":"pa_38250_jwp8l2dw-1876","11":"pa_38250_jwp8l2dw-1877","12":"pa_38250_jwp8l2dw-1878","13":"pa_38250_jwp8l2dw-1879","14":"desktop-align-left","15":"tablet-align-left","16":"mobile-align-left","18":"first","19":"instock","20":"shipping-taxable","21":"purchasable","22":"product-type-variable"},"_links":{"self":[{"href":"https:\/\/keluvo.com\/se\/wp-json\/wp\/v2\/product\/8960","targetHints":{"allow":["GET"]}}],"collection":[{"href":"https:\/\/keluvo.com\/se\/wp-json\/wp\/v2\/product"}],"about":[{"href":"https:\/\/keluvo.com\/se\/wp-json\/wp\/v2\/types\/product"}],"replies":[{"embeddable":true,"href":"https:\/\/keluvo.com\/se\/wp-json\/wp\/v2\/comments?post=8960"}],"wp:featuredmedia":[{"embeddable":true,"href":"https:\/\/keluvo.com\/se\/wp-json\/wp\/v2\/media\/8956"}],"wp:attachment":[{"href":"https:\/\/keluvo.com\/se\/wp-json\/wp\/v2\/media?parent=8960"}],"wp:term":[{"taxonomy":"product_brand","embeddable":true,"href":"https:\/\/keluvo.com\/se\/wp-json\/wp\/v2\/product_brand?post=8960"},{"taxonomy":"product_cat","embeddable":true,"href":"https:\/\/keluvo.com\/se\/wp-json\/wp\/v2\/product_cat?post=8960"},{"taxonomy":"product_tag","embeddable":true,"href":"https:\/\/keluvo.com\/se\/wp-json\/wp\/v2\/product_tag?post=8960"}],"curies":[{"name":"wp","href":"https:\/\/api.w.org\/{rel}","templated":true}]}}