{"id":8951,"date":"2025-04-07T15:49:14","date_gmt":"2025-04-07T13:49:14","guid":{"rendered":"https:\/\/keluvo.com\/se\/product\/runda-orhangen\/"},"modified":"2025-04-09T10:35:47","modified_gmt":"2025-04-09T08:35:47","slug":"runda-orhangen-1","status":"publish","type":"product","link":"https:\/\/keluvo.com\/se\/product\/runda-orhangen-1\/","title":{"rendered":"Runda \u00f6rh\u00e4ngen"},"content":{"rendered":"<h2 style=\"text-align: center;\"><strong>Elegant Flerskiktsdesign<\/strong><\/h2>\n<p style=\"text-align: center;\">De runda \u00f6rh\u00e4ngena har en sofistikerad flerskiktsdesign som ger volym och stil. Den eleganta strukturen g\u00f6r dem till en i\u00f6gonfallande accessoar som \u00e4r perfekt f\u00f6r att f\u00f6rh\u00f6ja vilken look som helst.<\/p>\n<p><img decoding=\"async\" class=\"alignnone size-medium wp-image-11458 aligncenter\" src=\"https:\/\/keluvo.com\/template\/wp-content\/uploads\/sites\/5\/2025\/02\/See6b4726797746259a987960ea47cd1bX.jpeg\" alt=\"\" \/><\/p>\n<h2 style=\"text-align: center;\"><strong>Gl\u00e4nsande H\u00f6gpolerad Yta<\/strong><\/h2>\n<p style=\"text-align: center;\">De h\u00e4r \u00f6rh\u00e4ngena har en polerad yta och ger ett gl\u00e4nsande, raffinerat utseende. Den str\u00e5lande finishen ger en touch av elegans, vilket g\u00f6r dem l\u00e4mpliga f\u00f6r b\u00e5de avslappnade utflykter och formella evenemang.<\/p>\n<p><img decoding=\"async\" class=\"alignnone size-medium wp-image-11454 aligncenter\" src=\"https:\/\/keluvo.com\/template\/wp-content\/uploads\/sites\/5\/2025\/02\/S8b40a378afb34a0bb847c60c7fdadc6ec.jpeg\" alt=\"\" \/><\/p>\n","protected":false},"excerpt":{"rendered":"<p>Elegant Flerskiktsdesign De runda \u00f6rh\u00e4ngena har en sofistikerad flerskiktsdesign som ger volym och stil. Den eleganta strukturen g\u00f6r dem till [&hellip;]<\/p>\n","protected":false},"featured_media":8947,"comment_status":"open","ping_status":"closed","template":"","meta":{"site-sidebar-layout":"default","site-content-layout":"","ast-site-content-layout":"default","site-content-style":"default","site-sidebar-style":"default","ast-global-header-display":"","ast-banner-title-visibility":"","ast-main-header-display":"","ast-hfb-above-header-display":"","ast-hfb-below-header-display":"","ast-hfb-mobile-header-display":"","site-post-title":"","ast-breadcrumbs-content":"","ast-featured-img":"","footer-sml-layout":"","theme-transparent-header-meta":"default","adv-header-id-meta":"","stick-header-meta":"","header-above-stick-meta":"","header-main-stick-meta":"","header-below-stick-meta":"","astra-migrate-meta-layouts":"set","ast-page-background-enabled":"default","ast-page-background-meta":{"desktop":{"background-color":"var(--ast-global-color-4)","background-image":"","background-repeat":"repeat","background-position":"center center","background-size":"auto","background-attachment":"scroll","background-type":"","background-media":"","overlay-type":"","overlay-color":"","overlay-opacity":"","overlay-gradient":""},"tablet":{"background-color":"","background-image":"","background-repeat":"repeat","background-position":"center center","background-size":"auto","background-attachment":"scroll","background-type":"","background-media":"","overlay-type":"","overlay-color":"","overlay-opacity":"","overlay-gradient":""},"mobile":{"background-color":"","background-image":"","background-repeat":"repeat","background-position":"center center","background-size":"auto","background-attachment":"scroll","background-type":"","background-media":"","overlay-type":"","overlay-color":"","overlay-opacity":"","overlay-gradient":""}},"ast-content-background-meta":{"desktop":{"background-color":"var(--ast-global-color-5)","background-image":"","background-repeat":"repeat","background-position":"center center","background-size":"auto","background-attachment":"scroll","background-type":"","background-media":"","overlay-type":"","overlay-color":"","overlay-opacity":"","overlay-gradient":""},"tablet":{"background-color":"var(--ast-global-color-5)","background-image":"","background-repeat":"repeat","background-position":"center center","background-size":"auto","background-attachment":"scroll","background-type":"","background-media":"","overlay-type":"","overlay-color":"","overlay-opacity":"","overlay-gradient":""},"mobile":{"background-color":"var(--ast-global-color-5)","background-image":"","background-repeat":"repeat","background-position":"center center","background-size":"auto","background-attachment":"scroll","background-type":"","background-media":"","overlay-type":"","overlay-color":"","overlay-opacity":"","overlay-gradient":""}}},"product_brand":[],"product_cat":[993],"product_tag":[],"class_list":{"0":"post-8951","1":"product","2":"type-product","3":"status-publish","4":"has-post-thumbnail","6":"product_cat-footwear-accessories","7":"pa_38803_5goji9so-guld","8":"pa_38803_5goji9so-silver","9":"desktop-align-left","10":"tablet-align-left","11":"mobile-align-left","13":"first","14":"instock","15":"shipping-taxable","16":"purchasable","17":"product-type-variable"},"_links":{"self":[{"href":"https:\/\/keluvo.com\/se\/wp-json\/wp\/v2\/product\/8951","targetHints":{"allow":["GET"]}}],"collection":[{"href":"https:\/\/keluvo.com\/se\/wp-json\/wp\/v2\/product"}],"about":[{"href":"https:\/\/keluvo.com\/se\/wp-json\/wp\/v2\/types\/product"}],"replies":[{"embeddable":true,"href":"https:\/\/keluvo.com\/se\/wp-json\/wp\/v2\/comments?post=8951"}],"wp:featuredmedia":[{"embeddable":true,"href":"https:\/\/keluvo.com\/se\/wp-json\/wp\/v2\/media\/8947"}],"wp:attachment":[{"href":"https:\/\/keluvo.com\/se\/wp-json\/wp\/v2\/media?parent=8951"}],"wp:term":[{"taxonomy":"product_brand","embeddable":true,"href":"https:\/\/keluvo.com\/se\/wp-json\/wp\/v2\/product_brand?post=8951"},{"taxonomy":"product_cat","embeddable":true,"href":"https:\/\/keluvo.com\/se\/wp-json\/wp\/v2\/product_cat?post=8951"},{"taxonomy":"product_tag","embeddable":true,"href":"https:\/\/keluvo.com\/se\/wp-json\/wp\/v2\/product_tag?post=8951"}],"curies":[{"name":"wp","href":"https:\/\/api.w.org\/{rel}","templated":true}]}}