{"id":8940,"date":"2025-04-07T15:47:49","date_gmt":"2025-04-07T13:47:49","guid":{"rendered":"https:\/\/keluvo.com\/se\/product\/lyxig-klocka-for-man\/"},"modified":"2025-04-07T15:48:25","modified_gmt":"2025-04-07T13:48:25","slug":"lyxig-klocka-for-man","status":"publish","type":"product","link":"https:\/\/keluvo.com\/se\/product\/lyxig-klocka-for-man\/","title":{"rendered":"Lyxig klocka f\u00f6r m\u00e4n"},"content":{"rendered":"<h2 style=\"text-align: center\"><strong>Slitstark Och Vattent\u00e4t Design<\/strong><\/h2>\n<p style=\"text-align: center\">Lyxklockan f\u00f6r m\u00e4n \u00e4r tillverkad av starkt rostfritt st\u00e5l och t\u00e5l vatten upp till 100 meter. Oavsett om du simmar, duschar eller f\u00e5ngas i regnet \u00e4r den h\u00e4r klockan byggd f\u00f6r att hantera allt. Dess robusta design garanterar l\u00e5ngvarig kvalitet f\u00f6r vardagligt bruk.<\/p>\n<p><img decoding=\"async\" class=\"alignnone size-medium wp-image-6261 aligncenter\" src=\"https:\/\/keluvo.com\/template\/wp-content\/uploads\/sites\/5\/2025\/01\/Se0afdadae7774852b47f74e93da720e2T.jpg_960x960q75.jpg_.webp\" \/><\/p>\n<h2 style=\"text-align: center\"><strong>Elegant Och Sportig Stil<\/strong><\/h2>\n<p style=\"text-align: center\">Den h\u00e4r lyxklockan f\u00f6r m\u00e4n kombinerar en elegant silverf\u00e4rgad finish med en sportig look. De sj\u00e4lvlysande visarna och den tydliga displayen g\u00f6r det enkelt att l\u00e4sa av tiden i alla ljus. Den \u00e4r perfekt f\u00f6r b\u00e5de formella evenemang och avslappnade utflykter.<\/p>\n<p><img decoding=\"async\" class=\"alignnone size-medium wp-image-6256 aligncenter\" src=\"https:\/\/keluvo.com\/template\/wp-content\/uploads\/sites\/5\/2025\/01\/cdae147f-b674-4554-a0b2-9ccb12238244-1.webp\" alt=\"\" \/><\/p>\n","protected":false},"excerpt":{"rendered":"<p>Slitstark Och Vattent\u00e4t Design Lyxklockan f\u00f6r m\u00e4n \u00e4r tillverkad av starkt rostfritt st\u00e5l och t\u00e5l vatten upp till 100 meter. [&hellip;]<\/p>\n","protected":false},"featured_media":8936,"comment_status":"open","ping_status":"closed","template":"","meta":{"site-sidebar-layout":"default","site-content-layout":"","ast-site-content-layout":"default","site-content-style":"default","site-sidebar-style":"default","ast-global-header-display":"","ast-banner-title-visibility":"","ast-main-header-display":"","ast-hfb-above-header-display":"","ast-hfb-below-header-display":"","ast-hfb-mobile-header-display":"","site-post-title":"","ast-breadcrumbs-content":"","ast-featured-img":"","footer-sml-layout":"","theme-transparent-header-meta":"default","adv-header-id-meta":"","stick-header-meta":"","header-above-stick-meta":"","header-main-stick-meta":"","header-below-stick-meta":"","astra-migrate-meta-layouts":"set","ast-page-background-enabled":"default","ast-page-background-meta":{"desktop":{"background-color":"var(--ast-global-color-4)","background-image":"","background-repeat":"repeat","background-position":"center center","background-size":"auto","background-attachment":"scroll","background-type":"","background-media":"","overlay-type":"","overlay-color":"","overlay-opacity":"","overlay-gradient":""},"tablet":{"background-color":"","background-image":"","background-repeat":"repeat","background-position":"center center","background-size":"auto","background-attachment":"scroll","background-type":"","background-media":"","overlay-type":"","overlay-color":"","overlay-opacity":"","overlay-gradient":""},"mobile":{"background-color":"","background-image":"","background-repeat":"repeat","background-position":"center center","background-size":"auto","background-attachment":"scroll","background-type":"","background-media":"","overlay-type":"","overlay-color":"","overlay-opacity":"","overlay-gradient":""}},"ast-content-background-meta":{"desktop":{"background-color":"var(--ast-global-color-5)","background-image":"","background-repeat":"repeat","background-position":"center center","background-size":"auto","background-attachment":"scroll","background-type":"","background-media":"","overlay-type":"","overlay-color":"","overlay-opacity":"","overlay-gradient":""},"tablet":{"background-color":"var(--ast-global-color-5)","background-image":"","background-repeat":"repeat","background-position":"center center","background-size":"auto","background-attachment":"scroll","background-type":"","background-media":"","overlay-type":"","overlay-color":"","overlay-opacity":"","overlay-gradient":""},"mobile":{"background-color":"var(--ast-global-color-5)","background-image":"","background-repeat":"repeat","background-position":"center center","background-size":"auto","background-attachment":"scroll","background-type":"","background-media":"","overlay-type":"","overlay-color":"","overlay-opacity":"","overlay-gradient":""}}},"product_brand":[],"product_cat":[993],"product_tag":[],"class_list":{"0":"post-8940","1":"product","2":"type-product","3":"status-publish","4":"has-post-thumbnail","6":"product_cat-footwear-accessories","7":"pa_19357_0bbtw9jn-bla","8":"pa_19357_0bbtw9jn-svart","9":"pa_19357_0bbtw9jn-vit","10":"desktop-align-left","11":"tablet-align-left","12":"mobile-align-left","14":"first","15":"instock","16":"shipping-taxable","17":"purchasable","18":"product-type-variable"},"_links":{"self":[{"href":"https:\/\/keluvo.com\/se\/wp-json\/wp\/v2\/product\/8940","targetHints":{"allow":["GET"]}}],"collection":[{"href":"https:\/\/keluvo.com\/se\/wp-json\/wp\/v2\/product"}],"about":[{"href":"https:\/\/keluvo.com\/se\/wp-json\/wp\/v2\/types\/product"}],"replies":[{"embeddable":true,"href":"https:\/\/keluvo.com\/se\/wp-json\/wp\/v2\/comments?post=8940"}],"wp:featuredmedia":[{"embeddable":true,"href":"https:\/\/keluvo.com\/se\/wp-json\/wp\/v2\/media\/8936"}],"wp:attachment":[{"href":"https:\/\/keluvo.com\/se\/wp-json\/wp\/v2\/media?parent=8940"}],"wp:term":[{"taxonomy":"product_brand","embeddable":true,"href":"https:\/\/keluvo.com\/se\/wp-json\/wp\/v2\/product_brand?post=8940"},{"taxonomy":"product_cat","embeddable":true,"href":"https:\/\/keluvo.com\/se\/wp-json\/wp\/v2\/product_cat?post=8940"},{"taxonomy":"product_tag","embeddable":true,"href":"https:\/\/keluvo.com\/se\/wp-json\/wp\/v2\/product_tag?post=8940"}],"curies":[{"name":"wp","href":"https:\/\/api.w.org\/{rel}","templated":true}]}}