{"id":8929,"date":"2025-04-07T15:45:08","date_gmt":"2025-04-07T13:45:08","guid":{"rendered":"https:\/\/keluvo.com\/se\/product\/armband-i-stenlader\/"},"modified":"2025-04-07T15:46:35","modified_gmt":"2025-04-07T13:46:35","slug":"armband-i-stenlader","status":"publish","type":"product","link":"https:\/\/keluvo.com\/se\/product\/armband-i-stenlader\/","title":{"rendered":"Armband i stenl\u00e4der"},"content":{"rendered":"<h2 style=\"text-align: center\"><strong>Snygg Och Modern Design<\/strong><\/h2>\n<p style=\"text-align: center\">Armbandet i stenl\u00e4der kombinerar naturstensp\u00e4rlor med ett snyggt l\u00e4derband f\u00f6r en dj\u00e4rv och modern look. Dess skiktade design ger djup och karakt\u00e4r, vilket g\u00f6r det perfekt f\u00f6r b\u00e5de avslappnade och aff\u00e4rsm\u00e4ssiga outfits. Detta armband \u00e4r en m\u00e5ngsidig accessoar f\u00f6r alla m\u00e4ns garderob.<\/p>\n<p><img decoding=\"async\" class=\"alignnone size-medium wp-image-6315 aligncenter\" src=\"https:\/\/keluvo.com\/template\/wp-content\/uploads\/sites\/5\/2025\/01\/Ae84f69147542403eb388fc1050185aa4R.jpg_960x960q75.jpg_.webp\" \/><\/p>\n<h2 style=\"text-align: center\"><strong>H\u00e5llbart Och Bekv\u00e4mt Material<\/strong><\/h2>\n<p style=\"text-align: center\">Armbandet i stenl\u00e4der \u00e4r tillverkat av h\u00f6gkvalitativt PU-l\u00e4der och vulkan- eller tiger\u00f6gestenar och erbjuder b\u00e5de h\u00e5llbarhet och komfort. Det mjuka l\u00e4dret k\u00e4nns skonsamt mot din handled, medan de robusta stenarna s\u00e4kerst\u00e4ller l\u00e5ngvarigt slitage. Det \u00e4r en bra blandning av styrka och stil.<\/p>\n<p><img decoding=\"async\" class=\"alignnone size-medium wp-image-6317 aligncenter\" src=\"https:\/\/keluvo.com\/template\/wp-content\/uploads\/sites\/5\/2025\/01\/A9192c164ddcf4ffc83157c4828328d25L.jpg_960x960q75.jpg_.webp\" \/><\/p>\n","protected":false},"excerpt":{"rendered":"<p>Snygg Och Modern Design Armbandet i stenl\u00e4der kombinerar naturstensp\u00e4rlor med ett snyggt l\u00e4derband f\u00f6r en dj\u00e4rv och modern look. Dess [&hellip;]<\/p>\n","protected":false},"featured_media":8925,"comment_status":"open","ping_status":"closed","template":"","meta":{"site-sidebar-layout":"default","site-content-layout":"","ast-site-content-layout":"default","site-content-style":"default","site-sidebar-style":"default","ast-global-header-display":"","ast-banner-title-visibility":"","ast-main-header-display":"","ast-hfb-above-header-display":"","ast-hfb-below-header-display":"","ast-hfb-mobile-header-display":"","site-post-title":"","ast-breadcrumbs-content":"","ast-featured-img":"","footer-sml-layout":"","theme-transparent-header-meta":"default","adv-header-id-meta":"","stick-header-meta":"","header-above-stick-meta":"","header-main-stick-meta":"","header-below-stick-meta":"","astra-migrate-meta-layouts":"set","ast-page-background-enabled":"default","ast-page-background-meta":{"desktop":{"background-color":"var(--ast-global-color-4)","background-image":"","background-repeat":"repeat","background-position":"center center","background-size":"auto","background-attachment":"scroll","background-type":"","background-media":"","overlay-type":"","overlay-color":"","overlay-opacity":"","overlay-gradient":""},"tablet":{"background-color":"","background-image":"","background-repeat":"repeat","background-position":"center center","background-size":"auto","background-attachment":"scroll","background-type":"","background-media":"","overlay-type":"","overlay-color":"","overlay-opacity":"","overlay-gradient":""},"mobile":{"background-color":"","background-image":"","background-repeat":"repeat","background-position":"center center","background-size":"auto","background-attachment":"scroll","background-type":"","background-media":"","overlay-type":"","overlay-color":"","overlay-opacity":"","overlay-gradient":""}},"ast-content-background-meta":{"desktop":{"background-color":"var(--ast-global-color-5)","background-image":"","background-repeat":"repeat","background-position":"center center","background-size":"auto","background-attachment":"scroll","background-type":"","background-media":"","overlay-type":"","overlay-color":"","overlay-opacity":"","overlay-gradient":""},"tablet":{"background-color":"var(--ast-global-color-5)","background-image":"","background-repeat":"repeat","background-position":"center center","background-size":"auto","background-attachment":"scroll","background-type":"","background-media":"","overlay-type":"","overlay-color":"","overlay-opacity":"","overlay-gradient":""},"mobile":{"background-color":"var(--ast-global-color-5)","background-image":"","background-repeat":"repeat","background-position":"center center","background-size":"auto","background-attachment":"scroll","background-type":"","background-media":"","overlay-type":"","overlay-color":"","overlay-opacity":"","overlay-gradient":""}}},"product_brand":[],"product_cat":[993],"product_tag":[],"class_list":{"0":"post-8929","1":"product","2":"type-product","3":"status-publish","4":"has-post-thumbnail","6":"product_cat-footwear-accessories","7":"pa_42051_gxmnmz2w-brun","8":"pa_42051_gxmnmz2w-svart","9":"pa_42051_gxmnmz2w-svart-brun","10":"desktop-align-left","11":"tablet-align-left","12":"mobile-align-left","14":"first","15":"instock","16":"shipping-taxable","17":"purchasable","18":"product-type-variable"},"_links":{"self":[{"href":"https:\/\/keluvo.com\/se\/wp-json\/wp\/v2\/product\/8929","targetHints":{"allow":["GET"]}}],"collection":[{"href":"https:\/\/keluvo.com\/se\/wp-json\/wp\/v2\/product"}],"about":[{"href":"https:\/\/keluvo.com\/se\/wp-json\/wp\/v2\/types\/product"}],"replies":[{"embeddable":true,"href":"https:\/\/keluvo.com\/se\/wp-json\/wp\/v2\/comments?post=8929"}],"wp:featuredmedia":[{"embeddable":true,"href":"https:\/\/keluvo.com\/se\/wp-json\/wp\/v2\/media\/8925"}],"wp:attachment":[{"href":"https:\/\/keluvo.com\/se\/wp-json\/wp\/v2\/media?parent=8929"}],"wp:term":[{"taxonomy":"product_brand","embeddable":true,"href":"https:\/\/keluvo.com\/se\/wp-json\/wp\/v2\/product_brand?post=8929"},{"taxonomy":"product_cat","embeddable":true,"href":"https:\/\/keluvo.com\/se\/wp-json\/wp\/v2\/product_cat?post=8929"},{"taxonomy":"product_tag","embeddable":true,"href":"https:\/\/keluvo.com\/se\/wp-json\/wp\/v2\/product_tag?post=8929"}],"curies":[{"name":"wp","href":"https:\/\/api.w.org\/{rel}","templated":true}]}}