{"id":8860,"date":"2025-04-07T15:18:16","date_gmt":"2025-04-07T13:18:16","guid":{"rendered":"https:\/\/keluvo.com\/se\/product\/midjevaska-for-sport\/"},"modified":"2025-04-07T15:19:15","modified_gmt":"2025-04-07T13:19:15","slug":"midjevaska-for-sport","status":"publish","type":"product","link":"https:\/\/keluvo.com\/se\/product\/midjevaska-for-sport\/","title":{"rendered":"Midjev\u00e4ska f\u00f6r sport"},"content":{"rendered":"<h2 style=\"text-align: center\"><strong>Slitstark Och L\u00e4tt Design<\/strong><\/h2>\n<p style=\"text-align: center\">Sportmidjev\u00e4skan \u00e4r tillverkad av robust nylonmaterial, vilket g\u00f6r att den klarar dagligt slitage och utomhusaktiviteter. Trots sin styrka \u00e4r den l\u00e4tt och enkel att b\u00e4ra, vilket g\u00f6r den till den perfekta f\u00f6ljeslagaren f\u00f6r l\u00f6pning, vandring eller cykling. H\u00e5ll dig aktiv utan n\u00e5gon extra b\u00f6rda.<\/p>\n<p><img decoding=\"async\" class=\"alignnone size-medium wp-image-8662 aligncenter\" src=\"https:\/\/keluvo.com\/template\/wp-content\/uploads\/sites\/5\/2025\/01\/S56af9484ae1a476ba0e216d12446f1fai.jpg_960x960q75.jpg_.jpeg\" alt=\"\" \/><\/p>\n<h2 style=\"text-align: center\"><strong>Vattent\u00e4t Och V\u00e4derbest\u00e4ndig<\/strong><\/h2>\n<p style=\"text-align: center\">Med sin vattent\u00e4ta design h\u00e5ller midjev\u00e4skan dina f\u00f6rem\u00e5l s\u00e4kra och torra i olika v\u00e4derf\u00f6rh\u00e5llanden. Oavsett om det \u00e4r regn, svett eller st\u00e4nk f\u00f6rblir din telefon och andra v\u00e4rdesaker skyddade. Njut av dina utomhus\u00e4ventyr med sinnesfrid.<\/p>\n<p><img decoding=\"async\" class=\"alignnone size-medium wp-image-8657 aligncenter\" src=\"https:\/\/keluvo.com\/template\/wp-content\/uploads\/sites\/5\/2025\/01\/S020fe17a7a194f6680f72a3e55552721i.jpg_960x960q75.jpg_.jpeg\" alt=\"\" \/><\/p>\n","protected":false},"excerpt":{"rendered":"<p>Slitstark Och L\u00e4tt Design Sportmidjev\u00e4skan \u00e4r tillverkad av robust nylonmaterial, vilket g\u00f6r att den klarar dagligt slitage och utomhusaktiviteter. Trots [&hellip;]<\/p>\n","protected":false},"featured_media":8856,"comment_status":"open","ping_status":"closed","template":"","meta":{"site-sidebar-layout":"default","site-content-layout":"","ast-site-content-layout":"default","site-content-style":"default","site-sidebar-style":"default","ast-global-header-display":"","ast-banner-title-visibility":"","ast-main-header-display":"","ast-hfb-above-header-display":"","ast-hfb-below-header-display":"","ast-hfb-mobile-header-display":"","site-post-title":"","ast-breadcrumbs-content":"","ast-featured-img":"","footer-sml-layout":"","theme-transparent-header-meta":"default","adv-header-id-meta":"","stick-header-meta":"","header-above-stick-meta":"","header-main-stick-meta":"","header-below-stick-meta":"","astra-migrate-meta-layouts":"set","ast-page-background-enabled":"default","ast-page-background-meta":{"desktop":{"background-color":"var(--ast-global-color-4)","background-image":"","background-repeat":"repeat","background-position":"center center","background-size":"auto","background-attachment":"scroll","background-type":"","background-media":"","overlay-type":"","overlay-color":"","overlay-opacity":"","overlay-gradient":""},"tablet":{"background-color":"","background-image":"","background-repeat":"repeat","background-position":"center center","background-size":"auto","background-attachment":"scroll","background-type":"","background-media":"","overlay-type":"","overlay-color":"","overlay-opacity":"","overlay-gradient":""},"mobile":{"background-color":"","background-image":"","background-repeat":"repeat","background-position":"center center","background-size":"auto","background-attachment":"scroll","background-type":"","background-media":"","overlay-type":"","overlay-color":"","overlay-opacity":"","overlay-gradient":""}},"ast-content-background-meta":{"desktop":{"background-color":"var(--ast-global-color-5)","background-image":"","background-repeat":"repeat","background-position":"center center","background-size":"auto","background-attachment":"scroll","background-type":"","background-media":"","overlay-type":"","overlay-color":"","overlay-opacity":"","overlay-gradient":""},"tablet":{"background-color":"var(--ast-global-color-5)","background-image":"","background-repeat":"repeat","background-position":"center center","background-size":"auto","background-attachment":"scroll","background-type":"","background-media":"","overlay-type":"","overlay-color":"","overlay-opacity":"","overlay-gradient":""},"mobile":{"background-color":"var(--ast-global-color-5)","background-image":"","background-repeat":"repeat","background-position":"center center","background-size":"auto","background-attachment":"scroll","background-type":"","background-media":"","overlay-type":"","overlay-color":"","overlay-opacity":"","overlay-gradient":""}}},"product_brand":[],"product_cat":[993],"product_tag":[],"class_list":{"0":"post-8860","1":"product","2":"type-product","3":"status-publish","4":"has-post-thumbnail","6":"product_cat-footwear-accessories","7":"pa_39692_napswhmp-bla","8":"pa_39692_napswhmp-gron","9":"pa_39692_napswhmp-orange","10":"pa_39692_napswhmp-rose","11":"pa_39692_napswhmp-svart","12":"desktop-align-left","13":"tablet-align-left","14":"mobile-align-left","16":"first","17":"instock","18":"shipping-taxable","19":"purchasable","20":"product-type-variable"},"_links":{"self":[{"href":"https:\/\/keluvo.com\/se\/wp-json\/wp\/v2\/product\/8860","targetHints":{"allow":["GET"]}}],"collection":[{"href":"https:\/\/keluvo.com\/se\/wp-json\/wp\/v2\/product"}],"about":[{"href":"https:\/\/keluvo.com\/se\/wp-json\/wp\/v2\/types\/product"}],"replies":[{"embeddable":true,"href":"https:\/\/keluvo.com\/se\/wp-json\/wp\/v2\/comments?post=8860"}],"wp:featuredmedia":[{"embeddable":true,"href":"https:\/\/keluvo.com\/se\/wp-json\/wp\/v2\/media\/8856"}],"wp:attachment":[{"href":"https:\/\/keluvo.com\/se\/wp-json\/wp\/v2\/media?parent=8860"}],"wp:term":[{"taxonomy":"product_brand","embeddable":true,"href":"https:\/\/keluvo.com\/se\/wp-json\/wp\/v2\/product_brand?post=8860"},{"taxonomy":"product_cat","embeddable":true,"href":"https:\/\/keluvo.com\/se\/wp-json\/wp\/v2\/product_cat?post=8860"},{"taxonomy":"product_tag","embeddable":true,"href":"https:\/\/keluvo.com\/se\/wp-json\/wp\/v2\/product_tag?post=8860"}],"curies":[{"name":"wp","href":"https:\/\/api.w.org\/{rel}","templated":true}]}}