{"id":8842,"date":"2025-04-07T15:14:20","date_gmt":"2025-04-07T13:14:20","guid":{"rendered":"https:\/\/keluvo.com\/se\/product\/fotogentandare-i-koppar\/"},"modified":"2025-04-10T10:55:12","modified_gmt":"2025-04-10T08:55:12","slug":"fotogentandare-i-koppar-1","status":"publish","type":"product","link":"https:\/\/keluvo.com\/se\/product\/fotogentandare-i-koppar-1\/","title":{"rendered":"Fotogent\u00e4ndare i koppar"},"content":{"rendered":"<h2 style=\"text-align: center;\"><strong>H\u00e5llbart Kopparhantverk<\/strong><\/h2>\n<p style=\"text-align: center;\">Fotogent\u00e4ndaren i koppar \u00e4r tillverkad av h\u00f6gkvalitativ ren koppar, vilket garanterar l\u00e5ngvarig h\u00e5llbarhet och ett elegant utseende. Den robusta konstruktionen g\u00f6r den slitstark och l\u00e4mplig f\u00f6r daglig anv\u00e4ndning. Denna tidl\u00f6sa design \u00e4r perfekt f\u00f6r b\u00e5de samlare och praktiska anv\u00e4ndare.<\/p>\n<p><img decoding=\"async\" class=\"alignnone size-medium wp-image-10822 aligncenter\" src=\"https:\/\/keluvo.com\/template\/wp-content\/uploads\/sites\/5\/2025\/02\/Sf9763a4161a1466a841e67805ef10abaW.jpg_960x960q75.jpg_-1.jpeg\" alt=\"\" \/><\/p>\n<h2 style=\"text-align: center;\"><strong>Synlig Oljetank F\u00f6r Bekv\u00e4mlighet<\/strong><\/h2>\n<p style=\"text-align: center;\">Den transparenta oljetanken g\u00f6r att du enkelt kan kontrollera br\u00e4nsleniv\u00e5n och se till att den aldrig tar slut ov\u00e4ntat. Denna praktiska funktion g\u00f6r det bekv\u00e4mt f\u00f6r frekventa anv\u00e4ndare och minskar gissningarna n\u00e4r du fyller p\u00e5 t\u00e4ndaren.<\/p>\n<p><img decoding=\"async\" class=\"size-medium wp-image-10817 aligncenter\" src=\"https:\/\/keluvo.com\/template\/wp-content\/uploads\/sites\/5\/2025\/02\/S8a56dcc8ee5244bda5ef499c8c453053d.jpg_960x960q75.jpg_.jpeg\" alt=\"\" \/><\/p>\n","protected":false},"excerpt":{"rendered":"<p>H\u00e5llbart Kopparhantverk Fotogent\u00e4ndaren i koppar \u00e4r tillverkad av h\u00f6gkvalitativ ren koppar, vilket garanterar l\u00e5ngvarig h\u00e5llbarhet och ett elegant utseende. Den [&hellip;]<\/p>\n","protected":false},"featured_media":8838,"comment_status":"open","ping_status":"closed","template":"","meta":{"site-sidebar-layout":"default","site-content-layout":"","ast-site-content-layout":"default","site-content-style":"default","site-sidebar-style":"default","ast-global-header-display":"","ast-banner-title-visibility":"","ast-main-header-display":"","ast-hfb-above-header-display":"","ast-hfb-below-header-display":"","ast-hfb-mobile-header-display":"","site-post-title":"","ast-breadcrumbs-content":"","ast-featured-img":"","footer-sml-layout":"","theme-transparent-header-meta":"default","adv-header-id-meta":"","stick-header-meta":"","header-above-stick-meta":"","header-main-stick-meta":"","header-below-stick-meta":"","astra-migrate-meta-layouts":"set","ast-page-background-enabled":"default","ast-page-background-meta":{"desktop":{"background-color":"var(--ast-global-color-4)","background-image":"","background-repeat":"repeat","background-position":"center center","background-size":"auto","background-attachment":"scroll","background-type":"","background-media":"","overlay-type":"","overlay-color":"","overlay-opacity":"","overlay-gradient":""},"tablet":{"background-color":"","background-image":"","background-repeat":"repeat","background-position":"center center","background-size":"auto","background-attachment":"scroll","background-type":"","background-media":"","overlay-type":"","overlay-color":"","overlay-opacity":"","overlay-gradient":""},"mobile":{"background-color":"","background-image":"","background-repeat":"repeat","background-position":"center center","background-size":"auto","background-attachment":"scroll","background-type":"","background-media":"","overlay-type":"","overlay-color":"","overlay-opacity":"","overlay-gradient":""}},"ast-content-background-meta":{"desktop":{"background-color":"var(--ast-global-color-5)","background-image":"","background-repeat":"repeat","background-position":"center center","background-size":"auto","background-attachment":"scroll","background-type":"","background-media":"","overlay-type":"","overlay-color":"","overlay-opacity":"","overlay-gradient":""},"tablet":{"background-color":"var(--ast-global-color-5)","background-image":"","background-repeat":"repeat","background-position":"center center","background-size":"auto","background-attachment":"scroll","background-type":"","background-media":"","overlay-type":"","overlay-color":"","overlay-opacity":"","overlay-gradient":""},"mobile":{"background-color":"var(--ast-global-color-5)","background-image":"","background-repeat":"repeat","background-position":"center center","background-size":"auto","background-attachment":"scroll","background-type":"","background-media":"","overlay-type":"","overlay-color":"","overlay-opacity":"","overlay-gradient":""}}},"product_brand":[],"product_cat":[1000],"product_tag":[],"class_list":{"0":"post-8842","1":"product","2":"type-product","3":"status-publish","4":"has-post-thumbnail","6":"product_cat-hiking-camping-and-leisure-goods","7":"pa_40536_epaatoxo-guld","8":"pa_40536_epaatoxo-silver","9":"desktop-align-left","10":"tablet-align-left","11":"mobile-align-left","13":"first","14":"instock","15":"shipping-taxable","16":"purchasable","17":"product-type-variable"},"_links":{"self":[{"href":"https:\/\/keluvo.com\/se\/wp-json\/wp\/v2\/product\/8842","targetHints":{"allow":["GET"]}}],"collection":[{"href":"https:\/\/keluvo.com\/se\/wp-json\/wp\/v2\/product"}],"about":[{"href":"https:\/\/keluvo.com\/se\/wp-json\/wp\/v2\/types\/product"}],"replies":[{"embeddable":true,"href":"https:\/\/keluvo.com\/se\/wp-json\/wp\/v2\/comments?post=8842"}],"wp:featuredmedia":[{"embeddable":true,"href":"https:\/\/keluvo.com\/se\/wp-json\/wp\/v2\/media\/8838"}],"wp:attachment":[{"href":"https:\/\/keluvo.com\/se\/wp-json\/wp\/v2\/media?parent=8842"}],"wp:term":[{"taxonomy":"product_brand","embeddable":true,"href":"https:\/\/keluvo.com\/se\/wp-json\/wp\/v2\/product_brand?post=8842"},{"taxonomy":"product_cat","embeddable":true,"href":"https:\/\/keluvo.com\/se\/wp-json\/wp\/v2\/product_cat?post=8842"},{"taxonomy":"product_tag","embeddable":true,"href":"https:\/\/keluvo.com\/se\/wp-json\/wp\/v2\/product_tag?post=8842"}],"curies":[{"name":"wp","href":"https:\/\/api.w.org\/{rel}","templated":true}]}}