{"id":8836,"date":"2025-04-07T15:04:02","date_gmt":"2025-04-07T13:04:02","guid":{"rendered":"https:\/\/keluvo.com\/se\/product\/grytfat-i-emalj\/"},"modified":"2025-04-09T14:06:44","modified_gmt":"2025-04-09T12:06:44","slug":"grytfat-i-emalj-1","status":"publish","type":"product","link":"https:\/\/keluvo.com\/se\/product\/grytfat-i-emalj-1\/","title":{"rendered":"Grytfat i emalj"},"content":{"rendered":"<h2 style=\"text-align: center;\"><strong>Slitstark Och L\u00e4tt Att Reng\u00f6ra<\/strong><\/h2>\n<p style=\"text-align: center;\">Grytsetet i emalj har en sl\u00e4t emaljyta som \u00e4r motst\u00e5ndskraftig mot fl\u00e4ckar och l\u00e4tt att reng\u00f6ra. Dess robusta design garanterar l\u00e5ngvarig anv\u00e4ndning, \u00e4ven vid daglig matlagning. Njut av problemfritt underh\u00e5ll medan du lagar uts\u00f6kta m\u00e5ltider till din familj.<\/p>\n<p><img decoding=\"async\" class=\"alignnone size-medium wp-image-11079 aligncenter\" src=\"https:\/\/keluvo.com\/template\/wp-content\/uploads\/sites\/5\/2025\/02\/S551efe93f8294f63b101594f0b7254a4e.jpg_960x960q75.jpg_.jpeg\" alt=\"\" \/><\/p>\n<h2 style=\"text-align: center;\"><strong>J\u00e4mn Uppv\u00e4rmning F\u00f6r Perfekta Resultat<\/strong><\/h2>\n<p style=\"text-align: center;\">Med en platt bas f\u00f6r snabb v\u00e4rmeledning och j\u00e4mn uppv\u00e4rmning garanterar detta emaljgrytset j\u00e4mnt tillagade m\u00e5ltider. Det \u00e4r perfekt f\u00f6r soppor, s\u00e5ser och delikata r\u00e4tter som sm\u00e4ltande choklad och hj\u00e4lper dig att uppn\u00e5 perfekta resultat varje g\u00e5ng.<\/p>\n<p><img decoding=\"async\" class=\"alignnone size-medium wp-image-11070 aligncenter\" src=\"https:\/\/keluvo.com\/template\/wp-content\/uploads\/sites\/5\/2025\/02\/S11bab6023a004530af72286e59c5ce4fk.jpg_960x960q75.jpg_.jpeg\" alt=\"\" \/><\/p>\n","protected":false},"excerpt":{"rendered":"<p>Slitstark Och L\u00e4tt Att Reng\u00f6ra Grytsetet i emalj har en sl\u00e4t emaljyta som \u00e4r motst\u00e5ndskraftig mot fl\u00e4ckar och l\u00e4tt att [&hellip;]<\/p>\n","protected":false},"featured_media":8832,"comment_status":"open","ping_status":"closed","template":"","meta":{"site-sidebar-layout":"default","site-content-layout":"","ast-site-content-layout":"default","site-content-style":"default","site-sidebar-style":"default","ast-global-header-display":"","ast-banner-title-visibility":"","ast-main-header-display":"","ast-hfb-above-header-display":"","ast-hfb-below-header-display":"","ast-hfb-mobile-header-display":"","site-post-title":"","ast-breadcrumbs-content":"","ast-featured-img":"","footer-sml-layout":"","theme-transparent-header-meta":"default","adv-header-id-meta":"","stick-header-meta":"","header-above-stick-meta":"","header-main-stick-meta":"","header-below-stick-meta":"","astra-migrate-meta-layouts":"set","ast-page-background-enabled":"default","ast-page-background-meta":{"desktop":{"background-color":"var(--ast-global-color-4)","background-image":"","background-repeat":"repeat","background-position":"center center","background-size":"auto","background-attachment":"scroll","background-type":"","background-media":"","overlay-type":"","overlay-color":"","overlay-opacity":"","overlay-gradient":""},"tablet":{"background-color":"","background-image":"","background-repeat":"repeat","background-position":"center center","background-size":"auto","background-attachment":"scroll","background-type":"","background-media":"","overlay-type":"","overlay-color":"","overlay-opacity":"","overlay-gradient":""},"mobile":{"background-color":"","background-image":"","background-repeat":"repeat","background-position":"center center","background-size":"auto","background-attachment":"scroll","background-type":"","background-media":"","overlay-type":"","overlay-color":"","overlay-opacity":"","overlay-gradient":""}},"ast-content-background-meta":{"desktop":{"background-color":"var(--ast-global-color-5)","background-image":"","background-repeat":"repeat","background-position":"center center","background-size":"auto","background-attachment":"scroll","background-type":"","background-media":"","overlay-type":"","overlay-color":"","overlay-opacity":"","overlay-gradient":""},"tablet":{"background-color":"var(--ast-global-color-5)","background-image":"","background-repeat":"repeat","background-position":"center center","background-size":"auto","background-attachment":"scroll","background-type":"","background-media":"","overlay-type":"","overlay-color":"","overlay-opacity":"","overlay-gradient":""},"mobile":{"background-color":"var(--ast-global-color-5)","background-image":"","background-repeat":"repeat","background-position":"center center","background-size":"auto","background-attachment":"scroll","background-type":"","background-media":"","overlay-type":"","overlay-color":"","overlay-opacity":"","overlay-gradient":""}}},"product_brand":[],"product_cat":[1001],"product_tag":[],"class_list":{"0":"post-8836","1":"product","2":"type-product","3":"status-publish","4":"has-post-thumbnail","6":"product_cat-household-goods","7":"desktop-align-left","8":"tablet-align-left","9":"mobile-align-left","11":"first","12":"instock","13":"shipping-taxable","14":"purchasable","15":"product-type-simple"},"_links":{"self":[{"href":"https:\/\/keluvo.com\/se\/wp-json\/wp\/v2\/product\/8836","targetHints":{"allow":["GET"]}}],"collection":[{"href":"https:\/\/keluvo.com\/se\/wp-json\/wp\/v2\/product"}],"about":[{"href":"https:\/\/keluvo.com\/se\/wp-json\/wp\/v2\/types\/product"}],"replies":[{"embeddable":true,"href":"https:\/\/keluvo.com\/se\/wp-json\/wp\/v2\/comments?post=8836"}],"wp:featuredmedia":[{"embeddable":true,"href":"https:\/\/keluvo.com\/se\/wp-json\/wp\/v2\/media\/8832"}],"wp:attachment":[{"href":"https:\/\/keluvo.com\/se\/wp-json\/wp\/v2\/media?parent=8836"}],"wp:term":[{"taxonomy":"product_brand","embeddable":true,"href":"https:\/\/keluvo.com\/se\/wp-json\/wp\/v2\/product_brand?post=8836"},{"taxonomy":"product_cat","embeddable":true,"href":"https:\/\/keluvo.com\/se\/wp-json\/wp\/v2\/product_cat?post=8836"},{"taxonomy":"product_tag","embeddable":true,"href":"https:\/\/keluvo.com\/se\/wp-json\/wp\/v2\/product_tag?post=8836"}],"curies":[{"name":"wp","href":"https:\/\/api.w.org\/{rel}","templated":true}]}}