{"id":8794,"date":"2025-04-07T14:56:37","date_gmt":"2025-04-07T12:56:37","guid":{"rendered":"https:\/\/keluvo.com\/se\/product\/bordslampa-naughty-boy\/"},"modified":"2025-04-07T14:58:05","modified_gmt":"2025-04-07T12:58:05","slug":"bordslampa-naughty-boy","status":"publish","type":"product","link":"https:\/\/keluvo.com\/se\/product\/bordslampa-naughty-boy\/","title":{"rendered":"Bordslampa Naughty boy"},"content":{"rendered":"<h2 style=\"text-align: center\"><strong>Mjuk Och Mysig Belysning<\/strong><\/h2>\n<p style=\"text-align: center\">Bordslampan Naughty Boy ger ett mjukt LED-ljus, vilket g\u00f6r den perfekt f\u00f6r kv\u00e4llsl\u00e4sning eller s\u00e4ngg\u00e5ende. Den hj\u00e4lper till att skapa en varm och avkopplande atmosf\u00e4r och h\u00e5ller m\u00f6rkret borta. Ett utm\u00e4rkt val f\u00f6r b\u00e5de barn och vuxna.<\/p>\n<p><img decoding=\"async\" class=\"alignnone size-medium wp-image-10301 aligncenter\" src=\"https:\/\/keluvo.com\/template\/wp-content\/uploads\/sites\/5\/2025\/02\/Secca1ccb54c5454e9db1863a0a55745bK.jpg_960x960q75.jpg_.jpeg\" alt=\"\" \/><\/p>\n<h2 style=\"text-align: center\"><strong>Rolig Och Snygg Design<\/strong><\/h2>\n<p style=\"text-align: center\">Med sitt unika och lekfulla utseende tillf\u00f6r bordslampan Naughty Boy charm till alla rum. Den fungerar b\u00e5de som en funktionell lampa och ett dekorativt f\u00f6rem\u00e5l. En perfekt present till barn, v\u00e4nner eller alla som \u00e4lskar kreativ design.<\/p>\n<p style=\"text-align: center\"><img decoding=\"async\" class=\"alignnone size-medium wp-image-10297\" src=\"https:\/\/keluvo.com\/template\/wp-content\/uploads\/sites\/5\/2025\/02\/Sc0093d2969ec45c3bf1ed1a767be49b9J.jpg_960x960q75.jpg_.jpeg\" alt=\"\" \/><\/p>\n","protected":false},"excerpt":{"rendered":"<p>Mjuk Och Mysig Belysning Bordslampan Naughty Boy ger ett mjukt LED-ljus, vilket g\u00f6r den perfekt f\u00f6r kv\u00e4llsl\u00e4sning eller s\u00e4ngg\u00e5ende. Den [&hellip;]<\/p>\n","protected":false},"featured_media":8790,"comment_status":"open","ping_status":"closed","template":"","meta":{"site-sidebar-layout":"default","site-content-layout":"","ast-site-content-layout":"default","site-content-style":"default","site-sidebar-style":"default","ast-global-header-display":"","ast-banner-title-visibility":"","ast-main-header-display":"","ast-hfb-above-header-display":"","ast-hfb-below-header-display":"","ast-hfb-mobile-header-display":"","site-post-title":"","ast-breadcrumbs-content":"","ast-featured-img":"","footer-sml-layout":"","theme-transparent-header-meta":"default","adv-header-id-meta":"","stick-header-meta":"","header-above-stick-meta":"","header-main-stick-meta":"","header-below-stick-meta":"","astra-migrate-meta-layouts":"set","ast-page-background-enabled":"default","ast-page-background-meta":{"desktop":{"background-color":"var(--ast-global-color-4)","background-image":"","background-repeat":"repeat","background-position":"center center","background-size":"auto","background-attachment":"scroll","background-type":"","background-media":"","overlay-type":"","overlay-color":"","overlay-opacity":"","overlay-gradient":""},"tablet":{"background-color":"","background-image":"","background-repeat":"repeat","background-position":"center center","background-size":"auto","background-attachment":"scroll","background-type":"","background-media":"","overlay-type":"","overlay-color":"","overlay-opacity":"","overlay-gradient":""},"mobile":{"background-color":"","background-image":"","background-repeat":"repeat","background-position":"center center","background-size":"auto","background-attachment":"scroll","background-type":"","background-media":"","overlay-type":"","overlay-color":"","overlay-opacity":"","overlay-gradient":""}},"ast-content-background-meta":{"desktop":{"background-color":"var(--ast-global-color-5)","background-image":"","background-repeat":"repeat","background-position":"center center","background-size":"auto","background-attachment":"scroll","background-type":"","background-media":"","overlay-type":"","overlay-color":"","overlay-opacity":"","overlay-gradient":""},"tablet":{"background-color":"var(--ast-global-color-5)","background-image":"","background-repeat":"repeat","background-position":"center center","background-size":"auto","background-attachment":"scroll","background-type":"","background-media":"","overlay-type":"","overlay-color":"","overlay-opacity":"","overlay-gradient":""},"mobile":{"background-color":"var(--ast-global-color-5)","background-image":"","background-repeat":"repeat","background-position":"center center","background-size":"auto","background-attachment":"scroll","background-type":"","background-media":"","overlay-type":"","overlay-color":"","overlay-opacity":"","overlay-gradient":""}}},"product_brand":[],"product_cat":[1001],"product_tag":[],"class_list":{"0":"post-8794","1":"product","2":"type-product","3":"status-publish","4":"has-post-thumbnail","6":"product_cat-household-goods","7":"pa_39933_mljefe3g-bla","8":"pa_39933_mljefe3g-gul","9":"pa_39933_mljefe3g-rod","10":"pa_39933_mljefe3g-svart","11":"pa_39933_mljefe3g-vit","12":"desktop-align-left","13":"tablet-align-left","14":"mobile-align-left","16":"first","17":"instock","18":"shipping-taxable","19":"purchasable","20":"product-type-variable"},"_links":{"self":[{"href":"https:\/\/keluvo.com\/se\/wp-json\/wp\/v2\/product\/8794","targetHints":{"allow":["GET"]}}],"collection":[{"href":"https:\/\/keluvo.com\/se\/wp-json\/wp\/v2\/product"}],"about":[{"href":"https:\/\/keluvo.com\/se\/wp-json\/wp\/v2\/types\/product"}],"replies":[{"embeddable":true,"href":"https:\/\/keluvo.com\/se\/wp-json\/wp\/v2\/comments?post=8794"}],"wp:featuredmedia":[{"embeddable":true,"href":"https:\/\/keluvo.com\/se\/wp-json\/wp\/v2\/media\/8790"}],"wp:attachment":[{"href":"https:\/\/keluvo.com\/se\/wp-json\/wp\/v2\/media?parent=8794"}],"wp:term":[{"taxonomy":"product_brand","embeddable":true,"href":"https:\/\/keluvo.com\/se\/wp-json\/wp\/v2\/product_brand?post=8794"},{"taxonomy":"product_cat","embeddable":true,"href":"https:\/\/keluvo.com\/se\/wp-json\/wp\/v2\/product_cat?post=8794"},{"taxonomy":"product_tag","embeddable":true,"href":"https:\/\/keluvo.com\/se\/wp-json\/wp\/v2\/product_tag?post=8794"}],"curies":[{"name":"wp","href":"https:\/\/api.w.org\/{rel}","templated":true}]}}