{"id":8688,"date":"2025-04-04T17:57:01","date_gmt":"2025-04-04T15:57:01","guid":{"rendered":"https:\/\/keluvo.com\/se\/product\/magnetiskt-dorrlas\/"},"modified":"2025-08-28T13:16:22","modified_gmt":"2025-08-28T10:16:22","slug":"magnetiskt-dorrlas","status":"publish","type":"product","link":"https:\/\/keluvo.com\/se\/product\/magnetiskt-dorrlas\/","title":{"rendered":"Magnetiskt d\u00f6rrl\u00e5s"},"content":{"rendered":"<h2 style=\"text-align: center\" data-start=\"0\" data-end=\"26\"><strong>Starkt Magnetiskt Grepp<\/strong><\/h2>\n<p class=\"\" style=\"text-align: center\" data-start=\"27\" data-end=\"229\">Det magnetiska d\u00f6rrl\u00e5set \u00e4r ett s\u00e4kert och tillf\u00f6rlitligt s\u00e4tt att h\u00e5lla d\u00f6rrar st\u00e4ngda. De starka magneterna ger ett fast grepp och f\u00f6rhindrar oavsiktliga \u00f6ppningar. Perfekt f\u00f6r sk\u00e5p, garderober och andra m\u00f6bler.<\/p>\n<p data-start=\"27\" data-end=\"229\"><img decoding=\"async\" class=\"alignnone size-medium wp-image-13065 aligncenter\" src=\"https:\/\/keluvo.com\/template\/wp-content\/uploads\/sites\/5\/2025\/03\/62bd76df-646d-4644-86ab-36e856941a63.webp\" alt=\"\" \/><\/p>\n<h2 style=\"text-align: center\" data-start=\"231\" data-end=\"252\"><strong>L\u00e4tt Att Installera<\/strong><\/h2>\n<p class=\"\" style=\"text-align: center\" data-start=\"253\" data-end=\"453\">Det h\u00e4r magnetiska d\u00f6rrl\u00e5set levereras med skruvar f\u00f6r snabb och enkel installation. Inget behov av komplicerade verktyg &#8211; f\u00e4st det bara p\u00e5 din d\u00f6rr eller sk\u00e5p f\u00f6r omedelbar anv\u00e4ndning. Perfekt f\u00f6r hem- och kontorsinst\u00e4llningar.<\/p>\n<p data-start=\"253\" data-end=\"453\"><img decoding=\"async\" class=\"alignnone size-medium wp-image-13075 aligncenter\" src=\"https:\/\/keluvo.com\/template\/wp-content\/uploads\/sites\/5\/2025\/03\/WhatsApp-Image-2025-03-28-at-10.41.24_22547dc3.jpg\" alt=\"\" \/><\/p>\n","protected":false},"excerpt":{"rendered":"<p>Starkt Magnetiskt Grepp Det magnetiska d\u00f6rrl\u00e5set \u00e4r ett s\u00e4kert och tillf\u00f6rlitligt s\u00e4tt att h\u00e5lla d\u00f6rrar st\u00e4ngda. De starka magneterna ger [&hellip;]<\/p>\n","protected":false},"featured_media":8684,"comment_status":"open","ping_status":"closed","template":"","meta":{"site-sidebar-layout":"default","site-content-layout":"","ast-site-content-layout":"default","site-content-style":"default","site-sidebar-style":"default","ast-global-header-display":"","ast-banner-title-visibility":"","ast-main-header-display":"","ast-hfb-above-header-display":"","ast-hfb-below-header-display":"","ast-hfb-mobile-header-display":"","site-post-title":"","ast-breadcrumbs-content":"","ast-featured-img":"","footer-sml-layout":"","theme-transparent-header-meta":"default","adv-header-id-meta":"","stick-header-meta":"","header-above-stick-meta":"","header-main-stick-meta":"","header-below-stick-meta":"","astra-migrate-meta-layouts":"set","ast-page-background-enabled":"default","ast-page-background-meta":{"desktop":{"background-color":"var(--ast-global-color-4)","background-image":"","background-repeat":"repeat","background-position":"center center","background-size":"auto","background-attachment":"scroll","background-type":"","background-media":"","overlay-type":"","overlay-color":"","overlay-opacity":"","overlay-gradient":""},"tablet":{"background-color":"","background-image":"","background-repeat":"repeat","background-position":"center center","background-size":"auto","background-attachment":"scroll","background-type":"","background-media":"","overlay-type":"","overlay-color":"","overlay-opacity":"","overlay-gradient":""},"mobile":{"background-color":"","background-image":"","background-repeat":"repeat","background-position":"center center","background-size":"auto","background-attachment":"scroll","background-type":"","background-media":"","overlay-type":"","overlay-color":"","overlay-opacity":"","overlay-gradient":""}},"ast-content-background-meta":{"desktop":{"background-color":"var(--ast-global-color-5)","background-image":"","background-repeat":"repeat","background-position":"center center","background-size":"auto","background-attachment":"scroll","background-type":"","background-media":"","overlay-type":"","overlay-color":"","overlay-opacity":"","overlay-gradient":""},"tablet":{"background-color":"var(--ast-global-color-5)","background-image":"","background-repeat":"repeat","background-position":"center center","background-size":"auto","background-attachment":"scroll","background-type":"","background-media":"","overlay-type":"","overlay-color":"","overlay-opacity":"","overlay-gradient":""},"mobile":{"background-color":"var(--ast-global-color-5)","background-image":"","background-repeat":"repeat","background-position":"center center","background-size":"auto","background-attachment":"scroll","background-type":"","background-media":"","overlay-type":"","overlay-color":"","overlay-opacity":"","overlay-gradient":""}}},"product_brand":[],"product_cat":[1001],"product_tag":[],"class_list":{"0":"post-8688","1":"product","2":"type-product","3":"status-publish","4":"has-post-thumbnail","6":"product_cat-household-goods","7":"pa_21470_1l19k550-guld","8":"pa_21470_1l19k550-silver","9":"pa_21470_1l19k550-svart","10":"desktop-align-left","11":"tablet-align-left","12":"mobile-align-left","14":"first","15":"instock","16":"shipping-taxable","17":"purchasable","18":"product-type-variable"},"_links":{"self":[{"href":"https:\/\/keluvo.com\/se\/wp-json\/wp\/v2\/product\/8688","targetHints":{"allow":["GET"]}}],"collection":[{"href":"https:\/\/keluvo.com\/se\/wp-json\/wp\/v2\/product"}],"about":[{"href":"https:\/\/keluvo.com\/se\/wp-json\/wp\/v2\/types\/product"}],"replies":[{"embeddable":true,"href":"https:\/\/keluvo.com\/se\/wp-json\/wp\/v2\/comments?post=8688"}],"wp:featuredmedia":[{"embeddable":true,"href":"https:\/\/keluvo.com\/se\/wp-json\/wp\/v2\/media\/8684"}],"wp:attachment":[{"href":"https:\/\/keluvo.com\/se\/wp-json\/wp\/v2\/media?parent=8688"}],"wp:term":[{"taxonomy":"product_brand","embeddable":true,"href":"https:\/\/keluvo.com\/se\/wp-json\/wp\/v2\/product_brand?post=8688"},{"taxonomy":"product_cat","embeddable":true,"href":"https:\/\/keluvo.com\/se\/wp-json\/wp\/v2\/product_cat?post=8688"},{"taxonomy":"product_tag","embeddable":true,"href":"https:\/\/keluvo.com\/se\/wp-json\/wp\/v2\/product_tag?post=8688"}],"curies":[{"name":"wp","href":"https:\/\/api.w.org\/{rel}","templated":true}]}}