{"id":8683,"date":"2025-04-04T17:55:49","date_gmt":"2025-04-04T15:55:49","guid":{"rendered":"https:\/\/keluvo.com\/se\/product\/harlow-vindsnurra\/"},"modified":"2025-09-13T13:32:20","modified_gmt":"2025-09-13T10:32:20","slug":"harlow-vindsnurra","status":"publish","type":"product","link":"https:\/\/keluvo.com\/se\/product\/harlow-vindsnurra\/","title":{"rendered":"Harlow vindsnurra"},"content":{"rendered":"<h2 style=\"text-align: center\" data-start=\"0\" data-end=\"33\">Vacker Tr\u00e4dg\u00e5rdsdekoration<\/h2>\n<p class=\"\" style=\"text-align: center\" data-start=\"34\" data-end=\"245\">Harlow vindsnurra ger en elegant touch till alla tr\u00e4dg\u00e5rdar och g\u00e5rdar. Dess 3D-design skapar en fascinerande snurrande effekt n\u00e4r vinden bl\u00e5ser. Detta i\u00f6gonfallande f\u00f6rem\u00e5l ger r\u00f6relse och charm till utomhusutrymmen.<\/p>\n<p data-start=\"34\" data-end=\"245\"><img decoding=\"async\" class=\"alignnone size-medium wp-image-13048 aligncenter\" src=\"https:\/\/keluvo.com\/template\/wp-content\/uploads\/sites\/5\/2025\/03\/S4725018c9f6649b9afd4caa65049cc9co.jpg_960x960q75.jpg_.jpeg\" alt=\"\" \/><\/p>\n<h2 style=\"text-align: center\" data-start=\"247\" data-end=\"272\">Vinddriven R\u00f6relse<\/h2>\n<p class=\"\" style=\"text-align: center\" data-start=\"273\" data-end=\"529\">Designad f\u00f6r att snurra med vinden, r\u00f6r sig harlow wind spinner smidigt utan att beh\u00f6va el. Dess balanserade design g\u00f6r att den kan rotera utan anstr\u00e4ngning, vilket skapar en lugnande och avslappnande effekt. Njut av att se den snurra som en naturlig vinddriven dekoration.<\/p>\n<p data-start=\"273\" data-end=\"529\"><img decoding=\"async\" class=\"alignnone size-medium wp-image-13047 aligncenter\" src=\"https:\/\/keluvo.com\/template\/wp-content\/uploads\/sites\/5\/2025\/03\/S5083bf37707f42b3a8be081369412259A.jpg_960x960q75.jpg_.jpeg\" alt=\"\" \/><\/p>\n","protected":false},"excerpt":{"rendered":"<p>Vacker Tr\u00e4dg\u00e5rdsdekoration Harlow vindsnurra ger en elegant touch till alla tr\u00e4dg\u00e5rdar och g\u00e5rdar. Dess 3D-design skapar en fascinerande snurrande effekt [&hellip;]<\/p>\n","protected":false},"featured_media":8679,"comment_status":"open","ping_status":"closed","template":"","meta":{"site-sidebar-layout":"default","site-content-layout":"","ast-site-content-layout":"default","site-content-style":"default","site-sidebar-style":"default","ast-global-header-display":"","ast-banner-title-visibility":"","ast-main-header-display":"","ast-hfb-above-header-display":"","ast-hfb-below-header-display":"","ast-hfb-mobile-header-display":"","site-post-title":"","ast-breadcrumbs-content":"","ast-featured-img":"","footer-sml-layout":"","theme-transparent-header-meta":"default","adv-header-id-meta":"","stick-header-meta":"","header-above-stick-meta":"","header-main-stick-meta":"","header-below-stick-meta":"","astra-migrate-meta-layouts":"set","ast-page-background-enabled":"default","ast-page-background-meta":{"desktop":{"background-color":"var(--ast-global-color-4)","background-image":"","background-repeat":"repeat","background-position":"center center","background-size":"auto","background-attachment":"scroll","background-type":"","background-media":"","overlay-type":"","overlay-color":"","overlay-opacity":"","overlay-gradient":""},"tablet":{"background-color":"","background-image":"","background-repeat":"repeat","background-position":"center center","background-size":"auto","background-attachment":"scroll","background-type":"","background-media":"","overlay-type":"","overlay-color":"","overlay-opacity":"","overlay-gradient":""},"mobile":{"background-color":"","background-image":"","background-repeat":"repeat","background-position":"center center","background-size":"auto","background-attachment":"scroll","background-type":"","background-media":"","overlay-type":"","overlay-color":"","overlay-opacity":"","overlay-gradient":""}},"ast-content-background-meta":{"desktop":{"background-color":"var(--ast-global-color-5)","background-image":"","background-repeat":"repeat","background-position":"center center","background-size":"auto","background-attachment":"scroll","background-type":"","background-media":"","overlay-type":"","overlay-color":"","overlay-opacity":"","overlay-gradient":""},"tablet":{"background-color":"var(--ast-global-color-5)","background-image":"","background-repeat":"repeat","background-position":"center center","background-size":"auto","background-attachment":"scroll","background-type":"","background-media":"","overlay-type":"","overlay-color":"","overlay-opacity":"","overlay-gradient":""},"mobile":{"background-color":"var(--ast-global-color-5)","background-image":"","background-repeat":"repeat","background-position":"center center","background-size":"auto","background-attachment":"scroll","background-type":"","background-media":"","overlay-type":"","overlay-color":"","overlay-opacity":"","overlay-gradient":""}}},"product_brand":[],"product_cat":[993],"product_tag":[],"class_list":{"0":"post-8683","1":"product","2":"type-product","3":"status-publish","4":"has-post-thumbnail","6":"product_cat-footwear-accessories","7":"desktop-align-left","8":"tablet-align-left","9":"mobile-align-left","11":"first","12":"instock","13":"shipping-taxable","14":"purchasable","15":"product-type-variable"},"_links":{"self":[{"href":"https:\/\/keluvo.com\/se\/wp-json\/wp\/v2\/product\/8683","targetHints":{"allow":["GET"]}}],"collection":[{"href":"https:\/\/keluvo.com\/se\/wp-json\/wp\/v2\/product"}],"about":[{"href":"https:\/\/keluvo.com\/se\/wp-json\/wp\/v2\/types\/product"}],"replies":[{"embeddable":true,"href":"https:\/\/keluvo.com\/se\/wp-json\/wp\/v2\/comments?post=8683"}],"wp:featuredmedia":[{"embeddable":true,"href":"https:\/\/keluvo.com\/se\/wp-json\/wp\/v2\/media\/8679"}],"wp:attachment":[{"href":"https:\/\/keluvo.com\/se\/wp-json\/wp\/v2\/media?parent=8683"}],"wp:term":[{"taxonomy":"product_brand","embeddable":true,"href":"https:\/\/keluvo.com\/se\/wp-json\/wp\/v2\/product_brand?post=8683"},{"taxonomy":"product_cat","embeddable":true,"href":"https:\/\/keluvo.com\/se\/wp-json\/wp\/v2\/product_cat?post=8683"},{"taxonomy":"product_tag","embeddable":true,"href":"https:\/\/keluvo.com\/se\/wp-json\/wp\/v2\/product_tag?post=8683"}],"curies":[{"name":"wp","href":"https:\/\/api.w.org\/{rel}","templated":true}]}}