{"id":8645,"date":"2025-04-04T17:00:19","date_gmt":"2025-04-04T15:00:19","guid":{"rendered":"https:\/\/keluvo.com\/se\/product\/glodande-stenar\/"},"modified":"2025-09-01T12:42:50","modified_gmt":"2025-09-01T09:42:50","slug":"glodande-stenar","status":"publish","type":"product","link":"https:\/\/keluvo.com\/se\/product\/glodande-stenar\/","title":{"rendered":"Gl\u00f6dande stenar"},"content":{"rendered":"<h2 style=\"text-align: center\"><strong>S\u00e4kra Och H\u00e5llbara Material<\/strong><\/h2>\n<p style=\"text-align: center\">Gl\u00f6dstenar \u00e4r tillverkade av giftfritt, luktfritt harts och sj\u00e4lvlysande pulver, vilket garanterar s\u00e4kerhet f\u00f6r anv\u00e4ndning runt v\u00e4xter, husdjur och m\u00e4nniskor. Deras sl\u00e4ta kanter f\u00f6rhindrar repor och deras h\u00e5llbara design g\u00f6r att de kan lysa vackert i \u00f6ver 15 \u00e5r. Perfekt f\u00f6r alla kreativa eller dekorativa projekt.<\/p>\n<p><img decoding=\"async\" class=\"alignnone size-medium wp-image-9186 aligncenter\" src=\"https:\/\/keluvo.com\/template\/wp-content\/uploads\/sites\/5\/2025\/01\/Sb8b848b622f143d88dbfce2783415ff1m.jpg_960x960q75.jpg_.jpeg\" alt=\"\" \/><\/p>\n<h2 style=\"text-align: center\"><strong>Fantastisk Gl\u00f6d I M\u00f6rkret<\/strong><\/h2>\n<p style=\"text-align: center\">Dessa gl\u00f6dstenar absorberar energi fr\u00e5n solljus eller artificiellt ljus och avger en mjuk gl\u00f6d i m\u00f6rkret i 3-6 timmar. Stenarna laddas enkelt upp n\u00e4r de uts\u00e4tts f\u00f6r ljus, vilket skapar en magisk effekt i g\u00e5ngar, tr\u00e4dg\u00e5rdar, akvarier och andra utrymmen. Ju m\u00f6rkare milj\u00f6n \u00e4r, desto starkare lyser de.<\/p>\n<p><img decoding=\"async\" class=\"alignnone size-medium wp-image-9193 aligncenter\" src=\"https:\/\/keluvo.com\/template\/wp-content\/uploads\/sites\/5\/2025\/01\/Sd09e689231184f779dab3e58dd6f8369l.jpg_960x960q75.jpg_.jpeg\" alt=\"\" \/><\/p>\n","protected":false},"excerpt":{"rendered":"<p>S\u00e4kra Och H\u00e5llbara Material Gl\u00f6dstenar \u00e4r tillverkade av giftfritt, luktfritt harts och sj\u00e4lvlysande pulver, vilket garanterar s\u00e4kerhet f\u00f6r anv\u00e4ndning runt [&hellip;]<\/p>\n","protected":false},"featured_media":8641,"comment_status":"open","ping_status":"closed","template":"","meta":{"site-sidebar-layout":"default","site-content-layout":"","ast-site-content-layout":"default","site-content-style":"default","site-sidebar-style":"default","ast-global-header-display":"","ast-banner-title-visibility":"","ast-main-header-display":"","ast-hfb-above-header-display":"","ast-hfb-below-header-display":"","ast-hfb-mobile-header-display":"","site-post-title":"","ast-breadcrumbs-content":"","ast-featured-img":"","footer-sml-layout":"","theme-transparent-header-meta":"default","adv-header-id-meta":"","stick-header-meta":"","header-above-stick-meta":"","header-main-stick-meta":"","header-below-stick-meta":"","astra-migrate-meta-layouts":"set","ast-page-background-enabled":"default","ast-page-background-meta":{"desktop":{"background-color":"var(--ast-global-color-4)","background-image":"","background-repeat":"repeat","background-position":"center center","background-size":"auto","background-attachment":"scroll","background-type":"","background-media":"","overlay-type":"","overlay-color":"","overlay-opacity":"","overlay-gradient":""},"tablet":{"background-color":"","background-image":"","background-repeat":"repeat","background-position":"center center","background-size":"auto","background-attachment":"scroll","background-type":"","background-media":"","overlay-type":"","overlay-color":"","overlay-opacity":"","overlay-gradient":""},"mobile":{"background-color":"","background-image":"","background-repeat":"repeat","background-position":"center center","background-size":"auto","background-attachment":"scroll","background-type":"","background-media":"","overlay-type":"","overlay-color":"","overlay-opacity":"","overlay-gradient":""}},"ast-content-background-meta":{"desktop":{"background-color":"var(--ast-global-color-5)","background-image":"","background-repeat":"repeat","background-position":"center center","background-size":"auto","background-attachment":"scroll","background-type":"","background-media":"","overlay-type":"","overlay-color":"","overlay-opacity":"","overlay-gradient":""},"tablet":{"background-color":"var(--ast-global-color-5)","background-image":"","background-repeat":"repeat","background-position":"center center","background-size":"auto","background-attachment":"scroll","background-type":"","background-media":"","overlay-type":"","overlay-color":"","overlay-opacity":"","overlay-gradient":""},"mobile":{"background-color":"var(--ast-global-color-5)","background-image":"","background-repeat":"repeat","background-position":"center center","background-size":"auto","background-attachment":"scroll","background-type":"","background-media":"","overlay-type":"","overlay-color":"","overlay-opacity":"","overlay-gradient":""}}},"product_brand":[],"product_cat":[993],"product_tag":[],"class_list":{"0":"post-8645","1":"product","2":"type-product","3":"status-publish","4":"has-post-thumbnail","6":"product_cat-footwear-accessories","7":"pa_44295_14sc0up9-bla","8":"pa_44295_14sc0up9-multicolor","9":"pa_44295_14sc0up9-vit","10":"desktop-align-left","11":"tablet-align-left","12":"mobile-align-left","14":"first","15":"instock","16":"shipping-taxable","17":"purchasable","18":"product-type-variable"},"_links":{"self":[{"href":"https:\/\/keluvo.com\/se\/wp-json\/wp\/v2\/product\/8645","targetHints":{"allow":["GET"]}}],"collection":[{"href":"https:\/\/keluvo.com\/se\/wp-json\/wp\/v2\/product"}],"about":[{"href":"https:\/\/keluvo.com\/se\/wp-json\/wp\/v2\/types\/product"}],"replies":[{"embeddable":true,"href":"https:\/\/keluvo.com\/se\/wp-json\/wp\/v2\/comments?post=8645"}],"wp:featuredmedia":[{"embeddable":true,"href":"https:\/\/keluvo.com\/se\/wp-json\/wp\/v2\/media\/8641"}],"wp:attachment":[{"href":"https:\/\/keluvo.com\/se\/wp-json\/wp\/v2\/media?parent=8645"}],"wp:term":[{"taxonomy":"product_brand","embeddable":true,"href":"https:\/\/keluvo.com\/se\/wp-json\/wp\/v2\/product_brand?post=8645"},{"taxonomy":"product_cat","embeddable":true,"href":"https:\/\/keluvo.com\/se\/wp-json\/wp\/v2\/product_cat?post=8645"},{"taxonomy":"product_tag","embeddable":true,"href":"https:\/\/keluvo.com\/se\/wp-json\/wp\/v2\/product_tag?post=8645"}],"curies":[{"name":"wp","href":"https:\/\/api.w.org\/{rel}","templated":true}]}}