{"id":8640,"date":"2025-04-04T16:59:55","date_gmt":"2025-04-04T14:59:55","guid":{"rendered":"https:\/\/keluvo.com\/se\/product\/sittdyna-i-gele\/"},"modified":"2025-09-13T15:48:32","modified_gmt":"2025-09-13T12:48:32","slug":"sittdyna-i-gele","status":"publish","type":"product","link":"https:\/\/keluvo.com\/se\/product\/sittdyna-i-gele\/","title":{"rendered":"Sittdyna i gel\u00e9"},"content":{"rendered":"<h2 style=\"text-align: center;\" data-start=\"0\" data-end=\"34\"><strong>Bekv\u00e4mt Och Mjukt St\u00f6d<\/strong><\/h2>\n<p style=\"text-align: center;\" data-start=\"35\" data-end=\"261\">Sittdynan i gel \u00e4r utformad f\u00f6r att ge extra komfort n\u00e4r du sitter l\u00e5nga stunder. Det mjuka gelmaterialet hj\u00e4lper till att minska trycket p\u00e5 nedre delen av ryggen och h\u00f6fterna. Den formar sig efter din kropp och ger dig en b\u00e4ttre sittupplevelse.<\/p>\n<p data-start=\"35\" data-end=\"261\"><img decoding=\"async\" class=\"alignnone size-medium wp-image-12519 aligncenter\" src=\"https:\/\/keluvo.com\/template\/wp-content\/uploads\/sites\/5\/2025\/03\/S242566b5783f424c8c866589b3dc914ao.jpg_960x960q75.jpg_.jpeg\" alt=\"\" \/><\/p>\n<h2 style=\"text-align: center;\" data-start=\"263\" data-end=\"295\"><strong>Andningsaktiv Och Sval Design<\/strong><\/h2>\n<p style=\"text-align: center;\" data-start=\"296\" data-end=\"537\">Med en speciell bikakestruktur l\u00e5ter gelsitsdynan luft str\u00f6mma igenom och h\u00e5ller dig sval. Den f\u00f6rhindrar v\u00e4rmeuppbyggnad, vilket g\u00f6r den perfekt f\u00f6r anv\u00e4ndning under alla \u00e5rstider. H\u00e5ll dig bekv\u00e4m oavsett om du \u00e4r hemma, p\u00e5 kontoret eller i bilen.<\/p>\n<p style=\"text-align: center;\" data-start=\"296\" data-end=\"537\"><img decoding=\"async\" class=\"alignnone size-medium wp-image-12515\" src=\"https:\/\/keluvo.com\/template\/wp-content\/uploads\/sites\/5\/2025\/03\/52a0ae44-9a41-4138-97a3-5cdad038a8cb.webp\" alt=\"\" \/><\/p>\n","protected":false},"excerpt":{"rendered":"<p>Bekv\u00e4mt Och Mjukt St\u00f6d Sittdynan i gel \u00e4r utformad f\u00f6r att ge extra komfort n\u00e4r du sitter l\u00e5nga stunder. Det [&hellip;]<\/p>\n","protected":false},"featured_media":8636,"comment_status":"open","ping_status":"closed","template":"","meta":{"site-sidebar-layout":"default","site-content-layout":"","ast-site-content-layout":"default","site-content-style":"default","site-sidebar-style":"default","ast-global-header-display":"","ast-banner-title-visibility":"","ast-main-header-display":"","ast-hfb-above-header-display":"","ast-hfb-below-header-display":"","ast-hfb-mobile-header-display":"","site-post-title":"","ast-breadcrumbs-content":"","ast-featured-img":"","footer-sml-layout":"","theme-transparent-header-meta":"default","adv-header-id-meta":"","stick-header-meta":"","header-above-stick-meta":"","header-main-stick-meta":"","header-below-stick-meta":"","astra-migrate-meta-layouts":"set","ast-page-background-enabled":"default","ast-page-background-meta":{"desktop":{"background-color":"var(--ast-global-color-4)","background-image":"","background-repeat":"repeat","background-position":"center center","background-size":"auto","background-attachment":"scroll","background-type":"","background-media":"","overlay-type":"","overlay-color":"","overlay-opacity":"","overlay-gradient":""},"tablet":{"background-color":"","background-image":"","background-repeat":"repeat","background-position":"center center","background-size":"auto","background-attachment":"scroll","background-type":"","background-media":"","overlay-type":"","overlay-color":"","overlay-opacity":"","overlay-gradient":""},"mobile":{"background-color":"","background-image":"","background-repeat":"repeat","background-position":"center center","background-size":"auto","background-attachment":"scroll","background-type":"","background-media":"","overlay-type":"","overlay-color":"","overlay-opacity":"","overlay-gradient":""}},"ast-content-background-meta":{"desktop":{"background-color":"var(--ast-global-color-5)","background-image":"","background-repeat":"repeat","background-position":"center center","background-size":"auto","background-attachment":"scroll","background-type":"","background-media":"","overlay-type":"","overlay-color":"","overlay-opacity":"","overlay-gradient":""},"tablet":{"background-color":"var(--ast-global-color-5)","background-image":"","background-repeat":"repeat","background-position":"center center","background-size":"auto","background-attachment":"scroll","background-type":"","background-media":"","overlay-type":"","overlay-color":"","overlay-opacity":"","overlay-gradient":""},"mobile":{"background-color":"var(--ast-global-color-5)","background-image":"","background-repeat":"repeat","background-position":"center center","background-size":"auto","background-attachment":"scroll","background-type":"","background-media":"","overlay-type":"","overlay-color":"","overlay-opacity":"","overlay-gradient":""}}},"product_brand":[],"product_cat":[993],"product_tag":[],"class_list":{"0":"post-8640","1":"product","2":"type-product","3":"status-publish","4":"has-post-thumbnail","6":"product_cat-footwear-accessories","7":"desktop-align-left","8":"tablet-align-left","9":"mobile-align-left","11":"first","12":"instock","13":"shipping-taxable","14":"purchasable","15":"product-type-simple"},"_links":{"self":[{"href":"https:\/\/keluvo.com\/se\/wp-json\/wp\/v2\/product\/8640","targetHints":{"allow":["GET"]}}],"collection":[{"href":"https:\/\/keluvo.com\/se\/wp-json\/wp\/v2\/product"}],"about":[{"href":"https:\/\/keluvo.com\/se\/wp-json\/wp\/v2\/types\/product"}],"replies":[{"embeddable":true,"href":"https:\/\/keluvo.com\/se\/wp-json\/wp\/v2\/comments?post=8640"}],"wp:featuredmedia":[{"embeddable":true,"href":"https:\/\/keluvo.com\/se\/wp-json\/wp\/v2\/media\/8636"}],"wp:attachment":[{"href":"https:\/\/keluvo.com\/se\/wp-json\/wp\/v2\/media?parent=8640"}],"wp:term":[{"taxonomy":"product_brand","embeddable":true,"href":"https:\/\/keluvo.com\/se\/wp-json\/wp\/v2\/product_brand?post=8640"},{"taxonomy":"product_cat","embeddable":true,"href":"https:\/\/keluvo.com\/se\/wp-json\/wp\/v2\/product_cat?post=8640"},{"taxonomy":"product_tag","embeddable":true,"href":"https:\/\/keluvo.com\/se\/wp-json\/wp\/v2\/product_tag?post=8640"}],"curies":[{"name":"wp","href":"https:\/\/api.w.org\/{rel}","templated":true}]}}