{"id":8621,"date":"2025-04-04T16:59:28","date_gmt":"2025-04-04T14:59:28","guid":{"rendered":"https:\/\/keluvo.com\/se\/product\/sladdlost-hopprep\/"},"modified":"2025-08-27T11:46:28","modified_gmt":"2025-08-27T08:46:28","slug":"sladdlost-hopprep","status":"publish","type":"product","link":"https:\/\/keluvo.com\/se\/product\/sladdlost-hopprep\/","title":{"rendered":"Sladdl\u00f6st hopprep"},"content":{"rendered":"<h2 style=\"text-align: center\"><strong>F\u00f6lj Dina Tr\u00e4ningsframsteg<\/strong><\/h2>\n<p style=\"text-align: center\">Det sladdl\u00f6sa hopprepet har en LCD-display som visar vikt, tidtagning, antal och f\u00f6rbr\u00e4nda kalorier. Detta g\u00f6r det enkelt att \u00f6vervaka dina tr\u00e4ningspass och h\u00e5lla dig motiverad n\u00e4r du arbetar mot dina fitnessm\u00e5l.<\/p>\n<p><img decoding=\"async\" class=\"alignnone size-medium wp-image-5320 aligncenter\" src=\"https:\/\/keluvo.com\/template\/wp-content\/uploads\/sites\/5\/2024\/12\/S1d907f75a2c3422ab1bbb8f78f993cd9I.jpg_960x960q75.jpg_.webp\" \/><\/p>\n<h2 style=\"text-align: center\"><strong>B\u00e4rbar Och Trasselfri<\/strong><\/h2>\n<p style=\"text-align: center\">Med sin repfria design \u00e4r det sladdl\u00f6sa hopprepet perfekt f\u00f6r inomhus- och utomhusbruk. Dess kompakta storlek g\u00f6r att du kan ta med den \u00f6verallt, vilket g\u00f6r den idealisk f\u00f6r tr\u00e4ning hemma, p\u00e5 gymmet eller p\u00e5 spr\u00e5ng.<\/p>\n<p><img decoding=\"async\" class=\"alignnone size-medium wp-image-5313 aligncenter\" src=\"https:\/\/keluvo.com\/template\/wp-content\/uploads\/sites\/5\/2024\/12\/fc6dd4f6-75ec-4495-b0b6-d1a37cd900e0.webp\" alt=\"\" \/><\/p>\n","protected":false},"excerpt":{"rendered":"<p>F\u00f6lj Dina Tr\u00e4ningsframsteg Det sladdl\u00f6sa hopprepet har en LCD-display som visar vikt, tidtagning, antal och f\u00f6rbr\u00e4nda kalorier. Detta g\u00f6r det [&hellip;]<\/p>\n","protected":false},"featured_media":8617,"comment_status":"open","ping_status":"closed","template":"","meta":{"site-sidebar-layout":"default","site-content-layout":"","ast-site-content-layout":"default","site-content-style":"default","site-sidebar-style":"default","ast-global-header-display":"","ast-banner-title-visibility":"","ast-main-header-display":"","ast-hfb-above-header-display":"","ast-hfb-below-header-display":"","ast-hfb-mobile-header-display":"","site-post-title":"","ast-breadcrumbs-content":"","ast-featured-img":"","footer-sml-layout":"","theme-transparent-header-meta":"default","adv-header-id-meta":"","stick-header-meta":"","header-above-stick-meta":"","header-main-stick-meta":"","header-below-stick-meta":"","astra-migrate-meta-layouts":"set","ast-page-background-enabled":"default","ast-page-background-meta":{"desktop":{"background-color":"var(--ast-global-color-4)","background-image":"","background-repeat":"repeat","background-position":"center center","background-size":"auto","background-attachment":"scroll","background-type":"","background-media":"","overlay-type":"","overlay-color":"","overlay-opacity":"","overlay-gradient":""},"tablet":{"background-color":"","background-image":"","background-repeat":"repeat","background-position":"center center","background-size":"auto","background-attachment":"scroll","background-type":"","background-media":"","overlay-type":"","overlay-color":"","overlay-opacity":"","overlay-gradient":""},"mobile":{"background-color":"","background-image":"","background-repeat":"repeat","background-position":"center center","background-size":"auto","background-attachment":"scroll","background-type":"","background-media":"","overlay-type":"","overlay-color":"","overlay-opacity":"","overlay-gradient":""}},"ast-content-background-meta":{"desktop":{"background-color":"var(--ast-global-color-5)","background-image":"","background-repeat":"repeat","background-position":"center center","background-size":"auto","background-attachment":"scroll","background-type":"","background-media":"","overlay-type":"","overlay-color":"","overlay-opacity":"","overlay-gradient":""},"tablet":{"background-color":"var(--ast-global-color-5)","background-image":"","background-repeat":"repeat","background-position":"center center","background-size":"auto","background-attachment":"scroll","background-type":"","background-media":"","overlay-type":"","overlay-color":"","overlay-opacity":"","overlay-gradient":""},"mobile":{"background-color":"var(--ast-global-color-5)","background-image":"","background-repeat":"repeat","background-position":"center center","background-size":"auto","background-attachment":"scroll","background-type":"","background-media":"","overlay-type":"","overlay-color":"","overlay-opacity":"","overlay-gradient":""}}},"product_brand":[],"product_cat":[991],"product_tag":[],"class_list":{"0":"post-8621","1":"product","2":"type-product","3":"status-publish","4":"has-post-thumbnail","6":"product_cat-health-care-supplies","7":"pa_38124_5phd33pm-bla","8":"pa_38124_5phd33pm-ljusgron","9":"pa_38124_5phd33pm-rosa","10":"pa_38124_5phd33pm-rosa-vit","11":"pa_38124_5phd33pm-svart","12":"pa_38124_5phd33pm-svart-gron","13":"pa_38124_5phd33pm-svart-vit","14":"desktop-align-left","15":"tablet-align-left","16":"mobile-align-left","18":"first","19":"instock","20":"shipping-taxable","21":"purchasable","22":"product-type-variable"},"_links":{"self":[{"href":"https:\/\/keluvo.com\/se\/wp-json\/wp\/v2\/product\/8621","targetHints":{"allow":["GET"]}}],"collection":[{"href":"https:\/\/keluvo.com\/se\/wp-json\/wp\/v2\/product"}],"about":[{"href":"https:\/\/keluvo.com\/se\/wp-json\/wp\/v2\/types\/product"}],"replies":[{"embeddable":true,"href":"https:\/\/keluvo.com\/se\/wp-json\/wp\/v2\/comments?post=8621"}],"wp:featuredmedia":[{"embeddable":true,"href":"https:\/\/keluvo.com\/se\/wp-json\/wp\/v2\/media\/8617"}],"wp:attachment":[{"href":"https:\/\/keluvo.com\/se\/wp-json\/wp\/v2\/media?parent=8621"}],"wp:term":[{"taxonomy":"product_brand","embeddable":true,"href":"https:\/\/keluvo.com\/se\/wp-json\/wp\/v2\/product_brand?post=8621"},{"taxonomy":"product_cat","embeddable":true,"href":"https:\/\/keluvo.com\/se\/wp-json\/wp\/v2\/product_cat?post=8621"},{"taxonomy":"product_tag","embeddable":true,"href":"https:\/\/keluvo.com\/se\/wp-json\/wp\/v2\/product_tag?post=8621"}],"curies":[{"name":"wp","href":"https:\/\/api.w.org\/{rel}","templated":true}]}}