{"id":8601,"date":"2025-04-04T16:58:38","date_gmt":"2025-04-04T14:58:38","guid":{"rendered":"https:\/\/keluvo.com\/se\/product\/dampning-i-innersulan-pa-halen\/"},"modified":"2025-04-15T19:40:12","modified_gmt":"2025-04-15T17:40:12","slug":"dampning-i-innersulan-pa-halen-1","status":"publish","type":"product","link":"https:\/\/keluvo.com\/se\/product\/dampning-i-innersulan-pa-halen-1\/","title":{"rendered":"D\u00e4mpning i innersulan p\u00e5 h\u00e4len"},"content":{"rendered":"<h2 style=\"text-align: center;\" data-start=\"0\" data-end=\"29\"><strong>Extra Komfort F\u00f6r H\u00e4lar<\/strong><\/h2>\n<p class=\"\" style=\"text-align: center;\" data-start=\"30\" data-end=\"242\">H\u00e4lkudden ger mjuk stoppning f\u00f6r att minska trycket p\u00e5 dina h\u00e4lar. Det hj\u00e4lper till att f\u00f6rhindra bl\u00e5sor och obehag n\u00e4r du b\u00e4r h\u00f6ga klackar under l\u00e5nga timmar. Njut av b\u00e4ttre st\u00f6d och komfort f\u00f6r varje steg.<\/p>\n<p data-start=\"30\" data-end=\"242\"><img decoding=\"async\" class=\"alignnone size-medium wp-image-13142 aligncenter\" src=\"https:\/\/keluvo.com\/template\/wp-content\/uploads\/sites\/5\/2025\/04\/Se8b13f5b8ff740a69a2a58c1cf59a4d64.jpg_960x960q75.jpg_.jpeg\" alt=\"\" \/><\/p>\n<h2 style=\"text-align: center;\" data-start=\"244\" data-end=\"274\"><strong>S\u00e4ker Och Halkfri Passform<\/strong><\/h2>\n<p class=\"\" style=\"text-align: center;\" data-start=\"275\" data-end=\"471\">Den h\u00e4r kudden till h\u00e4lsulan \u00e4r utformad f\u00f6r att sitta p\u00e5 plats och h\u00e5ller skon stadigt p\u00e5 plats. Den f\u00f6rhindrar att h\u00e4larna glider ut, vilket g\u00f6r det enklare och bekv\u00e4mare att g\u00e5. Perfekt f\u00f6r l\u00f6st sittande skor.<\/p>\n<p data-start=\"275\" data-end=\"471\"><img decoding=\"async\" class=\"alignnone size-medium wp-image-13140 aligncenter\" src=\"https:\/\/keluvo.com\/template\/wp-content\/uploads\/sites\/5\/2025\/04\/Sb82b2c55c6534ce99bd6511ffe46a7b0g.jpg_960x960q75.jpg_.jpeg\" alt=\"\" \/><\/p>\n","protected":false},"excerpt":{"rendered":"<p>Extra Komfort F\u00f6r H\u00e4lar H\u00e4lkudden ger mjuk stoppning f\u00f6r att minska trycket p\u00e5 dina h\u00e4lar. Det hj\u00e4lper till att f\u00f6rhindra [&hellip;]<\/p>\n","protected":false},"featured_media":8597,"comment_status":"open","ping_status":"closed","template":"","meta":{"site-sidebar-layout":"default","site-content-layout":"","ast-site-content-layout":"default","site-content-style":"default","site-sidebar-style":"default","ast-global-header-display":"","ast-banner-title-visibility":"","ast-main-header-display":"","ast-hfb-above-header-display":"","ast-hfb-below-header-display":"","ast-hfb-mobile-header-display":"","site-post-title":"","ast-breadcrumbs-content":"","ast-featured-img":"","footer-sml-layout":"","theme-transparent-header-meta":"default","adv-header-id-meta":"","stick-header-meta":"","header-above-stick-meta":"","header-main-stick-meta":"","header-below-stick-meta":"","astra-migrate-meta-layouts":"set","ast-page-background-enabled":"default","ast-page-background-meta":{"desktop":{"background-color":"var(--ast-global-color-4)","background-image":"","background-repeat":"repeat","background-position":"center center","background-size":"auto","background-attachment":"scroll","background-type":"","background-media":"","overlay-type":"","overlay-color":"","overlay-opacity":"","overlay-gradient":""},"tablet":{"background-color":"","background-image":"","background-repeat":"repeat","background-position":"center center","background-size":"auto","background-attachment":"scroll","background-type":"","background-media":"","overlay-type":"","overlay-color":"","overlay-opacity":"","overlay-gradient":""},"mobile":{"background-color":"","background-image":"","background-repeat":"repeat","background-position":"center center","background-size":"auto","background-attachment":"scroll","background-type":"","background-media":"","overlay-type":"","overlay-color":"","overlay-opacity":"","overlay-gradient":""}},"ast-content-background-meta":{"desktop":{"background-color":"var(--ast-global-color-5)","background-image":"","background-repeat":"repeat","background-position":"center center","background-size":"auto","background-attachment":"scroll","background-type":"","background-media":"","overlay-type":"","overlay-color":"","overlay-opacity":"","overlay-gradient":""},"tablet":{"background-color":"var(--ast-global-color-5)","background-image":"","background-repeat":"repeat","background-position":"center center","background-size":"auto","background-attachment":"scroll","background-type":"","background-media":"","overlay-type":"","overlay-color":"","overlay-opacity":"","overlay-gradient":""},"mobile":{"background-color":"var(--ast-global-color-5)","background-image":"","background-repeat":"repeat","background-position":"center center","background-size":"auto","background-attachment":"scroll","background-type":"","background-media":"","overlay-type":"","overlay-color":"","overlay-opacity":"","overlay-gradient":""}}},"product_brand":[],"product_cat":[993],"product_tag":[],"class_list":{"0":"post-8601","1":"product","2":"type-product","3":"status-publish","4":"has-post-thumbnail","6":"product_cat-footwear-accessories","7":"pa_31906_glt9zmh8-beige","8":"pa_31906_glt9zmh8-rosa","9":"pa_31906_glt9zmh8-svart","10":"desktop-align-left","11":"tablet-align-left","12":"mobile-align-left","14":"first","15":"instock","16":"shipping-taxable","17":"purchasable","18":"product-type-variable"},"_links":{"self":[{"href":"https:\/\/keluvo.com\/se\/wp-json\/wp\/v2\/product\/8601","targetHints":{"allow":["GET"]}}],"collection":[{"href":"https:\/\/keluvo.com\/se\/wp-json\/wp\/v2\/product"}],"about":[{"href":"https:\/\/keluvo.com\/se\/wp-json\/wp\/v2\/types\/product"}],"replies":[{"embeddable":true,"href":"https:\/\/keluvo.com\/se\/wp-json\/wp\/v2\/comments?post=8601"}],"wp:featuredmedia":[{"embeddable":true,"href":"https:\/\/keluvo.com\/se\/wp-json\/wp\/v2\/media\/8597"}],"wp:attachment":[{"href":"https:\/\/keluvo.com\/se\/wp-json\/wp\/v2\/media?parent=8601"}],"wp:term":[{"taxonomy":"product_brand","embeddable":true,"href":"https:\/\/keluvo.com\/se\/wp-json\/wp\/v2\/product_brand?post=8601"},{"taxonomy":"product_cat","embeddable":true,"href":"https:\/\/keluvo.com\/se\/wp-json\/wp\/v2\/product_cat?post=8601"},{"taxonomy":"product_tag","embeddable":true,"href":"https:\/\/keluvo.com\/se\/wp-json\/wp\/v2\/product_tag?post=8601"}],"curies":[{"name":"wp","href":"https:\/\/api.w.org\/{rel}","templated":true}]}}