{"id":8558,"date":"2025-04-03T16:10:48","date_gmt":"2025-04-03T14:10:48","guid":{"rendered":"https:\/\/keluvo.com\/se\/product\/knivslipningssats-2\/"},"modified":"2025-06-19T14:12:34","modified_gmt":"2025-06-19T12:12:34","slug":"knivslipningssats-2","status":"publish","type":"product","link":"https:\/\/keluvo.com\/se\/product\/knivslipningssats-2\/","title":{"rendered":"Knivslipningssats"},"content":{"rendered":"<h2 style=\"text-align: center;\">Perfekt f\u00f6r Nyb\u00f6rjare<\/h2>\n<p style=\"text-align: center;\" data-start=\"108\" data-end=\"303\"><span class=\"relative -mx-px my-[-0.2rem] rounded px-px py-[0.2rem]\">Tr\u00f6tt p\u00e5 att k\u00e4mpa med sl\u00f6a knivar?<\/span> <span class=\"relative -mx-px my-[-0.2rem] rounded px-px py-[0.2rem]\">V\u00e5rt knivslipningskit g\u00f6r slipningen enkel f\u00f6r alla.<\/span> <span class=\"relative -mx-px my-[-0.2rem] rounded px-px py-[0.2rem]\">Med sin rullmekanism glider du bara rullen \u00f6ver bladet &#8211; ingen r\u00f6ra, el eller vatten beh\u00f6vs.<\/span> <span class=\"relative -mx-px my-[-0.2rem] rounded px-px py-[0.2rem]\">Dina knivar kommer att bli som nya med minimal anstr\u00e4ngning.<\/span><\/p>\n<p data-start=\"108\" data-end=\"303\"><img decoding=\"async\" class=\"alignnone size-medium wp-image-12319 aligncenter\" src=\"https:\/\/keluvo.com\/template\/wp-content\/uploads\/sites\/5\/2024\/11\/knife-sharpener-process-1.gif\" alt=\"\" \/><\/p>\n<h2 style=\"text-align: center;\" data-start=\"305\" data-end=\"363\">Diamantbelagda Skivor i Tv\u00e5 Steg f\u00f6r en Knivskarp Kant<\/h2>\n<p style=\"text-align: center;\" data-start=\"365\" data-end=\"446\"><span class=\"relative -mx-px my-[-0.2rem] rounded px-px py-[0.2rem]\">V\u00e5r knivslip \u00e4r tillverkad av premiummaterial och har diamantbelagda skivor i tv\u00e5 kornniv\u00e5er:<\/span>\u200b<\/p>\n<ul style=\"text-align: center;\" data-start=\"448\" data-end=\"649\">\n<li data-start=\"448\" data-end=\"546\">\n<p data-start=\"450\" data-end=\"546\"><strong data-start=\"450\" data-end=\"463\">400# Grit<\/strong>: <span class=\"relative -mx-px my-[-0.2rem] rounded px-px py-[0.2rem]\">Perfekt f\u00f6r inledande slipning, den omformar effektivt tr\u00e5kiga kanter.<\/span>\u200b<\/p>\n<\/li>\n<li data-start=\"548\" data-end=\"649\">\n<p data-start=\"550\" data-end=\"649\"><strong data-start=\"550\" data-end=\"564\">1000# Grit<\/strong>: <span class=\"relative -mx-px my-[-0.2rem] rounded px-px py-[0.2rem]\">Denna kombination s\u00e4kerst\u00e4ller varaktig sk\u00e4rpa och h\u00e5llbarhet f\u00f6r dina knivar.<\/span>\u200b<span style=\"font-size: 16px;\">\u200b<\/span><\/p>\n<\/li>\n<\/ul>\n<p style=\"text-align: center;\" data-start=\"651\" data-end=\"736\">\u200b<\/p>\n<h2 style=\"text-align: center;\" data-start=\"651\" data-end=\"736\">Olika Vinklar f\u00f6r Olika Snitt<\/h2>\n<p style=\"text-align: center;\" data-start=\"651\" data-end=\"736\">Beroende p\u00e5 vilken typ av knivar du har kanske du vill njuta av ett finare och skarpare snitt. D\u00e4rf\u00f6r levereras v\u00e5r produkt med tv\u00e5 vinklar. Den ena sidan har en <b>20\u00b0 vinkel <\/b>och den andra \u00e4r en <b>15\u00b0 vinkel.<\/b><\/p>\n<p data-start=\"651\" data-end=\"736\"><img decoding=\"async\" class=\"size-medium wp-image-12321 aligncenter\" src=\"https:\/\/keluvo.com\/template\/wp-content\/uploads\/sites\/5\/2024\/11\/main-image-2-2.jpeg\" alt=\"\" \/><\/p>\n<h2 style=\"text-align: center;\" data-start=\"651\" data-end=\"736\">Extremt L\u00e4tt att Anv\u00e4nda<\/h2>\n<p style=\"text-align: center;\" data-start=\"651\" data-end=\"736\">H\u00e4r \u00e4r varf\u00f6r alla enkelt kan anv\u00e4nda v\u00e5rt knivslipningskit.<\/p>\n<ul>\n<li style=\"text-align: center;\" data-start=\"651\" data-end=\"736\">Det har ett <strong>rolling handle<\/strong>. Det finns inget extra arbete inblandat. \u200b<\/li>\n<li style=\"text-align: center;\" data-start=\"651\" data-end=\"736\">Vinkeltillbeh\u00f6rets bas \u00e4r <strong>non-slip<\/strong>, vilket inneb\u00e4r att du inte beh\u00f6ver be n\u00e5gon annan person att h\u00e5lla den p\u00e5 plats \u00e5t dig medan du slipar kniven.<\/li>\n<\/ul>\n<p><img decoding=\"async\" class=\"size-medium wp-image-12313 aligncenter\" src=\"https:\/\/keluvo.com\/template\/wp-content\/uploads\/sites\/5\/2024\/11\/KnifeSharpenerVideo-ezgif.com-video-to-gif-converter.gif\" alt=\"\" \/><\/p>\n<p>&nbsp;<\/p>\n","protected":false},"excerpt":{"rendered":"<p>Perfekt f\u00f6r Nyb\u00f6rjare Tr\u00f6tt p\u00e5 att k\u00e4mpa med sl\u00f6a knivar? V\u00e5rt knivslipningskit g\u00f6r slipningen enkel f\u00f6r alla. Med sin rullmekanism [&hellip;]<\/p>\n","protected":false},"featured_media":8554,"comment_status":"open","ping_status":"closed","template":"","meta":{"site-sidebar-layout":"default","site-content-layout":"","ast-site-content-layout":"default","site-content-style":"default","site-sidebar-style":"default","ast-global-header-display":"","ast-banner-title-visibility":"","ast-main-header-display":"","ast-hfb-above-header-display":"","ast-hfb-below-header-display":"","ast-hfb-mobile-header-display":"","site-post-title":"","ast-breadcrumbs-content":"","ast-featured-img":"","footer-sml-layout":"","theme-transparent-header-meta":"default","adv-header-id-meta":"","stick-header-meta":"","header-above-stick-meta":"","header-main-stick-meta":"","header-below-stick-meta":"","astra-migrate-meta-layouts":"set","ast-page-background-enabled":"default","ast-page-background-meta":{"desktop":{"background-color":"var(--ast-global-color-4)","background-image":"","background-repeat":"repeat","background-position":"center center","background-size":"auto","background-attachment":"scroll","background-type":"","background-media":"","overlay-type":"","overlay-color":"","overlay-opacity":"","overlay-gradient":""},"tablet":{"background-color":"","background-image":"","background-repeat":"repeat","background-position":"center center","background-size":"auto","background-attachment":"scroll","background-type":"","background-media":"","overlay-type":"","overlay-color":"","overlay-opacity":"","overlay-gradient":""},"mobile":{"background-color":"","background-image":"","background-repeat":"repeat","background-position":"center center","background-size":"auto","background-attachment":"scroll","background-type":"","background-media":"","overlay-type":"","overlay-color":"","overlay-opacity":"","overlay-gradient":""}},"ast-content-background-meta":{"desktop":{"background-color":"var(--ast-global-color-5)","background-image":"","background-repeat":"repeat","background-position":"center center","background-size":"auto","background-attachment":"scroll","background-type":"","background-media":"","overlay-type":"","overlay-color":"","overlay-opacity":"","overlay-gradient":""},"tablet":{"background-color":"var(--ast-global-color-5)","background-image":"","background-repeat":"repeat","background-position":"center center","background-size":"auto","background-attachment":"scroll","background-type":"","background-media":"","overlay-type":"","overlay-color":"","overlay-opacity":"","overlay-gradient":""},"mobile":{"background-color":"var(--ast-global-color-5)","background-image":"","background-repeat":"repeat","background-position":"center center","background-size":"auto","background-attachment":"scroll","background-type":"","background-media":"","overlay-type":"","overlay-color":"","overlay-opacity":"","overlay-gradient":""}}},"product_brand":[],"product_cat":[1001],"product_tag":[],"class_list":{"0":"post-8558","1":"product","2":"type-product","3":"status-publish","4":"has-post-thumbnail","6":"product_cat-household-goods","7":"pa_15874_9dxe2we8-rod","8":"pa_15874_9dxe2we8-svart","9":"desktop-align-left","10":"tablet-align-left","11":"mobile-align-left","13":"first","14":"instock","15":"shipping-taxable","16":"purchasable","17":"product-type-simple"},"_links":{"self":[{"href":"https:\/\/keluvo.com\/se\/wp-json\/wp\/v2\/product\/8558","targetHints":{"allow":["GET"]}}],"collection":[{"href":"https:\/\/keluvo.com\/se\/wp-json\/wp\/v2\/product"}],"about":[{"href":"https:\/\/keluvo.com\/se\/wp-json\/wp\/v2\/types\/product"}],"replies":[{"embeddable":true,"href":"https:\/\/keluvo.com\/se\/wp-json\/wp\/v2\/comments?post=8558"}],"wp:featuredmedia":[{"embeddable":true,"href":"https:\/\/keluvo.com\/se\/wp-json\/wp\/v2\/media\/8554"}],"wp:attachment":[{"href":"https:\/\/keluvo.com\/se\/wp-json\/wp\/v2\/media?parent=8558"}],"wp:term":[{"taxonomy":"product_brand","embeddable":true,"href":"https:\/\/keluvo.com\/se\/wp-json\/wp\/v2\/product_brand?post=8558"},{"taxonomy":"product_cat","embeddable":true,"href":"https:\/\/keluvo.com\/se\/wp-json\/wp\/v2\/product_cat?post=8558"},{"taxonomy":"product_tag","embeddable":true,"href":"https:\/\/keluvo.com\/se\/wp-json\/wp\/v2\/product_tag?post=8558"}],"curies":[{"name":"wp","href":"https:\/\/api.w.org\/{rel}","templated":true}]}}