{"id":8536,"date":"2025-04-02T14:04:20","date_gmt":"2025-04-02T12:04:20","guid":{"rendered":"https:\/\/keluvo.com\/se\/product\/larm-for-fiske\/"},"modified":"2025-04-07T09:00:10","modified_gmt":"2025-04-07T07:00:10","slug":"larm-for-fiske","status":"publish","type":"product","link":"https:\/\/keluvo.com\/se\/product\/larm-for-fiske\/","title":{"rendered":"Fiskelarm"},"content":{"rendered":"<h2 style=\"text-align: center;\" data-start=\"62\" data-end=\"100\">\ud83d\udee0\ufe0f Enkel installation f\u00f6r alla sportfiskare<\/h2>\n<p class=\"\" style=\"text-align: center;\" data-start=\"101\" data-end=\"220\">F\u00e4st larmet p\u00e5 ditt fiskesp\u00f6, linda linan runt rotorn och sl\u00e5 p\u00e5 larmet. Oavsett om du \u00e4r nyb\u00f6rjare eller erfaren fiskare f\u00f6renklar larmet uppt\u00e4ckten av napp.<\/p>\n<p class=\"\" style=\"text-align: center;\" data-start=\"101\" data-end=\"220\"><img decoding=\"async\" class=\"alignnone size-medium wp-image-13280\" src=\"https:\/\/keluvo.com\/template\/wp-content\/uploads\/sites\/5\/2025\/03\/fishingalarmvideo-ezgif.com-gif-to-webp-converter.webp\" alt=\"\" \/>\u200b<\/p>\n<h2 style=\"text-align: center;\" data-start=\"227\" data-end=\"266\">\ud83c\udf26\ufe0f P\u00e5litlig i alla milj\u00f6er<\/h2>\n<p class=\"\" style=\"text-align: center;\" data-start=\"267\" data-end=\"386\">Utrustad med en k\u00e4nslig, f\u00f6rst\u00e4rkt fj\u00e4der minimerar larmet falsklarm fr\u00e5n mindre vattenr\u00f6relser eller vindar. Perfekt f\u00f6r olika fiskescenarier, inklusive natt-, distans-, havs-, sj\u00f6- och flodfiske.<\/p>\n<p class=\"\" style=\"text-align: center;\" data-start=\"267\" data-end=\"386\"><img decoding=\"async\" class=\"alignnone size-medium wp-image-13279\" src=\"https:\/\/keluvo.com\/template\/wp-content\/uploads\/sites\/5\/2025\/03\/710GWa7g1bL._AC_SL1500_.jpg\" alt=\"\" \/>\u200b<\/p>\n<h2 style=\"text-align: center;\" data-start=\"393\" data-end=\"427\">\ud83d\udd0a H\u00f6rbara &amp; visuella varningar<\/h2>\n<p class=\"\" style=\"text-align: center;\" data-start=\"428\" data-end=\"547\">Med ett h\u00f6gt larm och en ljus LED-indikator f\u00e5r du omedelbart meddelande om fiskaktivitet, s\u00e5 att du aldrig missar en potentiell f\u00e5ngst. Perfekt f\u00f6r nattfiske eller f\u00f6r personer med nedsatt h\u00f6rsel.<\/p>\n<p class=\"\" style=\"text-align: center;\" data-start=\"428\" data-end=\"547\"><img decoding=\"async\" class=\"alignnone size-medium wp-image-13278\" src=\"https:\/\/keluvo.com\/template\/wp-content\/uploads\/sites\/5\/2025\/03\/7194keC7tRL._AC_SL1500_.jpg\" alt=\"\" \/>\u200b<\/p>\n<h2 style=\"text-align: center;\" data-start=\"554\" data-end=\"593\">\ud83d\udd0b Ut\u00f6kad batteritid<\/h2>\n<p class=\"\" style=\"text-align: center;\" data-start=\"594\" data-end=\"677\">Larmet drivs av tre LR44\/AG13-batterier och har h\u00e5ller ungef\u00e4r ett \u00e5rs anv\u00e4ndning n\u00e4r det \u00e4r avst\u00e4ngt mellan sessionerna, vilket m\u00f6jligg\u00f6r l\u00e5ngvariga, bekymmersfria fiske\u00e4ventyr.\u200b<\/p>\n<h2 style=\"text-align: center;\" data-start=\"684\" data-end=\"698\">\u2753 Vanliga fr\u00e5gor<\/h2>\n<p class=\"\" style=\"text-align: center;\" data-start=\"700\" data-end=\"832\"><strong>Hur f\u00e4sts larmet p\u00e5 sp\u00f6et?<\/strong><br \/>\nDet f\u00e4sts s\u00e4kert p\u00e5 olika sp\u00f6storlekar med en halkfri silikonpackning.<\/p>\n<p class=\"\" style=\"text-align: center;\" data-start=\"834\" data-end=\"962\"><strong>\u00c4r det l\u00e4mpligt f\u00f6r nattfiske?<\/strong><br \/>\nAbsolut! Den ljusa LED-indikatorn s\u00e4kerst\u00e4ller synlighet i svagt ljus.\u200b<\/p>\n<p class=\"\" style=\"text-align: center;\" data-start=\"964\" data-end=\"1105\"><strong>Kan det klara olika v\u00e4derf\u00f6rh\u00e5llanden?<\/strong><br \/>\nJa, larmet \u00e4r utformat f\u00f6r att fungera effektivt i olika milj\u00f6er, fr\u00e5n lugna sj\u00f6ar till bl\u00e5siga hav.<\/p>\n","protected":false},"excerpt":{"rendered":"<p>\ud83d\udee0\ufe0f Enkel installation f\u00f6r alla sportfiskare F\u00e4st larmet p\u00e5 ditt fiskesp\u00f6, linda linan runt rotorn och sl\u00e5 p\u00e5 larmet. Oavsett [&hellip;]<\/p>\n","protected":false},"featured_media":8532,"comment_status":"open","ping_status":"closed","template":"","meta":{"site-sidebar-layout":"default","site-content-layout":"","ast-site-content-layout":"default","site-content-style":"default","site-sidebar-style":"default","ast-global-header-display":"","ast-banner-title-visibility":"","ast-main-header-display":"","ast-hfb-above-header-display":"","ast-hfb-below-header-display":"","ast-hfb-mobile-header-display":"","site-post-title":"","ast-breadcrumbs-content":"","ast-featured-img":"","footer-sml-layout":"","theme-transparent-header-meta":"default","adv-header-id-meta":"","stick-header-meta":"","header-above-stick-meta":"","header-main-stick-meta":"","header-below-stick-meta":"","astra-migrate-meta-layouts":"set","ast-page-background-enabled":"default","ast-page-background-meta":{"desktop":{"background-color":"var(--ast-global-color-4)","background-image":"","background-repeat":"repeat","background-position":"center center","background-size":"auto","background-attachment":"scroll","background-type":"","background-media":"","overlay-type":"","overlay-color":"","overlay-opacity":"","overlay-gradient":""},"tablet":{"background-color":"","background-image":"","background-repeat":"repeat","background-position":"center center","background-size":"auto","background-attachment":"scroll","background-type":"","background-media":"","overlay-type":"","overlay-color":"","overlay-opacity":"","overlay-gradient":""},"mobile":{"background-color":"","background-image":"","background-repeat":"repeat","background-position":"center center","background-size":"auto","background-attachment":"scroll","background-type":"","background-media":"","overlay-type":"","overlay-color":"","overlay-opacity":"","overlay-gradient":""}},"ast-content-background-meta":{"desktop":{"background-color":"var(--ast-global-color-5)","background-image":"","background-repeat":"repeat","background-position":"center center","background-size":"auto","background-attachment":"scroll","background-type":"","background-media":"","overlay-type":"","overlay-color":"","overlay-opacity":"","overlay-gradient":""},"tablet":{"background-color":"var(--ast-global-color-5)","background-image":"","background-repeat":"repeat","background-position":"center center","background-size":"auto","background-attachment":"scroll","background-type":"","background-media":"","overlay-type":"","overlay-color":"","overlay-opacity":"","overlay-gradient":""},"mobile":{"background-color":"var(--ast-global-color-5)","background-image":"","background-repeat":"repeat","background-position":"center center","background-size":"auto","background-attachment":"scroll","background-type":"","background-media":"","overlay-type":"","overlay-color":"","overlay-opacity":"","overlay-gradient":""}}},"product_brand":[],"product_cat":[993],"product_tag":[],"class_list":{"0":"post-8536","1":"product","2":"type-product","3":"status-publish","4":"has-post-thumbnail","6":"product_cat-footwear-accessories","7":"desktop-align-left","8":"tablet-align-left","9":"mobile-align-left","11":"first","12":"instock","13":"shipping-taxable","14":"purchasable","15":"product-type-simple"},"_links":{"self":[{"href":"https:\/\/keluvo.com\/se\/wp-json\/wp\/v2\/product\/8536","targetHints":{"allow":["GET"]}}],"collection":[{"href":"https:\/\/keluvo.com\/se\/wp-json\/wp\/v2\/product"}],"about":[{"href":"https:\/\/keluvo.com\/se\/wp-json\/wp\/v2\/types\/product"}],"replies":[{"embeddable":true,"href":"https:\/\/keluvo.com\/se\/wp-json\/wp\/v2\/comments?post=8536"}],"wp:featuredmedia":[{"embeddable":true,"href":"https:\/\/keluvo.com\/se\/wp-json\/wp\/v2\/media\/8532"}],"wp:attachment":[{"href":"https:\/\/keluvo.com\/se\/wp-json\/wp\/v2\/media?parent=8536"}],"wp:term":[{"taxonomy":"product_brand","embeddable":true,"href":"https:\/\/keluvo.com\/se\/wp-json\/wp\/v2\/product_brand?post=8536"},{"taxonomy":"product_cat","embeddable":true,"href":"https:\/\/keluvo.com\/se\/wp-json\/wp\/v2\/product_cat?post=8536"},{"taxonomy":"product_tag","embeddable":true,"href":"https:\/\/keluvo.com\/se\/wp-json\/wp\/v2\/product_tag?post=8536"}],"curies":[{"name":"wp","href":"https:\/\/api.w.org\/{rel}","templated":true}]}}