{"id":8520,"date":"2025-04-02T10:50:45","date_gmt":"2025-04-02T08:50:45","guid":{"rendered":"https:\/\/keluvo.com\/se\/product\/vikbara-lasglasogon\/"},"modified":"2025-09-13T13:31:04","modified_gmt":"2025-09-13T10:31:04","slug":"vikbara-lasglasogon","status":"publish","type":"product","link":"https:\/\/keluvo.com\/se\/product\/vikbara-lasglasogon\/","title":{"rendered":"Vikbara l\u00e4sglas\u00f6gon"},"content":{"rendered":"<h2 style=\"text-align: center;\" data-start=\"90\" data-end=\"132\">\ud83d\udd11 Alltid med dig \u2013 nyckelringsfodral<\/h2>\n<p class=\"\" style=\"text-align: center;\" data-start=\"133\" data-end=\"446\">Var aldrig utan dina l\u00e4sglas\u00f6gon igen! Dessa ultratunna, l\u00e4tta l\u00e4sglas\u00f6gon passar elegant in i ett kompakt nyckelringsfodral, s\u00e5 att du kan f\u00e4sta dem p\u00e5 dina nycklar f\u00f6r att alltid kunna ha dem n\u00e4ra till hands. Nyckelringen finns i elegant svart och i silverborstad metallfinish och g\u00f6r att du alltid har dina glas\u00f6gon inom r\u00e4ckh\u00e5ll.<\/p>\n<p data-start=\"133\" data-end=\"446\"><img decoding=\"async\" class=\"size-medium wp-image-13247 aligncenter\" src=\"https:\/\/keluvo.com\/template\/wp-content\/uploads\/sites\/5\/2025\/03\/foldablereadingglasses-ezgif.com-gif-to-webp-converter.webp\" alt=\"\" \/><\/p>\n<h2 style=\"text-align: center;\" data-start=\"453\" data-end=\"496\">\ud83d\udd76\ufe0f L\u00e4tt &amp; bekv\u00e4m passform<\/h2>\n<p class=\"\" style=\"text-align: center;\" data-start=\"497\" data-end=\"739\">Designade med din komfort i \u00e5tanke, greppar dessa l\u00e4sglas\u00f6gon mjukt och kan justeras upp eller ner p\u00e5 n\u00e4san f\u00f6r en optimal passform. Det nyligen uppgraderade n\u00e4sstycket i silikon f\u00f6rb\u00e4ttrar komforten och ger en s\u00e4ker och behaglig upplevelse vid l\u00e5ngvarig anv\u00e4ndning.<\/p>\n<p data-start=\"497\" data-end=\"739\"><img decoding=\"async\" class=\"size-medium wp-image-13243 aligncenter\" src=\"https:\/\/keluvo.com\/template\/wp-content\/uploads\/sites\/5\/2025\/03\/main-image-4-1.jpeg\" alt=\"\" \/><\/p>\n<h2 style=\"text-align: center;\" data-start=\"746\" data-end=\"789\">\ud83d\udee1\ufe0f H\u00e5llbar &amp; p\u00e5litlig konstruktion<\/h2>\n<p class=\"\" style=\"text-align: center;\" data-start=\"790\" data-end=\"1064\">Glas\u00f6gonen \u00e4r tillverkade av splitterfri, termoinjektionsgjuten polykarbonat av optisk kvalitet och \u00e4r byggda f\u00f6r att h\u00e5lla. Bryggan \u00e4r tillverkad av Nitinol, en formstabil metall som \u00e4r 10 g\u00e5nger mer elastisk \u00e4n fj\u00e4derst\u00e5l, och omsluten av medicinskt silikon f\u00f6r extra h\u00e5llbarhet.<\/p>\n<p data-start=\"790\" data-end=\"1064\"><img decoding=\"async\" class=\"size-medium wp-image-13242 aligncenter\" src=\"https:\/\/keluvo.com\/template\/wp-content\/uploads\/sites\/5\/2025\/03\/main-image-3-2.jpeg\" alt=\"\" \/><\/p>\n<h2 style=\"text-align: center;\" data-start=\"1071\" data-end=\"1108\">\ud83d\udccf Passar alla n\u00e4sor<\/h2>\n<p class=\"\" style=\"text-align: center;\" data-start=\"1109\" data-end=\"1325\">Genom omfattande tester av olika n\u00e4sformer och storlekar kan dessa glas\u00f6gon placeras h\u00f6gre eller l\u00e4gre p\u00e5 n\u00e4san f\u00f6r att passa dina \u00f6nskem\u00e5l. Den genomt\u00e4nkta designen passar de allra flesta anv\u00e4ndare bekv\u00e4mt.<\/p>\n<h2 data-start=\"1429\" data-end=\"1450\"><img decoding=\"async\" class=\"size-medium wp-image-13248 aligncenter\" src=\"https:\/\/keluvo.com\/template\/wp-content\/uploads\/sites\/5\/2025\/03\/71SNFqZbLaL._AC_SX679_.jpg\" alt=\"\" \/><\/h2>\n<p>&nbsp;<\/p>\n<h2 style=\"text-align: center;\" data-start=\"1429\" data-end=\"1450\">Styrkealternativ:<\/h2>\n<p class=\"\" style=\"text-align: center;\" data-start=\"1455\" data-end=\"1495\">100 grader [Rekommenderas f\u00f6r 45-49 \u00e5r]<\/p>\n<p class=\"\" style=\"text-align: center;\" data-start=\"1500\" data-end=\"1540\">150 grader [Rekommenderas f\u00f6r 50-54 \u00e5r]<\/p>\n<p class=\"\" style=\"text-align: center;\" data-start=\"1545\" data-end=\"1585\">200 grader [Rekommenderas f\u00f6r 55-59 \u00e5r]<\/p>\n<p class=\"\" style=\"text-align: center;\" data-start=\"1590\" data-end=\"1630\">250 grader [Rekommenderas f\u00f6r 60-64 \u00e5r]<\/p>\n<p class=\"\" style=\"text-align: center;\" data-start=\"1635\" data-end=\"1675\">300 grader [Rekommenderas f\u00f6r 65-69 \u00e5r]<\/p>\n<h2 style=\"text-align: center;\" data-start=\"1682\" data-end=\"1696\">\u2753 <strong data-start=\"1688\" data-end=\"1696\">Vanliga Fr\u00e5gor<\/strong><\/h2>\n<p class=\"\" style=\"text-align: center;\" data-start=\"1697\" data-end=\"1875\"><strong>Hur kompakt \u00e4r nyckelringsfodralet?<\/strong><br \/>\nFodralet \u00e4r l\u00e4tt och kompakt, j\u00e4mf\u00f6rbart i storlek med en cigarett\u00e4ndare, vilket g\u00f6r det enkelt att b\u00e4ra i fickan eller portf\u00f6ljen.<\/p>\n<p class=\"\" style=\"text-align: center;\" data-start=\"1877\" data-end=\"2053\"><strong>\u00c4r glas\u00f6gonen justerbara f\u00f6r olika n\u00e4sformer?<\/strong><br \/>\nJa, de kan placeras h\u00f6gre eller l\u00e4gre p\u00e5 n\u00e4san f\u00f6r att s\u00e4kerst\u00e4lla en bekv\u00e4m och s\u00e4ker passform f\u00f6r de flesta anv\u00e4ndare.<\/p>\n<p class=\"\" style=\"text-align: center;\" data-start=\"2055\" data-end=\"2199\"><strong>Vad h\u00e4nder om de inte passar mig bekv\u00e4mt?<\/strong><br \/>\nVi erbjuder en 30-dagars pengarna-tillbaka-garanti f\u00f6r att s\u00e4kerst\u00e4lla att du \u00e4r n\u00f6jd med passform och komfort.<\/p>\n","protected":false},"excerpt":{"rendered":"<p>\ud83d\udd11 Alltid med dig \u2013 nyckelringsfodral Var aldrig utan dina l\u00e4sglas\u00f6gon igen! Dessa ultratunna, l\u00e4tta l\u00e4sglas\u00f6gon passar elegant in i [&hellip;]<\/p>\n","protected":false},"featured_media":8516,"comment_status":"open","ping_status":"closed","template":"","meta":{"site-sidebar-layout":"default","site-content-layout":"","ast-site-content-layout":"default","site-content-style":"default","site-sidebar-style":"default","ast-global-header-display":"","ast-banner-title-visibility":"","ast-main-header-display":"","ast-hfb-above-header-display":"","ast-hfb-below-header-display":"","ast-hfb-mobile-header-display":"","site-post-title":"","ast-breadcrumbs-content":"","ast-featured-img":"","footer-sml-layout":"","theme-transparent-header-meta":"default","adv-header-id-meta":"","stick-header-meta":"","header-above-stick-meta":"","header-main-stick-meta":"","header-below-stick-meta":"","astra-migrate-meta-layouts":"set","ast-page-background-enabled":"default","ast-page-background-meta":{"desktop":{"background-color":"var(--ast-global-color-4)","background-image":"","background-repeat":"repeat","background-position":"center center","background-size":"auto","background-attachment":"scroll","background-type":"","background-media":"","overlay-type":"","overlay-color":"","overlay-opacity":"","overlay-gradient":""},"tablet":{"background-color":"","background-image":"","background-repeat":"repeat","background-position":"center center","background-size":"auto","background-attachment":"scroll","background-type":"","background-media":"","overlay-type":"","overlay-color":"","overlay-opacity":"","overlay-gradient":""},"mobile":{"background-color":"","background-image":"","background-repeat":"repeat","background-position":"center center","background-size":"auto","background-attachment":"scroll","background-type":"","background-media":"","overlay-type":"","overlay-color":"","overlay-opacity":"","overlay-gradient":""}},"ast-content-background-meta":{"desktop":{"background-color":"var(--ast-global-color-5)","background-image":"","background-repeat":"repeat","background-position":"center center","background-size":"auto","background-attachment":"scroll","background-type":"","background-media":"","overlay-type":"","overlay-color":"","overlay-opacity":"","overlay-gradient":""},"tablet":{"background-color":"var(--ast-global-color-5)","background-image":"","background-repeat":"repeat","background-position":"center center","background-size":"auto","background-attachment":"scroll","background-type":"","background-media":"","overlay-type":"","overlay-color":"","overlay-opacity":"","overlay-gradient":""},"mobile":{"background-color":"var(--ast-global-color-5)","background-image":"","background-repeat":"repeat","background-position":"center center","background-size":"auto","background-attachment":"scroll","background-type":"","background-media":"","overlay-type":"","overlay-color":"","overlay-opacity":"","overlay-gradient":""}}},"product_brand":[],"product_cat":[993],"product_tag":[],"class_list":{"0":"post-8520","1":"product","2":"type-product","3":"status-publish","4":"has-post-thumbnail","6":"product_cat-footwear-accessories","7":"pa_19225_sn4hn4t2-1797","8":"pa_19225_sn4hn4t2-1-5","9":"pa_19225_sn4hn4t2-1799","10":"pa_19225_sn4hn4t2-2-5","11":"pa_19225_sn4hn4t2-1801","12":"desktop-align-left","13":"tablet-align-left","14":"mobile-align-left","16":"first","17":"instock","18":"shipping-taxable","19":"purchasable","20":"product-type-variable"},"_links":{"self":[{"href":"https:\/\/keluvo.com\/se\/wp-json\/wp\/v2\/product\/8520","targetHints":{"allow":["GET"]}}],"collection":[{"href":"https:\/\/keluvo.com\/se\/wp-json\/wp\/v2\/product"}],"about":[{"href":"https:\/\/keluvo.com\/se\/wp-json\/wp\/v2\/types\/product"}],"replies":[{"embeddable":true,"href":"https:\/\/keluvo.com\/se\/wp-json\/wp\/v2\/comments?post=8520"}],"wp:featuredmedia":[{"embeddable":true,"href":"https:\/\/keluvo.com\/se\/wp-json\/wp\/v2\/media\/8516"}],"wp:attachment":[{"href":"https:\/\/keluvo.com\/se\/wp-json\/wp\/v2\/media?parent=8520"}],"wp:term":[{"taxonomy":"product_brand","embeddable":true,"href":"https:\/\/keluvo.com\/se\/wp-json\/wp\/v2\/product_brand?post=8520"},{"taxonomy":"product_cat","embeddable":true,"href":"https:\/\/keluvo.com\/se\/wp-json\/wp\/v2\/product_cat?post=8520"},{"taxonomy":"product_tag","embeddable":true,"href":"https:\/\/keluvo.com\/se\/wp-json\/wp\/v2\/product_tag?post=8520"}],"curies":[{"name":"wp","href":"https:\/\/api.w.org\/{rel}","templated":true}]}}