{"id":8444,"date":"2025-03-27T23:18:35","date_gmt":"2025-03-27T21:18:35","guid":{"rendered":"https:\/\/keluvo.com\/se\/product\/luftfraschare-for-helikoptrar\/"},"modified":"2025-04-01T17:33:38","modified_gmt":"2025-04-01T15:33:38","slug":"helikopter-luftfraschare","status":"publish","type":"product","link":"https:\/\/keluvo.com\/se\/product\/helikopter-luftfraschare\/","title":{"rendered":"Helikopter luftfr\u00e4schare"},"content":{"rendered":"<h2 style=\"text-align: center;\" data-start=\"81\" data-end=\"116\">\ud83c\udf1e Solcellsdriven effektivitet<\/h2>\n<p class=\"\" style=\"text-align: center;\" data-start=\"117\" data-end=\"397\">Inga batterier? Inga problem! Helikopter luftfr\u00e4scharen anv\u00e4nder <strong>solenergi<\/strong> f\u00f6r att automatiskt rotera propellern n\u00e4r den uts\u00e4tts f\u00f6r solljus. Detta sprider inte bara doften effektivt utan g\u00f6r det ocks\u00e5 till en <strong>milj\u00f6v\u00e4nlig<\/strong> och problemfri l\u00f6sning f\u00f6r att uppr\u00e4tth\u00e5lla frisk luft.<\/p>\n<p data-start=\"117\" data-end=\"397\"><img decoding=\"async\" class=\"size-medium wp-image-12985 aligncenter\" src=\"https:\/\/keluvo.com\/template\/wp-content\/uploads\/sites\/5\/2025\/03\/helicopterairfreshener-ezgif.com-gif-to-webp-converter.webp\" alt=\"\" \/><\/p>\n<h2 style=\"text-align: center;\" data-start=\"404\" data-end=\"445\">\ud83c\udf38 L\u00e5ngvarig naturlig doft<\/h2>\n<p class=\"\" style=\"text-align: center;\" data-start=\"446\" data-end=\"682\">Inbyggd med h\u00f6gkvalitativa aromaterapik\u00e4rnor eliminerar denna luftfr\u00e4schare <strong>lukt<\/strong> och g\u00f6r att din bild doftar fr\u00e4sch och inbjudande. Den \u00e4r s\u00e4ker f\u00f6r <strong>gravida kvinnor och sp\u00e4dbarn<\/strong> och \u00e4r ett p\u00e5litligt val f\u00f6r att uppr\u00e4tth\u00e5lla en trevlig milj\u00f6.<\/p>\n<p data-start=\"446\" data-end=\"682\"><img decoding=\"async\" class=\"size-medium wp-image-12984 aligncenter\" src=\"https:\/\/keluvo.com\/template\/wp-content\/uploads\/sites\/5\/2025\/03\/fragrance.jpg\" alt=\"\" \/><\/p>\n<h2 style=\"text-align: center;\" data-start=\"689\" data-end=\"726\">\u2728 Unik design<\/h2>\n<p class=\"\" style=\"text-align: center;\" data-start=\"727\" data-end=\"957\">Den h\u00e4r luftfr\u00e4scharen \u00e4r tillverkad av en <strong>lyxig legering<\/strong> och utformad f\u00f6r att efterlikna en elegant helikopter och fungerar samtisigt som en i\u00f6gonfallande dekoration. Den <strong>flygande tefatsinspirerade basen<\/strong> ger en elegant touch till din bil, ditt kontor eller ditt hem.<\/p>\n<p data-start=\"727\" data-end=\"957\"><img decoding=\"async\" class=\"size-medium wp-image-12983 aligncenter\" src=\"https:\/\/keluvo.com\/template\/wp-content\/uploads\/sites\/5\/2025\/03\/helicopter.jpg\" alt=\"\" \/><\/p>\n<h2 style=\"text-align: center;\" data-start=\"964\" data-end=\"1006\">\ud83c\udf43 Renar &amp; f\u00f6rb\u00e4ttrar luftkvaliteten<\/h2>\n<p class=\"\" style=\"text-align: center;\" data-start=\"1007\" data-end=\"1192\">Det h\u00e4r \u00e4r inte bara en luftfr\u00e4schare \u2013 den h\u00e4r innovativa apparaten renar ocks\u00e5 luften, vilket leder till att det k\u00e4nns som att du andas i naturen. Njut av en renare och h\u00e4lsosammare atmosf\u00e4r var du \u00e4n placerar den.<\/p>\n<p data-start=\"1007\" data-end=\"1192\"><img decoding=\"async\" class=\"size-medium wp-image-12981 aligncenter\" src=\"https:\/\/keluvo.com\/template\/wp-content\/uploads\/sites\/5\/2025\/03\/main-image-5.jpeg\" alt=\"\" \/><\/p>\n<h2 style=\"text-align: center;\" data-start=\"1447\" data-end=\"1483\">\ud83d\udee0\ufe0f H\u00e5llbara och s\u00e4kra material<\/h2>\n<p class=\"\" style=\"text-align: center;\" data-start=\"1484\" data-end=\"1700\">Den h\u00e4r luftfr\u00e4scharen \u00e4r tillverkad av <strong>aluminiumlegering och h\u00e5llbar plast<\/strong> och den motst\u00e5r deformation, blekning och h\u00f6ga temperaturer. Den \u00e4r byggd med en <strong>motor av ren koppar<\/strong>, erbjuder <strong>tyst drift<\/strong> utan att hindra din syn.<\/p>\n<h2 style=\"text-align: center;\" data-start=\"1707\" data-end=\"1721\">\u2753 Vanliga fr\u00e5gor<\/h2>\n<p style=\"text-align: center;\"><strong>1. Hur l\u00e4nge varar doften?<\/strong><br \/>\nDoften varar 4-6 veckor, beroende p\u00e5 anv\u00e4ndning och milj\u00f6.<\/p>\n<p class=\"\" style=\"text-align: center;\" data-start=\"1838\" data-end=\"1942\"><strong>2. Beh\u00f6ver den laddas?<\/strong><br \/>\nIngen laddning kr\u00e4vs! Den drivs automatiskt med hj\u00e4lp av solenergi.<\/p>\n<p class=\"\" style=\"text-align: center;\" data-start=\"1944\" data-end=\"2065\"><strong>3. Kan den anv\u00e4ndas p\u00e5 andra st\u00e4llen \u00e4n i en bil?<\/strong><br \/>\nJa! Den fungerar perfekt i hem, kontor och andra sm\u00e5 utrymmen.<\/p>\n","protected":false},"excerpt":{"rendered":"<p>\ud83c\udf1e Solcellsdriven effektivitet Inga batterier? Inga problem! Helikopter luftfr\u00e4scharen anv\u00e4nder solenergi f\u00f6r att automatiskt rotera propellern n\u00e4r den uts\u00e4tts f\u00f6r [&hellip;]<\/p>\n","protected":false},"featured_media":8439,"comment_status":"open","ping_status":"closed","template":"","meta":{"site-sidebar-layout":"default","site-content-layout":"","ast-site-content-layout":"default","site-content-style":"default","site-sidebar-style":"default","ast-global-header-display":"","ast-banner-title-visibility":"","ast-main-header-display":"","ast-hfb-above-header-display":"","ast-hfb-below-header-display":"","ast-hfb-mobile-header-display":"","site-post-title":"","ast-breadcrumbs-content":"","ast-featured-img":"","footer-sml-layout":"","theme-transparent-header-meta":"default","adv-header-id-meta":"","stick-header-meta":"","header-above-stick-meta":"","header-main-stick-meta":"","header-below-stick-meta":"","astra-migrate-meta-layouts":"set","ast-page-background-enabled":"default","ast-page-background-meta":{"desktop":{"background-color":"var(--ast-global-color-4)","background-image":"","background-repeat":"repeat","background-position":"center center","background-size":"auto","background-attachment":"scroll","background-type":"","background-media":"","overlay-type":"","overlay-color":"","overlay-opacity":"","overlay-gradient":""},"tablet":{"background-color":"","background-image":"","background-repeat":"repeat","background-position":"center center","background-size":"auto","background-attachment":"scroll","background-type":"","background-media":"","overlay-type":"","overlay-color":"","overlay-opacity":"","overlay-gradient":""},"mobile":{"background-color":"","background-image":"","background-repeat":"repeat","background-position":"center center","background-size":"auto","background-attachment":"scroll","background-type":"","background-media":"","overlay-type":"","overlay-color":"","overlay-opacity":"","overlay-gradient":""}},"ast-content-background-meta":{"desktop":{"background-color":"var(--ast-global-color-5)","background-image":"","background-repeat":"repeat","background-position":"center center","background-size":"auto","background-attachment":"scroll","background-type":"","background-media":"","overlay-type":"","overlay-color":"","overlay-opacity":"","overlay-gradient":""},"tablet":{"background-color":"var(--ast-global-color-5)","background-image":"","background-repeat":"repeat","background-position":"center center","background-size":"auto","background-attachment":"scroll","background-type":"","background-media":"","overlay-type":"","overlay-color":"","overlay-opacity":"","overlay-gradient":""},"mobile":{"background-color":"var(--ast-global-color-5)","background-image":"","background-repeat":"repeat","background-position":"center center","background-size":"auto","background-attachment":"scroll","background-type":"","background-media":"","overlay-type":"","overlay-color":"","overlay-opacity":"","overlay-gradient":""}}},"product_brand":[],"product_cat":[993],"product_tag":[],"class_list":{"0":"post-8444","1":"product","2":"type-product","3":"status-publish","4":"has-post-thumbnail","6":"product_cat-footwear-accessories","7":"pa_81wpaate-bla","8":"pa_81wpaate-guld","9":"pa_81wpaate-rod","10":"pa_81wpaate-silver","11":"desktop-align-left","12":"tablet-align-left","13":"mobile-align-left","15":"first","16":"instock","17":"shipping-taxable","18":"purchasable","19":"product-type-variable"},"_links":{"self":[{"href":"https:\/\/keluvo.com\/se\/wp-json\/wp\/v2\/product\/8444","targetHints":{"allow":["GET"]}}],"collection":[{"href":"https:\/\/keluvo.com\/se\/wp-json\/wp\/v2\/product"}],"about":[{"href":"https:\/\/keluvo.com\/se\/wp-json\/wp\/v2\/types\/product"}],"replies":[{"embeddable":true,"href":"https:\/\/keluvo.com\/se\/wp-json\/wp\/v2\/comments?post=8444"}],"wp:featuredmedia":[{"embeddable":true,"href":"https:\/\/keluvo.com\/se\/wp-json\/wp\/v2\/media\/8439"}],"wp:attachment":[{"href":"https:\/\/keluvo.com\/se\/wp-json\/wp\/v2\/media?parent=8444"}],"wp:term":[{"taxonomy":"product_brand","embeddable":true,"href":"https:\/\/keluvo.com\/se\/wp-json\/wp\/v2\/product_brand?post=8444"},{"taxonomy":"product_cat","embeddable":true,"href":"https:\/\/keluvo.com\/se\/wp-json\/wp\/v2\/product_cat?post=8444"},{"taxonomy":"product_tag","embeddable":true,"href":"https:\/\/keluvo.com\/se\/wp-json\/wp\/v2\/product_tag?post=8444"}],"curies":[{"name":"wp","href":"https:\/\/api.w.org\/{rel}","templated":true}]}}