{"id":8428,"date":"2025-03-27T21:19:16","date_gmt":"2025-03-27T19:19:16","guid":{"rendered":"https:\/\/keluvo.com\/se\/product\/mini-smartphone\/"},"modified":"2025-09-22T20:07:38","modified_gmt":"2025-09-22T17:07:38","slug":"mini-smarttelefon","status":"publish","type":"product","link":"https:\/\/keluvo.com\/se\/product\/mini-smarttelefon\/","title":{"rendered":"Mini smarttelefon"},"content":{"rendered":"<h2 style=\"text-align: center;\" data-start=\"43\" data-end=\"71\">I fickformat<\/h2>\n<p class=\"\" style=\"text-align: center;\" data-start=\"73\" data-end=\"192\">Upplev den ultimata b\u00e4rbarheten med v\u00e5r mini smarttelefon. Med m\u00e5tten 90 mm x 47 mm x 12,2 mm och en vikt p\u00e5 endast 67 gram passar den h\u00e4r telefonen bekv\u00e4mt i din hand eller ficka, vilket g\u00f6r den perfekt f\u00f6r anv\u00e4ndning n\u00e4r man \u00e4r p\u00e5 spr\u00e5ng.<\/p>\n<p class=\"\" style=\"text-align: center;\" data-start=\"73\" data-end=\"192\"><img decoding=\"async\" class=\"alignnone size-medium wp-image-12959\" src=\"https:\/\/keluvo.com\/template\/wp-content\/uploads\/sites\/5\/2025\/03\/pocket-phone.jpg\" alt=\"\" \/>\u200b<\/p>\n<h2 style=\"text-align: center;\" data-start=\"194\" data-end=\"219\">Effektiv prestanda<\/h2>\n<p class=\"\" style=\"text-align: center;\" data-start=\"221\" data-end=\"340\">Driven av en MTK6580 Quad-Core-processor och utrustad med 2 GB RAM och 16 GB intern lagring, hanterar den h\u00e4r smarttelefonen smidigt dina dagliga behov. Oavsett om du surfar p\u00e5 webben, kollar e-post eller anv\u00e4nder dina favoritappar f\u00e5r du en smidig och responsiv upplevelse.<\/p>\n<p class=\"\" style=\"text-align: center;\" data-start=\"221\" data-end=\"340\"><img decoding=\"async\" class=\"alignnone size-medium wp-image-12958\" src=\"https:\/\/keluvo.com\/template\/wp-content\/uploads\/sites\/5\/2025\/03\/minismartphonevideo-ezgif.com-gif-to-webp-converter.webp\" alt=\"\" \/>\u200b<\/p>\n<h2 style=\"text-align: center;\" data-start=\"342\" data-end=\"366\">Flexibilitet Med Dubbla SIM-kort<\/h2>\n<p class=\"\" style=\"text-align: center;\" data-start=\"368\" data-end=\"487\">H\u00e5ll dig uppkopplad var du \u00e4n \u00e4r med st\u00f6d av dubbla SIM-kort. Hantera personliga kontakter och jobbkontakter p\u00e5 en telefon, eller dra nytta av olika operat\u00f6rsplaner f\u00f6r att optimera t\u00e4ckning och kostnad.<\/p>\n<p class=\"\" style=\"text-align: center;\" data-start=\"368\" data-end=\"487\"><img decoding=\"async\" class=\"alignnone size-medium wp-image-12957\" src=\"https:\/\/keluvo.com\/template\/wp-content\/uploads\/sites\/5\/2025\/03\/dual-sim-smart-phone.jpg\" alt=\"\" \/>\u200b<\/p>\n<h2 style=\"text-align: center;\" data-start=\"489\" data-end=\"517\">Anv\u00e4ndarv\u00e4nliga Android OS<\/h2>\n<p class=\"\" style=\"text-align: center;\" data-start=\"519\" data-end=\"642\">Den h\u00e4r mini smarttelefonen k\u00f6rs p\u00e5 Android 9.0 och erbjuder tillg\u00e5ng till ett stort utbud av appar via Google Play Store. Anpassa din telefon efter dina behov och njut av ett anv\u00e4ndarv\u00e4nligt gr\u00e4nssnitt som \u00e4r utformat f\u00f6r att erbjuda b\u00e5de enkel och effektiv anv\u00e4ndning.<\/p>\n<p class=\"\" style=\"text-align: center;\" data-start=\"519\" data-end=\"642\"><img decoding=\"async\" class=\"alignnone size-medium wp-image-12954\" src=\"https:\/\/keluvo.com\/template\/wp-content\/uploads\/sites\/5\/2025\/03\/android-mini-phone.jpg\" alt=\"\" \/>\u200b<\/p>\n<h2 style=\"text-align: center;\" data-start=\"644\" data-end=\"666\">F\u00e5nga \u00d6gonblicket<\/h2>\n<p class=\"\" style=\"text-align: center;\" data-start=\"668\" data-end=\"793\">Trots sin kompakta storlek har telefonen b\u00e5de en bakre kamera p\u00e5 5 MP och en fr\u00e4mre kamera p\u00e5 2 MP, s\u00e5 att du enkelt kan ta bilder och videochatta. Observera att endast en bakre kamera \u00e4r funktionell. De \u00f6vriga linserna \u00e4r dekorativa.<\/p>\n<p class=\"\" style=\"text-align: center;\" data-start=\"668\" data-end=\"793\"><img decoding=\"async\" class=\"alignnone size-medium wp-image-12947\" src=\"https:\/\/keluvo.com\/template\/wp-content\/uploads\/sites\/5\/2025\/03\/main-image-6-removebg-preview.png\" alt=\"\" \/>\u200b<\/p>\n<h2 style=\"text-align: center;\" data-start=\"795\" data-end=\"836\">Viktiga Funktioner n\u00e4ra till hands<\/h2>\n<p class=\"\" style=\"text-align: center;\" data-start=\"838\" data-end=\"963\">Den h\u00e4r mini smarttelefonen inneh\u00e5ller viktiga verktyg som kalkylator, v\u00e4ckarklocka, kalender, anteckningsblock med mera. H\u00e5ll dig organiserad och produktiv hela dagen med dessa praktiska funktioner.\u200b<\/p>\n<h2 style=\"text-align: center;\" data-start=\"965\" data-end=\"987\">Vad som ing\u00e5r i f\u00f6rpackningen:<\/h2>\n<ul style=\"text-align: center;\" data-start=\"989\" data-end=\"1521\">\n<li class=\"\" data-start=\"989\" data-end=\"1076\">\n<p class=\"\" data-start=\"991\" data-end=\"1076\"><span class=\"relative -mx-px my-[-0.2rem] rounded px-px py-[0.2rem]\">1 x Mini Smarttelefon<\/span>\u200b<\/p>\n<\/li>\n<li class=\"\" data-start=\"1078\" data-end=\"1165\">\n<p class=\"\" data-start=\"1080\" data-end=\"1165\"><span class=\"relative -mx-px my-[-0.2rem] rounded px-px py-[0.2rem]\">1 x Anv\u00e4ndarhandbok<\/span>\u200b<\/p>\n<\/li>\n<li class=\"\" data-start=\"1167\" data-end=\"1254\">\n<p class=\"\" data-start=\"1169\" data-end=\"1254\"><span class=\"relative -mx-px my-[-0.2rem] rounded px-px py-[0.2rem]\">1 x Stift f\u00f6r SIM-kort<\/span>\u200b<\/p>\n<\/li>\n<li class=\"\" data-start=\"1434\" data-end=\"1521\">\n<p class=\"\" data-start=\"1436\" data-end=\"1521\"><span class=\"relative -mx-px my-[-0.2rem] rounded px-px py-[0.2rem]\">1 x USB Type-C-kabel<\/span><\/p>\n<\/li>\n<\/ul>\n<p>&nbsp;<\/p>\n<p class=\"\" style=\"text-align: center;\" data-start=\"1523\" data-end=\"1697\"><em><strong>Observera<\/strong>: En str\u00f6madapter ing\u00e5r inte. F\u00f6rpackningen inneh\u00e5ller en USB Type-C-kabel som \u00e4r kompatibel med vanliga laddningskontakter. Se till att du har en 5V-laddningsadapter f\u00f6r optimal laddningsprestanda.\u200b<\/em><\/p>\n<h2 style=\"text-align: center;\" data-start=\"1699\" data-end=\"1732\">H\u00e5ll dig ansluten och produktiv<\/h2>\n<p class=\"\" style=\"text-align: center;\" data-start=\"1734\" data-end=\"1859\">Med st\u00f6d f\u00f6r GPS, Bluetooth, Wi-Fi, hotspot-delning och USB-C-ljudutg\u00e5ng h\u00e5ller den h\u00e4r mini smarttelefonen dig uppkopplad och underh\u00e5llen var du \u00e4n \u00e4r. Dess kompakta design i kombination med viktiga funktioner g\u00f6r den till en idealisk f\u00f6ljeslagare f\u00f6r dem som s\u00f6ker bekv\u00e4mlighet utan att kompromissa med funktionaliteten.<\/p>\n","protected":false},"excerpt":{"rendered":"<p>I fickformat Upplev den ultimata b\u00e4rbarheten med v\u00e5r mini smarttelefon. Med m\u00e5tten 90 mm x 47 mm x 12,2 mm [&hellip;]<\/p>\n","protected":false},"featured_media":8423,"comment_status":"open","ping_status":"closed","template":"","meta":{"site-sidebar-layout":"default","site-content-layout":"","ast-site-content-layout":"default","site-content-style":"default","site-sidebar-style":"default","ast-global-header-display":"","ast-banner-title-visibility":"","ast-main-header-display":"","ast-hfb-above-header-display":"","ast-hfb-below-header-display":"","ast-hfb-mobile-header-display":"","site-post-title":"","ast-breadcrumbs-content":"","ast-featured-img":"","footer-sml-layout":"","theme-transparent-header-meta":"default","adv-header-id-meta":"","stick-header-meta":"","header-above-stick-meta":"","header-main-stick-meta":"","header-below-stick-meta":"","astra-migrate-meta-layouts":"set","ast-page-background-enabled":"default","ast-page-background-meta":{"desktop":{"background-color":"var(--ast-global-color-4)","background-image":"","background-repeat":"repeat","background-position":"center center","background-size":"auto","background-attachment":"scroll","background-type":"","background-media":"","overlay-type":"","overlay-color":"","overlay-opacity":"","overlay-gradient":""},"tablet":{"background-color":"","background-image":"","background-repeat":"repeat","background-position":"center center","background-size":"auto","background-attachment":"scroll","background-type":"","background-media":"","overlay-type":"","overlay-color":"","overlay-opacity":"","overlay-gradient":""},"mobile":{"background-color":"","background-image":"","background-repeat":"repeat","background-position":"center center","background-size":"auto","background-attachment":"scroll","background-type":"","background-media":"","overlay-type":"","overlay-color":"","overlay-opacity":"","overlay-gradient":""}},"ast-content-background-meta":{"desktop":{"background-color":"var(--ast-global-color-5)","background-image":"","background-repeat":"repeat","background-position":"center center","background-size":"auto","background-attachment":"scroll","background-type":"","background-media":"","overlay-type":"","overlay-color":"","overlay-opacity":"","overlay-gradient":""},"tablet":{"background-color":"var(--ast-global-color-5)","background-image":"","background-repeat":"repeat","background-position":"center center","background-size":"auto","background-attachment":"scroll","background-type":"","background-media":"","overlay-type":"","overlay-color":"","overlay-opacity":"","overlay-gradient":""},"mobile":{"background-color":"var(--ast-global-color-5)","background-image":"","background-repeat":"repeat","background-position":"center center","background-size":"auto","background-attachment":"scroll","background-type":"","background-media":"","overlay-type":"","overlay-color":"","overlay-opacity":"","overlay-gradient":""}}},"product_brand":[],"product_cat":[998],"product_tag":[],"class_list":{"0":"post-8428","1":"product","2":"type-product","3":"status-publish","4":"has-post-thumbnail","6":"product_cat-automotive-products","7":"pa_eucr7yz3-bla","8":"pa_eucr7yz3-gra","9":"pa_eucr7yz3-lila","10":"pa_eucr7yz3-rosa","11":"pa_eucr7yz3-svart","12":"desktop-align-left","13":"tablet-align-left","14":"mobile-align-left","16":"first","17":"instock","18":"shipping-taxable","19":"purchasable","20":"product-type-variable"},"_links":{"self":[{"href":"https:\/\/keluvo.com\/se\/wp-json\/wp\/v2\/product\/8428","targetHints":{"allow":["GET"]}}],"collection":[{"href":"https:\/\/keluvo.com\/se\/wp-json\/wp\/v2\/product"}],"about":[{"href":"https:\/\/keluvo.com\/se\/wp-json\/wp\/v2\/types\/product"}],"replies":[{"embeddable":true,"href":"https:\/\/keluvo.com\/se\/wp-json\/wp\/v2\/comments?post=8428"}],"wp:featuredmedia":[{"embeddable":true,"href":"https:\/\/keluvo.com\/se\/wp-json\/wp\/v2\/media\/8423"}],"wp:attachment":[{"href":"https:\/\/keluvo.com\/se\/wp-json\/wp\/v2\/media?parent=8428"}],"wp:term":[{"taxonomy":"product_brand","embeddable":true,"href":"https:\/\/keluvo.com\/se\/wp-json\/wp\/v2\/product_brand?post=8428"},{"taxonomy":"product_cat","embeddable":true,"href":"https:\/\/keluvo.com\/se\/wp-json\/wp\/v2\/product_cat?post=8428"},{"taxonomy":"product_tag","embeddable":true,"href":"https:\/\/keluvo.com\/se\/wp-json\/wp\/v2\/product_tag?post=8428"}],"curies":[{"name":"wp","href":"https:\/\/api.w.org\/{rel}","templated":true}]}}