{"id":8404,"date":"2025-03-27T01:42:44","date_gmt":"2025-03-26T23:42:44","guid":{"rendered":"https:\/\/keluvo.com\/se\/product\/pedagogisk-storyboard-for-barn\/"},"modified":"2025-04-01T13:04:12","modified_gmt":"2025-04-01T11:04:12","slug":"pedagogisk-storyboard-for-barn","status":"publish","type":"product","link":"https:\/\/keluvo.com\/se\/product\/pedagogisk-storyboard-for-barn\/","title":{"rendered":"Pedagogisk storyboard f\u00f6r barn"},"content":{"rendered":"<h2 style=\"text-align: center;\" data-start=\"59\" data-end=\"87\">Rolig och pedagogisk lek<\/h2>\n<p class=\"\" style=\"text-align: center;\" data-start=\"89\" data-end=\"208\">V\u00e5rt interaktiva sago-set med filtbitar g\u00f6r det sp\u00e4nnande f\u00f6r sm\u00e5 barn att l\u00e4ra sig om djur och natur. Genom att placera filtbitarna p\u00e5 en stor tavla kan barnen skapa sina egna ber\u00e4ttelser, vilket \u00f6kar deras kreativitet och fantasi.<\/p>\n<p class=\"\" style=\"text-align: center;\" data-start=\"89\" data-end=\"208\"><img decoding=\"async\" class=\"alignnone size-medium wp-image-12931\" src=\"https:\/\/keluvo.com\/template\/wp-content\/uploads\/sites\/5\/2024\/12\/0326-ezgif.com-gif-to-webp-converter.webp\" alt=\"\" \/>\u200b<\/p>\n<h2 style=\"text-align: center;\" data-start=\"210\" data-end=\"242\">\u00a0Montessori-inspirerat l\u00e4rande<\/h2>\n<p class=\"\" style=\"text-align: center;\" data-start=\"244\" data-end=\"363\">Designat med Montessori-principer uppmuntrar detta set till praktisk utforskning. Barnen kan ordna och omorganisera filtbitarna, vilket st\u00f6djer utvecklingen av deras t\u00e4nkande och probleml\u00f6sningsf\u00f6rm\u00e5ga.<\/p>\n<p class=\"\" style=\"text-align: center;\" data-start=\"244\" data-end=\"363\"><img decoding=\"async\" class=\"alignnone size-medium wp-image-12927\" src=\"https:\/\/keluvo.com\/template\/wp-content\/uploads\/sites\/5\/2024\/12\/main-image-6.webp\" alt=\"\" \/>\u200b<\/p>\n<h2 style=\"text-align: center;\" data-start=\"365\" data-end=\"387\">S\u00e4ker och certifierad<\/h2>\n<p class=\"\" style=\"text-align: center;\" data-start=\"389\" data-end=\"546\">S\u00e4kerhet \u00e4r h\u00f6gsta prioritet. Denna produkt uppfyller CE-s\u00e4kerhetsstandarder, vilket garanterar att den \u00e4r s\u00e4ker f\u00f6r barn att anv\u00e4nda. Materialen \u00e4r h\u00f6gkvalitativa och barnv\u00e4nliga.\u200b<\/p>\n<h2 style=\"text-align: center;\" data-start=\"548\" data-end=\"582\">Komplett set f\u00f6r kreativ lek<\/h2>\n<p class=\"\" style=\"text-align: center;\" data-start=\"584\" data-end=\"709\">Setet inneh\u00e5ller en 105 cm stor och l\u00e5ng filtbr\u00e4da och olika djurfigurer, i passande storlek f\u00f6r sm\u00e5 h\u00e4nder. Tv\u00e5 robusta krokar medf\u00f6ljer f\u00f6r enkel v\u00e4ggupph\u00e4ngning, s\u00e5 att barnen kan skapa sina egna scener och ber\u00e4ttelser.<\/p>\n<p class=\"\" style=\"text-align: center;\" data-start=\"584\" data-end=\"709\"><img decoding=\"async\" class=\"alignnone size-medium wp-image-12928\" src=\"https:\/\/keluvo.com\/template\/wp-content\/uploads\/sites\/5\/2024\/12\/main-image-5.webp\" alt=\"\" \/>\u200b<\/p>\n<h2 style=\"text-align: center;\" data-start=\"711\" data-end=\"738\">T\u00e5lig och enkel att anv\u00e4nda<\/h2>\n<p class=\"\" style=\"text-align: center;\" data-start=\"740\" data-end=\"905\">Tillverkad av premiumfilt \u00e4r delarna mjuka, s\u00e4kra och \u00e5teranv\u00e4ndbara. Sj\u00e4lvh\u00e4ftande magiska prickar g\u00f6r det enkelt att placera ut bilderna p\u00e5 tavlan, utan magneter. Tavlan kan h\u00e4ngas p\u00e5 v\u00e4ggen eller anv\u00e4ndas p\u00e5 plana ytor, vilket erbjuder m\u00e5ngsidiga lekm\u00f6jligheter.<\/p>\n<p class=\"\" style=\"text-align: center;\" data-start=\"740\" data-end=\"905\"><img decoding=\"async\" class=\"alignnone size-medium wp-image-12929\" src=\"https:\/\/keluvo.com\/template\/wp-content\/uploads\/sites\/5\/2024\/12\/main-image-2.jpeg\" alt=\"\" \/>\u200b<\/p>\n<h2 style=\"text-align: center;\" data-start=\"907\" data-end=\"931\">Pedagogiska F\u00f6rdelar<\/h2>\n<p class=\"\" style=\"text-align: center;\" data-start=\"933\" data-end=\"1058\">Det h\u00e4r tavel-setet i filt hj\u00e4lper barn att utveckla finmotorik, spr\u00e5kf\u00f6rm\u00e5ga, kreativitet, t\u00e5lamod och fantasi. Det kombinerar lek med l\u00e4rande, vilket g\u00f6r utbildning till ett n\u00f6je.<\/p>\n","protected":false},"excerpt":{"rendered":"<p>Rolig och pedagogisk lek V\u00e5rt interaktiva sago-set med filtbitar g\u00f6r det sp\u00e4nnande f\u00f6r sm\u00e5 barn att l\u00e4ra sig om djur [&hellip;]<\/p>\n","protected":false},"featured_media":8400,"comment_status":"open","ping_status":"closed","template":"","meta":{"site-sidebar-layout":"default","site-content-layout":"","ast-site-content-layout":"default","site-content-style":"default","site-sidebar-style":"default","ast-global-header-display":"","ast-banner-title-visibility":"","ast-main-header-display":"","ast-hfb-above-header-display":"","ast-hfb-below-header-display":"","ast-hfb-mobile-header-display":"","site-post-title":"","ast-breadcrumbs-content":"","ast-featured-img":"","footer-sml-layout":"","theme-transparent-header-meta":"default","adv-header-id-meta":"","stick-header-meta":"","header-above-stick-meta":"","header-main-stick-meta":"","header-below-stick-meta":"","astra-migrate-meta-layouts":"set","ast-page-background-enabled":"default","ast-page-background-meta":{"desktop":{"background-color":"var(--ast-global-color-4)","background-image":"","background-repeat":"repeat","background-position":"center center","background-size":"auto","background-attachment":"scroll","background-type":"","background-media":"","overlay-type":"","overlay-color":"","overlay-opacity":"","overlay-gradient":""},"tablet":{"background-color":"","background-image":"","background-repeat":"repeat","background-position":"center center","background-size":"auto","background-attachment":"scroll","background-type":"","background-media":"","overlay-type":"","overlay-color":"","overlay-opacity":"","overlay-gradient":""},"mobile":{"background-color":"","background-image":"","background-repeat":"repeat","background-position":"center center","background-size":"auto","background-attachment":"scroll","background-type":"","background-media":"","overlay-type":"","overlay-color":"","overlay-opacity":"","overlay-gradient":""}},"ast-content-background-meta":{"desktop":{"background-color":"var(--ast-global-color-5)","background-image":"","background-repeat":"repeat","background-position":"center center","background-size":"auto","background-attachment":"scroll","background-type":"","background-media":"","overlay-type":"","overlay-color":"","overlay-opacity":"","overlay-gradient":""},"tablet":{"background-color":"var(--ast-global-color-5)","background-image":"","background-repeat":"repeat","background-position":"center center","background-size":"auto","background-attachment":"scroll","background-type":"","background-media":"","overlay-type":"","overlay-color":"","overlay-opacity":"","overlay-gradient":""},"mobile":{"background-color":"var(--ast-global-color-5)","background-image":"","background-repeat":"repeat","background-position":"center center","background-size":"auto","background-attachment":"scroll","background-type":"","background-media":"","overlay-type":"","overlay-color":"","overlay-opacity":"","overlay-gradient":""}}},"product_brand":[],"product_cat":[990],"product_tag":[],"class_list":{"0":"post-8404","1":"product","2":"type-product","3":"status-publish","4":"has-post-thumbnail","6":"product_cat-toys-childrens-and-baby-products","7":"pa_36g89fcc-djurpark","8":"pa_36g89fcc-gard","9":"pa_36g89fcc-trad","10":"pa_36g89fcc-under-vatten","11":"desktop-align-left","12":"tablet-align-left","13":"mobile-align-left","15":"first","16":"instock","17":"shipping-taxable","18":"purchasable","19":"product-type-variable"},"_links":{"self":[{"href":"https:\/\/keluvo.com\/se\/wp-json\/wp\/v2\/product\/8404","targetHints":{"allow":["GET"]}}],"collection":[{"href":"https:\/\/keluvo.com\/se\/wp-json\/wp\/v2\/product"}],"about":[{"href":"https:\/\/keluvo.com\/se\/wp-json\/wp\/v2\/types\/product"}],"replies":[{"embeddable":true,"href":"https:\/\/keluvo.com\/se\/wp-json\/wp\/v2\/comments?post=8404"}],"wp:featuredmedia":[{"embeddable":true,"href":"https:\/\/keluvo.com\/se\/wp-json\/wp\/v2\/media\/8400"}],"wp:attachment":[{"href":"https:\/\/keluvo.com\/se\/wp-json\/wp\/v2\/media?parent=8404"}],"wp:term":[{"taxonomy":"product_brand","embeddable":true,"href":"https:\/\/keluvo.com\/se\/wp-json\/wp\/v2\/product_brand?post=8404"},{"taxonomy":"product_cat","embeddable":true,"href":"https:\/\/keluvo.com\/se\/wp-json\/wp\/v2\/product_cat?post=8404"},{"taxonomy":"product_tag","embeddable":true,"href":"https:\/\/keluvo.com\/se\/wp-json\/wp\/v2\/product_tag?post=8404"}],"curies":[{"name":"wp","href":"https:\/\/api.w.org\/{rel}","templated":true}]}}