{"id":8366,"date":"2025-03-24T12:37:38","date_gmt":"2025-03-24T10:37:38","guid":{"rendered":"https:\/\/keluvo.com\/se\/product\/tandborste-for-hund\/"},"modified":"2025-03-25T22:35:13","modified_gmt":"2025-03-25T20:35:13","slug":"hundtandborste","status":"publish","type":"product","link":"https:\/\/keluvo.com\/se\/product\/hundtandborste\/","title":{"rendered":"Hundtandborste"},"content":{"rendered":"<h2 style=\"text-align: center;\" data-start=\"453\" data-end=\"475\">Enkel att anv\u00e4nda<\/h2>\n<p class=\"\" style=\"text-align: center;\" data-start=\"477\" data-end=\"828\">Denna tandborste \u00e4r utformad s\u00e5 att den sitter bekv\u00e4mt p\u00e5 fingret och ger b\u00e4ttre kontroll och enklare \u00e5tkomst till sv\u00e5r\u00e5tkomliga omr\u00e5den i hundens mun. Konstruktionen \u00e4r s\u00e4rskilt f\u00f6rdelaktig f\u00f6r husdjur som \u00e4r ovana vid tandborstning eller \u00e4r k\u00e4nsliga f\u00f6r vanliga tandborstar.<\/p>\n<p data-start=\"109\" data-end=\"451\"><img decoding=\"async\" class=\"size-medium wp-image-12787 aligncenter\" src=\"https:\/\/keluvo.com\/template\/wp-content\/uploads\/sites\/5\/2025\/03\/dogtoothbrushvideogif-ezgif.com-gif-to-webp-converter.webp\" alt=\"\" \/><\/p>\n<h2 style=\"text-align: center;\">Effektiv och skonsam<\/h2>\n<p class=\"\" style=\"text-align: center;\" data-start=\"109\" data-end=\"451\">V\u00e5r praktiska hundtandborste \u00e4r tillverkad av h\u00f6gkvalitativ silikon, vilket g\u00f6r reng\u00f6ringen b\u00e5de skonsam och effektiv f\u00f6r hundens t\u00e4nder och tandk\u00f6tt. De mjuka borststr\u00e5na avl\u00e4gsnar matrester och plack, vilket minskar risken f\u00f6r tandproblem och d\u00e5lig andedr\u00e4kt.<\/p>\n<p data-start=\"477\" data-end=\"828\"><img decoding=\"async\" class=\"size-medium wp-image-12788 aligncenter\" src=\"https:\/\/keluvo.com\/template\/wp-content\/uploads\/sites\/5\/2025\/03\/toothbrush-image.jpg\" alt=\"\" \/><\/p>\n<h2 style=\"text-align: center;\" data-start=\"830\" data-end=\"857\">Universell design<\/h2>\n<p class=\"\" style=\"text-align: center;\" data-start=\"859\" data-end=\"1016\"><span class=\"relative -mx-px my-[-0.2rem] rounded px-px py-[0.2rem]\">Denna tandborste kan anv\u00e4ndas f\u00f6r b\u00e5de hundar och katter och \u00e4r ett m\u00e5ngsidigt komplement f\u00f6r sk\u00f6tseln av ditt husdjur. Regelbunden borstning f\u00f6rhindrar uppbyggnad av tandsten, kontrollerar plack och h\u00e5ller tandk\u00f6ttet friskt, vilket bidrar till husdjurets allm\u00e4nna v\u00e4lbefinnande.<\/span><\/p>\n<p data-start=\"859\" data-end=\"1016\"><img decoding=\"async\" class=\"size-medium wp-image-12784 aligncenter\" src=\"https:\/\/keluvo.com\/template\/wp-content\/uploads\/sites\/5\/2025\/03\/main-image-4.jpeg\" alt=\"\" \/><\/p>\n<h2 style=\"text-align: center;\" data-start=\"1018\" data-end=\"1048\">H\u00e5llbara och s\u00e4kra material<\/h2>\n<p class=\"\" style=\"text-align: center;\" data-start=\"1050\" data-end=\"1171\"><span class=\"relative -mx-px my-[-0.2rem] rounded px-px py-[0.2rem]\">Tandborsten \u00e4r tillverkad av h\u00e5llbart, giftfritt silikon, den \u00e4r s\u00e4ker f\u00f6r ditt husdjur och utformad f\u00f6r att h\u00e5lla. Den transparenta designen g\u00f6r det enkelt att \u00f6verblicka reng\u00f6ringen och g\u00f6r borstningen s\u00e4ker och hygienisk.<\/span><\/p>\n<p class=\"\" style=\"text-align: center;\" data-start=\"1050\" data-end=\"1171\"><img decoding=\"async\" class=\"alignnone size-medium wp-image-12417\" src=\"https:\/\/keluvo.com\/template\/wp-content\/uploads\/sites\/5\/2025\/03\/S8f46b9cbadf64de99591c09a2595f614L.jpeg\" alt=\"\" \/>\u200b<\/p>\n<h2 style=\"text-align: center;\" data-start=\"1173\" data-end=\"1199\">Kompakt och bekv\u00e4m<\/h2>\n<p class=\"\" style=\"text-align: center;\" data-start=\"1201\" data-end=\"1326\"><span class=\"relative -mx-px my-[-0.2rem] rounded px-px py-[0.2rem]\">Med m\u00e5tten 55 mm x 23 mm och en vikt p\u00e5 drygt 5 gram \u00e4r tandborsten kompakt och enkel att f\u00f6rvara. Den \u00e4r l\u00e4tt och bekv\u00e4m att anv\u00e4nda, och \u00e4r perfekt f\u00f6r resor s\u00e5 att du alltid kan h\u00e5lla hundens t\u00e4nder rena, oavsett var du \u00e4r.<\/span>\u200b<\/p>\n<h2 style=\"text-align: center;\" data-start=\"1328\" data-end=\"1343\">Hur man anv\u00e4nder:<\/h2>\n<ol>\n<li data-start=\"1348\" data-end=\"1433\"><span class=\"relative -mx-px my-[-0.2rem] rounded px-px py-[0.2rem]\"><strong data-start=\"0\" data-end=\"11\" data-is-only-node=\"\">F\u00f6rbered<\/strong>: Placera tandborsten p\u00e5 ditt finger och applicera en liten m\u00e4ngd tandkr\u00e4m avsedd f\u00f6r husdjur.<\/span>\u200b<\/li>\n<li data-start=\"1348\" data-end=\"1433\"><span class=\"relative -mx-px my-[-0.2rem] rounded px-px py-[0.2rem]\"><strong data-start=\"0\" data-end=\"9\" data-is-only-node=\"\">Borsta<\/strong>: Gnugga f\u00f6rsiktigt hundens t\u00e4nder och tandk\u00f6tt i en cirkelr\u00f6relse och t\u00e4ck alla omr\u00e5den, inklusive de bakre t\u00e4nderna.<\/span><\/li>\n<li data-start=\"1348\" data-end=\"1433\"><span class=\"relative -mx-px my-[-0.2rem] rounded px-px py-[0.2rem]\"><strong data-start=\"0\" data-end=\"9\" data-is-only-node=\"\">Reng\u00f6r<\/strong>: Efter borstningen sk\u00f6ljer du tandborsten noggrant med vatten och l\u00e5ter den lufttorka.<\/span>\u200b<\/li>\n<\/ol>\n","protected":false},"excerpt":{"rendered":"<p>Enkel att anv\u00e4nda Denna tandborste \u00e4r utformad s\u00e5 att den sitter bekv\u00e4mt p\u00e5 fingret och ger b\u00e4ttre kontroll och enklare [&hellip;]<\/p>\n","protected":false},"featured_media":8360,"comment_status":"open","ping_status":"closed","template":"","meta":{"site-sidebar-layout":"default","site-content-layout":"","ast-site-content-layout":"default","site-content-style":"default","site-sidebar-style":"default","ast-global-header-display":"","ast-banner-title-visibility":"","ast-main-header-display":"","ast-hfb-above-header-display":"","ast-hfb-below-header-display":"","ast-hfb-mobile-header-display":"","site-post-title":"","ast-breadcrumbs-content":"","ast-featured-img":"","footer-sml-layout":"","theme-transparent-header-meta":"default","adv-header-id-meta":"","stick-header-meta":"","header-above-stick-meta":"","header-main-stick-meta":"","header-below-stick-meta":"","astra-migrate-meta-layouts":"set","ast-page-background-enabled":"default","ast-page-background-meta":{"desktop":{"background-color":"var(--ast-global-color-4)","background-image":"","background-repeat":"repeat","background-position":"center center","background-size":"auto","background-attachment":"scroll","background-type":"","background-media":"","overlay-type":"","overlay-color":"","overlay-opacity":"","overlay-gradient":""},"tablet":{"background-color":"","background-image":"","background-repeat":"repeat","background-position":"center center","background-size":"auto","background-attachment":"scroll","background-type":"","background-media":"","overlay-type":"","overlay-color":"","overlay-opacity":"","overlay-gradient":""},"mobile":{"background-color":"","background-image":"","background-repeat":"repeat","background-position":"center center","background-size":"auto","background-attachment":"scroll","background-type":"","background-media":"","overlay-type":"","overlay-color":"","overlay-opacity":"","overlay-gradient":""}},"ast-content-background-meta":{"desktop":{"background-color":"var(--ast-global-color-5)","background-image":"","background-repeat":"repeat","background-position":"center center","background-size":"auto","background-attachment":"scroll","background-type":"","background-media":"","overlay-type":"","overlay-color":"","overlay-opacity":"","overlay-gradient":""},"tablet":{"background-color":"var(--ast-global-color-5)","background-image":"","background-repeat":"repeat","background-position":"center center","background-size":"auto","background-attachment":"scroll","background-type":"","background-media":"","overlay-type":"","overlay-color":"","overlay-opacity":"","overlay-gradient":""},"mobile":{"background-color":"var(--ast-global-color-5)","background-image":"","background-repeat":"repeat","background-position":"center center","background-size":"auto","background-attachment":"scroll","background-type":"","background-media":"","overlay-type":"","overlay-color":"","overlay-opacity":"","overlay-gradient":""}}},"product_brand":[],"product_cat":[997],"product_tag":[],"class_list":{"0":"post-8366","1":"product","2":"type-product","3":"status-publish","4":"has-post-thumbnail","6":"product_cat-pets-products","7":"pa_2woykvoq-2-st","8":"pa_2woykvoq-5-st","9":"pa_2woykvoq-10-st","10":"desktop-align-left","11":"tablet-align-left","12":"mobile-align-left","14":"first","15":"instock","16":"shipping-taxable","17":"purchasable","18":"product-type-variable"},"_links":{"self":[{"href":"https:\/\/keluvo.com\/se\/wp-json\/wp\/v2\/product\/8366","targetHints":{"allow":["GET"]}}],"collection":[{"href":"https:\/\/keluvo.com\/se\/wp-json\/wp\/v2\/product"}],"about":[{"href":"https:\/\/keluvo.com\/se\/wp-json\/wp\/v2\/types\/product"}],"replies":[{"embeddable":true,"href":"https:\/\/keluvo.com\/se\/wp-json\/wp\/v2\/comments?post=8366"}],"wp:featuredmedia":[{"embeddable":true,"href":"https:\/\/keluvo.com\/se\/wp-json\/wp\/v2\/media\/8360"}],"wp:attachment":[{"href":"https:\/\/keluvo.com\/se\/wp-json\/wp\/v2\/media?parent=8366"}],"wp:term":[{"taxonomy":"product_brand","embeddable":true,"href":"https:\/\/keluvo.com\/se\/wp-json\/wp\/v2\/product_brand?post=8366"},{"taxonomy":"product_cat","embeddable":true,"href":"https:\/\/keluvo.com\/se\/wp-json\/wp\/v2\/product_cat?post=8366"},{"taxonomy":"product_tag","embeddable":true,"href":"https:\/\/keluvo.com\/se\/wp-json\/wp\/v2\/product_tag?post=8366"}],"curies":[{"name":"wp","href":"https:\/\/api.w.org\/{rel}","templated":true}]}}