{"id":8320,"date":"2025-03-22T19:09:38","date_gmt":"2025-03-22T17:09:38","guid":{"rendered":"https:\/\/keluvo.com\/se\/product\/bakplat-i-silikon\/"},"modified":"2025-03-25T12:42:35","modified_gmt":"2025-03-25T10:42:35","slug":"bakplat-i-silikon","status":"publish","type":"product","link":"https:\/\/keluvo.com\/se\/product\/bakplat-i-silikon\/","title":{"rendered":"Bakpl\u00e5t i silikon"},"content":{"rendered":"<h2 style=\"text-align: center;\" data-start=\"74\" data-end=\"126\">V\u00e4rmet\u00e5lig och livsmedelss\u00e4ker<\/h2>\n<p class=\"\" style=\"text-align: center;\" data-start=\"128\" data-end=\"285\">V\u00e5r bakpl\u00e5t i silikon \u00e4r utformad f\u00f6r att t\u00e5la h\u00f6ga temperaturer, vilket g\u00f6r den perfekt f\u00f6r en m\u00e4ngd olika tillagningar. Den \u00e4r slitstark och h\u00e5ller j\u00e4mn prestanda, \u00e4ven i h\u00f6g v\u00e4rme.<\/p>\n<p data-start=\"128\" data-end=\"285\"><img decoding=\"async\" class=\"alignnone size-medium wp-image-12731 aligncenter\" src=\"https:\/\/keluvo.com\/template\/wp-content\/uploads\/sites\/5\/2025\/03\/siliconebakingtray-ezgif.com-gif-to-webp-converter.webp\" alt=\"\" \/><\/p>\n<h2 style=\"text-align: center;\" data-start=\"287\" data-end=\"316\">Milj\u00f6v\u00e4nlig och \u00e5teranv\u00e4ndbar<\/h2>\n<p class=\"\" style=\"text-align: center;\" data-start=\"318\" data-end=\"475\">Brickan \u00e4r tillverkad av h\u00f6gkvalitativ silikon av livsmedelskvalitet och \u00e4r b\u00e5de \u00e5tervinningsbar och t\u00e5lig mot slitage. Den h\u00e5ller l\u00e4nge och minskar behovet av eng\u00e5ngsalternativ och bidrar till ett mer milj\u00f6v\u00e4nligt k\u00f6k.<\/p>\n<p style=\"text-align: center;\" data-start=\"318\" data-end=\"475\"><strong>\u00d6vrigt anv\u00e4ndningsomr\u00e5de:<\/strong><\/p>\n<ol>\n<li data-start=\"318\" data-end=\"475\"><span class=\"relative -mx-px my-[-0.2rem] rounded px-px py-[0.2rem]\">Bakning i mikrov\u00e5gsugn<\/span><\/li>\n<li data-start=\"318\" data-end=\"475\">Grill-stekning<\/li>\n<li data-start=\"318\" data-end=\"475\">Uppl\u00e4ggning av mat<\/li>\n<\/ol>\n<h2 style=\"text-align: center;\" data-start=\"477\" data-end=\"512\">Praktisk design<\/h2>\n<p class=\"\" style=\"text-align: center;\" data-start=\"514\" data-end=\"675\"><span class=\"relative -mx-px my-[-0.2rem] rounded px-px py-[0.2rem]\">Brickan har dubbla \u00f6ronhandtag och \u00e4r s\u00e4ker och bekv\u00e4m att hantera. Handtagen h\u00e5ller sig svala och f\u00f6rhindrar att du br\u00e4nner dig p\u00e5 varma ytor. Med sin eleganta design kan brickan efter tillagningen anv\u00e4ndas som serveringsfat \u2013 en smidig \u00f6verg\u00e5ng fr\u00e5n ugn till bord.<\/span><\/p>\n<p style=\"text-align: center;\"><img decoding=\"async\" class=\"alignnone size-medium wp-image-12545 aligncenter\" src=\"https:\/\/keluvo.com\/template\/wp-content\/uploads\/sites\/5\/2025\/03\/S240b521de0d94ef088e158e13e7ba567p.jpg_960x960q75.jpg_.jpeg\" alt=\"\" \/><span style=\"font-size: 16px;\">\u200b<\/span><\/p>\n<h2 style=\"text-align: center;\" data-start=\"677\" data-end=\"722\">Non-stick-yta f\u00f6r enkel reng\u00f6ring<\/h2>\n<p class=\"\" style=\"text-align: center;\" data-start=\"724\" data-end=\"889\"><span class=\"relative -mx-px my-[-0.2rem] rounded px-px py-[0.2rem]\">Silikonets non-stick-egenskaper f\u00e5r bakverken att sl\u00e4ppa l\u00e4tt, vilket g\u00f6r reng\u00f6ringen superenkel. Sk\u00f6lj bara med varmt vatten eller placera den i diskmaskinen f\u00f6r en problemfri upplevelse.<\/span><\/p>\n<p style=\"text-align: center;\"><img decoding=\"async\" class=\"alignnone size-medium wp-image-12541 aligncenter\" src=\"https:\/\/keluvo.com\/template\/wp-content\/uploads\/sites\/5\/2025\/03\/S25c654228f924695b65d022690489821v.jpg_960x960q75.jpg_.jpeg\" alt=\"\" \/><\/p>\n<h2 style=\"text-align: center;\" data-start=\"891\" data-end=\"923\">S\u00e4ker och giftfri<\/h2>\n<p class=\"\" style=\"text-align: center;\" data-start=\"925\" data-end=\"1090\"><span class=\"relative -mx-px my-[-0.2rem] rounded px-px py-[0.2rem]\">Den h\u00e4r bakpl\u00e5ten \u00e4r tillverkad av p\u00e5litlig silikon av medicinsk kvalitet och \u00e4r giftfri och s\u00e4ker f\u00f6r alla dina kulinariska skapelser. Den klarar h\u00f6ga temperaturer och avger inte n\u00e5gra skadliga \u00e4mnen, vilket s\u00e4kerst\u00e4ller att din mat h\u00e5ller sig h\u00e4lsosam och uts\u00f6kt.<\/span> \u200b<\/p>\n<p style=\"text-align: center;\" data-start=\"33\" data-end=\"286\">\n","protected":false},"excerpt":{"rendered":"<p>V\u00e4rmet\u00e5lig och livsmedelss\u00e4ker V\u00e5r bakpl\u00e5t i silikon \u00e4r utformad f\u00f6r att t\u00e5la h\u00f6ga temperaturer, vilket g\u00f6r den perfekt f\u00f6r en [&hellip;]<\/p>\n","protected":false},"featured_media":8316,"comment_status":"open","ping_status":"closed","template":"","meta":{"site-sidebar-layout":"default","site-content-layout":"","ast-site-content-layout":"default","site-content-style":"default","site-sidebar-style":"default","ast-global-header-display":"","ast-banner-title-visibility":"","ast-main-header-display":"","ast-hfb-above-header-display":"","ast-hfb-below-header-display":"","ast-hfb-mobile-header-display":"","site-post-title":"","ast-breadcrumbs-content":"","ast-featured-img":"","footer-sml-layout":"","theme-transparent-header-meta":"default","adv-header-id-meta":"","stick-header-meta":"","header-above-stick-meta":"","header-main-stick-meta":"","header-below-stick-meta":"","astra-migrate-meta-layouts":"set","ast-page-background-enabled":"default","ast-page-background-meta":{"desktop":{"background-color":"var(--ast-global-color-4)","background-image":"","background-repeat":"repeat","background-position":"center center","background-size":"auto","background-attachment":"scroll","background-type":"","background-media":"","overlay-type":"","overlay-color":"","overlay-opacity":"","overlay-gradient":""},"tablet":{"background-color":"","background-image":"","background-repeat":"repeat","background-position":"center center","background-size":"auto","background-attachment":"scroll","background-type":"","background-media":"","overlay-type":"","overlay-color":"","overlay-opacity":"","overlay-gradient":""},"mobile":{"background-color":"","background-image":"","background-repeat":"repeat","background-position":"center center","background-size":"auto","background-attachment":"scroll","background-type":"","background-media":"","overlay-type":"","overlay-color":"","overlay-opacity":"","overlay-gradient":""}},"ast-content-background-meta":{"desktop":{"background-color":"var(--ast-global-color-5)","background-image":"","background-repeat":"repeat","background-position":"center center","background-size":"auto","background-attachment":"scroll","background-type":"","background-media":"","overlay-type":"","overlay-color":"","overlay-opacity":"","overlay-gradient":""},"tablet":{"background-color":"var(--ast-global-color-5)","background-image":"","background-repeat":"repeat","background-position":"center center","background-size":"auto","background-attachment":"scroll","background-type":"","background-media":"","overlay-type":"","overlay-color":"","overlay-opacity":"","overlay-gradient":""},"mobile":{"background-color":"var(--ast-global-color-5)","background-image":"","background-repeat":"repeat","background-position":"center center","background-size":"auto","background-attachment":"scroll","background-type":"","background-media":"","overlay-type":"","overlay-color":"","overlay-opacity":"","overlay-gradient":""}}},"product_brand":[],"product_cat":[1001],"product_tag":[],"class_list":{"0":"post-8320","1":"product","2":"type-product","3":"status-publish","4":"has-post-thumbnail","6":"product_cat-household-goods","7":"pa_5m875kfr-fyrkant","8":"pa_5m875kfr-runda","9":"pa_7vtrgmla-gra","10":"pa_7vtrgmla-gron","11":"pa_7vtrgmla-rosa","12":"pa_7vtrgmla-svart","13":"desktop-align-left","14":"tablet-align-left","15":"mobile-align-left","17":"first","18":"instock","19":"shipping-taxable","20":"purchasable","21":"product-type-variable"},"_links":{"self":[{"href":"https:\/\/keluvo.com\/se\/wp-json\/wp\/v2\/product\/8320","targetHints":{"allow":["GET"]}}],"collection":[{"href":"https:\/\/keluvo.com\/se\/wp-json\/wp\/v2\/product"}],"about":[{"href":"https:\/\/keluvo.com\/se\/wp-json\/wp\/v2\/types\/product"}],"replies":[{"embeddable":true,"href":"https:\/\/keluvo.com\/se\/wp-json\/wp\/v2\/comments?post=8320"}],"wp:featuredmedia":[{"embeddable":true,"href":"https:\/\/keluvo.com\/se\/wp-json\/wp\/v2\/media\/8316"}],"wp:attachment":[{"href":"https:\/\/keluvo.com\/se\/wp-json\/wp\/v2\/media?parent=8320"}],"wp:term":[{"taxonomy":"product_brand","embeddable":true,"href":"https:\/\/keluvo.com\/se\/wp-json\/wp\/v2\/product_brand?post=8320"},{"taxonomy":"product_cat","embeddable":true,"href":"https:\/\/keluvo.com\/se\/wp-json\/wp\/v2\/product_cat?post=8320"},{"taxonomy":"product_tag","embeddable":true,"href":"https:\/\/keluvo.com\/se\/wp-json\/wp\/v2\/product_tag?post=8320"}],"curies":[{"name":"wp","href":"https:\/\/api.w.org\/{rel}","templated":true}]}}