{"id":8303,"date":"2025-03-21T19:23:26","date_gmt":"2025-03-21T17:23:26","guid":{"rendered":"https:\/\/keluvo.com\/se\/product\/nagellacksborttagningsmedel-2\/"},"modified":"2025-09-16T01:22:54","modified_gmt":"2025-09-15T22:22:54","slug":"nagellacksborttagningsmedel","status":"publish","type":"product","link":"https:\/\/keluvo.com\/se\/product\/nagellacksborttagningsmedel\/","title":{"rendered":"Nagellacksborttagningsmedel"},"content":{"rendered":"<h2 style=\"text-align: center;\" data-start=\"46\" data-end=\"76\">Snabb borttagning<\/h2>\n<p style=\"text-align: center;\" data-start=\"78\" data-end=\"235\"><span class=\"relative -mx-px my-[-0.2rem] rounded px-px py-[0.2rem]\">V\u00e5r gelnagellacksborttagning fungerar snabbt f\u00f6r att l\u00f6sa upp gelpolish, UV-gel och semi-permanenta lack.<\/span> <span class=\"relative -mx-px my-[-0.2rem] rounded px-px py-[0.2rem]\">Applicera bara, v\u00e4nta n\u00e5gra minuter och lacket lossnar l\u00e4tt, vilket sparar tid och anstr\u00e4ngning.<\/span> \u200b<\/p>\n<p data-start=\"78\" data-end=\"235\"><img decoding=\"async\" class=\"size-medium wp-image-12727 aligncenter\" src=\"https:\/\/keluvo.com\/template\/wp-content\/uploads\/sites\/5\/2025\/02\/nailpolishremover-ezgif.com-gif-to-webp-converter.webp\" alt=\"\" \/><\/p>\n<h2 style=\"text-align: center;\" data-start=\"237\" data-end=\"256\">Skonsam mot naglarna<\/h2>\n<p style=\"text-align: center;\" data-start=\"258\" data-end=\"415\"><span class=\"relative -mx-px my-[-0.2rem] rounded px-px py-[0.2rem]\">Trots sin styrka \u00e4r denna borttagaren skonsam mot naglarna.<\/span> <span class=\"relative -mx-px my-[-0.2rem] rounded px-px py-[0.2rem]\">Den avl\u00e4gsnar effektivt lack utan att orsaka skada eller torrhet, vilket h\u00e5ller dina naglar friska och sl\u00e4ta efter varje anv\u00e4ndning.<\/span><\/p>\n<h2 style=\"text-align: center;\" data-start=\"417\" data-end=\"432\">L\u00e4tt att anv\u00e4nda<\/h2>\n<p><img decoding=\"async\" class=\"size-medium wp-image-12724 aligncenter\" src=\"https:\/\/keluvo.com\/template\/wp-content\/uploads\/sites\/5\/2025\/02\/615OGG45RzL._SL1500_.jpg\" alt=\"\" \/><\/p>\n<ol style=\"text-align: center;\" data-start=\"434\" data-end=\"788\">\n<li data-start=\"434\" data-end=\"518\">\n<p data-start=\"437\" data-end=\"518\"><span class=\"relative -mx-px my-[-0.2rem] rounded px-px py-[0.2rem]\">Fila det \u00f6versta lagret av dina gelenaglar f\u00f6r att bryta f\u00f6rseglingen.<\/span>\u200b<\/p>\n<\/li>\n<li data-start=\"520\" data-end=\"608\">\n<p data-start=\"523\" data-end=\"608\"><span class=\"relative -mx-px my-[-0.2rem] rounded px-px py-[0.2rem]\">Applicera geleborttagare p\u00e5 hela nagelytan.<\/span>\u200b<\/p>\n<\/li>\n<li data-start=\"610\" data-end=\"698\">\n<p data-start=\"613\" data-end=\"698\"><span class=\"relative -mx-px my-[-0.2rem] rounded px-px py-[0.2rem]\">V\u00e4nta i 3-5 minuter medan borttagaren arbetar.<\/span>\u200b<\/p>\n<\/li>\n<li data-start=\"700\" data-end=\"788\">\n<p data-start=\"703\" data-end=\"788\"><span class=\"relative -mx-px my-[-0.2rem] rounded px-px py-[0.2rem]\">Tryck f\u00f6rsiktigt bort den mjukgjorda gelen med en nagelbandspusher.<\/span>\u200b<\/p>\n<\/li>\n<\/ol>\n<p style=\"text-align: center;\" data-start=\"790\" data-end=\"915\"><span class=\"relative -mx-px my-[-0.2rem] rounded px-px py-[0.2rem]\">Denna enkla process g\u00f6r att du kan ta bort gellack hemma utan att beh\u00f6va bl\u00f6tl\u00e4gga eller linda.<\/span><\/p>\n<h2 style=\"text-align: center;\" data-start=\"917\" data-end=\"952\">L\u00e4mplig f\u00f6r alla nageltyper<\/h2>\n<p style=\"text-align: center;\" data-start=\"954\" data-end=\"1119\"><span class=\"relative -mx-px my-[-0.2rem] rounded px-px py-[0.2rem]\">Oavsett om du har UV-plastnaglar, akrylnaglar eller naturliga naglar fungerar denna remover effektivt p\u00e5 alla typer.<\/span> <span class=\"relative -mx-px my-[-0.2rem] rounded px-px py-[0.2rem]\">Du kan uppn\u00e5 en ren nagelyta utan att bes\u00f6ka en professionell salong.<\/span> \u200b<\/p>\n<p data-start=\"954\" data-end=\"1119\"><img decoding=\"async\" class=\"size-medium wp-image-12726 aligncenter\" src=\"https:\/\/keluvo.com\/template\/wp-content\/uploads\/sites\/5\/2025\/02\/61vg6wONySL._SL1500_.jpg\" alt=\"\" \/><\/p>\n<h2 style=\"text-align: center;\" data-start=\"1121\" data-end=\"1157\">Perfekt f\u00f6r DIY-nagelentusiaster<\/h2>\n<p style=\"text-align: center;\" data-start=\"1159\" data-end=\"1324\"><span class=\"relative -mx-px my-[-0.2rem] rounded px-px py-[0.2rem]\">Ideal f\u00f6r dem som \u00e4lskar att g\u00f6ra sina egna naglar, denna remover \u00e4r bekv\u00e4m och l\u00e4tt att b\u00e4ra.<\/span> <span class=\"relative -mx-px my-[-0.2rem] rounded px-px py-[0.2rem]\">Det g\u00f6r att du kan underh\u00e5lla dina naglar utan anstr\u00e4ngning, vilket g\u00f6r det till en bra present till alla som tycker om nagelkonst.<\/span><\/p>\n<h2 style=\"text-align: center;\" data-start=\"1326\" data-end=\"1345\">Specifikationer:<\/h2>\n<ul style=\"text-align: center;\" data-start=\"1347\" data-end=\"1649\">\n<li data-start=\"1347\" data-end=\"1448\">\n<p style=\"text-align: left;\" data-start=\"1349\" data-end=\"1448\"><strong>Material<\/strong>: <span class=\"relative -mx-px my-[-0.2rem] rounded px-px py-[0.2rem]\">Naturliga hartsingredienser<\/span>\u200b<\/p>\n<\/li>\n<li style=\"text-align: left;\" data-start=\"1450\" data-end=\"1548\">\n<p data-start=\"1452\" data-end=\"1548\"><strong>F\u00e4rg<\/strong>: <span class=\"relative -mx-px my-[-0.2rem] rounded px-px py-[0.2rem]\">Transparent<\/span><\/p>\n<\/li>\n<li data-start=\"1550\" data-end=\"1649\">\n<p style=\"text-align: left;\" data-start=\"1552\" data-end=\"1649\"><strong>Volym<\/strong>: <span class=\"relative -mx-px my-[-0.2rem] rounded px-px py-[0.2rem]\">15ml<\/span>\u200b<\/p>\n<\/li>\n<\/ul>\n<h2 style=\"text-align: center;\" data-start=\"1651\" data-end=\"1672\">Paketet inneh\u00e5ller:<\/h2>\n<ul data-start=\"1674\" data-end=\"1761\">\n<li style=\"text-align: left;\" data-start=\"1674\" data-end=\"1761\"><span class=\"relative -mx-px my-[-0.2rem] rounded px-px py-[0.2rem]\">1, 2, 4x gel nagellacksborttagare (15ml)<\/span>\u200b<\/li>\n<\/ul>\n","protected":false},"excerpt":{"rendered":"<p>Snabb borttagning V\u00e5r gelnagellacksborttagning fungerar snabbt f\u00f6r att l\u00f6sa upp gelpolish, UV-gel och semi-permanenta lack. Applicera bara, v\u00e4nta n\u00e5gra minuter [&hellip;]<\/p>\n","protected":false},"featured_media":8299,"comment_status":"open","ping_status":"closed","template":"","meta":{"site-sidebar-layout":"default","site-content-layout":"","ast-site-content-layout":"default","site-content-style":"default","site-sidebar-style":"default","ast-global-header-display":"","ast-banner-title-visibility":"","ast-main-header-display":"","ast-hfb-above-header-display":"","ast-hfb-below-header-display":"","ast-hfb-mobile-header-display":"","site-post-title":"","ast-breadcrumbs-content":"","ast-featured-img":"","footer-sml-layout":"","theme-transparent-header-meta":"default","adv-header-id-meta":"","stick-header-meta":"","header-above-stick-meta":"","header-main-stick-meta":"","header-below-stick-meta":"","astra-migrate-meta-layouts":"set","ast-page-background-enabled":"default","ast-page-background-meta":{"desktop":{"background-color":"var(--ast-global-color-4)","background-image":"","background-repeat":"repeat","background-position":"center center","background-size":"auto","background-attachment":"scroll","background-type":"","background-media":"","overlay-type":"","overlay-color":"","overlay-opacity":"","overlay-gradient":""},"tablet":{"background-color":"","background-image":"","background-repeat":"repeat","background-position":"center center","background-size":"auto","background-attachment":"scroll","background-type":"","background-media":"","overlay-type":"","overlay-color":"","overlay-opacity":"","overlay-gradient":""},"mobile":{"background-color":"","background-image":"","background-repeat":"repeat","background-position":"center center","background-size":"auto","background-attachment":"scroll","background-type":"","background-media":"","overlay-type":"","overlay-color":"","overlay-opacity":"","overlay-gradient":""}},"ast-content-background-meta":{"desktop":{"background-color":"var(--ast-global-color-5)","background-image":"","background-repeat":"repeat","background-position":"center center","background-size":"auto","background-attachment":"scroll","background-type":"","background-media":"","overlay-type":"","overlay-color":"","overlay-opacity":"","overlay-gradient":""},"tablet":{"background-color":"var(--ast-global-color-5)","background-image":"","background-repeat":"repeat","background-position":"center center","background-size":"auto","background-attachment":"scroll","background-type":"","background-media":"","overlay-type":"","overlay-color":"","overlay-opacity":"","overlay-gradient":""},"mobile":{"background-color":"var(--ast-global-color-5)","background-image":"","background-repeat":"repeat","background-position":"center center","background-size":"auto","background-attachment":"scroll","background-type":"","background-media":"","overlay-type":"","overlay-color":"","overlay-opacity":"","overlay-gradient":""}}},"product_brand":[],"product_cat":[992],"product_tag":[],"class_list":{"0":"post-8303","1":"product","2":"type-product","3":"status-publish","4":"has-post-thumbnail","6":"product_cat-beauty-and-hygiene-products","7":"desktop-align-left","8":"tablet-align-left","9":"mobile-align-left","11":"first","12":"instock","13":"shipping-taxable","14":"purchasable","15":"product-type-variable"},"_links":{"self":[{"href":"https:\/\/keluvo.com\/se\/wp-json\/wp\/v2\/product\/8303","targetHints":{"allow":["GET"]}}],"collection":[{"href":"https:\/\/keluvo.com\/se\/wp-json\/wp\/v2\/product"}],"about":[{"href":"https:\/\/keluvo.com\/se\/wp-json\/wp\/v2\/types\/product"}],"replies":[{"embeddable":true,"href":"https:\/\/keluvo.com\/se\/wp-json\/wp\/v2\/comments?post=8303"}],"wp:featuredmedia":[{"embeddable":true,"href":"https:\/\/keluvo.com\/se\/wp-json\/wp\/v2\/media\/8299"}],"wp:attachment":[{"href":"https:\/\/keluvo.com\/se\/wp-json\/wp\/v2\/media?parent=8303"}],"wp:term":[{"taxonomy":"product_brand","embeddable":true,"href":"https:\/\/keluvo.com\/se\/wp-json\/wp\/v2\/product_brand?post=8303"},{"taxonomy":"product_cat","embeddable":true,"href":"https:\/\/keluvo.com\/se\/wp-json\/wp\/v2\/product_cat?post=8303"},{"taxonomy":"product_tag","embeddable":true,"href":"https:\/\/keluvo.com\/se\/wp-json\/wp\/v2\/product_tag?post=8303"}],"curies":[{"name":"wp","href":"https:\/\/api.w.org\/{rel}","templated":true}]}}