{"id":8294,"date":"2025-03-21T13:55:53","date_gmt":"2025-03-21T11:55:53","guid":{"rendered":"https:\/\/keluvo.com\/se\/product\/elektrisk-konservoppnare\/"},"modified":"2025-03-21T14:00:55","modified_gmt":"2025-03-21T12:00:55","slug":"elektrisk-konservoppnare","status":"publish","type":"product","link":"https:\/\/keluvo.com\/se\/product\/elektrisk-konservoppnare\/","title":{"rendered":"Elektrisk konserv\u00f6ppnare"},"content":{"rendered":"<h2 style=\"text-align: center\" data-start=\"62\" data-end=\"96\">Anv\u00e4ndning Med en Knapptryckning<\/h2>\n<p style=\"text-align: center\" data-start=\"98\" data-end=\"255\"><span class=\"relative -mx-px my-[-0.2rem] rounded px-px py-[0.2rem]\">Att \u00f6ppna burkar har aldrig varit enklare.<\/span> <span class=\"relative -mx-px my-[-0.2rem] rounded px-px py-[0.2rem]\">Med bara en knapptryckning \u00f6ppnar v\u00e5r elektriska konserv\u00f6ppnare <strong>automatiskt<\/strong> <strong>burkar<\/strong> i olika storlekar och former, vilket g\u00f6r den s\u00e4rskilt anv\u00e4ndbar f\u00f6r seniorer eller andra med begr\u00e4nsad handstyrka.<\/span> \u200b<\/p>\n<p data-start=\"98\" data-end=\"255\"><img decoding=\"async\" class=\"size-medium wp-image-12721 aligncenter\" src=\"https:\/\/keluvo.com\/template\/wp-content\/uploads\/sites\/5\/2024\/12\/canopenergif1-ezgif.com-gif-to-webp-converter.webp\" alt=\"\" \/><\/p>\n<h2 style=\"text-align: center\" data-start=\"257\" data-end=\"284\">S\u00e4ker och Smidig Kapning<\/h2>\n<p style=\"text-align: center\" data-start=\"286\" data-end=\"443\"><span class=\"relative -mx-px my-[-0.2rem] rounded px-px py-[0.2rem]\">Designade med din s\u00e4kerhet i \u00e5tanke sk\u00e4r den l\u00e4ngs sidan av burken och l\u00e4mnar sl\u00e4ta kanter f\u00f6r att <strong>f\u00f6rhindra oavsiktliga sk\u00e4rningar<\/strong>.<\/span> <span class=\"relative -mx-px my-[-0.2rem] rounded px-px py-[0.2rem]\">Detta ger en s\u00e4krare upplevelse j\u00e4mf\u00f6rt med traditionella topp\u00f6ppnare.<\/span><\/p>\n<p data-start=\"286\" data-end=\"443\"><img decoding=\"async\" class=\"size-medium wp-image-12720 aligncenter\" src=\"https:\/\/keluvo.com\/template\/wp-content\/uploads\/sites\/5\/2024\/12\/canopenergif2-ezgif.com-gif-to-webp-converter.webp\" alt=\"\" \/><\/p>\n<h2 style=\"text-align: center\" data-start=\"445\" data-end=\"474\">Kompakt och Modern Design<\/h2>\n<p style=\"text-align: center\" data-start=\"476\" data-end=\"637\"><span class=\"relative -mx-px my-[-0.2rem] rounded px-px py-[0.2rem]\">Den eleganta, kompakta formen sparar utrymme p\u00e5 b\u00e4nken och passar bra i alla k\u00f6k.<\/span> <span class=\"relative -mx-px my-[-0.2rem] rounded px-px py-[0.2rem]\">Efter anv\u00e4ndning kan den enkelt f\u00f6rvaras i en l\u00e5da, s\u00e5 att k\u00f6ket h\u00e5lls snyggt.<\/span><\/p>\n<p data-start=\"476\" data-end=\"637\"><img decoding=\"async\" class=\"size-medium wp-image-12719 aligncenter\" src=\"https:\/\/keluvo.com\/template\/wp-content\/uploads\/sites\/5\/2024\/12\/can-opener-image-1.jpg\" alt=\"\" \/><\/p>\n<h2 style=\"text-align: center\" data-start=\"639\" data-end=\"670\">Batteridriven Bekv\u00e4mlighet<\/h2>\n<p style=\"text-align: center\" data-start=\"672\" data-end=\"797\"><span class=\"relative -mx-px my-[-0.2rem] rounded px-px py-[0.2rem]\">Driven av tv\u00e5 AA-batterier (ing\u00e5r ej) \u00e4r denna konserv\u00f6ppnare energieffektiv och arbetar tyst, vilket s\u00e4kerst\u00e4ller en lugn k\u00f6ksmilj\u00f6.<\/span> \u200b<\/p>\n<h2 style=\"text-align: center\" data-start=\"799\" data-end=\"828\">Idealisk Present till N\u00e4ra och K\u00e4ra<\/h2>\n<p style=\"text-align: center\" data-start=\"830\" data-end=\"995\"><span class=\"relative -mx-px my-[-0.2rem] rounded px-px py-[0.2rem]\">Den h\u00e4r elektriska konserv\u00f6ppnaren \u00e4r en omt\u00e4nksam present till familj och v\u00e4nner, s\u00e4rskilt de som uppskattar praktiska k\u00f6ksverktyg.<\/span> <span class=\"relative -mx-px my-[-0.2rem] rounded px-px py-[0.2rem] bg-[#FCECC1] dark:bg-[#64572A]\">Den \u00e4r perfekt f\u00f6r tillf\u00e4llen som Thanksgiving, jul, mors dag, fars dag eller alla hj\u00e4rtans dag.<\/span> \u200b<\/p>\n<p data-start=\"830\" data-end=\"995\"><img decoding=\"async\" class=\"size-medium wp-image-12718 aligncenter\" src=\"https:\/\/keluvo.com\/template\/wp-content\/uploads\/sites\/5\/2024\/12\/can-opener-image-2.jpg\" alt=\"\" \/><\/p>\n","protected":false},"excerpt":{"rendered":"<p>Anv\u00e4ndning Med en Knapptryckning Att \u00f6ppna burkar har aldrig varit enklare. Med bara en knapptryckning \u00f6ppnar v\u00e5r elektriska konserv\u00f6ppnare automatiskt [&hellip;]<\/p>\n","protected":false},"featured_media":8290,"comment_status":"open","ping_status":"closed","template":"","meta":{"site-sidebar-layout":"default","site-content-layout":"","ast-site-content-layout":"default","site-content-style":"default","site-sidebar-style":"default","ast-global-header-display":"","ast-banner-title-visibility":"","ast-main-header-display":"","ast-hfb-above-header-display":"","ast-hfb-below-header-display":"","ast-hfb-mobile-header-display":"","site-post-title":"","ast-breadcrumbs-content":"","ast-featured-img":"","footer-sml-layout":"","theme-transparent-header-meta":"default","adv-header-id-meta":"","stick-header-meta":"","header-above-stick-meta":"","header-main-stick-meta":"","header-below-stick-meta":"","astra-migrate-meta-layouts":"set","ast-page-background-enabled":"default","ast-page-background-meta":{"desktop":{"background-color":"var(--ast-global-color-4)","background-image":"","background-repeat":"repeat","background-position":"center center","background-size":"auto","background-attachment":"scroll","background-type":"","background-media":"","overlay-type":"","overlay-color":"","overlay-opacity":"","overlay-gradient":""},"tablet":{"background-color":"","background-image":"","background-repeat":"repeat","background-position":"center center","background-size":"auto","background-attachment":"scroll","background-type":"","background-media":"","overlay-type":"","overlay-color":"","overlay-opacity":"","overlay-gradient":""},"mobile":{"background-color":"","background-image":"","background-repeat":"repeat","background-position":"center center","background-size":"auto","background-attachment":"scroll","background-type":"","background-media":"","overlay-type":"","overlay-color":"","overlay-opacity":"","overlay-gradient":""}},"ast-content-background-meta":{"desktop":{"background-color":"var(--ast-global-color-5)","background-image":"","background-repeat":"repeat","background-position":"center center","background-size":"auto","background-attachment":"scroll","background-type":"","background-media":"","overlay-type":"","overlay-color":"","overlay-opacity":"","overlay-gradient":""},"tablet":{"background-color":"var(--ast-global-color-5)","background-image":"","background-repeat":"repeat","background-position":"center center","background-size":"auto","background-attachment":"scroll","background-type":"","background-media":"","overlay-type":"","overlay-color":"","overlay-opacity":"","overlay-gradient":""},"mobile":{"background-color":"var(--ast-global-color-5)","background-image":"","background-repeat":"repeat","background-position":"center center","background-size":"auto","background-attachment":"scroll","background-type":"","background-media":"","overlay-type":"","overlay-color":"","overlay-opacity":"","overlay-gradient":""}}},"product_brand":[],"product_cat":[1001],"product_tag":[],"class_list":{"0":"post-8294","1":"product","2":"type-product","3":"status-publish","4":"has-post-thumbnail","6":"product_cat-household-goods","7":"pa_mde7v72o-svart","8":"pa_mde7v72o-vit","9":"desktop-align-left","10":"tablet-align-left","11":"mobile-align-left","13":"first","14":"instock","15":"shipping-taxable","16":"purchasable","17":"product-type-simple"},"_links":{"self":[{"href":"https:\/\/keluvo.com\/se\/wp-json\/wp\/v2\/product\/8294","targetHints":{"allow":["GET"]}}],"collection":[{"href":"https:\/\/keluvo.com\/se\/wp-json\/wp\/v2\/product"}],"about":[{"href":"https:\/\/keluvo.com\/se\/wp-json\/wp\/v2\/types\/product"}],"replies":[{"embeddable":true,"href":"https:\/\/keluvo.com\/se\/wp-json\/wp\/v2\/comments?post=8294"}],"wp:featuredmedia":[{"embeddable":true,"href":"https:\/\/keluvo.com\/se\/wp-json\/wp\/v2\/media\/8290"}],"wp:attachment":[{"href":"https:\/\/keluvo.com\/se\/wp-json\/wp\/v2\/media?parent=8294"}],"wp:term":[{"taxonomy":"product_brand","embeddable":true,"href":"https:\/\/keluvo.com\/se\/wp-json\/wp\/v2\/product_brand?post=8294"},{"taxonomy":"product_cat","embeddable":true,"href":"https:\/\/keluvo.com\/se\/wp-json\/wp\/v2\/product_cat?post=8294"},{"taxonomy":"product_tag","embeddable":true,"href":"https:\/\/keluvo.com\/se\/wp-json\/wp\/v2\/product_tag?post=8294"}],"curies":[{"name":"wp","href":"https:\/\/api.w.org\/{rel}","templated":true}]}}